{"id":249,"date":"2022-04-02T15:51:34","date_gmt":"2022-04-02T13:51:34","guid":{"rendered":"https:\/\/testowamaszyny.skraw-met-dystrybucja.pl\/?page_id=249"},"modified":"2022-06-24T12:31:01","modified_gmt":"2022-06-24T10:31:01","slug":"o-nas","status":"publish","type":"page","link":"https:\/\/skraw-tech.com\/?page_id=249","title":{"rendered":"O Skraw-MET Group"},"content":{"rendered":"<div data-colibri-id=\"249-c1\" class=\"style-2445 style-local-249-c1 position-relative\">\n  <!---->\n  <div data-colibri-component=\"section\" data-colibri-id=\"249-c2\" id=\"portfolio\" class=\"h-section h-section-global-spacing d-flex align-items-lg-center align-items-md-center align-items-center style-2611 style-local-249-c2 position-relative\">\n    <!---->\n    <!---->\n    <div class=\"h-section-grid-container h-section-boxed-container\">\n      <!---->\n      <div data-colibri-id=\"249-c3\" class=\"h-row-container gutters-row-lg-0 gutters-row-md-0 gutters-row-0 gutters-row-v-lg-0 gutters-row-v-md-0 gutters-row-v-0 style-2709 style-local-249-c3 position-relative\">\n        <!---->\n        <div class=\"h-row justify-content-lg-center justify-content-md-center justify-content-center align-items-lg-stretch align-items-md-stretch align-items-stretch gutters-col-lg-0 gutters-col-md-0 gutters-col-0 gutters-col-v-lg-0 gutters-col-v-md-0 gutters-col-v-0\">\n          <!---->\n          <div class=\"h-column h-column-container d-flex h-col-lg-auto h-col-md-auto h-col-auto style-2710-outer style-local-249-c4-outer\">\n            <div data-colibri-id=\"249-c4\" class=\"d-flex h-flex-basis h-column__inner h-px-lg-2 h-px-md-2 h-px-2 v-inner-lg-2 v-inner-md-2 v-inner-2 style-2710 style-local-249-c4 position-relative\">\n              <!---->\n              <!---->\n              <div class=\"w-100 h-y-container h-column__content h-column__v-align flex-basis-100 align-self-lg-start align-self-md-start align-self-start\">\n                <!---->\n                <div data-colibri-id=\"249-c5\" class=\"d-block style-2712 style-local-249-c5 position-relative h-element\">\n                  <!---->\n                  <div class=\"h-image__frame-container-outer\">\n                    <div class=\"h-image__frame-container\">\n                      <!---->\n                      <!---->\n                      <img decoding=\"async\" src=\"https:\/\/skraw-tech.com\/wp-content\/uploads\/2022\/06\/Banner-Skraw-met-Groups-300x74.png\" class=\"style-2712-image style-local-249-c5-image\">\n                      <div class=\"h-image__frame h-hide-lg h-hide-md h-hide-sm style-2712-frameImage style-local-249-c5-frameImage\"><\/div>\n                    <\/div>\n                  <\/div>\n                <\/div>\n              <\/div>\n            <\/div>\n          <\/div>\n          <div class=\"h-column h-column-container d-flex h-col-lg-auto h-col-md-auto h-col-auto style-2731-outer style-local-249-c40-outer\">\n            <div data-colibri-id=\"249-c40\" class=\"d-flex h-flex-basis h-column__inner h-px-lg-2 h-px-md-2 h-px-2 v-inner-lg-2 v-inner-md-2 v-inner-2 style-2731 style-local-249-c40 position-relative\">\n              <!---->\n              <!---->\n              <div class=\"w-100 h-y-container h-column__content h-column__v-align flex-basis-100 align-self-lg-start align-self-md-start align-self-start\">\n                <!---->\n                <div data-colibri-id=\"249-c41\" class=\"h-text h-text-component style-2732 style-local-249-c41 position-relative h-element\">\n                  <!---->\n                  <!---->\n                  <div class=\"\">\n                    <p><strong>SKRAW-MET GROUP<\/strong> czyli sp\u00f3\u0142ka sk\u0142adaj\u0105ca si\u0119 z 3 firm: <strong>SKRAW-MET DYSTRYBUCJA<\/strong>, <strong>SKRAW-TECH ENGINEERING <\/strong>oraz<strong> SKRAW-MET<\/strong><\/p>\n                  <\/div>\n                <\/div>\n              <\/div>\n            <\/div>\n          <\/div>\n        <\/div>\n      <\/div>\n      <div data-colibri-id=\"249-c6\" class=\"h-row-container gutters-row-lg-2 gutters-row-md-2 gutters-row-2 gutters-row-v-lg-2 gutters-row-v-md-2 gutters-row-v-2 style-2612 style-local-249-c6 position-relative\">\n        <!---->\n        <div class=\"h-row justify-content-lg-center justify-content-md-center justify-content-center align-items-lg-stretch align-items-md-stretch align-items-stretch gutters-col-lg-2 gutters-col-md-2 gutters-col-2 gutters-col-v-lg-2 gutters-col-v-md-2 gutters-col-v-2\">\n          <!---->\n          <div class=\"h-column h-column-container d-flex h-col-lg-4 h-col-md-6 h-col-12 style-2613-outer style-local-249-c7-outer\">\n            <div data-colibri-id=\"249-c7\" class=\"d-flex h-flex-basis h-column__inner h-px-lg-0 h-px-md-0 h-px-0 v-inner-lg-0 v-inner-md-0 v-inner-0 style-2613 style-local-249-c7 position-relative\">\n              <!---->\n              <!---->\n              <div class=\"w-100 h-y-container h-column__content h-column__v-align flex-basis-100 align-self-lg-start align-self-md-start align-self-start\">\n                <!---->\n                <div data-colibri-id=\"249-c8\" class=\"h-row-container gutters-row-lg-0 gutters-row-md-0 gutters-row-0 gutters-row-v-lg-0 gutters-row-v-md-0 gutters-row-v-0 style-2614 style-local-249-c8 position-relative\">\n                  <!---->\n                  <div class=\"h-row justify-content-lg-center justify-content-md-center justify-content-center align-items-lg-stretch align-items-md-stretch align-items-stretch gutters-col-lg-0 gutters-col-md-0 gutters-col-0 gutters-col-v-lg-0 gutters-col-v-md-0 gutters-col-v-0\">\n                    <!---->\n                    <div class=\"h-column h-column-container d-flex h-col-lg-auto h-col-md-auto h-col-auto style-2615-outer style-local-249-c9-outer\">\n                      <div data-colibri-id=\"249-c9\" class=\"d-flex h-flex-basis h-column__inner h-px-lg-0 h-px-md-0 h-px-0 v-inner-lg-0 v-inner-md-0 v-inner-0 style-2615 style-local-249-c9 position-relative\">\n                        <!---->\n                        <!---->\n                        <div class=\"w-100 h-y-container h-column__content h-column__v-align flex-basis-100 align-self-lg-start align-self-md-start align-self-start\">\n                          <!---->\n                          <div data-colibri-id=\"249-c10\" class=\"d-block style-2639 style-local-249-c10 position-relative h-element\">\n                            <!---->\n                            <div class=\"h-image__frame-container-outer\">\n                              <div class=\"h-image__frame-container\">\n                                <!---->\n                                <!---->\n                                <img loading=\"lazy\" decoding=\"async\" width=\"1200\" height=\"825\" src=\"https:\/\/skraw-tech.com\/wp-content\/uploads\/2022\/06\/skrawmet-dystrybucja-2.jpeg\" class=\"wp-image-3564 style-2639-image style-local-249-c10-image\" alt=\"\" srcset=\"https:\/\/skraw-tech.com\/wp-content\/uploads\/2022\/06\/skrawmet-dystrybucja-2.jpeg 1200w, https:\/\/skraw-tech.com\/wp-content\/uploads\/2022\/06\/skrawmet-dystrybucja-2-300x206.jpeg 300w, https:\/\/skraw-tech.com\/wp-content\/uploads\/2022\/06\/skrawmet-dystrybucja-2-1024x704.jpeg 1024w, https:\/\/skraw-tech.com\/wp-content\/uploads\/2022\/06\/skrawmet-dystrybucja-2-768x528.jpeg 768w\" sizes=\"auto, (max-width: 1200px) 100vw, 1200px\" \/>\n                                <div class=\"h-image__frame h-hide-lg h-hide-md h-hide-sm style-2639-frameImage style-local-249-c10-frameImage\"><\/div>\n                              <\/div>\n                            <\/div>\n                          <\/div>\n                        <\/div>\n                      <\/div>\n                    <\/div>\n                    <div class=\"h-column h-column-container d-flex h-col-lg-auto h-col-md-auto h-col-auto style-2621-outer style-local-249-c11-outer\">\n                      <div data-colibri-id=\"249-c11\" class=\"d-flex h-flex-basis h-column__inner h-px-lg-3 h-px-md-3 h-px-3 v-inner-lg-3 v-inner-md-3 v-inner-3 style-2621 style-local-249-c11 position-relative\">\n                        <!---->\n                        <!---->\n                        <div class=\"w-100 h-y-container h-column__content h-column__v-align flex-basis-100 align-self-lg-start align-self-md-start align-self-start\">\n                          <!---->\n                          <div data-colibri-id=\"249-c12\" class=\"h-x-container style-2719 style-local-249-c12 position-relative h-element\">\n                            <!---->\n                            <div class=\"h-x-container-inner style-dynamic-249-c12-group style-2719-spacing style-local-249-c12-spacing\"><span class=\"h-link__outer style-2720-outer style-local-249-c13-outer d-inline-flex h-element\"><a h-use-smooth-scroll=\"true\" href=\"https:\/\/skraw-met-dystrybucja.pl\/\"  data-colibri-id=\"249-c13\" class=\"d-flex w-100 align-items-center h-link style-2720 style-local-249-c13 position-relative\"><!----><!----> <span>SKRAW-MET DYSTRYBUCJA<\/span><\/a>\n                              <\/span>\n                            <\/div>\n                          <\/div>\n                          <div data-colibri-id=\"249-c14\" class=\"h-text h-text-component style-2623 style-local-249-c14 position-relative h-element\">\n                            <!---->\n                            <!---->\n                            <div class=\"\">\n                              <p>Dystrybucja si\u0142ownik\u00f3w, element\u00f3w hydrauliki si\u0142owej oraz cz\u0119\u015bci rolniczych w Solcu Kujawskim\n                                <br>\n                              <\/p>\n                            <\/div>\n                          <\/div>\n                        <\/div>\n                      <\/div>\n                    <\/div>\n                  <\/div>\n                <\/div>\n              <\/div>\n            <\/div>\n          <\/div>\n          <div class=\"h-column h-column-container d-flex h-col-lg-4 h-col-md-6 h-col-12 style-2613-outer style-local-249-c15-outer\">\n            <div data-colibri-id=\"249-c15\" class=\"d-flex h-flex-basis h-column__inner h-px-lg-0 h-px-md-0 h-px-0 v-inner-lg-0 v-inner-md-0 v-inner-0 style-2613 style-local-249-c15 position-relative\">\n              <!---->\n              <!---->\n              <div class=\"w-100 h-y-container h-column__content h-column__v-align flex-basis-100 align-self-lg-start align-self-md-start align-self-start\">\n                <!---->\n                <div data-colibri-id=\"249-c16\" class=\"h-row-container gutters-row-lg-0 gutters-row-md-0 gutters-row-0 gutters-row-v-lg-0 gutters-row-v-md-0 gutters-row-v-0 style-2614 style-local-249-c16 position-relative\">\n                  <!---->\n                  <div class=\"h-row justify-content-lg-center justify-content-md-center justify-content-center align-items-lg-stretch align-items-md-stretch align-items-stretch gutters-col-lg-0 gutters-col-md-0 gutters-col-0 gutters-col-v-lg-0 gutters-col-v-md-0 gutters-col-v-0\">\n                    <!---->\n                    <div class=\"h-column h-column-container d-flex h-col-lg-auto h-col-md-auto h-col-auto style-2615-outer style-local-249-c17-outer\">\n                      <div data-colibri-id=\"249-c17\" class=\"d-flex h-flex-basis h-column__inner h-px-lg-0 h-px-md-0 h-px-0 v-inner-lg-0 v-inner-md-0 v-inner-0 style-2615 style-local-249-c17 position-relative\">\n                        <!---->\n                        <!---->\n                        <div class=\"w-100 h-y-container h-column__content h-column__v-align flex-basis-100 align-self-lg-start align-self-md-start align-self-start\">\n                          <!---->\n                          <div data-colibri-id=\"249-c18\" class=\"d-block style-2641 style-local-249-c18 position-relative h-element\">\n                            <!---->\n                            <div class=\"h-image__frame-container-outer\">\n                              <div class=\"h-image__frame-container\">\n                                <!---->\n                                <!---->\n                                <img loading=\"lazy\" decoding=\"async\" width=\"1200\" height=\"825\" src=\"https:\/\/skraw-tech.com\/wp-content\/uploads\/2022\/06\/IMG-1174.jpg\" class=\"wp-image-3599 style-2641-image style-local-249-c18-image\" alt=\"\" srcset=\"https:\/\/skraw-tech.com\/wp-content\/uploads\/2022\/06\/IMG-1174.jpg 1200w, https:\/\/skraw-tech.com\/wp-content\/uploads\/2022\/06\/IMG-1174-300x206.jpg 300w, https:\/\/skraw-tech.com\/wp-content\/uploads\/2022\/06\/IMG-1174-1024x704.jpg 1024w, https:\/\/skraw-tech.com\/wp-content\/uploads\/2022\/06\/IMG-1174-768x528.jpg 768w\" sizes=\"auto, (max-width: 1200px) 100vw, 1200px\" \/>\n                                <div class=\"h-image__frame h-hide-lg h-hide-md h-hide-sm style-2641-frameImage style-local-249-c18-frameImage\"><\/div>\n                              <\/div>\n                            <\/div>\n                          <\/div>\n                        <\/div>\n                      <\/div>\n                    <\/div>\n                    <div class=\"h-column h-column-container d-flex h-col-lg-auto h-col-md-auto h-col-auto style-2621-outer style-local-249-c19-outer\">\n                      <div data-colibri-id=\"249-c19\" class=\"d-flex h-flex-basis h-column__inner h-px-lg-3 h-px-md-3 h-px-3 v-inner-lg-3 v-inner-md-3 v-inner-3 style-2621 style-local-249-c19 position-relative\">\n                        <!---->\n                        <!---->\n                        <div class=\"w-100 h-y-container h-column__content h-column__v-align flex-basis-100 align-self-lg-start align-self-md-start align-self-start\">\n                          <!---->\n                          <div data-colibri-id=\"249-c20\" class=\"h-global-transition-all h-heading style-2622 style-local-249-c20 position-relative h-element\">\n                            <!---->\n                            <div class=\"h-heading__outer style-2622 style-local-249-c20\">\n                              <!---->\n                              <!---->\n                              <h5 class=\"\">SKRAW-TECH ENGINEERING<\/h5>\n                            <\/div>\n                          <\/div>\n                          <div data-colibri-id=\"249-c21\" class=\"h-text h-text-component style-2623 style-local-249-c21 position-relative h-element\">\n                            <!---->\n                            <!---->\n                            <div class=\"\">\n                              <p>Dystrybucja maszyn rolniczych i komunalnych w Solcu Kujawskim\n                                <br>\n                              <\/p>\n                            <\/div>\n                          <\/div>\n                        <\/div>\n                      <\/div>\n                    <\/div>\n                  <\/div>\n                <\/div>\n              <\/div>\n            <\/div>\n          <\/div>\n          <div class=\"h-column h-column-container d-flex h-col-lg-4 h-col-md-6 h-col-12 style-2613-outer style-local-249-c22-outer\">\n            <div data-colibri-id=\"249-c22\" class=\"d-flex h-flex-basis h-column__inner h-px-lg-0 h-px-md-0 h-px-0 v-inner-lg-0 v-inner-md-0 v-inner-0 style-2613 style-local-249-c22 position-relative\">\n              <!---->\n              <!---->\n              <div class=\"w-100 h-y-container h-column__content h-column__v-align flex-basis-100 align-self-lg-start align-self-md-start align-self-start\">\n                <!---->\n                <div data-colibri-id=\"249-c23\" class=\"h-row-container gutters-row-lg-0 gutters-row-md-0 gutters-row-0 gutters-row-v-lg-0 gutters-row-v-md-0 gutters-row-v-0 style-2614 style-local-249-c23 position-relative\">\n                  <!---->\n                  <div class=\"h-row justify-content-lg-center justify-content-md-center justify-content-center align-items-lg-stretch align-items-md-stretch align-items-stretch gutters-col-lg-0 gutters-col-md-0 gutters-col-0 gutters-col-v-lg-0 gutters-col-v-md-0 gutters-col-v-0\">\n                    <!---->\n                    <div class=\"h-column h-column-container d-flex h-col-lg-auto h-col-md-auto h-col-auto style-2615-outer style-local-249-c24-outer\">\n                      <div data-colibri-id=\"249-c24\" class=\"d-flex h-flex-basis h-column__inner h-px-lg-0 h-px-md-0 h-px-0 v-inner-lg-0 v-inner-md-0 v-inner-0 style-2615 style-local-249-c24 position-relative\">\n                        <!---->\n                        <!---->\n                        <div class=\"w-100 h-y-container h-column__content h-column__v-align flex-basis-100 align-self-lg-start align-self-md-start align-self-start\">\n                          <!---->\n                          <div data-colibri-id=\"249-c25\" class=\"d-block style-2640 style-local-249-c25 position-relative h-element\">\n                            <!---->\n                            <div class=\"h-image__frame-container-outer\">\n                              <div class=\"h-image__frame-container\">\n                                <!---->\n                                <!---->\n                                <img loading=\"lazy\" decoding=\"async\" width=\"1200\" height=\"825\" src=\"https:\/\/skraw-tech.com\/wp-content\/uploads\/2022\/06\/fabryka.jpg\" class=\"wp-image-3376 style-2640-image style-local-249-c25-image\" alt=\"\" srcset=\"https:\/\/skraw-tech.com\/wp-content\/uploads\/2022\/06\/fabryka.jpg 1200w, https:\/\/skraw-tech.com\/wp-content\/uploads\/2022\/06\/fabryka-300x206.jpg 300w, https:\/\/skraw-tech.com\/wp-content\/uploads\/2022\/06\/fabryka-1024x704.jpg 1024w, https:\/\/skraw-tech.com\/wp-content\/uploads\/2022\/06\/fabryka-768x528.jpg 768w\" sizes=\"auto, (max-width: 1200px) 100vw, 1200px\" \/>\n                                <div class=\"h-image__frame h-hide-lg h-hide-md h-hide-sm style-2640-frameImage style-local-249-c25-frameImage\"><\/div>\n                              <\/div>\n                            <\/div>\n                          <\/div>\n                        <\/div>\n                      <\/div>\n                    <\/div>\n                    <div class=\"h-column h-column-container d-flex h-col-lg-auto h-col-md-auto h-col-auto style-2621-outer style-local-249-c26-outer\">\n                      <div data-colibri-id=\"249-c26\" class=\"d-flex h-flex-basis h-column__inner h-px-lg-3 h-px-md-3 h-px-3 v-inner-lg-3 v-inner-md-3 v-inner-3 style-2621 style-local-249-c26 position-relative\">\n                        <!---->\n                        <!---->\n                        <div class=\"w-100 h-y-container h-column__content h-column__v-align flex-basis-100 align-self-lg-start align-self-md-start align-self-start\">\n                          <!---->\n                          <div data-colibri-id=\"249-c27\" class=\"h-x-container style-2721 style-local-249-c27 position-relative h-element\">\n                            <!---->\n                            <div class=\"h-x-container-inner style-dynamic-249-c27-group style-2721-spacing style-local-249-c27-spacing\"><span class=\"h-link__outer style-2722-outer style-local-249-c28-outer d-inline-flex h-element\"><a h-use-smooth-scroll=\"true\" href=\"http:\/\/skraw-met.pl\/\"  data-colibri-id=\"249-c28\" class=\"d-flex w-100 align-items-center h-link style-2722 style-local-249-c28 position-relative\"><!----><!----> <span>SKRAW-MET<\/span><\/a>\n                              <\/span>\n                            <\/div>\n                          <\/div>\n                          <div data-colibri-id=\"249-c29\" class=\"h-text h-text-component style-2623 style-local-249-c29 position-relative h-element\">\n                            <!---->\n                            <!---->\n                            <div class=\"\">\n                              <p>Produkcja si\u0142ownik\u00f3w hydraulicznych w miejscowo\u015bci Do\u0142uje pod Szczecinem\n                                <br>\n                              <\/p>\n                            <\/div>\n                          <\/div>\n                        <\/div>\n                      <\/div>\n                    <\/div>\n                  <\/div>\n                <\/div>\n              <\/div>\n            <\/div>\n          <\/div>\n        <\/div>\n      <\/div>\n      <div data-colibri-id=\"249-c30\" class=\"h-row-container gutters-row-lg-2 gutters-row-md-2 gutters-row-0 gutters-row-v-lg-2 gutters-row-v-md-2 gutters-row-v-2 style-2716 style-local-249-c30 position-relative\">\n        <!---->\n        <div class=\"h-row justify-content-lg-center justify-content-md-center justify-content-center align-items-lg-stretch align-items-md-stretch align-items-stretch gutters-col-lg-2 gutters-col-md-2 gutters-col-0 gutters-col-v-lg-2 gutters-col-v-md-2 gutters-col-v-2\">\n          <!---->\n          <div class=\"h-column h-column-container d-flex h-col-lg-auto h-col-md-auto h-col-auto style-2717-outer style-local-249-c31-outer\">\n            <div data-colibri-id=\"249-c31\" class=\"d-flex h-flex-basis h-column__inner h-px-lg-2 h-px-md-2 h-px-2 v-inner-lg-2 v-inner-md-2 v-inner-2 style-2717 style-local-249-c31 position-relative\">\n              <!---->\n              <!---->\n              <div class=\"w-100 h-y-container h-column__content h-column__v-align flex-basis-100 align-self-lg-start align-self-md-start align-self-start\">\n                <!---->\n                <div data-colibri-id=\"249-c32\" class=\"h-lead h-text h-text-component style-2723 style-local-249-c32 position-relative h-element\">\n                  <!---->\n                  <!---->\n                  <div class=\"\"><\/div>\n                <\/div>\n              <\/div>\n            <\/div>\n          <\/div>\n        <\/div>\n      <\/div>\n    <\/div>\n  <\/div>\n<\/div>","protected":false},"excerpt":{"rendered":"<p>SKRAW-MET GROUP czyli sp\u00f3\u0142ka sk\u0142adaj\u0105ca si\u0119 z 3 firm: SKRAW-MET DYSTRYBUCJA, SKRAW-TECH ENGINEERING oraz SKRAW-MET SKRAW-MET DYSTRYBUCJA Dystrybucja si\u0142ownik\u00f3w, element\u00f3w hydrauliki si\u0142owej oraz cz\u0119\u015bci rolniczych w Solcu Kujawskim SKRAW-TECH ENGINEERING Dystrybucja maszyn rolniczych i komunalnych w Solcu Kujawskim SKRAW-MET Produkcja si\u0142ownik\u00f3w hydraulicznych w miejscowo\u015bci Do\u0142uje pod Szczecinem<\/p>\n","protected":false},"author":1,"featured_media":0,"parent":0,"menu_order":2,"comment_status":"closed","ping_status":"closed","template":"page-templates\/full-width-page.php","meta":{"footnotes":""},"class_list":["post-249","page","type-page","status-publish","hentry"],"_links":{"self":[{"href":"https:\/\/skraw-tech.com\/index.php?rest_route=\/wp\/v2\/pages\/249","targetHints":{"allow":["GET"]}}],"collection":[{"href":"https:\/\/skraw-tech.com\/index.php?rest_route=\/wp\/v2\/pages"}],"about":[{"href":"https:\/\/skraw-tech.com\/index.php?rest_route=\/wp\/v2\/types\/page"}],"author":[{"embeddable":true,"href":"https:\/\/skraw-tech.com\/index.php?rest_route=\/wp\/v2\/users\/1"}],"replies":[{"embeddable":true,"href":"https:\/\/skraw-tech.com\/index.php?rest_route=%2Fwp%2Fv2%2Fcomments&post=249"}],"version-history":[{"count":16,"href":"https:\/\/skraw-tech.com\/index.php?rest_route=\/wp\/v2\/pages\/249\/revisions"}],"predecessor-version":[{"id":4184,"href":"https:\/\/skraw-tech.com\/index.php?rest_route=\/wp\/v2\/pages\/249\/revisions\/4184"}],"wp:attachment":[{"href":"https:\/\/skraw-tech.com\/index.php?rest_route=%2Fwp%2Fv2%2Fmedia&parent=249"}],"curies":[{"name":"wp","href":"https:\/\/api.w.org\/{rel}","templated":true}]}}