{"id":3149,"date":"2022-06-22T10:53:35","date_gmt":"2022-06-22T08:53:35","guid":{"rendered":"https:\/\/skraw-tech.com\/?page_id=3149"},"modified":"2022-06-22T10:55:19","modified_gmt":"2022-06-22T08:55:19","slug":"snow-hydrauliczne-1-silownikowe","status":"publish","type":"page","link":"https:\/\/skraw-tech.com\/?page_id=3149","title":{"rendered":"SNOW hydrauliczne 1-si\u0142ownikowe"},"content":{"rendered":"<div data-colibri-id=\"3149-c1\" class=\"style-2274 style-local-3149-c1 position-relative\">\n  <!---->\n  <div data-colibri-component=\"section\" data-colibri-id=\"3149-c2\" id=\"reusable-sections\" class=\"h-section h-section-global-spacing d-flex align-items-lg-center align-items-md-center align-items-center style-2275 style-local-3149-c2 h-overflow-hidden position-relative\">\n    <!---->\n    <!---->\n    <div class=\"h-section-grid-container h-section-fluid-container\">\n      <!---->\n      <div data-colibri-id=\"3149-c3\" class=\"h-row-container gutters-row-lg-0 gutters-row-md-0 gutters-row-2 gutters-row-v-lg-0 gutters-row-v-md-0 gutters-row-v-2 style-2276 style-local-3149-c3 position-relative\">\n        <!---->\n        <div class=\"h-row justify-content-lg-center justify-content-md-center justify-content-center align-items-lg-stretch align-items-md-stretch align-items-stretch gutters-col-lg-0 gutters-col-md-0 gutters-col-2 gutters-col-v-lg-0 gutters-col-v-md-0 gutters-col-v-2\">\n          <!---->\n          <div class=\"h-column h-column-container d-flex h-col-lg-auto h-col-md-auto h-col-auto style-2277-outer style-local-3149-c4-outer\">\n            <div data-colibri-id=\"3149-c4\" class=\"d-flex h-flex-basis h-column__inner h-ui-empty-state-container h-px-lg-0 h-px-md-0 h-px-0 v-inner-lg-0 v-inner-md-0 v-inner-0 style-2277 style-local-3149-c4 position-relative\">\n              <!---->\n              <!---->\n              <div class=\"w-100 h-y-container h-column__content h-column__v-align flex-basis-100\">\n                <!---->\n              <\/div>\n            <\/div>\n          <\/div>\n          <div class=\"h-column h-column-container d-flex h-col-lg-auto h-col-md-auto h-col-auto style-2278-outer style-local-3149-c5-outer\">\n            <div data-colibri-id=\"3149-c5\" class=\"d-flex h-flex-basis h-column__inner h-px-lg-0 h-px-md-0 h-px-0 v-inner-lg-0 v-inner-md-0 v-inner-0 style-2278 style-local-3149-c5 position-relative\">\n              <!---->\n              <!---->\n              <div class=\"w-100 h-y-container h-column__content h-column__v-align flex-basis-100 align-self-lg-start align-self-md-start align-self-start\">\n                <!---->\n                <div data-colibri-id=\"3149-c6\" class=\"h-global-transition-all h-heading style-2279 style-local-3149-c6 position-relative h-element\">\n                  <!---->\n                  <div class=\"h-heading__outer style-2279 style-local-3149-c6\">\n                    <!---->\n                    <!---->\n                    <h4 class=\"\">P\u0142ugi \u015bnie\u017cne SNOW Hydrauliczne 1-si\u0142ownikowe<\/h4>\n                  <\/div>\n                <\/div>\n                <div data-colibri-id=\"3149-c7\" class=\"h-text h-text-component style-2280 style-local-3149-c7 position-relative h-element\">\n                  <!---->\n                  <!---->\n                  <div class=\"\">\n                    <p>Odk\u0142adnica, czyli przednia cz\u0119\u015b\u0107 maszyny, kt\u00f3ra s\u0142u\u017cy do zgarniania \u015bniegu, piasku lub usuwania obornika przez rolnik\u00f3w.<\/p>\n                    <p>\n                      <br>\n                    <\/p>\n                    <p>\n                      <br>\n                    <\/p>\n                  <\/div>\n                <\/div>\n              <\/div>\n            <\/div>\n          <\/div>\n        <\/div>\n      <\/div>\n    <\/div>\n  <\/div>\n  <div data-colibri-component=\"section\" data-colibri-id=\"3149-c8\" id=\"reusable-sections-2\" class=\"h-section h-section-global-spacing d-flex align-items-lg-center align-items-md-center align-items-center style-2281 style-local-3149-c8 position-relative\">\n    <!---->\n    <!---->\n    <div class=\"h-section-grid-container h-section-boxed-container\">\n      <!---->\n      <div data-colibri-id=\"3149-c9\" class=\"h-row-container gutters-row-lg-2 gutters-row-md-2 gutters-row-0 gutters-row-v-lg-2 gutters-row-v-md-2 gutters-row-v-2 style-2282 style-local-3149-c9 position-relative\">\n        <!---->\n        <div class=\"h-row justify-content-lg-center justify-content-md-center justify-content-center align-items-lg-stretch align-items-md-stretch align-items-stretch gutters-col-lg-2 gutters-col-md-2 gutters-col-0 gutters-col-v-lg-2 gutters-col-v-md-2 gutters-col-v-2\">\n          <!---->\n          <div class=\"h-column h-column-container d-flex h-col-lg-auto h-col-md-auto h-col-auto style-2283-outer style-local-3149-c10-outer\">\n            <div data-colibri-id=\"3149-c10\" class=\"d-flex h-flex-basis h-column__inner h-px-lg-2 h-px-md-2 h-px-2 v-inner-lg-2 v-inner-md-2 v-inner-2 style-2283 style-local-3149-c10 position-relative\">\n              <!---->\n              <!---->\n              <div class=\"w-100 h-y-container h-column__content h-column__v-align flex-basis-100 align-self-lg-start align-self-md-start align-self-start\">\n                <!---->\n                <div data-colibri-id=\"3149-c11\" class=\"h-text h-text-component style-2284 style-local-3149-c11 position-relative h-element\">\n                  <!---->\n                  <!---->\n                  <div class=\"\">\n                    <h3>Wyposa\u017cenie<\/h3>\n                    <p><span style=\"color: rgb(0, 0, 0); font-size: 18px;\">Hydrauliczny k\u0105t skr\u0119tu<\/span><\/p>\n                    <p><span style=\"color: rgb(0, 0, 0); font-size: 18px;\">Lemiesz gumowy do \u015bniegu<\/span><\/p>\n                    <p><span style=\"color: rgb(0, 0, 0); font-size: 18px;\">Amortyzacja lemiesza gumowego<\/span><\/p>\n                  <\/div>\n                <\/div>\n              <\/div>\n            <\/div>\n          <\/div>\n          <div class=\"h-column h-column-container d-flex h-col-lg-auto h-col-md-auto h-col-auto style-2285-outer style-local-3149-c12-outer\">\n            <div data-colibri-id=\"3149-c12\" class=\"d-flex h-flex-basis h-column__inner h-px-lg-2 h-px-md-2 h-px-2 v-inner-lg-2 v-inner-md-2 v-inner-2 style-2285 style-local-3149-c12 position-relative\">\n              <!---->\n              <!---->\n              <div class=\"w-100 h-y-container h-column__content h-column__v-align flex-basis-100 align-self-lg-start align-self-md-start align-self-start\">\n                <!---->\n                <div data-colibri-id=\"3149-c13\" class=\"h-global-transition-all h-heading style-2286 style-local-3149-c13 position-relative h-element\">\n                  <!---->\n                  <div class=\"h-heading__outer style-2286 style-local-3149-c13\">\n                    <!---->\n                    <!---->\n                    <h2 class=\"\">Dane techniczne<\/h2>\n                  <\/div>\n                <\/div>\n              <\/div>\n            <\/div>\n          <\/div>\n        <\/div>\n      <\/div>\n      <div data-colibri-id=\"3149-c14\" class=\"h-row-container gutters-row-lg-2 gutters-row-md-2 gutters-row-0 gutters-row-v-lg-2 gutters-row-v-md-2 gutters-row-v-2 style-2287 style-local-3149-c14 position-relative\">\n        <!---->\n        <div class=\"h-row justify-content-lg-center justify-content-md-center justify-content-center align-items-lg-stretch align-items-md-stretch align-items-stretch gutters-col-lg-2 gutters-col-md-2 gutters-col-0 gutters-col-v-lg-2 gutters-col-v-md-2 gutters-col-v-2\">\n          <!---->\n          <div class=\"h-column h-column-container d-flex h-col-lg-auto h-col-md-auto h-col-auto style-2288-outer style-local-3149-c15-outer\">\n            <div data-colibri-id=\"3149-c15\" class=\"d-flex h-flex-basis h-column__inner h-px-lg-2 h-px-md-2 h-px-2 v-inner-lg-2 v-inner-md-2 v-inner-2 style-2288 style-local-3149-c15 position-relative\">\n              <!---->\n              <!---->\n              <div class=\"w-100 h-y-container h-column__content h-column__v-align flex-basis-100 align-self-lg-start align-self-md-start align-self-start\">\n                <!---->\n                <div data-colibri-id=\"3149-c16\" class=\"h-text h-text-component style-2289 style-local-3149-c16 position-relative h-element\">\n                  <!---->\n                  <!---->\n                  <div class=\"\">\n                    <h3>Wyposa\u017cenie dodatkowe<\/h3>\n                    <p><span style=\"color: rgb(0, 0, 0); font-size: 18px;\">Monta\u017c o\u015bwietlenia LED<\/span><\/p>\n                    <p><span style=\"color: rgb(0, 0, 0); font-size: 18px;\">Lemiesz stalowy do ziemi- hardox<\/span><\/p>\n                    <p><span style=\"color: rgb(0, 0, 0); font-size: 18px;\">Zaczep p\u0142ywaj\u0105cy<\/span><\/p>\n                  <\/div>\n                <\/div>\n              <\/div>\n            <\/div>\n          <\/div>\n          <div class=\"h-column h-column-container d-flex h-col-lg-auto h-col-md-auto h-col-auto style-2290-outer style-local-3149-c17-outer\">\n            <div data-colibri-id=\"3149-c17\" class=\"d-flex h-flex-basis h-column__inner h-px-lg-2 h-px-md-2 h-px-2 v-inner-lg-2 v-inner-md-2 v-inner-2 style-2290 style-local-3149-c17 position-relative\">\n              <!---->\n              <!---->\n              <div class=\"w-100 h-y-container h-column__content h-column__v-align flex-basis-100 align-self-lg-start align-self-md-start align-self-start\">\n                <!---->\n                <div data-colibri-id=\"3149-c18\" class=\"h-x-container style-2291 style-local-3149-c18 position-relative h-element\">\n                  <!---->\n                  <div class=\"h-x-container-inner style-dynamic-3149-c18-group style-2291-spacing style-local-3149-c18-spacing\"><span class=\"h-button__outer style-2292-outer style-local-3149-c19-outer d-inline-flex h-element\"><a h-use-smooth-scroll=\"true\" href=\"https:\/\/skraw-tech.com\/wp-content\/uploads\/2022\/06\/Dane-techniczne-SNOW1.pdf\"  data-colibri-id=\"3149-c19\" class=\"d-flex w-100 align-items-center h-button justify-content-lg-center justify-content-md-center justify-content-center style-2292 style-local-3149-c19 position-relative\"><!----><!----> <span>Kliknij, aby zobaczy\u0107 dane techniczne<\/span><\/a>\n                    <\/span>\n                  <\/div>\n                <\/div>\n              <\/div>\n            <\/div>\n          <\/div>\n        <\/div>\n      <\/div>\n      <div data-colibri-id=\"3149-c20\" class=\"h-row-container gutters-row-lg-2 gutters-row-md-2 gutters-row-0 gutters-row-v-lg-2 gutters-row-v-md-2 gutters-row-v-2 style-2293 style-local-3149-c20 position-relative\">\n        <!---->\n        <div class=\"h-row justify-content-lg-center justify-content-md-center justify-content-center align-items-lg-stretch align-items-md-stretch align-items-stretch gutters-col-lg-2 gutters-col-md-2 gutters-col-0 gutters-col-v-lg-2 gutters-col-v-md-2 gutters-col-v-2\">\n          <!---->\n          <div class=\"h-column h-column-container d-flex h-col-lg-6 h-col-md-6 h-col-12 style-2294-outer style-local-3149-c21-outer\">\n            <div data-colibri-id=\"3149-c21\" class=\"d-flex h-flex-basis h-column__inner h-px-lg-0 h-px-md-0 h-px-0 v-inner-lg-0 v-inner-md-0 v-inner-0 style-2294 style-local-3149-c21 position-relative\">\n              <!---->\n              <!---->\n              <div class=\"w-100 h-y-container h-column__content h-column__v-align flex-basis-100 align-self-lg-start align-self-md-start align-self-start\">\n                <!---->\n                <div data-colibri-id=\"3149-c22\" class=\"d-block style-2295 style-local-3149-c22 position-relative h-element\">\n                  <!---->\n                  <div class=\"h-image__frame-container-outer\">\n                    <div class=\"h-image__frame-container\">\n                      <!---->\n                      <!---->\n                      <img loading=\"lazy\" decoding=\"async\" width=\"770\" height=\"334\" src=\"https:\/\/skraw-tech.com\/wp-content\/uploads\/2022\/06\/4.jpg\" class=\"wp-image-3012 style-2295-image style-local-3149-c22-image\" alt=\"\" srcset=\"https:\/\/skraw-tech.com\/wp-content\/uploads\/2022\/06\/4.jpg 770w, https:\/\/skraw-tech.com\/wp-content\/uploads\/2022\/06\/4-300x130.jpg 300w, https:\/\/skraw-tech.com\/wp-content\/uploads\/2022\/06\/4-768x333.jpg 768w\" sizes=\"auto, (max-width: 770px) 100vw, 770px\" \/>\n                      <div class=\"h-image__frame h-hide-lg h-hide-md h-hide-sm style-2295-frameImage style-local-3149-c22-frameImage\"><\/div>\n                    <\/div>\n                  <\/div>\n                <\/div>\n              <\/div>\n            <\/div>\n          <\/div>\n          <div class=\"h-column h-column-container d-flex h-col-lg-6 h-col-md-6 h-col-12 style-2296-outer style-local-3149-c23-outer\">\n            <div data-colibri-id=\"3149-c23\" class=\"d-flex h-flex-basis h-column__inner h-px-lg-0 h-px-md-0 h-px-0 v-inner-lg-0 v-inner-md-0 v-inner-0 style-2296 style-local-3149-c23 position-relative\">\n              <!---->\n              <!---->\n              <div class=\"w-100 h-y-container h-column__content h-column__v-align flex-basis-100 align-self-lg-center align-self-md-center align-self-center\">\n                <!---->\n                <div data-colibri-id=\"3149-c24\" class=\"h-text h-text-component style-2297 style-local-3149-c24 position-relative h-element\">\n                  <!---->\n                  <!---->\n                  <div class=\"\">\n                    <h3>Serwis gwarancyjny i pogwarancyjny<\/h3>\n                    <p>AGRO- FACTORY II zapewnia serwis gwarancyjny wszystkich maszyn rolniczych oraz pe\u0142en asortyment cz\u0119\u015bci zamiennych.<\/p>\n                    <p>\n                      <br>\n                    <\/p>\n                  <\/div>\n                <\/div>\n              <\/div>\n            <\/div>\n          <\/div>\n        <\/div>\n      <\/div>\n    <\/div>\n  <\/div>\n<\/div>","protected":false},"excerpt":{"rendered":"<p>P\u0142ugi \u015bnie\u017cne SNOW Hydrauliczne 1-si\u0142ownikowe Odk\u0142adnica, czyli przednia cz\u0119\u015b\u0107 maszyny, kt\u00f3ra s\u0142u\u017cy do zgarniania \u015bniegu, piasku lub usuwania obornika przez rolnik\u00f3w. Wyposa\u017cenie Hydrauliczny k\u0105t skr\u0119tu Lemiesz gumowy do \u015bniegu Amortyzacja lemiesza gumowego Dane techniczne Wyposa\u017cenie dodatkowe Monta\u017c o\u015bwietlenia LED Lemiesz stalowy do ziemi- hardox Zaczep p\u0142ywaj\u0105cy Kliknij, aby zobaczy\u0107 dane techniczne Serwis gwarancyjny i pogwarancyjny [&hellip;]<\/p>\n","protected":false},"author":1,"featured_media":0,"parent":0,"menu_order":0,"comment_status":"closed","ping_status":"closed","template":"page-templates\/full-width-page.php","meta":{"footnotes":""},"class_list":["post-3149","page","type-page","status-publish","hentry"],"_links":{"self":[{"href":"https:\/\/skraw-tech.com\/index.php?rest_route=\/wp\/v2\/pages\/3149","targetHints":{"allow":["GET"]}}],"collection":[{"href":"https:\/\/skraw-tech.com\/index.php?rest_route=\/wp\/v2\/pages"}],"about":[{"href":"https:\/\/skraw-tech.com\/index.php?rest_route=\/wp\/v2\/types\/page"}],"author":[{"embeddable":true,"href":"https:\/\/skraw-tech.com\/index.php?rest_route=\/wp\/v2\/users\/1"}],"replies":[{"embeddable":true,"href":"https:\/\/skraw-tech.com\/index.php?rest_route=%2Fwp%2Fv2%2Fcomments&post=3149"}],"version-history":[{"count":2,"href":"https:\/\/skraw-tech.com\/index.php?rest_route=\/wp\/v2\/pages\/3149\/revisions"}],"predecessor-version":[{"id":3159,"href":"https:\/\/skraw-tech.com\/index.php?rest_route=\/wp\/v2\/pages\/3149\/revisions\/3159"}],"wp:attachment":[{"href":"https:\/\/skraw-tech.com\/index.php?rest_route=%2Fwp%2Fv2%2Fmedia&parent=3149"}],"curies":[{"name":"wp","href":"https:\/\/api.w.org\/{rel}","templated":true}]}}