{"id":4546,"date":"2022-06-27T11:09:45","date_gmt":"2022-06-27T09:09:45","guid":{"rendered":"https:\/\/skraw-tech.com\/?page_id=4546"},"modified":"2022-06-27T14:27:46","modified_gmt":"2022-06-27T12:27:46","slug":"lycho-krokodyl-zeby-palone","status":"publish","type":"page","link":"https:\/\/skraw-tech.com\/?page_id=4546","title":{"rendered":"\u0141ycho-krokodyl z\u0119by palone"},"content":{"rendered":"<div data-colibri-id=\"4546-c1\" class=\"style-3659 style-local-4546-c1 position-relative\">\n  <!---->\n  <div data-colibri-component=\"section\" data-colibri-id=\"4546-c2\" id=\"reusable-sections\" class=\"h-section h-section-global-spacing d-flex align-items-lg-center align-items-md-center align-items-center style-3660 style-local-4546-c2 h-overflow-hidden position-relative\">\n    <!---->\n    <!---->\n    <div class=\"h-section-grid-container h-section-fluid-container\">\n      <!---->\n      <div data-colibri-id=\"4546-c3\" class=\"h-row-container gutters-row-lg-0 gutters-row-md-0 gutters-row-2 gutters-row-v-lg-0 gutters-row-v-md-0 gutters-row-v-2 style-3661 style-local-4546-c3 position-relative\">\n        <!---->\n        <div class=\"h-row justify-content-lg-center justify-content-md-center justify-content-center align-items-lg-stretch align-items-md-stretch align-items-stretch gutters-col-lg-0 gutters-col-md-0 gutters-col-2 gutters-col-v-lg-0 gutters-col-v-md-0 gutters-col-v-2\">\n          <!---->\n          <div class=\"h-column h-column-container d-flex h-col-lg-auto h-col-md-auto h-col-auto style-3662-outer style-local-4546-c4-outer\">\n            <div data-colibri-id=\"4546-c4\" class=\"d-flex h-flex-basis h-column__inner h-ui-empty-state-container h-px-lg-0 h-px-md-0 h-px-0 v-inner-lg-0 v-inner-md-0 v-inner-0 style-3662 style-local-4546-c4 position-relative\">\n              <!---->\n              <!---->\n              <div class=\"w-100 h-y-container h-column__content h-column__v-align flex-basis-100\">\n                <!---->\n              <\/div>\n            <\/div>\n          <\/div>\n          <div class=\"h-column h-column-container d-flex h-col-lg-auto h-col-md-auto h-col-auto style-3663-outer style-local-4546-c5-outer\">\n            <div data-colibri-id=\"4546-c5\" class=\"d-flex h-flex-basis h-column__inner h-px-lg-0 h-px-md-0 h-px-0 v-inner-lg-0 v-inner-md-0 v-inner-0 style-3663 style-local-4546-c5 position-relative\">\n              <!---->\n              <!---->\n              <div class=\"w-100 h-y-container h-column__content h-column__v-align flex-basis-100 align-self-lg-start align-self-md-start align-self-start\">\n                <!---->\n                <div data-colibri-id=\"4546-c6\" class=\"h-global-transition-all h-heading style-3664 style-local-4546-c6 position-relative h-element\">\n                  <!---->\n                  <div class=\"h-heading__outer style-3664 style-local-4546-c6\">\n                    <!---->\n                    <!---->\n                    <h4 class=\"\">\u0141ycho-krokodyl z\u0119by palone<\/h4>\n                  <\/div>\n                <\/div>\n                <div data-colibri-id=\"4546-c7\" class=\"h-text h-text-component style-3665 style-local-4546-c7 position-relative h-element\">\n                  <!---->\n                  <!---->\n                  <div class=\"\">\n                    <p>Przeznaczone s\u0105 do transportu drobnych frakcji lub p\u00f3\u0142p\u0142ynnych element\u00f3w obornika. Solidna konstrukcja oraz zastosowanie wysokiej jako\u015bci materia\u0142\u00f3w zapewni d\u0142ugotrwa\u0142\u0105, bezawaryjn\u0105 prac\u0119. Zastosowanie dw\u00f3ch si\u0142ownik\u00f3w hydraulicznych\n                      o du\u017cej mocy zapewnia odpowiedni \u015bcisk materia\u0142u.<\/p>\n                  <\/div>\n                <\/div>\n                <div data-colibri-id=\"4546-c8\" class=\"h-row-container gutters-row-lg-2 gutters-row-md-2 gutters-row-0 gutters-row-v-lg-2 gutters-row-v-md-2 gutters-row-v-0 style-3666 style-local-4546-c8 position-relative\">\n                  <!---->\n                  <div class=\"h-row justify-content-lg-center justify-content-md-center justify-content-center align-items-lg-stretch align-items-md-stretch align-items-stretch gutters-col-lg-2 gutters-col-md-2 gutters-col-0 gutters-col-v-lg-2 gutters-col-v-md-2 gutters-col-v-0\">\n                    <!---->\n                    <div class=\"h-column h-column-container d-flex h-col-lg-6 h-col-md-6 h-col-6 style-3667-outer style-local-4546-c9-outer\">\n                      <div data-colibri-id=\"4546-c9\" class=\"d-flex h-flex-basis h-column__inner h-px-lg-0 h-px-md-0 h-px-2 v-inner-lg-0 v-inner-md-0 v-inner-2 style-3667 style-local-4546-c9 position-relative\">\n                        <!---->\n                        <!---->\n                        <div class=\"w-100 h-y-container h-column__content h-column__v-align flex-basis-100 align-self-lg-start align-self-md-start align-self-start\">\n                          <!---->\n                          <div data-colibri-id=\"4546-c10\" class=\"h-global-transition-all h-heading style-3668 style-local-4546-c10 position-relative h-element\">\n                            <!---->\n                            <div class=\"h-heading__outer style-3668 style-local-4546-c10\">\n                              <!---->\n                              <!---->\n                              <h5 class=\"\">Wydajno\u015b\u0107<\/h5>\n                            <\/div>\n                          <\/div>\n                          <div data-colibri-id=\"4546-c11\" class=\"h-text h-text-component style-3669 style-local-4546-c11 position-relative h-element\">\n                            <!---->\n                            <!---->\n                            <div class=\"\">\n                              <p>Jedno urz\u0105dzenie kt\u00f3re zast\u0119puje wi\u0119cej innych<\/p>\n                            <\/div>\n                          <\/div>\n                        <\/div>\n                      <\/div>\n                    <\/div>\n                    <div class=\"h-column h-column-container d-flex h-col-lg-6 h-col-md-6 h-col-6 style-3667-outer style-local-4546-c12-outer\">\n                      <div data-colibri-id=\"4546-c12\" class=\"d-flex h-flex-basis h-column__inner h-px-lg-0 h-px-md-0 h-px-2 v-inner-lg-0 v-inner-md-0 v-inner-2 style-3667 style-local-4546-c12 position-relative\">\n                        <!---->\n                        <!---->\n                        <div class=\"w-100 h-y-container h-column__content h-column__v-align flex-basis-100 align-self-lg-start align-self-md-start align-self-start\">\n                          <!---->\n                          <div data-colibri-id=\"4546-c13\" class=\"h-global-transition-all h-heading style-3668 style-local-4546-c13 position-relative h-element\">\n                            <!---->\n                            <div class=\"h-heading__outer style-3668 style-local-4546-c13\">\n                              <!---->\n                              <!---->\n                              <h5 class=\"\">Wytrzyma\u0142a budowa<\/h5>\n                            <\/div>\n                          <\/div>\n                          <div data-colibri-id=\"4546-c14\" class=\"h-text h-text-component style-3669 style-local-4546-c14 position-relative h-element\">\n                            <!---->\n                            <!---->\n                            <div class=\"\">\n                              <p>Najwy\u017cszej jako\u015bci materia\u0142y<\/p>\n                            <\/div>\n                          <\/div>\n                        <\/div>\n                      <\/div>\n                    <\/div>\n                    <div class=\"h-column h-column-container d-flex h-col-lg-6 h-col-md-6 h-col-6 style-3667-outer style-local-4546-c15-outer\">\n                      <div data-colibri-id=\"4546-c15\" class=\"d-flex h-flex-basis h-column__inner h-px-lg-0 h-px-md-0 h-px-2 v-inner-lg-0 v-inner-md-0 v-inner-2 style-3667 style-local-4546-c15 position-relative\">\n                        <!---->\n                        <!---->\n                        <div class=\"w-100 h-y-container h-column__content h-column__v-align flex-basis-100 align-self-lg-start align-self-md-start align-self-start\">\n                          <!---->\n                          <div data-colibri-id=\"4546-c16\" class=\"h-global-transition-all h-heading style-3668 style-local-4546-c16 position-relative h-element\">\n                            <!---->\n                            <div class=\"h-heading__outer style-3668 style-local-4546-c16\">\n                              <!---->\n                              <!---->\n                              <h5 class=\"\">Wszechstronno\u015b\u0107<\/h5>\n                            <\/div>\n                          <\/div>\n                          <div data-colibri-id=\"4546-c17\" class=\"h-text h-text-component style-3669 style-local-4546-c17 position-relative h-element\">\n                            <!---->\n                            <!---->\n                            <div class=\"\">\n                              <p>Uniwersalno\u015b\u0107 w roz\u0142adunku i za\u0142adunku<\/p>\n                            <\/div>\n                          <\/div>\n                        <\/div>\n                      <\/div>\n                    <\/div>\n                    <div class=\"h-column h-column-container d-flex h-col-lg-6 h-col-md-6 h-col-6 style-3667-outer style-local-4546-c18-outer\">\n                      <div data-colibri-id=\"4546-c18\" class=\"d-flex h-flex-basis h-column__inner h-px-lg-0 h-px-md-0 h-px-2 v-inner-lg-0 v-inner-md-0 v-inner-2 style-3667 style-local-4546-c18 position-relative\">\n                        <!---->\n                        <!---->\n                        <div class=\"w-100 h-y-container h-column__content h-column__v-align flex-basis-100 align-self-lg-start align-self-md-start align-self-start\">\n                          <!---->\n                          <div data-colibri-id=\"4546-c19\" class=\"h-global-transition-all h-heading style-3668 style-local-4546-c19 position-relative h-element\">\n                            <!---->\n                            <div class=\"h-heading__outer style-3668 style-local-4546-c19\">\n                              <!---->\n                              <!---->\n                              <h5 class=\"\">Wyposa\u017cenie<\/h5>\n                            <\/div>\n                          <\/div>\n                          <div data-colibri-id=\"4546-c20\" class=\"h-text h-text-component style-3669 style-local-4546-c20 position-relative h-element\">\n                            <!---->\n                            <!---->\n                            <div class=\"\">\n                              <p>W standardzie odkr\u0119cane boczki oraz mocowanie Euro<\/p>\n                            <\/div>\n                          <\/div>\n                        <\/div>\n                      <\/div>\n                    <\/div>\n                  <\/div>\n                <\/div>\n              <\/div>\n            <\/div>\n          <\/div>\n        <\/div>\n      <\/div>\n    <\/div>\n  <\/div>\n  <div data-colibri-component=\"section\" data-colibri-id=\"4546-c21\" id=\"reusable-sections-2\" class=\"h-section h-section-global-spacing d-flex align-items-lg-center align-items-md-center align-items-center style-3670 style-local-4546-c21 position-relative\">\n    <!---->\n    <!---->\n    <div class=\"h-section-grid-container h-section-boxed-container\">\n      <!---->\n      <div data-colibri-id=\"4546-c22\" class=\"h-row-container gutters-row-lg-2 gutters-row-md-2 gutters-row-0 gutters-row-v-lg-2 gutters-row-v-md-2 gutters-row-v-2 style-3671 style-local-4546-c22 position-relative\">\n        <!---->\n        <div class=\"h-row justify-content-lg-center justify-content-md-center justify-content-center align-items-lg-stretch align-items-md-stretch align-items-stretch gutters-col-lg-2 gutters-col-md-2 gutters-col-0 gutters-col-v-lg-2 gutters-col-v-md-2 gutters-col-v-2\">\n          <!---->\n          <div class=\"h-column h-column-container d-flex h-col-lg-auto h-col-md-auto h-col-auto style-3672-outer style-local-4546-c23-outer\">\n            <div data-colibri-id=\"4546-c23\" class=\"d-flex h-flex-basis h-column__inner h-px-lg-2 h-px-md-2 h-px-2 v-inner-lg-2 v-inner-md-2 v-inner-2 style-3672 style-local-4546-c23 position-relative\">\n              <!---->\n              <!---->\n              <div class=\"w-100 h-y-container h-column__content h-column__v-align flex-basis-100 align-self-lg-start align-self-md-start align-self-start\">\n                <!---->\n                <div data-colibri-id=\"4546-c24\" class=\"h-global-transition-all h-heading style-3673 style-local-4546-c24 position-relative h-element\">\n                  <!---->\n                  <div class=\"h-heading__outer style-3673 style-local-4546-c24\">\n                    <!---->\n                    <!---->\n                    <h2 class=\"\">Dane techniczne<\/h2>\n                  <\/div>\n                <\/div>\n              <\/div>\n            <\/div>\n          <\/div>\n          <div class=\"h-column h-column-container d-flex h-col-lg-auto h-col-md-auto h-col-auto style-3674-outer style-local-4546-c25-outer\">\n            <div data-colibri-id=\"4546-c25\" class=\"d-flex h-flex-basis h-column__inner h-px-lg-2 h-px-md-2 h-px-2 v-inner-lg-2 v-inner-md-2 v-inner-2 style-3674 style-local-4546-c25 position-relative\">\n              <!---->\n              <!---->\n              <div class=\"w-100 h-y-container h-column__content h-column__v-align flex-basis-100 align-self-lg-start align-self-md-start align-self-start\">\n                <!---->\n                <div data-colibri-id=\"4546-c26\" class=\"h-text h-text-component style-3675 style-local-4546-c26 position-relative h-element\">\n                  <!---->\n                  <!---->\n                  <div class=\"\">\n                    <h3>Serwis gwarancyjny i pogwarancyjny<\/h3>\n                    <p>Metal-Technik zapewnia serwis gwarancyjny wszystkich maszyn rolniczych oraz pe\u0142en asortyment cz\u0119\u015bci zamiennych.<\/p>\n                    <p>\n                      <br>\n                    <\/p>\n                  <\/div>\n                <\/div>\n              <\/div>\n            <\/div>\n          <\/div>\n        <\/div>\n      <\/div>\n      <div data-colibri-id=\"4546-c27\" class=\"h-row-container gutters-row-lg-2 gutters-row-md-2 gutters-row-0 gutters-row-v-lg-2 gutters-row-v-md-2 gutters-row-v-2 style-3676 style-local-4546-c27 position-relative\">\n        <!---->\n        <div class=\"h-row justify-content-lg-center justify-content-md-center justify-content-center align-items-lg-stretch align-items-md-stretch align-items-stretch gutters-col-lg-2 gutters-col-md-2 gutters-col-0 gutters-col-v-lg-2 gutters-col-v-md-2 gutters-col-v-2\">\n          <!---->\n          <div class=\"h-column h-column-container d-flex h-col-lg-auto h-col-md-auto h-col-auto style-3677-outer style-local-4546-c28-outer\">\n            <div data-colibri-id=\"4546-c28\" class=\"d-flex h-flex-basis h-column__inner h-px-lg-2 h-px-md-2 h-px-2 v-inner-lg-2 v-inner-md-2 v-inner-2 style-3677 style-local-4546-c28 position-relative\">\n              <!---->\n              <!---->\n              <div class=\"w-100 h-y-container h-column__content h-column__v-align flex-basis-100 align-self-lg-start align-self-md-start align-self-start\">\n                <!---->\n                <div data-colibri-id=\"4546-c29\" class=\"h-x-container style-3678 style-local-4546-c29 position-relative h-element\">\n                  <!---->\n                  <div class=\"h-x-container-inner style-dynamic-4546-c29-group style-3678-spacing style-local-4546-c29-spacing\"><span class=\"h-button__outer style-3679-outer style-local-4546-c30-outer d-inline-flex h-element\"><a h-use-smooth-scroll=\"true\" href=\"https:\/\/skraw-tech.com\/wp-content\/uploads\/2022\/06\/Specyfikacjatechnicznapalone.pdf\"  data-colibri-id=\"4546-c30\" class=\"d-flex w-100 align-items-center h-button justify-content-lg-center justify-content-md-center justify-content-center style-3679 style-local-4546-c30 position-relative\"><!----><!----> <span>Kliknij, aby zobaczy\u0107 dane techniczne<\/span><\/a>\n                    <\/span>\n                  <\/div>\n                <\/div>\n              <\/div>\n            <\/div>\n          <\/div>\n          <div class=\"h-column h-column-container d-flex h-col-lg-auto h-col-md-auto h-col-auto style-3680-outer style-local-4546-c31-outer\">\n            <div data-colibri-id=\"4546-c31\" class=\"d-flex h-flex-basis h-column__inner h-px-lg-2 h-px-md-2 h-px-2 v-inner-lg-2 v-inner-md-2 v-inner-2 style-3680 style-local-4546-c31 position-relative\">\n              <!---->\n              <!---->\n              <div class=\"w-100 h-y-container h-column__content h-column__v-align flex-basis-100 align-self-lg-start align-self-md-start align-self-start\">\n                <!---->\n                <div data-colibri-id=\"4546-c32\" class=\"h-x-container style-3681 style-local-4546-c32 position-relative h-element\">\n                  <!---->\n                  <div class=\"h-x-container-inner style-dynamic-4546-c32-group style-3681-spacing style-local-4546-c32-spacing\"><span class=\"h-button__outer style-3682-outer style-local-4546-c33-outer d-inline-flex h-element\"><a h-use-smooth-scroll=\"true\" href=\"https:\/\/skraw-tech.com\/wp-content\/uploads\/2022\/06\/LK.ZP-katalog-czesci-zamiennych.pdf\"  data-colibri-id=\"4546-c33\" class=\"d-flex w-100 align-items-center h-button justify-content-lg-center justify-content-md-center justify-content-center style-3682 style-local-4546-c33 position-relative\"><!----><!----> <span>Cz\u0119\u015bci zamienne<\/span><\/a>\n                    <\/span>\n                  <\/div>\n                <\/div>\n              <\/div>\n            <\/div>\n          <\/div>\n        <\/div>\n      <\/div>\n      <div data-colibri-id=\"4546-c34\" class=\"h-row-container gutters-row-lg-2 gutters-row-md-2 gutters-row-0 gutters-row-v-lg-2 gutters-row-v-md-2 gutters-row-v-2 style-3683 style-local-4546-c34 position-relative\">\n        <!---->\n        <div class=\"h-row justify-content-lg-center justify-content-md-center justify-content-center align-items-lg-stretch align-items-md-stretch align-items-stretch gutters-col-lg-2 gutters-col-md-2 gutters-col-0 gutters-col-v-lg-2 gutters-col-v-md-2 gutters-col-v-2\">\n          <!---->\n          <div class=\"h-column h-column-container d-flex h-col-lg-6 h-col-md-6 h-col-12 style-3684-outer style-local-4546-c35-outer\">\n            <div data-colibri-id=\"4546-c35\" class=\"d-flex h-flex-basis h-column__inner h-px-lg-0 h-px-md-0 h-px-0 v-inner-lg-0 v-inner-md-0 v-inner-0 style-3684 style-local-4546-c35 position-relative\">\n              <!---->\n              <!---->\n              <div class=\"w-100 h-y-container h-column__content h-column__v-align flex-basis-100 align-self-lg-start align-self-md-start align-self-start\">\n                <!---->\n                <div data-colibri-id=\"4546-c36\" class=\"d-block style-3685 style-local-4546-c36 position-relative h-element\">\n                  <!---->\n                  <div class=\"h-image__frame-container-outer\">\n                    <div class=\"h-image__frame-container\">\n                      <!---->\n                      <!---->\n                      <img loading=\"lazy\" decoding=\"async\" width=\"899\" height=\"705\" src=\"https:\/\/skraw-tech.com\/wp-content\/uploads\/2022\/06\/lychokrokodylzebypalone.png\" class=\"wp-image-4525 style-3685-image style-local-4546-c36-image\" alt=\"\" srcset=\"https:\/\/skraw-tech.com\/wp-content\/uploads\/2022\/06\/lychokrokodylzebypalone.png 899w, https:\/\/skraw-tech.com\/wp-content\/uploads\/2022\/06\/lychokrokodylzebypalone-300x235.png 300w, https:\/\/skraw-tech.com\/wp-content\/uploads\/2022\/06\/lychokrokodylzebypalone-768x602.png 768w\" sizes=\"auto, (max-width: 899px) 100vw, 899px\" \/>\n                      <div class=\"h-image__frame h-hide-lg h-hide-md h-hide-sm style-3685-frameImage style-local-4546-c36-frameImage\"><\/div>\n                    <\/div>\n                  <\/div>\n                <\/div>\n              <\/div>\n            <\/div>\n          <\/div>\n        <\/div>\n      <\/div>\n    <\/div>\n  <\/div>\n<\/div>","protected":false},"excerpt":{"rendered":"<p>\u0141ycho-krokodyl z\u0119by palone Przeznaczone s\u0105 do transportu drobnych frakcji lub p\u00f3\u0142p\u0142ynnych element\u00f3w obornika. Solidna konstrukcja oraz zastosowanie wysokiej jako\u015bci materia\u0142\u00f3w zapewni d\u0142ugotrwa\u0142\u0105, bezawaryjn\u0105 prac\u0119. Zastosowanie dw\u00f3ch si\u0142ownik\u00f3w hydraulicznych o du\u017cej mocy zapewnia odpowiedni \u015bcisk materia\u0142u. Wydajno\u015b\u0107 Jedno urz\u0105dzenie kt\u00f3re zast\u0119puje wi\u0119cej innych Wytrzyma\u0142a budowa Najwy\u017cszej jako\u015bci materia\u0142y Wszechstronno\u015b\u0107 Uniwersalno\u015b\u0107 w roz\u0142adunku i za\u0142adunku Wyposa\u017cenie W [&hellip;]<\/p>\n","protected":false},"author":1,"featured_media":0,"parent":0,"menu_order":0,"comment_status":"closed","ping_status":"closed","template":"page-templates\/full-width-page.php","meta":{"footnotes":""},"class_list":["post-4546","page","type-page","status-publish","hentry"],"_links":{"self":[{"href":"https:\/\/skraw-tech.com\/index.php?rest_route=\/wp\/v2\/pages\/4546","targetHints":{"allow":["GET"]}}],"collection":[{"href":"https:\/\/skraw-tech.com\/index.php?rest_route=\/wp\/v2\/pages"}],"about":[{"href":"https:\/\/skraw-tech.com\/index.php?rest_route=\/wp\/v2\/types\/page"}],"author":[{"embeddable":true,"href":"https:\/\/skraw-tech.com\/index.php?rest_route=\/wp\/v2\/users\/1"}],"replies":[{"embeddable":true,"href":"https:\/\/skraw-tech.com\/index.php?rest_route=%2Fwp%2Fv2%2Fcomments&post=4546"}],"version-history":[{"count":2,"href":"https:\/\/skraw-tech.com\/index.php?rest_route=\/wp\/v2\/pages\/4546\/revisions"}],"predecessor-version":[{"id":4771,"href":"https:\/\/skraw-tech.com\/index.php?rest_route=\/wp\/v2\/pages\/4546\/revisions\/4771"}],"wp:attachment":[{"href":"https:\/\/skraw-tech.com\/index.php?rest_route=%2Fwp%2Fv2%2Fmedia&parent=4546"}],"curies":[{"name":"wp","href":"https:\/\/api.w.org\/{rel}","templated":true}]}}