{"id":4564,"date":"2022-06-27T11:12:19","date_gmt":"2022-06-27T09:12:19","guid":{"rendered":"https:\/\/skraw-tech.com\/?page_id=4564"},"modified":"2022-06-28T07:22:56","modified_gmt":"2022-06-28T05:22:56","slug":"krokodyl-jenosilownikowy","status":"publish","type":"page","link":"https:\/\/skraw-tech.com\/?page_id=4564","title":{"rendered":"Krokodyl jednosi\u0142ownikowy"},"content":{"rendered":"<div data-colibri-id=\"4564-c1\" class=\"style-3794 style-local-4564-c1 position-relative\">\r\n  <!---->\r\n  <div data-colibri-component=\"section\" data-colibri-id=\"4564-c2\" id=\"reusable-sections\" class=\"h-section h-section-global-spacing d-flex align-items-lg-center align-items-md-center align-items-center style-3795 style-local-4564-c2 h-overflow-hidden position-relative\">\r\n    <!---->\r\n    <!---->\r\n    <div class=\"h-section-grid-container h-section-fluid-container\">\r\n      <!---->\r\n      <div data-colibri-id=\"4564-c3\" class=\"h-row-container gutters-row-lg-0 gutters-row-md-0 gutters-row-2 gutters-row-v-lg-0 gutters-row-v-md-0 gutters-row-v-2 style-3796 style-local-4564-c3 position-relative\">\r\n        <!---->\r\n        <div class=\"h-row justify-content-lg-center justify-content-md-center justify-content-center align-items-lg-stretch align-items-md-stretch align-items-stretch gutters-col-lg-0 gutters-col-md-0 gutters-col-2 gutters-col-v-lg-0 gutters-col-v-md-0 gutters-col-v-2\">\r\n          <!---->\r\n          <div class=\"h-column h-column-container d-flex h-col-lg-auto h-col-md-auto h-col-auto style-3797-outer style-local-4564-c4-outer\">\r\n            <div data-colibri-id=\"4564-c4\" class=\"d-flex h-flex-basis h-column__inner h-ui-empty-state-container h-px-lg-0 h-px-md-0 h-px-0 v-inner-lg-0 v-inner-md-0 v-inner-0 style-3797 style-local-4564-c4 position-relative\">\r\n              <!---->\r\n              <!---->\r\n              <div class=\"w-100 h-y-container h-column__content h-column__v-align flex-basis-100\">\r\n                <!---->\r\n              <\/div>\r\n            <\/div>\r\n          <\/div>\r\n          <div class=\"h-column h-column-container d-flex h-col-lg-auto h-col-md-auto h-col-auto style-3798-outer style-local-4564-c5-outer\">\r\n            <div data-colibri-id=\"4564-c5\" class=\"d-flex h-flex-basis h-column__inner h-px-lg-0 h-px-md-0 h-px-0 v-inner-lg-0 v-inner-md-0 v-inner-0 style-3798 style-local-4564-c5 position-relative\">\r\n              <!---->\r\n              <!---->\r\n              <div class=\"w-100 h-y-container h-column__content h-column__v-align flex-basis-100 align-self-lg-start align-self-md-start align-self-start\">\r\n                <!---->\r\n                <div data-colibri-id=\"4564-c6\" class=\"h-global-transition-all h-heading style-3799 style-local-4564-c6 position-relative h-element\">\r\n                  <!---->\r\n                  <div class=\"h-heading__outer style-3799 style-local-4564-c6\">\r\n                    <!---->\r\n                    <!---->\r\n                    <h4 class=\"\">Krokodyl jednosi\u0142ownikowy<\/h4>\r\n                  <\/div>\r\n                <\/div>\r\n                <div data-colibri-id=\"4564-c7\" class=\"h-text h-text-component style-3800 style-local-4564-c7 position-relative h-element\">\r\n                  <!---->\r\n                  <!---->\r\n                  <div class=\"\">\r\n                    <p>Wytrzyma\u0142a i solidna konstrukcja zapewni d\u0142ugie i bezpieczne u\u017cytkowanie. Zastosowanie wysokiej jako\u015bci, posiadaj\u0105cych wysok\u0105 moc si\u0142ownik\u00f3w, \u015bciany tylnej oraz bardzo wytrzyma\u0142ych z\u0119b\u00f3w zapewni odpowiedni \u015bcisk przewo\u017conego materia\u0142u.\r\n                      Przeznaczony do transportu p\u0142od\u00f3w rolnych takich jak: kukurydza, obornik itp.<\/p>\r\n                  <\/div>\r\n                <\/div>\r\n                <div data-colibri-id=\"4564-c8\" class=\"h-row-container gutters-row-lg-2 gutters-row-md-2 gutters-row-0 gutters-row-v-lg-2 gutters-row-v-md-2 gutters-row-v-0 style-3801 style-local-4564-c8 position-relative\">\r\n                  <!---->\r\n                  <div class=\"h-row justify-content-lg-center justify-content-md-center justify-content-center align-items-lg-stretch align-items-md-stretch align-items-stretch gutters-col-lg-2 gutters-col-md-2 gutters-col-0 gutters-col-v-lg-2 gutters-col-v-md-2 gutters-col-v-0\">\r\n                    <!---->\r\n                    <div class=\"h-column h-column-container d-flex h-col-lg-6 h-col-md-6 h-col-6 style-3802-outer style-local-4564-c9-outer\">\r\n                      <div data-colibri-id=\"4564-c9\" class=\"d-flex h-flex-basis h-column__inner h-px-lg-0 h-px-md-0 h-px-2 v-inner-lg-0 v-inner-md-0 v-inner-2 style-3802 style-local-4564-c9 position-relative\">\r\n                        <!---->\r\n                        <!---->\r\n                        <div class=\"w-100 h-y-container h-column__content h-column__v-align flex-basis-100 align-self-lg-start align-self-md-start align-self-start\">\r\n                          <!---->\r\n                          <div data-colibri-id=\"4564-c10\" class=\"h-global-transition-all h-heading style-3803 style-local-4564-c10 position-relative h-element\">\r\n                            <!---->\r\n                            <div class=\"h-heading__outer style-3803 style-local-4564-c10\">\r\n                              <!---->\r\n                              <!---->\r\n                              <h5 class=\"\">Wydajno\u015b\u0107<\/h5>\r\n                            <\/div>\r\n                          <\/div>\r\n                          <div data-colibri-id=\"4564-c11\" class=\"h-text h-text-component style-3804 style-local-4564-c11 position-relative h-element\">\r\n                            <!---->\r\n                            <!---->\r\n                            <div class=\"\">\r\n                              <p>Jedno urz\u0105dzenie kt\u00f3re zast\u0119puje wi\u0119cej innych<\/p>\r\n                            <\/div>\r\n                          <\/div>\r\n                        <\/div>\r\n                      <\/div>\r\n                    <\/div>\r\n                    <div class=\"h-column h-column-container d-flex h-col-lg-6 h-col-md-6 h-col-6 style-3802-outer style-local-4564-c12-outer\">\r\n                      <div data-colibri-id=\"4564-c12\" class=\"d-flex h-flex-basis h-column__inner h-px-lg-0 h-px-md-0 h-px-2 v-inner-lg-0 v-inner-md-0 v-inner-2 style-3802 style-local-4564-c12 position-relative\">\r\n                        <!---->\r\n                        <!---->\r\n                        <div class=\"w-100 h-y-container h-column__content h-column__v-align flex-basis-100 align-self-lg-start align-self-md-start align-self-start\">\r\n                          <!---->\r\n                          <div data-colibri-id=\"4564-c13\" class=\"h-global-transition-all h-heading style-3803 style-local-4564-c13 position-relative h-element\">\r\n                            <!---->\r\n                            <div class=\"h-heading__outer style-3803 style-local-4564-c13\">\r\n                              <!---->\r\n                              <!---->\r\n                              <h5 class=\"\">Wytrzyma\u0142a budowa<\/h5>\r\n                            <\/div>\r\n                          <\/div>\r\n                          <div data-colibri-id=\"4564-c14\" class=\"h-text h-text-component style-3804 style-local-4564-c14 position-relative h-element\">\r\n                            <!---->\r\n                            <!---->\r\n                            <div class=\"\">\r\n                              <p>Najwy\u017cszej jako\u015bci materia\u0142y<\/p>\r\n                            <\/div>\r\n                          <\/div>\r\n                        <\/div>\r\n                      <\/div>\r\n                    <\/div>\r\n                    <div class=\"h-column h-column-container d-flex h-col-lg-6 h-col-md-6 h-col-6 style-3802-outer style-local-4564-c15-outer\">\r\n                      <div data-colibri-id=\"4564-c15\" class=\"d-flex h-flex-basis h-column__inner h-px-lg-0 h-px-md-0 h-px-2 v-inner-lg-0 v-inner-md-0 v-inner-2 style-3802 style-local-4564-c15 position-relative\">\r\n                        <!---->\r\n                        <!---->\r\n                        <div class=\"w-100 h-y-container h-column__content h-column__v-align flex-basis-100 align-self-lg-start align-self-md-start align-self-start\">\r\n                          <!---->\r\n                          <div data-colibri-id=\"4564-c16\" class=\"h-global-transition-all h-heading style-3803 style-local-4564-c16 position-relative h-element\">\r\n                            <!---->\r\n                            <div class=\"h-heading__outer style-3803 style-local-4564-c16\">\r\n                              <!---->\r\n                              <!---->\r\n                              <h5 class=\"\">Wszechstronno\u015b\u0107<\/h5>\r\n                            <\/div>\r\n                          <\/div>\r\n                          <div data-colibri-id=\"4564-c17\" class=\"h-text h-text-component style-3804 style-local-4564-c17 position-relative h-element\">\r\n                            <!---->\r\n                            <!---->\r\n                            <div class=\"\">\r\n                              <p>Uniwersalno\u015b\u0107 w roz\u0142adunku i za\u0142adunku<\/p>\r\n                            <\/div>\r\n                          <\/div>\r\n                        <\/div>\r\n                      <\/div>\r\n                    <\/div>\r\n                    <div class=\"h-column h-column-container d-flex h-col-lg-6 h-col-md-6 h-col-6 style-3802-outer style-local-4564-c18-outer\">\r\n                      <div data-colibri-id=\"4564-c18\" class=\"d-flex h-flex-basis h-column__inner h-px-lg-0 h-px-md-0 h-px-2 v-inner-lg-0 v-inner-md-0 v-inner-2 style-3802 style-local-4564-c18 position-relative\">\r\n                        <!---->\r\n                        <!---->\r\n                        <div class=\"w-100 h-y-container h-column__content h-column__v-align flex-basis-100 align-self-lg-start align-self-md-start align-self-start\">\r\n                          <!---->\r\n                          <div data-colibri-id=\"4564-c19\" class=\"h-global-transition-all h-heading style-3803 style-local-4564-c19 position-relative h-element\">\r\n                            <!---->\r\n                            <div class=\"h-heading__outer style-3803 style-local-4564-c19\">\r\n                              <!---->\r\n                              <!---->\r\n                              <h5 class=\"\">Wyposa\u017cenie<\/h5>\r\n                            <\/div>\r\n                          <\/div>\r\n                          <div data-colibri-id=\"4564-c20\" class=\"h-text h-text-component style-3804 style-local-4564-c20 position-relative h-element\">\r\n                            <!---->\r\n                            <!---->\r\n                            <div class=\"\">\r\n                              <p>W standardzie mocowanie euroramka, mo\u017cliwo\u015b\u0107 zrobienia innych mocowa\u0144 np. do \u0142adowarek teleskopowych<\/p>\r\n                            <\/div>\r\n                          <\/div>\r\n                        <\/div>\r\n                      <\/div>\r\n                    <\/div>\r\n                  <\/div>\r\n                <\/div>\r\n              <\/div>\r\n            <\/div>\r\n          <\/div>\r\n        <\/div>\r\n      <\/div>\r\n    <\/div>\r\n  <\/div>\r\n  <div data-colibri-component=\"section\" data-colibri-id=\"4564-c21\" id=\"reusable-sections-2\" class=\"h-section h-section-global-spacing d-flex align-items-lg-center align-items-md-center align-items-center style-3805 style-local-4564-c21 position-relative\">\r\n    <!---->\r\n    <!---->\r\n    <div class=\"h-section-grid-container h-section-boxed-container\">\r\n      <!---->\r\n      <div data-colibri-id=\"4564-c22\" class=\"h-row-container gutters-row-lg-2 gutters-row-md-2 gutters-row-0 gutters-row-v-lg-2 gutters-row-v-md-2 gutters-row-v-2 style-3806 style-local-4564-c22 position-relative\">\r\n        <!---->\r\n        <div class=\"h-row justify-content-lg-center justify-content-md-center justify-content-center align-items-lg-stretch align-items-md-stretch align-items-stretch gutters-col-lg-2 gutters-col-md-2 gutters-col-0 gutters-col-v-lg-2 gutters-col-v-md-2 gutters-col-v-2\">\r\n          <!---->\r\n          <div class=\"h-column h-column-container d-flex h-col-lg-auto h-col-md-auto h-col-auto style-3807-outer style-local-4564-c23-outer\">\r\n            <div data-colibri-id=\"4564-c23\" class=\"d-flex h-flex-basis h-column__inner h-px-lg-2 h-px-md-2 h-px-2 v-inner-lg-2 v-inner-md-2 v-inner-2 style-3807 style-local-4564-c23 position-relative\">\r\n              <!---->\r\n              <!---->\r\n              <div class=\"w-100 h-y-container h-column__content h-column__v-align flex-basis-100 align-self-lg-start align-self-md-start align-self-start\">\r\n                <!---->\r\n                <div data-colibri-id=\"4564-c24\" class=\"h-global-transition-all h-heading style-3808 style-local-4564-c24 position-relative h-element\">\r\n                  <!---->\r\n                  <div class=\"h-heading__outer style-3808 style-local-4564-c24\">\r\n                    <!---->\r\n                    <!---->\r\n                    <h2 class=\"\">Dane techniczne<\/h2>\r\n                  <\/div>\r\n                <\/div>\r\n              <\/div>\r\n            <\/div>\r\n          <\/div>\r\n          <div class=\"h-column h-column-container d-flex h-col-lg-auto h-col-md-auto h-col-auto style-3809-outer style-local-4564-c25-outer\">\r\n            <div data-colibri-id=\"4564-c25\" class=\"d-flex h-flex-basis h-column__inner h-px-lg-2 h-px-md-2 h-px-2 v-inner-lg-2 v-inner-md-2 v-inner-2 style-3809 style-local-4564-c25 position-relative\">\r\n              <!---->\r\n              <!---->\r\n              <div class=\"w-100 h-y-container h-column__content h-column__v-align flex-basis-100 align-self-lg-start align-self-md-start align-self-start\">\r\n                <!---->\r\n                <div data-colibri-id=\"4564-c26\" class=\"h-text h-text-component style-3810 style-local-4564-c26 position-relative h-element\">\r\n                  <!---->\r\n                  <!---->\r\n                  <div class=\"\">\r\n                    <h3>Serwis gwarancyjny i pogwarancyjny<\/h3>\r\n                    <p>Metal-Technik zapewnia serwis gwarancyjny wszystkich maszyn rolniczych oraz pe\u0142en asortyment cz\u0119\u015bci zamiennych.<\/p>\r\n                    <p>\r\n                      <br>\r\n                    <\/p>\r\n                  <\/div>\r\n                <\/div>\r\n              <\/div>\r\n            <\/div>\r\n          <\/div>\r\n        <\/div>\r\n      <\/div>\r\n      <div data-colibri-id=\"4564-c27\" class=\"h-row-container gutters-row-lg-2 gutters-row-md-2 gutters-row-0 gutters-row-v-lg-2 gutters-row-v-md-2 gutters-row-v-2 style-3811 style-local-4564-c27 position-relative\">\r\n        <!---->\r\n        <div class=\"h-row justify-content-lg-center justify-content-md-center justify-content-center align-items-lg-stretch align-items-md-stretch align-items-stretch gutters-col-lg-2 gutters-col-md-2 gutters-col-0 gutters-col-v-lg-2 gutters-col-v-md-2 gutters-col-v-2\">\r\n          <!---->\r\n          <div class=\"h-column h-column-container d-flex h-col-lg-auto h-col-md-auto h-col-auto style-3812-outer style-local-4564-c28-outer\">\r\n            <div data-colibri-id=\"4564-c28\" class=\"d-flex h-flex-basis h-column__inner h-px-lg-2 h-px-md-2 h-px-2 v-inner-lg-2 v-inner-md-2 v-inner-2 style-3812 style-local-4564-c28 position-relative\">\r\n              <!---->\r\n              <!---->\r\n              <div class=\"w-100 h-y-container h-column__content h-column__v-align flex-basis-100 align-self-lg-start align-self-md-start align-self-start\">\r\n                <!---->\r\n                <div data-colibri-id=\"4564-c29\" class=\"h-x-container style-3813 style-local-4564-c29 position-relative h-element\">\r\n                  <!---->\r\n                  <div class=\"h-x-container-inner style-dynamic-4564-c29-group style-3813-spacing style-local-4564-c29-spacing\"><span class=\"h-button__outer style-3814-outer style-local-4564-c30-outer d-inline-flex h-element\"><a h-use-smooth-scroll=\"true\" href=\"https:\/\/skraw-tech.com\/wp-content\/uploads\/2022\/06\/Danetechnicznejednosilownikowe.pdf\"  data-colibri-id=\"4564-c30\" class=\"d-flex w-100 align-items-center h-button justify-content-lg-center justify-content-md-center justify-content-center style-3814 style-local-4564-c30 position-relative\"><!----><!----> <span>Kliknij, aby zobaczy\u0107 dane techniczne<\/span><\/a>\r\n                    <\/span>\r\n                  <\/div>\r\n                <\/div>\r\n              <\/div>\r\n            <\/div>\r\n          <\/div>\r\n          <div class=\"h-column h-column-container d-flex h-col-lg-auto h-col-md-auto h-col-auto style-3815-outer style-local-4564-c31-outer\">\r\n            <div data-colibri-id=\"4564-c31\" class=\"d-flex h-flex-basis h-column__inner h-ui-empty-state-container h-px-lg-2 h-px-md-2 h-px-2 v-inner-lg-2 v-inner-md-2 v-inner-2 style-3815 style-local-4564-c31 position-relative\">\r\n              <!---->\r\n              <!---->\r\n              <div class=\"w-100 h-y-container h-column__content h-column__v-align flex-basis-100\">\r\n                <!---->\r\n              <\/div>\r\n            <\/div>\r\n          <\/div>\r\n        <\/div>\r\n      <\/div>\r\n      <div data-colibri-id=\"4564-c34\" class=\"h-row-container gutters-row-lg-2 gutters-row-md-2 gutters-row-0 gutters-row-v-lg-2 gutters-row-v-md-2 gutters-row-v-2 style-3818 style-local-4564-c34 position-relative\">\r\n        <!---->\r\n        <div class=\"h-row justify-content-lg-center justify-content-md-center justify-content-center align-items-lg-stretch align-items-md-stretch align-items-stretch gutters-col-lg-2 gutters-col-md-2 gutters-col-0 gutters-col-v-lg-2 gutters-col-v-md-2 gutters-col-v-2\">\r\n          <!---->\r\n          <div class=\"h-column h-column-container d-flex h-col-lg-6 h-col-md-6 h-col-12 style-3819-outer style-local-4564-c35-outer\">\r\n            <div data-colibri-id=\"4564-c35\" class=\"d-flex h-flex-basis h-column__inner h-px-lg-0 h-px-md-0 h-px-0 v-inner-lg-0 v-inner-md-0 v-inner-0 style-3819 style-local-4564-c35 position-relative\">\r\n              <!---->\r\n              <!---->\r\n              <div class=\"w-100 h-y-container h-column__content h-column__v-align flex-basis-100 align-self-lg-start align-self-md-start align-self-start\">\r\n                <!---->\r\n                <div data-colibri-id=\"4564-c36\" class=\"d-block style-3820 style-local-4564-c36 position-relative h-element\">\r\n                  <!---->\r\n                  <div class=\"h-image__frame-container-outer\">\r\n                    <div class=\"h-image__frame-container\">\r\n                      <!---->\r\n                      <!---->\r\n                      <img loading=\"lazy\" decoding=\"async\" width=\"700\" height=\"500\" src=\"https:\/\/skraw-tech.com\/wp-content\/uploads\/2022\/06\/krokodyljednosilownikowy.png\" class=\"wp-image-4517 style-3820-image style-local-4564-c36-image\" alt=\"\" srcset=\"https:\/\/skraw-tech.com\/wp-content\/uploads\/2022\/06\/krokodyljednosilownikowy.png 700w, https:\/\/skraw-tech.com\/wp-content\/uploads\/2022\/06\/krokodyljednosilownikowy-300x214.png 300w\" sizes=\"auto, (max-width: 700px) 100vw, 700px\" \/>\r\n                      <div class=\"h-image__frame h-hide-lg h-hide-md h-hide-sm style-3820-frameImage style-local-4564-c36-frameImage\"><\/div>\r\n                    <\/div>\r\n                  <\/div>\r\n                <\/div>\r\n              <\/div>\r\n            <\/div>\r\n          <\/div>\r\n        <\/div>\r\n      <\/div>\r\n    <\/div>\r\n  <\/div>\r\n<\/div>","protected":false},"excerpt":{"rendered":"<p>Krokodyl jednosi\u0142ownikowy Wytrzyma\u0142a i solidna konstrukcja zapewni d\u0142ugie i bezpieczne u\u017cytkowanie. Zastosowanie wysokiej jako\u015bci, posiadaj\u0105cych wysok\u0105 moc si\u0142ownik\u00f3w, \u015bciany tylnej oraz bardzo wytrzyma\u0142ych z\u0119b\u00f3w zapewni odpowiedni \u015bcisk przewo\u017conego materia\u0142u. Przeznaczony do transportu p\u0142od\u00f3w rolnych takich jak: kukurydza, obornik itp. Wydajno\u015b\u0107 Jedno urz\u0105dzenie kt\u00f3re zast\u0119puje wi\u0119cej innych Wytrzyma\u0142a budowa Najwy\u017cszej jako\u015bci materia\u0142y Wszechstronno\u015b\u0107 Uniwersalno\u015b\u0107 w roz\u0142adunku [&hellip;]<\/p>\n","protected":false},"author":1,"featured_media":0,"parent":0,"menu_order":0,"comment_status":"closed","ping_status":"closed","template":"page-templates\/full-width-page.php","meta":{"footnotes":""},"class_list":["post-4564","page","type-page","status-publish","hentry"],"_links":{"self":[{"href":"https:\/\/skraw-tech.com\/index.php?rest_route=\/wp\/v2\/pages\/4564","targetHints":{"allow":["GET"]}}],"collection":[{"href":"https:\/\/skraw-tech.com\/index.php?rest_route=\/wp\/v2\/pages"}],"about":[{"href":"https:\/\/skraw-tech.com\/index.php?rest_route=\/wp\/v2\/types\/page"}],"author":[{"embeddable":true,"href":"https:\/\/skraw-tech.com\/index.php?rest_route=\/wp\/v2\/users\/1"}],"replies":[{"embeddable":true,"href":"https:\/\/skraw-tech.com\/index.php?rest_route=%2Fwp%2Fv2%2Fcomments&post=4564"}],"version-history":[{"count":4,"href":"https:\/\/skraw-tech.com\/index.php?rest_route=\/wp\/v2\/pages\/4564\/revisions"}],"predecessor-version":[{"id":4831,"href":"https:\/\/skraw-tech.com\/index.php?rest_route=\/wp\/v2\/pages\/4564\/revisions\/4831"}],"wp:attachment":[{"href":"https:\/\/skraw-tech.com\/index.php?rest_route=%2Fwp%2Fv2%2Fmedia&parent=4564"}],"curies":[{"name":"wp","href":"https:\/\/api.w.org\/{rel}","templated":true}]}}