{"id":5035,"date":"2022-06-28T10:47:38","date_gmt":"2022-06-28T08:47:38","guid":{"rendered":"https:\/\/skraw-tech.com\/?page_id=5035"},"modified":"2022-06-28T11:04:57","modified_gmt":"2022-06-28T09:04:57","slug":"lycho-krokodyl-avant","status":"publish","type":"page","link":"https:\/\/skraw-tech.com\/?page_id=5035","title":{"rendered":"\u0141ycho-krokodyl AVANT"},"content":{"rendered":"<div data-colibri-id=\"5035-c1\" class=\"style-4487 style-local-5035-c1 position-relative\">\n  <!---->\n  <div data-colibri-component=\"section\" data-colibri-id=\"5035-c2\" id=\"reusable-sections\" class=\"h-section h-section-global-spacing d-flex align-items-lg-center align-items-md-center align-items-center style-4488 style-local-5035-c2 h-overflow-hidden position-relative\">\n    <!---->\n    <!---->\n    <div class=\"h-section-grid-container h-section-fluid-container\">\n      <!---->\n      <div data-colibri-id=\"5035-c3\" class=\"h-row-container gutters-row-lg-0 gutters-row-md-0 gutters-row-2 gutters-row-v-lg-0 gutters-row-v-md-0 gutters-row-v-2 style-4489 style-local-5035-c3 position-relative\">\n        <!---->\n        <div class=\"h-row justify-content-lg-center justify-content-md-center justify-content-center align-items-lg-stretch align-items-md-stretch align-items-stretch gutters-col-lg-0 gutters-col-md-0 gutters-col-2 gutters-col-v-lg-0 gutters-col-v-md-0 gutters-col-v-2\">\n          <!---->\n          <div class=\"h-column h-column-container d-flex h-col-lg-auto h-col-md-auto h-col-auto style-4490-outer style-local-5035-c4-outer\">\n            <div data-colibri-id=\"5035-c4\" class=\"d-flex h-flex-basis h-column__inner h-ui-empty-state-container h-px-lg-0 h-px-md-0 h-px-0 v-inner-lg-0 v-inner-md-0 v-inner-0 style-4490 style-local-5035-c4 position-relative\">\n              <!---->\n              <!---->\n              <div class=\"w-100 h-y-container h-column__content h-column__v-align flex-basis-100\">\n                <!---->\n              <\/div>\n            <\/div>\n          <\/div>\n          <div class=\"h-column h-column-container d-flex h-col-lg-auto h-col-md-auto h-col-auto style-4491-outer style-local-5035-c5-outer\">\n            <div data-colibri-id=\"5035-c5\" class=\"d-flex h-flex-basis h-column__inner h-px-lg-0 h-px-md-0 h-px-0 v-inner-lg-0 v-inner-md-0 v-inner-0 style-4491 style-local-5035-c5 position-relative\">\n              <!---->\n              <!---->\n              <div class=\"w-100 h-y-container h-column__content h-column__v-align flex-basis-100 align-self-lg-start align-self-md-start align-self-start\">\n                <!---->\n                <div data-colibri-id=\"5035-c6\" class=\"h-global-transition-all h-heading style-4492 style-local-5035-c6 position-relative h-element\">\n                  <!---->\n                  <div class=\"h-heading__outer style-4492 style-local-5035-c6\">\n                    <!---->\n                    <!---->\n                    <h4 class=\"\">\u0141ycho-krokodyl avant<\/h4>\n                  <\/div>\n                <\/div>\n                <div data-colibri-id=\"5035-c7\" class=\"h-text h-text-component style-4493 style-local-5035-c7 position-relative h-element\">\n                  <!---->\n                  <!---->\n                  <div class=\"\">\n                    <p>Stosowany do transportu drobnych frakcji lub p\u00f3\u0142p\u0142ynnych element\u00f3w obornika. Solidna konstrukcja oraz zastosowanie wysokiej jako\u015bci materia\u0142\u00f3w zapewni d\u0142ugotrwa\u0142\u0105, bezawaryjn\u0105 prac\u0119. Lemiesz zosta\u0142 wykonany ze stali o podwy\u017cszonej\n                      \u015bcieralno\u015bci.<\/p>\n                  <\/div>\n                <\/div>\n                <div data-colibri-id=\"5035-c8\" class=\"h-row-container gutters-row-lg-2 gutters-row-md-2 gutters-row-0 gutters-row-v-lg-2 gutters-row-v-md-2 gutters-row-v-0 style-4494 style-local-5035-c8 position-relative\">\n                  <!---->\n                  <div class=\"h-row justify-content-lg-center justify-content-md-center justify-content-center align-items-lg-stretch align-items-md-stretch align-items-stretch gutters-col-lg-2 gutters-col-md-2 gutters-col-0 gutters-col-v-lg-2 gutters-col-v-md-2 gutters-col-v-0\">\n                    <!---->\n                    <div class=\"h-column h-column-container d-flex h-col-lg-6 h-col-md-6 h-col-6 style-4495-outer style-local-5035-c9-outer\">\n                      <div data-colibri-id=\"5035-c9\" class=\"d-flex h-flex-basis h-column__inner h-px-lg-0 h-px-md-0 h-px-2 v-inner-lg-0 v-inner-md-0 v-inner-2 style-4495 style-local-5035-c9 position-relative\">\n                        <!---->\n                        <!---->\n                        <div class=\"w-100 h-y-container h-column__content h-column__v-align flex-basis-100 align-self-lg-start align-self-md-start align-self-start\">\n                          <!---->\n                          <div data-colibri-id=\"5035-c10\" class=\"h-global-transition-all h-heading style-4496 style-local-5035-c10 position-relative h-element\">\n                            <!---->\n                            <div class=\"h-heading__outer style-4496 style-local-5035-c10\">\n                              <!---->\n                              <!---->\n                              <h5 class=\"\">Wydajno\u015b\u0107<\/h5>\n                            <\/div>\n                          <\/div>\n                          <div data-colibri-id=\"5035-c11\" class=\"h-text h-text-component style-4497 style-local-5035-c11 position-relative h-element\">\n                            <!---->\n                            <!---->\n                            <div class=\"\">\n                              <p>Jedno urz\u0105dzenie kt\u00f3re zast\u0119puje wi\u0119cej innych<\/p>\n                            <\/div>\n                          <\/div>\n                        <\/div>\n                      <\/div>\n                    <\/div>\n                    <div class=\"h-column h-column-container d-flex h-col-lg-6 h-col-md-6 h-col-6 style-4495-outer style-local-5035-c12-outer\">\n                      <div data-colibri-id=\"5035-c12\" class=\"d-flex h-flex-basis h-column__inner h-px-lg-0 h-px-md-0 h-px-2 v-inner-lg-0 v-inner-md-0 v-inner-2 style-4495 style-local-5035-c12 position-relative\">\n                        <!---->\n                        <!---->\n                        <div class=\"w-100 h-y-container h-column__content h-column__v-align flex-basis-100 align-self-lg-start align-self-md-start align-self-start\">\n                          <!---->\n                          <div data-colibri-id=\"5035-c13\" class=\"h-global-transition-all h-heading style-4496 style-local-5035-c13 position-relative h-element\">\n                            <!---->\n                            <div class=\"h-heading__outer style-4496 style-local-5035-c13\">\n                              <!---->\n                              <!---->\n                              <h5 class=\"\">Wytrzyma\u0142a budowa<\/h5>\n                            <\/div>\n                          <\/div>\n                          <div data-colibri-id=\"5035-c14\" class=\"h-text h-text-component style-4497 style-local-5035-c14 position-relative h-element\">\n                            <!---->\n                            <!---->\n                            <div class=\"\">\n                              <p>Najwy\u017cszej jako\u015bci materia\u0142y<\/p>\n                            <\/div>\n                          <\/div>\n                        <\/div>\n                      <\/div>\n                    <\/div>\n                    <div class=\"h-column h-column-container d-flex h-col-lg-6 h-col-md-6 h-col-6 style-4495-outer style-local-5035-c15-outer\">\n                      <div data-colibri-id=\"5035-c15\" class=\"d-flex h-flex-basis h-column__inner h-px-lg-0 h-px-md-0 h-px-2 v-inner-lg-0 v-inner-md-0 v-inner-2 style-4495 style-local-5035-c15 position-relative\">\n                        <!---->\n                        <!---->\n                        <div class=\"w-100 h-y-container h-column__content h-column__v-align flex-basis-100 align-self-lg-start align-self-md-start align-self-start\">\n                          <!---->\n                          <div data-colibri-id=\"5035-c16\" class=\"h-global-transition-all h-heading style-4496 style-local-5035-c16 position-relative h-element\">\n                            <!---->\n                            <div class=\"h-heading__outer style-4496 style-local-5035-c16\">\n                              <!---->\n                              <!---->\n                              <h5 class=\"\">Wszechstronno\u015b\u0107<\/h5>\n                            <\/div>\n                          <\/div>\n                          <div data-colibri-id=\"5035-c17\" class=\"h-text h-text-component style-4497 style-local-5035-c17 position-relative h-element\">\n                            <!---->\n                            <!---->\n                            <div class=\"\">\n                              <p>Uniwersalno\u015b\u0107 w roz\u0142adunku i za\u0142adunku<\/p>\n                            <\/div>\n                          <\/div>\n                        <\/div>\n                      <\/div>\n                    <\/div>\n                    <div class=\"h-column h-column-container d-flex h-col-lg-6 h-col-md-6 h-col-6 style-4495-outer style-local-5035-c18-outer\">\n                      <div data-colibri-id=\"5035-c18\" class=\"d-flex h-flex-basis h-column__inner h-ui-empty-state-container h-px-lg-0 h-px-md-0 h-px-2 v-inner-lg-0 v-inner-md-0 v-inner-2 style-4495 style-local-5035-c18 position-relative\">\n                        <!---->\n                        <!---->\n                        <div class=\"w-100 h-y-container h-column__content h-column__v-align flex-basis-100\">\n                          <!---->\n                        <\/div>\n                      <\/div>\n                    <\/div>\n                  <\/div>\n                <\/div>\n              <\/div>\n            <\/div>\n          <\/div>\n        <\/div>\n      <\/div>\n    <\/div>\n  <\/div>\n  <div data-colibri-component=\"section\" data-colibri-id=\"5035-c21\" id=\"reusable-sections-2\" class=\"h-section h-section-global-spacing d-flex align-items-lg-center align-items-md-center align-items-center style-4498 style-local-5035-c21 position-relative\">\n    <!---->\n    <!---->\n    <div class=\"h-section-grid-container h-section-boxed-container\">\n      <!---->\n      <div data-colibri-id=\"5035-c22\" class=\"h-row-container gutters-row-lg-2 gutters-row-md-2 gutters-row-0 gutters-row-v-lg-2 gutters-row-v-md-2 gutters-row-v-2 style-4499 style-local-5035-c22 position-relative\">\n        <!---->\n        <div class=\"h-row justify-content-lg-center justify-content-md-center justify-content-center align-items-lg-stretch align-items-md-stretch align-items-stretch gutters-col-lg-2 gutters-col-md-2 gutters-col-0 gutters-col-v-lg-2 gutters-col-v-md-2 gutters-col-v-2\">\n          <!---->\n          <div class=\"h-column h-column-container d-flex h-col-lg-auto h-col-md-auto h-col-auto style-4500-outer style-local-5035-c23-outer\">\n            <div data-colibri-id=\"5035-c23\" class=\"d-flex h-flex-basis h-column__inner h-px-lg-2 h-px-md-2 h-px-2 v-inner-lg-2 v-inner-md-2 v-inner-2 style-4500 style-local-5035-c23 position-relative\">\n              <!---->\n              <!---->\n              <div class=\"w-100 h-y-container h-column__content h-column__v-align flex-basis-100 align-self-lg-start align-self-md-start align-self-start\">\n                <!---->\n                <div data-colibri-id=\"5035-c24\" class=\"h-global-transition-all h-heading style-4501 style-local-5035-c24 position-relative h-element\">\n                  <!---->\n                  <div class=\"h-heading__outer style-4501 style-local-5035-c24\">\n                    <!---->\n                    <!---->\n                    <h2 class=\"\">Dane techniczne<\/h2>\n                  <\/div>\n                <\/div>\n              <\/div>\n            <\/div>\n          <\/div>\n          <div class=\"h-column h-column-container d-flex h-col-lg-auto h-col-md-auto h-col-auto style-4502-outer style-local-5035-c25-outer\">\n            <div data-colibri-id=\"5035-c25\" class=\"d-flex h-flex-basis h-column__inner h-px-lg-2 h-px-md-2 h-px-2 v-inner-lg-2 v-inner-md-2 v-inner-2 style-4502 style-local-5035-c25 position-relative\">\n              <!---->\n              <!---->\n              <div class=\"w-100 h-y-container h-column__content h-column__v-align flex-basis-100 align-self-lg-start align-self-md-start align-self-start\">\n                <!---->\n                <div data-colibri-id=\"5035-c26\" class=\"h-text h-text-component style-4503 style-local-5035-c26 position-relative h-element\">\n                  <!---->\n                  <!---->\n                  <div class=\"\">\n                    <h3>Serwis gwarancyjny i pogwarancyjny<\/h3>\n                    <p>Metal-Technik zapewnia serwis gwarancyjny wszystkich maszyn rolniczych oraz pe\u0142en asortyment cz\u0119\u015bci zamiennych.<\/p>\n                    <p>\n                      <br>\n                    <\/p>\n                  <\/div>\n                <\/div>\n              <\/div>\n            <\/div>\n          <\/div>\n        <\/div>\n      <\/div>\n      <div data-colibri-id=\"5035-c27\" class=\"h-row-container gutters-row-lg-2 gutters-row-md-2 gutters-row-0 gutters-row-v-lg-2 gutters-row-v-md-2 gutters-row-v-2 style-4504 style-local-5035-c27 position-relative\">\n        <!---->\n        <div class=\"h-row justify-content-lg-center justify-content-md-center justify-content-center align-items-lg-stretch align-items-md-stretch align-items-stretch gutters-col-lg-2 gutters-col-md-2 gutters-col-0 gutters-col-v-lg-2 gutters-col-v-md-2 gutters-col-v-2\">\n          <!---->\n          <div class=\"h-column h-column-container d-flex h-col-lg-auto h-col-md-auto h-col-auto style-4505-outer style-local-5035-c28-outer\">\n            <div data-colibri-id=\"5035-c28\" class=\"d-flex h-flex-basis h-column__inner h-px-lg-2 h-px-md-2 h-px-2 v-inner-lg-2 v-inner-md-2 v-inner-2 style-4505 style-local-5035-c28 position-relative\">\n              <!---->\n              <!---->\n              <div class=\"w-100 h-y-container h-column__content h-column__v-align flex-basis-100 align-self-lg-start align-self-md-start align-self-start\">\n                <!---->\n                <div data-colibri-id=\"5035-c29\" class=\"h-x-container style-4506 style-local-5035-c29 position-relative h-element\">\n                  <!---->\n                  <div class=\"h-x-container-inner style-dynamic-5035-c29-group style-4506-spacing style-local-5035-c29-spacing\"><span class=\"h-button__outer style-4507-outer style-local-5035-c30-outer d-inline-flex h-element\"><a h-use-smooth-scroll=\"true\" href=\"https:\/\/skraw-tech.com\/wp-content\/uploads\/2022\/06\/DanetechniczneAVANTlk.pdf\"  data-colibri-id=\"5035-c30\" class=\"d-flex w-100 align-items-center h-button justify-content-lg-center justify-content-md-center justify-content-center style-4507 style-local-5035-c30 position-relative\"><!----><!----> <span>Kliknij, aby zobaczy\u0107 dane techniczne<\/span><\/a>\n                    <\/span>\n                  <\/div>\n                <\/div>\n              <\/div>\n            <\/div>\n          <\/div>\n          <div class=\"h-column h-column-container d-flex h-col-lg-auto h-col-md-auto h-col-auto style-4508-outer style-local-5035-c31-outer\">\n            <div data-colibri-id=\"5035-c31\" class=\"d-flex h-flex-basis h-column__inner h-ui-empty-state-container h-px-lg-2 h-px-md-2 h-px-2 v-inner-lg-2 v-inner-md-2 v-inner-2 style-4508 style-local-5035-c31 position-relative\">\n              <!---->\n              <!---->\n              <div class=\"w-100 h-y-container h-column__content h-column__v-align flex-basis-100\">\n                <!---->\n              <\/div>\n            <\/div>\n          <\/div>\n        <\/div>\n      <\/div>\n      <div data-colibri-id=\"5035-c34\" class=\"h-row-container gutters-row-lg-2 gutters-row-md-2 gutters-row-0 gutters-row-v-lg-2 gutters-row-v-md-2 gutters-row-v-2 style-4511 style-local-5035-c34 position-relative\">\n        <!---->\n        <div class=\"h-row justify-content-lg-center justify-content-md-center justify-content-center align-items-lg-stretch align-items-md-stretch align-items-stretch gutters-col-lg-2 gutters-col-md-2 gutters-col-0 gutters-col-v-lg-2 gutters-col-v-md-2 gutters-col-v-2\">\n          <!---->\n          <div class=\"h-column h-column-container d-flex h-col-lg-6 h-col-md-6 h-col-12 style-4512-outer style-local-5035-c35-outer\">\n            <div data-colibri-id=\"5035-c35\" class=\"d-flex h-flex-basis h-column__inner h-px-lg-0 h-px-md-0 h-px-0 v-inner-lg-0 v-inner-md-0 v-inner-0 style-4512 style-local-5035-c35 position-relative\">\n              <!---->\n              <!---->\n              <div class=\"w-100 h-y-container h-column__content h-column__v-align flex-basis-100 align-self-lg-start align-self-md-start align-self-start\">\n                <!---->\n                <div data-colibri-id=\"5035-c36\" class=\"d-block style-4513 style-local-5035-c36 position-relative h-element\">\n                  <!---->\n                  <div class=\"h-image__frame-container-outer\">\n                    <div class=\"h-image__frame-container\">\n                      <!---->\n                      <!---->\n                      <img loading=\"lazy\" decoding=\"async\" width=\"550\" height=\"446\" src=\"https:\/\/skraw-tech.com\/wp-content\/uploads\/2022\/06\/lychokrokodyl-AVANT.png\" class=\"wp-image-5018 style-4513-image style-local-5035-c36-image\" alt=\"\" srcset=\"https:\/\/skraw-tech.com\/wp-content\/uploads\/2022\/06\/lychokrokodyl-AVANT.png 550w, https:\/\/skraw-tech.com\/wp-content\/uploads\/2022\/06\/lychokrokodyl-AVANT-300x243.png 300w\" sizes=\"auto, (max-width: 550px) 100vw, 550px\" \/>\n                      <div class=\"h-image__frame h-hide-lg h-hide-md h-hide-sm style-4513-frameImage style-local-5035-c36-frameImage\"><\/div>\n                    <\/div>\n                  <\/div>\n                <\/div>\n              <\/div>\n            <\/div>\n          <\/div>\n        <\/div>\n      <\/div>\n    <\/div>\n  <\/div>\n<\/div>","protected":false},"excerpt":{"rendered":"<p>\u0141ycho-krokodyl avant Stosowany do transportu drobnych frakcji lub p\u00f3\u0142p\u0142ynnych element\u00f3w obornika. Solidna konstrukcja oraz zastosowanie wysokiej jako\u015bci materia\u0142\u00f3w zapewni d\u0142ugotrwa\u0142\u0105, bezawaryjn\u0105 prac\u0119. Lemiesz zosta\u0142 wykonany ze stali o podwy\u017cszonej \u015bcieralno\u015bci. Wydajno\u015b\u0107 Jedno urz\u0105dzenie kt\u00f3re zast\u0119puje wi\u0119cej innych Wytrzyma\u0142a budowa Najwy\u017cszej jako\u015bci materia\u0142y Wszechstronno\u015b\u0107 Uniwersalno\u015b\u0107 w roz\u0142adunku i za\u0142adunku Dane techniczne Serwis gwarancyjny i pogwarancyjny Metal-Technik [&hellip;]<\/p>\n","protected":false},"author":1,"featured_media":0,"parent":0,"menu_order":0,"comment_status":"closed","ping_status":"closed","template":"page-templates\/full-width-page.php","meta":{"footnotes":""},"class_list":["post-5035","page","type-page","status-publish","hentry"],"_links":{"self":[{"href":"https:\/\/skraw-tech.com\/index.php?rest_route=\/wp\/v2\/pages\/5035","targetHints":{"allow":["GET"]}}],"collection":[{"href":"https:\/\/skraw-tech.com\/index.php?rest_route=\/wp\/v2\/pages"}],"about":[{"href":"https:\/\/skraw-tech.com\/index.php?rest_route=\/wp\/v2\/types\/page"}],"author":[{"embeddable":true,"href":"https:\/\/skraw-tech.com\/index.php?rest_route=\/wp\/v2\/users\/1"}],"replies":[{"embeddable":true,"href":"https:\/\/skraw-tech.com\/index.php?rest_route=%2Fwp%2Fv2%2Fcomments&post=5035"}],"version-history":[{"count":2,"href":"https:\/\/skraw-tech.com\/index.php?rest_route=\/wp\/v2\/pages\/5035\/revisions"}],"predecessor-version":[{"id":5086,"href":"https:\/\/skraw-tech.com\/index.php?rest_route=\/wp\/v2\/pages\/5035\/revisions\/5086"}],"wp:attachment":[{"href":"https:\/\/skraw-tech.com\/index.php?rest_route=%2Fwp%2Fv2%2Fmedia&parent=5035"}],"curies":[{"name":"wp","href":"https:\/\/api.w.org\/{rel}","templated":true}]}}