{"id":5161,"date":"2022-06-28T12:49:19","date_gmt":"2022-06-28T10:49:19","guid":{"rendered":"https:\/\/skraw-tech.com\/?page_id=5161"},"modified":"2022-06-29T10:13:11","modified_gmt":"2022-06-29T08:13:11","slug":"szczotka-boczna-do-chwastow","status":"publish","type":"page","link":"https:\/\/skraw-tech.com\/?page_id=5161","title":{"rendered":"Szczotka boczna do chwast\u00f3w"},"content":{"rendered":"<div data-colibri-id=\"5161-c1\" class=\"style-5050 style-local-5161-c1 position-relative\">\n  <!---->\n  <div data-colibri-component=\"section\" data-colibri-id=\"5161-c2\" id=\"reusable-sections\" class=\"h-section h-section-global-spacing d-flex align-items-lg-center align-items-md-center align-items-center style-5051 style-local-5161-c2 h-overflow-hidden position-relative\">\n    <!---->\n    <!---->\n    <div class=\"h-section-grid-container h-section-fluid-container\">\n      <!---->\n      <div data-colibri-id=\"5161-c3\" class=\"h-row-container gutters-row-lg-0 gutters-row-md-0 gutters-row-2 gutters-row-v-lg-0 gutters-row-v-md-0 gutters-row-v-2 style-5052 style-local-5161-c3 position-relative\">\n        <!---->\n        <div class=\"h-row justify-content-lg-center justify-content-md-center justify-content-center align-items-lg-stretch align-items-md-stretch align-items-stretch gutters-col-lg-0 gutters-col-md-0 gutters-col-2 gutters-col-v-lg-0 gutters-col-v-md-0 gutters-col-v-2\">\n          <!---->\n          <div class=\"h-column h-column-container d-flex h-col-lg-auto h-col-md-auto h-col-auto style-5053-outer style-local-5161-c4-outer\">\n            <div data-colibri-id=\"5161-c4\" class=\"d-flex h-flex-basis h-column__inner h-ui-empty-state-container h-px-lg-0 h-px-md-0 h-px-0 v-inner-lg-0 v-inner-md-0 v-inner-0 style-5053 style-local-5161-c4 position-relative\">\n              <!---->\n              <!---->\n              <div class=\"w-100 h-y-container h-column__content h-column__v-align flex-basis-100\">\n                <!---->\n              <\/div>\n            <\/div>\n          <\/div>\n          <div class=\"h-column h-column-container d-flex h-col-lg-auto h-col-md-auto h-col-auto style-5054-outer style-local-5161-c5-outer\">\n            <div data-colibri-id=\"5161-c5\" class=\"d-flex h-flex-basis h-column__inner h-px-lg-0 h-px-md-0 h-px-0 v-inner-lg-0 v-inner-md-0 v-inner-0 style-5054 style-local-5161-c5 position-relative\">\n              <!---->\n              <!---->\n              <div class=\"w-100 h-y-container h-column__content h-column__v-align flex-basis-100 align-self-lg-start align-self-md-start align-self-start\">\n                <!---->\n                <div data-colibri-id=\"5161-c6\" class=\"h-global-transition-all h-heading style-5055 style-local-5161-c6 position-relative h-element\">\n                  <!---->\n                  <div class=\"h-heading__outer style-5055 style-local-5161-c6\">\n                    <!---->\n                    <!---->\n                    <h4 class=\"\">Szczotka boczna do chwast\u00f3w<\/h4>\n                  <\/div>\n                <\/div>\n                <div data-colibri-id=\"5161-c7\" class=\"h-text h-text-component style-5056 style-local-5161-c7 position-relative h-element\">\n                  <!---->\n                  <!---->\n                  <div class=\"\">\n                    <p>Szczotka boczna zaprojektowana do usuwania chwast\u00f3w i mchu, kt\u00f3re z biegiem czasu wyrastaj\u0105 mi\u0119dzy pasami drogi a kraw\u0119\u017cnikami oraz w szczelinach kostki brukowej. Solidna, wykonana ze splotu drut\u00f3w g\u0142owica maszyny pozwoli zar\u00f3wno na\n                      efektywne zwalczanie niechcianej zieleni jak te\u017c d\u0142ug\u0105, bezawaryjn\u0105 prac\u0119.<\/p>\n                    <p>Rozsuwanie hydrauliczne oraz dwa k\u00f3\u0142ka podporowe umo\u017cliwiaj\u0105 dostosowywanie szeroko\u015bci do bie\u017c\u0105cych warunk\u00f3w oraz p\u0142ynne kopiowanie terenu w trakcie przejazdu. Szczotka mo\u017ce by\u0107 agregowana z ci\u0105gnikiem poprzez przedni lub tylny TUZ,\n                      a tak\u017ce w prosty spos\u00f3b przek\u0142adana z jednej strony na drug\u0105 co czyni ten produkt doskona\u0142ym uzupe\u0142nieniem podczas pracy z zamiatarkami<\/p>\n                  <\/div>\n                <\/div>\n                <div data-colibri-id=\"5161-c8\" class=\"h-row-container gutters-row-lg-2 gutters-row-md-2 gutters-row-0 gutters-row-v-lg-2 gutters-row-v-md-2 gutters-row-v-0 style-5057 style-local-5161-c8 position-relative\">\n                  <!---->\n                  <div class=\"h-row justify-content-lg-center justify-content-md-center justify-content-center align-items-lg-stretch align-items-md-stretch align-items-stretch gutters-col-lg-2 gutters-col-md-2 gutters-col-0 gutters-col-v-lg-2 gutters-col-v-md-2 gutters-col-v-0\">\n                    <!---->\n                    <div class=\"h-column h-column-container d-flex h-col-lg-6 h-col-md-6 h-col-6 style-5058-outer style-local-5161-c9-outer\">\n                      <div data-colibri-id=\"5161-c9\" class=\"d-flex h-flex-basis h-column__inner h-px-lg-0 h-px-md-0 h-px-2 v-inner-lg-0 v-inner-md-0 v-inner-2 style-5058 style-local-5161-c9 position-relative\">\n                        <!---->\n                        <!---->\n                        <div class=\"w-100 h-y-container h-column__content h-column__v-align flex-basis-100 align-self-lg-start align-self-md-start align-self-start\">\n                          <!---->\n                          <div data-colibri-id=\"5161-c10\" class=\"h-global-transition-all h-heading style-5059 style-local-5161-c10 position-relative h-element\">\n                            <!---->\n                            <div class=\"h-heading__outer style-5059 style-local-5161-c10\">\n                              <!---->\n                              <!---->\n                              <h5 class=\"\">Wydajno\u015b\u0107<\/h5>\n                            <\/div>\n                          <\/div>\n                          <div data-colibri-id=\"5161-c11\" class=\"h-text h-text-component style-5060 style-local-5161-c11 position-relative h-element\">\n                            <!---->\n                            <!---->\n                            <div class=\"\">\n                              <p>Jedno urz\u0105dzenie kt\u00f3re zast\u0119puje wi\u0119cej innych<\/p>\n                            <\/div>\n                          <\/div>\n                        <\/div>\n                      <\/div>\n                    <\/div>\n                    <div class=\"h-column h-column-container d-flex h-col-lg-6 h-col-md-6 h-col-6 style-5058-outer style-local-5161-c12-outer\">\n                      <div data-colibri-id=\"5161-c12\" class=\"d-flex h-flex-basis h-column__inner h-px-lg-0 h-px-md-0 h-px-2 v-inner-lg-0 v-inner-md-0 v-inner-2 style-5058 style-local-5161-c12 position-relative\">\n                        <!---->\n                        <!---->\n                        <div class=\"w-100 h-y-container h-column__content h-column__v-align flex-basis-100 align-self-lg-start align-self-md-start align-self-start\">\n                          <!---->\n                          <div data-colibri-id=\"5161-c13\" class=\"h-global-transition-all h-heading style-5059 style-local-5161-c13 position-relative h-element\">\n                            <!---->\n                            <div class=\"h-heading__outer style-5059 style-local-5161-c13\">\n                              <!---->\n                              <!---->\n                              <h5 class=\"\">Wytrzyma\u0142a budowa<\/h5>\n                            <\/div>\n                          <\/div>\n                          <div data-colibri-id=\"5161-c14\" class=\"h-text h-text-component style-5060 style-local-5161-c14 position-relative h-element\">\n                            <!---->\n                            <!---->\n                            <div class=\"\">\n                              <p>Najwy\u017cszej jako\u015bci elementy konstrukcyjne<\/p>\n                            <\/div>\n                          <\/div>\n                        <\/div>\n                      <\/div>\n                    <\/div>\n                    <div class=\"h-column h-column-container d-flex h-col-lg-6 h-col-md-6 h-col-6 style-5058-outer style-local-5161-c15-outer\">\n                      <div data-colibri-id=\"5161-c15\" class=\"d-flex h-flex-basis h-column__inner h-px-lg-0 h-px-md-0 h-px-2 v-inner-lg-0 v-inner-md-0 v-inner-2 style-5058 style-local-5161-c15 position-relative\">\n                        <!---->\n                        <!---->\n                        <div class=\"w-100 h-y-container h-column__content h-column__v-align flex-basis-100 align-self-lg-start align-self-md-start align-self-start\">\n                          <!---->\n                          <div data-colibri-id=\"5161-c16\" class=\"h-global-transition-all h-heading style-5059 style-local-5161-c16 position-relative h-element\">\n                            <!---->\n                            <div class=\"h-heading__outer style-5059 style-local-5161-c16\">\n                              <!---->\n                              <!---->\n                              <h5 class=\"\">Wszechstronno\u015b\u0107<\/h5>\n                            <\/div>\n                          <\/div>\n                          <div data-colibri-id=\"5161-c17\" class=\"h-text h-text-component style-5060 style-local-5161-c17 position-relative h-element\">\n                            <!---->\n                            <!---->\n                            <div class=\"\">\n                              <p>Uniwersalno\u015b\u0107 w roz\u0142adunku i za\u0142adunku<\/p>\n                            <\/div>\n                          <\/div>\n                        <\/div>\n                      <\/div>\n                    <\/div>\n                    <div class=\"h-column h-column-container d-flex h-col-lg-6 h-col-md-6 h-col-6 style-5058-outer style-local-5161-c18-outer\">\n                      <div data-colibri-id=\"5161-c18\" class=\"d-flex h-flex-basis h-column__inner h-ui-empty-state-container h-px-lg-0 h-px-md-0 h-px-2 v-inner-lg-0 v-inner-md-0 v-inner-2 style-5058 style-local-5161-c18 position-relative\">\n                        <!---->\n                        <!---->\n                        <div class=\"w-100 h-y-container h-column__content h-column__v-align flex-basis-100\">\n                          <!---->\n                        <\/div>\n                      <\/div>\n                    <\/div>\n                  <\/div>\n                <\/div>\n              <\/div>\n            <\/div>\n          <\/div>\n        <\/div>\n      <\/div>\n    <\/div>\n  <\/div>\n  <div data-colibri-component=\"section\" data-colibri-id=\"5161-c21\" id=\"reusable-sections-2\" class=\"h-section h-section-global-spacing d-flex align-items-lg-center align-items-md-center align-items-center style-5061 style-local-5161-c21 position-relative\">\n    <!---->\n    <!---->\n    <div class=\"h-section-grid-container h-section-boxed-container\">\n      <!---->\n      <div data-colibri-id=\"5161-c22\" class=\"h-row-container gutters-row-lg-2 gutters-row-md-2 gutters-row-0 gutters-row-v-lg-2 gutters-row-v-md-2 gutters-row-v-2 style-5062 style-local-5161-c22 position-relative\">\n        <!---->\n        <div class=\"h-row justify-content-lg-center justify-content-md-center justify-content-center align-items-lg-stretch align-items-md-stretch align-items-stretch gutters-col-lg-2 gutters-col-md-2 gutters-col-0 gutters-col-v-lg-2 gutters-col-v-md-2 gutters-col-v-2\">\n          <!---->\n          <div class=\"h-column h-column-container d-flex h-col-lg-auto h-col-md-auto h-col-auto style-5063-outer style-local-5161-c23-outer\">\n            <div data-colibri-id=\"5161-c23\" class=\"d-flex h-flex-basis h-column__inner h-px-lg-2 h-px-md-2 h-px-2 v-inner-lg-2 v-inner-md-2 v-inner-2 style-5063 style-local-5161-c23 position-relative\">\n              <!---->\n              <!---->\n              <div class=\"w-100 h-y-container h-column__content h-column__v-align flex-basis-100 align-self-lg-start align-self-md-start align-self-start\">\n                <!---->\n                <div data-colibri-id=\"5161-c24\" class=\"h-global-transition-all h-heading style-5064 style-local-5161-c24 position-relative h-element\">\n                  <!---->\n                  <div class=\"h-heading__outer style-5064 style-local-5161-c24\">\n                    <!---->\n                    <!---->\n                    <h2 class=\"\">Dane techniczne<\/h2>\n                  <\/div>\n                <\/div>\n              <\/div>\n            <\/div>\n          <\/div>\n          <div class=\"h-column h-column-container d-flex h-col-lg-auto h-col-md-auto h-col-auto style-5065-outer style-local-5161-c25-outer\">\n            <div data-colibri-id=\"5161-c25\" class=\"d-flex h-flex-basis h-column__inner h-px-lg-2 h-px-md-2 h-px-2 v-inner-lg-2 v-inner-md-2 v-inner-2 style-5065 style-local-5161-c25 position-relative\">\n              <!---->\n              <!---->\n              <div class=\"w-100 h-y-container h-column__content h-column__v-align flex-basis-100 align-self-lg-start align-self-md-start align-self-start\">\n                <!---->\n                <div data-colibri-id=\"5161-c26\" class=\"h-text h-text-component style-5066 style-local-5161-c26 position-relative h-element\">\n                  <!---->\n                  <!---->\n                  <div class=\"\">\n                    <h3>Serwis gwarancyjny i pogwarancyjny<\/h3>\n                    <p>Metal-Technik zapewnia serwis gwarancyjny wszystkich maszyn rolniczych oraz pe\u0142en asortyment cz\u0119\u015bci zamiennych.<\/p>\n                    <p>\n                      <br>\n                    <\/p>\n                  <\/div>\n                <\/div>\n              <\/div>\n            <\/div>\n          <\/div>\n        <\/div>\n      <\/div>\n      <div data-colibri-id=\"5161-c27\" class=\"h-row-container gutters-row-lg-2 gutters-row-md-2 gutters-row-0 gutters-row-v-lg-2 gutters-row-v-md-2 gutters-row-v-2 style-5067 style-local-5161-c27 position-relative\">\n        <!---->\n        <div class=\"h-row justify-content-lg-center justify-content-md-center justify-content-center align-items-lg-stretch align-items-md-stretch align-items-stretch gutters-col-lg-2 gutters-col-md-2 gutters-col-0 gutters-col-v-lg-2 gutters-col-v-md-2 gutters-col-v-2\">\n          <!---->\n          <div class=\"h-column h-column-container d-flex h-col-lg-auto h-col-md-auto h-col-auto style-5068-outer style-local-5161-c28-outer\">\n            <div data-colibri-id=\"5161-c28\" class=\"d-flex h-flex-basis h-column__inner h-px-lg-2 h-px-md-2 h-px-2 v-inner-lg-2 v-inner-md-2 v-inner-2 style-5068 style-local-5161-c28 position-relative\">\n              <!---->\n              <!---->\n              <div class=\"w-100 h-y-container h-column__content h-column__v-align flex-basis-100 align-self-lg-start align-self-md-start align-self-start\">\n                <!---->\n                <div data-colibri-id=\"5161-c29\" class=\"h-x-container style-5069 style-local-5161-c29 position-relative h-element\">\n                  <!---->\n                  <div class=\"h-x-container-inner style-dynamic-5161-c29-group style-5069-spacing style-local-5161-c29-spacing\"><span class=\"h-button__outer style-5070-outer style-local-5161-c30-outer d-inline-flex h-element\"><a h-use-smooth-scroll=\"true\" href=\"https:\/\/skraw-tech.com\/wp-content\/uploads\/2022\/06\/Danetechniczneszczotka.pdf\"  data-colibri-id=\"5161-c30\" class=\"d-flex w-100 align-items-center h-button justify-content-lg-center justify-content-md-center justify-content-center style-5070 style-local-5161-c30 position-relative\"><!----><!----> <span>Kliknij, aby zobaczy\u0107 dane techniczne<\/span><\/a>\n                    <\/span>\n                  <\/div>\n                <\/div>\n              <\/div>\n            <\/div>\n          <\/div>\n          <div class=\"h-column h-column-container d-flex h-col-lg-auto h-col-md-auto h-col-auto style-5071-outer style-local-5161-c31-outer\">\n            <div data-colibri-id=\"5161-c31\" class=\"d-flex h-flex-basis h-column__inner h-px-lg-2 h-px-md-2 h-px-2 v-inner-lg-2 v-inner-md-2 v-inner-2 style-5071 style-local-5161-c31 position-relative\">\n              <!---->\n              <!---->\n              <div class=\"w-100 h-y-container h-column__content h-column__v-align flex-basis-100 align-self-lg-start align-self-md-start align-self-start\">\n                <!---->\n                <div data-colibri-id=\"5161-c32\" class=\"h-x-container style-5072 style-local-5161-c32 position-relative h-element\">\n                  <!---->\n                  <div class=\"h-x-container-inner style-dynamic-5161-c32-group style-5072-spacing style-local-5161-c32-spacing\"><span class=\"h-button__outer style-5073-outer style-local-5161-c33-outer d-inline-flex h-element\"><a h-use-smooth-scroll=\"true\" href=\"https:\/\/skraw-tech.com\/wp-content\/uploads\/2022\/06\/Szczotka-do-chwastow-katalog-czesci-zamiennych.pdf\"  data-colibri-id=\"5161-c33\" class=\"d-flex w-100 align-items-center h-button justify-content-lg-center justify-content-md-center justify-content-center style-5073 style-local-5161-c33 position-relative\"><!----><!----> <span>Cz\u0119\u015bci zamienne<\/span><\/a>\n                    <\/span>\n                  <\/div>\n                <\/div>\n              <\/div>\n            <\/div>\n          <\/div>\n        <\/div>\n      <\/div>\n      <div data-colibri-id=\"5161-c34\" class=\"h-row-container gutters-row-lg-2 gutters-row-md-2 gutters-row-0 gutters-row-v-lg-2 gutters-row-v-md-2 gutters-row-v-2 style-5074 style-local-5161-c34 position-relative\">\n        <!---->\n        <div class=\"h-row justify-content-lg-center justify-content-md-center justify-content-center align-items-lg-stretch align-items-md-stretch align-items-stretch gutters-col-lg-2 gutters-col-md-2 gutters-col-0 gutters-col-v-lg-2 gutters-col-v-md-2 gutters-col-v-2\">\n          <!---->\n          <div class=\"h-column h-column-container d-flex h-col-lg-6 h-col-md-6 h-col-12 style-5075-outer style-local-5161-c35-outer\">\n            <div data-colibri-id=\"5161-c35\" class=\"d-flex h-flex-basis h-column__inner h-px-lg-0 h-px-md-0 h-px-0 v-inner-lg-0 v-inner-md-0 v-inner-0 style-5075 style-local-5161-c35 position-relative\">\n              <!---->\n              <!---->\n              <div class=\"w-100 h-y-container h-column__content h-column__v-align flex-basis-100 align-self-lg-start align-self-md-start align-self-start\">\n                <!---->\n                <div data-colibri-id=\"5161-c36\" class=\"d-block style-5076 style-local-5161-c36 position-relative h-element\">\n                  <!---->\n                  <div class=\"h-image__frame-container-outer\">\n                    <div class=\"h-image__frame-container\">\n                      <!---->\n                      <!---->\n                      <img loading=\"lazy\" decoding=\"async\" width=\"550\" height=\"293\" src=\"https:\/\/skraw-tech.com\/wp-content\/uploads\/2022\/06\/szczotkaboczna.png\" class=\"wp-image-5186 style-5076-image style-local-5161-c36-image\" alt=\"\" srcset=\"https:\/\/skraw-tech.com\/wp-content\/uploads\/2022\/06\/szczotkaboczna.png 550w, https:\/\/skraw-tech.com\/wp-content\/uploads\/2022\/06\/szczotkaboczna-300x160.png 300w\" sizes=\"auto, (max-width: 550px) 100vw, 550px\" \/>\n                      <div class=\"h-image__frame h-hide-lg h-hide-md h-hide-sm style-5076-frameImage style-local-5161-c36-frameImage\"><\/div>\n                    <\/div>\n                  <\/div>\n                <\/div>\n              <\/div>\n            <\/div>\n          <\/div>\n        <\/div>\n      <\/div>\n    <\/div>\n  <\/div>\n<\/div>","protected":false},"excerpt":{"rendered":"<p>Szczotka boczna do chwast\u00f3w Szczotka boczna zaprojektowana do usuwania chwast\u00f3w i mchu, kt\u00f3re z biegiem czasu wyrastaj\u0105 mi\u0119dzy pasami drogi a kraw\u0119\u017cnikami oraz w szczelinach kostki brukowej. Solidna, wykonana ze splotu drut\u00f3w g\u0142owica maszyny pozwoli zar\u00f3wno na efektywne zwalczanie niechcianej zieleni jak te\u017c d\u0142ug\u0105, bezawaryjn\u0105 prac\u0119. Rozsuwanie hydrauliczne oraz dwa k\u00f3\u0142ka podporowe umo\u017cliwiaj\u0105 dostosowywanie szeroko\u015bci [&hellip;]<\/p>\n","protected":false},"author":1,"featured_media":0,"parent":0,"menu_order":0,"comment_status":"closed","ping_status":"closed","template":"page-templates\/full-width-page.php","meta":{"footnotes":""},"class_list":["post-5161","page","type-page","status-publish","hentry"],"_links":{"self":[{"href":"https:\/\/skraw-tech.com\/index.php?rest_route=\/wp\/v2\/pages\/5161","targetHints":{"allow":["GET"]}}],"collection":[{"href":"https:\/\/skraw-tech.com\/index.php?rest_route=\/wp\/v2\/pages"}],"about":[{"href":"https:\/\/skraw-tech.com\/index.php?rest_route=\/wp\/v2\/types\/page"}],"author":[{"embeddable":true,"href":"https:\/\/skraw-tech.com\/index.php?rest_route=\/wp\/v2\/users\/1"}],"replies":[{"embeddable":true,"href":"https:\/\/skraw-tech.com\/index.php?rest_route=%2Fwp%2Fv2%2Fcomments&post=5161"}],"version-history":[{"count":2,"href":"https:\/\/skraw-tech.com\/index.php?rest_route=\/wp\/v2\/pages\/5161\/revisions"}],"predecessor-version":[{"id":5304,"href":"https:\/\/skraw-tech.com\/index.php?rest_route=\/wp\/v2\/pages\/5161\/revisions\/5304"}],"wp:attachment":[{"href":"https:\/\/skraw-tech.com\/index.php?rest_route=%2Fwp%2Fv2%2Fmedia&parent=5161"}],"curies":[{"name":"wp","href":"https:\/\/api.w.org\/{rel}","templated":true}]}}