{"id":5827,"date":"2022-12-01T08:27:27","date_gmt":"2022-12-01T07:27:27","guid":{"rendered":"https:\/\/skraw-tech.com\/?page_id=5827"},"modified":"2022-12-01T09:10:35","modified_gmt":"2022-12-01T08:10:35","slug":"colibri-5827","status":"publish","type":"page","link":"https:\/\/skraw-tech.com\/?page_id=5827","title":{"rendered":"Colibri #5827"},"content":{"rendered":"<div data-colibri-id=\"5827-c1\" class=\"style-6045 style-local-5827-c1 position-relative\">\n  <!---->\n  <div data-colibri-component=\"section\" data-colibri-id=\"5827-c7\" id=\"reusable-sections-2\" class=\"h-section h-section-global-spacing d-flex align-items-lg-center align-items-md-center align-items-center style-6051 style-local-5827-c7 h-overflow-hidden position-relative\">\n    <!---->\n    <!---->\n    <div class=\"h-section-grid-container h-section-fluid-container\">\n      <!---->\n      <div data-colibri-id=\"5827-c8\" class=\"h-row-container gutters-row-lg-0 gutters-row-md-0 gutters-row-2 gutters-row-v-lg-0 gutters-row-v-md-0 gutters-row-v-2 style-6052 style-local-5827-c8 position-relative\">\n        <!---->\n        <div class=\"h-row justify-content-lg-center justify-content-md-center justify-content-center align-items-lg-stretch align-items-md-stretch align-items-stretch gutters-col-lg-0 gutters-col-md-0 gutters-col-2 gutters-col-v-lg-0 gutters-col-v-md-0 gutters-col-v-2\">\n          <!---->\n          <div class=\"h-column h-column-container d-flex h-col-lg-auto h-col-md-auto h-col-auto style-6053-outer style-local-5827-c9-outer\">\n            <div data-colibri-id=\"5827-c9\" class=\"d-flex h-flex-basis h-column__inner h-ui-empty-state-container h-px-lg-0 h-px-md-0 h-px-0 v-inner-lg-0 v-inner-md-0 v-inner-0 style-6053 style-local-5827-c9 position-relative\">\n              <!---->\n              <!---->\n              <div class=\"w-100 h-y-container h-column__content h-column__v-align flex-basis-100\">\n                <!---->\n              <\/div>\n            <\/div>\n          <\/div>\n          <div class=\"h-column h-column-container d-flex h-col-lg-auto h-col-md-auto h-col-auto style-6054-outer style-local-5827-c10-outer\">\n            <div data-colibri-id=\"5827-c10\" class=\"d-flex h-flex-basis h-column__inner h-px-lg-0 h-px-md-0 h-px-0 v-inner-lg-0 v-inner-md-0 v-inner-0 style-6054 style-local-5827-c10 position-relative\">\n              <!---->\n              <!---->\n              <div class=\"w-100 h-y-container h-column__content h-column__v-align flex-basis-100 align-self-lg-start align-self-md-start align-self-start\">\n                <!---->\n                <div data-colibri-id=\"5827-c11\" class=\"h-global-transition-all h-heading style-6055 style-local-5827-c11 position-relative h-element\">\n                  <!---->\n                  <div class=\"h-heading__outer style-6055 style-local-5827-c11\">\n                    <!---->\n                    <!---->\n                    <h4 class=\"\">BAlast<\/h4>\n                  <\/div>\n                <\/div>\n                <div data-colibri-id=\"5827-c12\" class=\"h-text h-text-component style-6056 style-local-5827-c12 position-relative h-element\">\n                  <!---->\n                  <!---->\n                  <div class=\"\">\n                    <p>Balast mocowany jest na przedni lub tylni TUZ. Wykonany jest z solidnej metalowej konstrukcji do samodzielnego wype\u0142nienia betonem. Zalet\u0105 tego rozwi\u0105zania jest to, \u017ce w przypadku uderzenia nie ukruszy si\u0119 i nie odpadnie \u017caden kawa\u0142ek,\n                      oraz mo\u017cna dopasowa\u0107 wag\u0119 balastu do swoich potrzeb. <\/p>\n                  <\/div>\n                <\/div>\n                <div data-colibri-id=\"5827-c13\" class=\"h-row-container gutters-row-lg-2 gutters-row-md-2 gutters-row-0 gutters-row-v-lg-2 gutters-row-v-md-2 gutters-row-v-0 style-6057 style-local-5827-c13 position-relative\">\n                  <!---->\n                  <div class=\"h-row justify-content-lg-center justify-content-md-center justify-content-center align-items-lg-stretch align-items-md-stretch align-items-stretch gutters-col-lg-2 gutters-col-md-2 gutters-col-0 gutters-col-v-lg-2 gutters-col-v-md-2 gutters-col-v-0\">\n                    <!---->\n                    <div class=\"h-column h-column-container d-flex h-col-lg-6 h-col-md-6 h-col-6 style-6058-outer style-local-5827-c14-outer\">\n                      <div data-colibri-id=\"5827-c14\" class=\"d-flex h-flex-basis h-column__inner h-px-lg-0 h-px-md-0 h-px-2 v-inner-lg-0 v-inner-md-0 v-inner-2 style-6058 style-local-5827-c14 position-relative\">\n                        <!---->\n                        <!---->\n                        <div class=\"w-100 h-y-container h-column__content h-column__v-align flex-basis-100 align-self-lg-start align-self-md-start align-self-start\">\n                          <!---->\n                          <div data-colibri-id=\"5827-c15\" class=\"h-global-transition-all h-heading style-6059 style-local-5827-c15 position-relative h-element\">\n                            <!---->\n                            <div class=\"h-heading__outer style-6059 style-local-5827-c15\">\n                              <!---->\n                              <!---->\n                              <h5 class=\"\">Trwa\u0142o\u015b\u0107<\/h5>\n                            <\/div>\n                          <\/div>\n                          <div data-colibri-id=\"5827-c16\" class=\"h-text h-text-component style-6060 style-local-5827-c16 position-relative h-element\">\n                            <!---->\n                            <!---->\n                            <div class=\"\">\n                              <p>Wykonany z najwy\u017cszej jako\u015bci materia\u0142\u00f3w<\/p>\n                            <\/div>\n                          <\/div>\n                        <\/div>\n                      <\/div>\n                    <\/div>\n                    <div class=\"h-column h-column-container d-flex h-col-lg-6 h-col-md-6 h-col-6 style-6058-outer style-local-5827-c17-outer\">\n                      <div data-colibri-id=\"5827-c17\" class=\"d-flex h-flex-basis h-column__inner h-px-lg-0 h-px-md-0 h-px-2 v-inner-lg-0 v-inner-md-0 v-inner-2 style-6058 style-local-5827-c17 position-relative\">\n                        <!---->\n                        <!---->\n                        <div class=\"w-100 h-y-container h-column__content h-column__v-align flex-basis-100 align-self-lg-start align-self-md-start align-self-start\">\n                          <!---->\n                          <div data-colibri-id=\"5827-c18\" class=\"h-global-transition-all h-heading style-6059 style-local-5827-c18 position-relative h-element\">\n                            <!---->\n                            <div class=\"h-heading__outer style-6059 style-local-5827-c18\">\n                              <!---->\n                              <!---->\n                              <h5 class=\"\">Dopasowanie<\/h5>\n                            <\/div>\n                          <\/div>\n                          <div data-colibri-id=\"5827-c19\" class=\"h-text h-text-component style-6060 style-local-5827-c19 position-relative h-element\">\n                            <!---->\n                            <!---->\n                            <div class=\"\">\n                              <p>Dopasowanie ci\u0119\u017cko\u015bci balastu do w\u0142asnych potrzeb.<\/p>\n                            <\/div>\n                          <\/div>\n                        <\/div>\n                      <\/div>\n                    <\/div>\n                    <div class=\"h-column h-column-container d-flex h-col-lg-6 h-col-md-6 h-col-6 style-6058-outer style-local-5827-c20-outer\">\n                      <div data-colibri-id=\"5827-c20\" class=\"d-flex h-flex-basis h-column__inner h-px-lg-0 h-px-md-0 h-px-2 v-inner-lg-0 v-inner-md-0 v-inner-2 style-6058 style-local-5827-c20 position-relative\">\n                        <!---->\n                        <!---->\n                        <div class=\"w-100 h-y-container h-column__content h-column__v-align flex-basis-100 align-self-lg-start align-self-md-start align-self-start\">\n                          <!---->\n                          <div data-colibri-id=\"5827-c21\" class=\"h-global-transition-all h-heading style-6059 style-local-5827-c21 position-relative h-element\">\n                            <!---->\n                            <div class=\"h-heading__outer style-6059 style-local-5827-c21\">\n                              <!---->\n                              <!---->\n                              <h5 class=\"\">Ochrona<\/h5>\n                            <\/div>\n                          <\/div>\n                          <div data-colibri-id=\"5827-c22\" class=\"h-text h-text-component style-6060 style-local-5827-c22 position-relative h-element\">\n                            <!---->\n                            <!---->\n                            <div class=\"\">\n                              <p>Metalowa konstrukcja chroni beton przed ukruszeniem i odpadni\u0119ciem<\/p>\n                            <\/div>\n                          <\/div>\n                        <\/div>\n                      <\/div>\n                    <\/div>\n                    <div class=\"h-column h-column-container d-flex h-col-lg-6 h-col-md-6 h-col-6 style-6058-outer style-local-5827-c23-outer\">\n                      <div data-colibri-id=\"5827-c23\" class=\"d-flex h-flex-basis h-column__inner h-ui-empty-state-container h-px-lg-0 h-px-md-0 h-px-2 v-inner-lg-0 v-inner-md-0 v-inner-2 style-6058 style-local-5827-c23 position-relative\">\n                        <!---->\n                        <!---->\n                        <div class=\"w-100 h-y-container h-column__content h-column__v-align flex-basis-100\">\n                          <!---->\n                        <\/div>\n                      <\/div>\n                    <\/div>\n                  <\/div>\n                <\/div>\n              <\/div>\n            <\/div>\n          <\/div>\n        <\/div>\n      <\/div>\n    <\/div>\n  <\/div>\n  <div data-colibri-component=\"section\" data-colibri-id=\"5827-c45\" id=\"reusable-sections\" class=\"h-section h-section-global-spacing d-flex align-items-lg-center align-items-md-center align-items-center style-6071 style-local-5827-c45 position-relative\">\n    <!---->\n    <!---->\n    <div class=\"h-section-grid-container h-section-boxed-container\">\n      <!---->\n      <div data-colibri-id=\"5827-c46\" class=\"h-row-container gutters-row-lg-2 gutters-row-md-2 gutters-row-0 gutters-row-v-lg-2 gutters-row-v-md-2 gutters-row-v-2 style-6072 style-local-5827-c46 position-relative\">\n        <!---->\n        <div class=\"h-row justify-content-lg-center justify-content-md-center justify-content-center align-items-lg-stretch align-items-md-stretch align-items-stretch gutters-col-lg-2 gutters-col-md-2 gutters-col-0 gutters-col-v-lg-2 gutters-col-v-md-2 gutters-col-v-2\">\n          <!---->\n          <div class=\"h-column h-column-container d-flex h-col-lg-auto h-col-md-auto h-col-auto style-6073-outer style-local-5827-c47-outer\">\n            <div data-colibri-id=\"5827-c47\" class=\"d-flex h-flex-basis h-column__inner h-px-lg-2 h-px-md-2 h-px-2 v-inner-lg-2 v-inner-md-2 v-inner-2 style-6073 style-local-5827-c47 position-relative\">\n              <!---->\n              <!---->\n              <div class=\"w-100 h-y-container h-column__content h-column__v-align flex-basis-100 align-self-lg-start align-self-md-start align-self-start\">\n                <!---->\n                <div data-colibri-id=\"5827-c48\" class=\"h-text h-text-component style-6074 style-local-5827-c48 position-relative h-element\">\n                  <!---->\n                  <!---->\n                  <div class=\"\">\n                    <h3>Serwis gwarancyjny i pogwarancyjny<\/h3>\n                    <p>Metal-Technik zapewnia serwis gwarancyjny wszystkich maszyn rolniczych oraz pe\u0142en asortyment cz\u0119\u015bci zamiennych.<\/p>\n                  <\/div>\n                <\/div>\n              <\/div>\n            <\/div>\n          <\/div>\n          <div class=\"h-column h-column-container d-flex h-col-lg-auto h-col-md-auto h-col-auto style-6075-outer style-local-5827-c49-outer\">\n            <div data-colibri-id=\"5827-c49\" class=\"d-flex h-flex-basis h-column__inner h-px-lg-2 h-px-md-2 h-px-2 v-inner-lg-2 v-inner-md-2 v-inner-2 style-6075 style-local-5827-c49 position-relative\">\n              <!---->\n              <!---->\n              <div class=\"w-100 h-y-container h-column__content h-column__v-align flex-basis-100 align-self-lg-start align-self-md-start align-self-start\">\n                <!---->\n                <div data-colibri-id=\"5827-c50\" class=\"h-global-transition-all h-heading style-6076 style-local-5827-c50 position-relative h-element\">\n                  <!---->\n                  <div class=\"h-heading__outer style-6076 style-local-5827-c50\">\n                    <!---->\n                    <!---->\n                    <h2 class=\"\">Dane techniczne<\/h2>\n                  <\/div>\n                <\/div>\n              <\/div>\n            <\/div>\n          <\/div>\n        <\/div>\n      <\/div>\n      <div data-colibri-id=\"5827-c51\" class=\"h-row-container gutters-row-lg-2 gutters-row-md-2 gutters-row-0 gutters-row-v-lg-2 gutters-row-v-md-2 gutters-row-v-2 style-6077 style-local-5827-c51 position-relative\">\n        <!---->\n        <div class=\"h-row justify-content-lg-center justify-content-md-center justify-content-center align-items-lg-stretch align-items-md-stretch align-items-stretch gutters-col-lg-2 gutters-col-md-2 gutters-col-0 gutters-col-v-lg-2 gutters-col-v-md-2 gutters-col-v-2\">\n          <!---->\n          <div class=\"h-column h-column-container d-flex h-col-lg-auto h-col-md-auto h-col-auto style-6078-outer style-local-5827-c52-outer\">\n            <div data-colibri-id=\"5827-c52\" class=\"d-flex h-flex-basis h-column__inner h-ui-empty-state-container h-px-lg-2 h-px-md-2 h-px-2 v-inner-lg-2 v-inner-md-2 v-inner-2 style-6078 style-local-5827-c52 position-relative\">\n              <!---->\n              <!---->\n              <div class=\"w-100 h-y-container h-column__content h-column__v-align flex-basis-100\">\n                <!---->\n              <\/div>\n            <\/div>\n          <\/div>\n          <div class=\"h-column h-column-container d-flex h-col-lg-auto h-col-md-auto h-col-auto style-6080-outer style-local-5827-c54-outer\">\n            <div data-colibri-id=\"5827-c54\" class=\"d-flex h-flex-basis h-column__inner h-px-lg-2 h-px-md-2 h-px-2 v-inner-lg-2 v-inner-md-2 v-inner-2 style-6080 style-local-5827-c54 position-relative\">\n              <!---->\n              <!---->\n              <div class=\"w-100 h-y-container h-column__content h-column__v-align flex-basis-100 align-self-lg-start align-self-md-start align-self-start\">\n                <!---->\n                <div data-colibri-id=\"5827-c55\" class=\"h-x-container style-6081 style-local-5827-c55 position-relative h-element\">\n                  <!---->\n                  <div class=\"h-x-container-inner style-dynamic-5827-c55-group style-6081-spacing style-local-5827-c55-spacing\"><span class=\"h-button__outer style-6082-outer style-local-5827-c56-outer d-inline-flex h-element\"><a h-use-smooth-scroll=\"true\" href=\"https:\/\/skraw-tech.com\/wp-content\/uploads\/2022\/12\/balast.pdf\"  data-colibri-id=\"5827-c56\" class=\"d-flex w-100 align-items-center h-button justify-content-lg-center justify-content-md-center justify-content-center style-6082 style-local-5827-c56 position-relative\"><!----><!----> <span>Kliknij, aby zobaczy\u0107 dane techniczne<\/span><\/a>\n                    <\/span>\n                  <\/div>\n                <\/div>\n              <\/div>\n            <\/div>\n          <\/div>\n        <\/div>\n      <\/div>\n    <\/div>\n  <\/div>\n<\/div>","protected":false},"excerpt":{"rendered":"<p>BAlast Balast mocowany jest na przedni lub tylni TUZ. Wykonany jest z solidnej metalowej konstrukcji do samodzielnego wype\u0142nienia betonem. Zalet\u0105 tego rozwi\u0105zania jest to, \u017ce w przypadku uderzenia nie ukruszy si\u0119 i nie odpadnie \u017caden kawa\u0142ek, oraz mo\u017cna dopasowa\u0107 wag\u0119 balastu do swoich potrzeb. Trwa\u0142o\u015b\u0107 Wykonany z najwy\u017cszej jako\u015bci materia\u0142\u00f3w Dopasowanie Dopasowanie ci\u0119\u017cko\u015bci balastu do [&hellip;]<\/p>\n","protected":false},"author":1,"featured_media":0,"parent":0,"menu_order":0,"comment_status":"closed","ping_status":"closed","template":"page-templates\/full-width-page.php","meta":{"footnotes":""},"class_list":["post-5827","page","type-page","status-publish","hentry"],"_links":{"self":[{"href":"https:\/\/skraw-tech.com\/index.php?rest_route=\/wp\/v2\/pages\/5827","targetHints":{"allow":["GET"]}}],"collection":[{"href":"https:\/\/skraw-tech.com\/index.php?rest_route=\/wp\/v2\/pages"}],"about":[{"href":"https:\/\/skraw-tech.com\/index.php?rest_route=\/wp\/v2\/types\/page"}],"author":[{"embeddable":true,"href":"https:\/\/skraw-tech.com\/index.php?rest_route=\/wp\/v2\/users\/1"}],"replies":[{"embeddable":true,"href":"https:\/\/skraw-tech.com\/index.php?rest_route=%2Fwp%2Fv2%2Fcomments&post=5827"}],"version-history":[{"count":3,"href":"https:\/\/skraw-tech.com\/index.php?rest_route=\/wp\/v2\/pages\/5827\/revisions"}],"predecessor-version":[{"id":5840,"href":"https:\/\/skraw-tech.com\/index.php?rest_route=\/wp\/v2\/pages\/5827\/revisions\/5840"}],"wp:attachment":[{"href":"https:\/\/skraw-tech.com\/index.php?rest_route=%2Fwp%2Fv2%2Fmedia&parent=5827"}],"curies":[{"name":"wp","href":"https:\/\/api.w.org\/{rel}","templated":true}]}}