{"id":5869,"date":"2023-01-20T07:21:29","date_gmt":"2023-01-20T06:21:29","guid":{"rendered":"https:\/\/skraw-tech.com\/?page_id=5869"},"modified":"2023-01-23T13:14:40","modified_gmt":"2023-01-23T12:14:40","slug":"tolmet","status":"publish","type":"page","link":"https:\/\/skraw-tech.com\/?page_id=5869","title":{"rendered":"Tolmet"},"content":{"rendered":"<div data-colibri-id=\"5869-c1\" class=\"style-6120 style-local-5869-c1 position-relative\">\n  <!---->\n  <div data-colibri-component=\"section\" data-colibri-id=\"5869-c2\" id=\"reusable-sections\" class=\"h-section h-section-global-spacing d-flex align-items-lg-center align-items-md-center align-items-center style-6121 style-local-5869-c2 position-relative\">\n    <!---->\n    <!---->\n    <div class=\"h-section-grid-container h-section-fluid-container\">\n      <!---->\n      <div data-colibri-id=\"5869-c3\" class=\"h-row-container gutters-row-lg-0 gutters-row-md-0 gutters-row-2 gutters-row-v-lg-0 gutters-row-v-md-0 gutters-row-v-2 style-6122 style-local-5869-c3 position-relative\">\n        <!---->\n        <div class=\"h-row justify-content-lg-center justify-content-md-center justify-content-center align-items-lg-stretch align-items-md-stretch align-items-stretch gutters-col-lg-0 gutters-col-md-0 gutters-col-2 gutters-col-v-lg-0 gutters-col-v-md-0 gutters-col-v-2\">\n          <!---->\n          <div class=\"h-column h-column-container d-flex h-col-lg-auto h-col-md-auto h-col-auto style-6123-outer style-local-5869-c4-outer\">\n            <div data-colibri-id=\"5869-c4\" class=\"d-flex h-flex-basis h-column__inner h-px-lg-0 h-px-md-0 h-px-0 v-inner-lg-0 v-inner-md-0 v-inner-0 style-6123 style-local-5869-c4 position-relative\">\n              <!---->\n              <!---->\n              <div class=\"w-100 h-y-container h-column__content h-column__v-align flex-basis-100 align-self-lg-start align-self-md-start align-self-start\">\n                <!---->\n                <div data-colibri-id=\"5869-c5\" class=\"h-global-transition-all h-heading style-6124 style-local-5869-c5 position-relative h-element\">\n                  <!---->\n                  <div class=\"h-heading__outer style-6124 style-local-5869-c5\">\n                    <!---->\n                    <!---->\n                    <h4 class=\"\">O firmie<\/h4>\n                  <\/div>\n                <\/div>\n                <div data-colibri-id=\"5869-c6\" class=\"h-text h-text-component style-6125 style-local-5869-c6 position-relative h-element\">\n                  <!---->\n                  <!---->\n                  <div class=\"\">\n                    <p><span style=\"font-weight: 500; font-size: 14px; font-family: Montserrat, Helvetica, Arial, Lucida, sans-serif; color: rgb(102, 102, 102);\">,Firma TOLMET istnieje na Polskim rynku od 1999r. Specjalizuje si\u0119 ona w produkcji maszyn oraz ich sprzeda\u017c\u0105. Od tego czasu wprowadzi\u0142a do swojej oferty wiele maszyn uprawowych takich jak m.in. brony talerzowe, agregaty, kultywatory oraz opryskiwacze zar\u00f3wno zawieszane, jak i przyczepiane.<\/span><\/p>\n                  <\/div>\n                <\/div>\n              <\/div>\n            <\/div>\n          <\/div>\n        <\/div>\n      <\/div>\n    <\/div>\n  <\/div>\n  <div data-colibri-component=\"section\" data-colibri-id=\"5869-c7\" id=\"reusable-sections-2\" class=\"h-section h-section-global-spacing d-flex align-items-lg-center align-items-md-center align-items-center style-6126 style-local-5869-c7 position-relative\">\n    <!---->\n    <!---->\n    <div class=\"h-section-grid-container h-section-boxed-container\">\n      <!---->\n      <div data-colibri-id=\"5869-c8\" class=\"h-row-container gutters-row-lg-2 gutters-row-md-2 gutters-row-0 gutters-row-v-lg-2 gutters-row-v-md-2 gutters-row-v-2 style-6127 style-local-5869-c8 position-relative\">\n        <!---->\n        <div class=\"h-row justify-content-lg-center justify-content-md-center justify-content-center align-items-lg-stretch align-items-md-stretch align-items-stretch gutters-col-lg-2 gutters-col-md-2 gutters-col-0 gutters-col-v-lg-2 gutters-col-v-md-2 gutters-col-v-2\">\n          <!---->\n          <div class=\"h-column h-column-container d-flex h-col-lg-auto h-col-md-auto h-col-auto style-6128-outer style-local-5869-c9-outer\">\n            <div data-colibri-id=\"5869-c9\" class=\"d-flex h-flex-basis h-column__inner h-px-lg-2 h-px-md-2 h-px-2 v-inner-lg-2 v-inner-md-2 v-inner-2 style-6128 style-local-5869-c9 position-relative\">\n              <!---->\n              <!---->\n              <div class=\"w-100 h-y-container h-column__content h-column__v-align flex-basis-100 align-self-lg-start align-self-md-start align-self-start\">\n                <!---->\n                <div data-colibri-id=\"5869-c10\" class=\"d-block style-6129 style-local-5869-c10 position-relative h-element\">\n                  <!---->\n                  <div class=\"h-image__frame-container-outer\">\n                    <div class=\"h-image__frame-container\">\n                      <!---->\n                      <!---->\n                      <img loading=\"lazy\" decoding=\"async\" width=\"2560\" height=\"1886\" src=\"https:\/\/skraw-tech.com\/wp-content\/uploads\/2023\/01\/polonek-tyl.png\" class=\"wp-image-5887 style-6129-image style-local-5869-c10-image\" alt=\"\" srcset=\"https:\/\/skraw-tech.com\/wp-content\/uploads\/2023\/01\/polonek-tyl.png 2560w, https:\/\/skraw-tech.com\/wp-content\/uploads\/2023\/01\/polonek-tyl-300x221.png 300w, https:\/\/skraw-tech.com\/wp-content\/uploads\/2023\/01\/polonek-tyl-1024x754.png 1024w, https:\/\/skraw-tech.com\/wp-content\/uploads\/2023\/01\/polonek-tyl-768x566.png 768w, https:\/\/skraw-tech.com\/wp-content\/uploads\/2023\/01\/polonek-tyl-1536x1131.png 1536w, https:\/\/skraw-tech.com\/wp-content\/uploads\/2023\/01\/polonek-tyl-2048x1509.png 2048w\" sizes=\"auto, (max-width: 2560px) 100vw, 2560px\" \/>\n                      <div class=\"h-image__frame h-hide-lg h-hide-md h-hide-sm style-6129-frameImage style-local-5869-c10-frameImage\"><\/div>\n                    <\/div>\n                  <\/div>\n                <\/div>\n              <\/div>\n            <\/div>\n          <\/div>\n          <div class=\"h-column h-column-container d-flex h-col-lg-auto h-col-md-auto h-col-auto style-6130-outer style-local-5869-c11-outer\">\n            <div data-colibri-id=\"5869-c11\" class=\"d-flex h-flex-basis h-column__inner h-px-lg-2 h-px-md-2 h-px-2 v-inner-lg-2 v-inner-md-2 v-inner-2 style-6130 style-local-5869-c11 position-relative\">\n              <!---->\n              <!---->\n              <div class=\"w-100 h-y-container h-column__content h-column__v-align flex-basis-100 align-self-lg-start align-self-md-start align-self-start\">\n                <!---->\n                <div data-colibri-id=\"5869-c12\" class=\"h-global-transition-all h-heading style-6131 style-local-5869-c12 position-relative h-element\">\n                  <!---->\n                  <div class=\"h-heading__outer style-6131 style-local-5869-c12\">\n                    <!---->\n                    <!---->\n                    <h2 class=\"\">Maszyny uprawowe<\/h2>\n                  <\/div>\n                <\/div>\n              <\/div>\n            <\/div>\n          <\/div>\n        <\/div>\n      <\/div>\n      <div data-colibri-id=\"5869-c13\" class=\"h-row-container gutters-row-lg-0 gutters-row-md-0 gutters-row-0 gutters-row-v-lg-0 gutters-row-v-md-0 gutters-row-v-0 style-6132 style-local-5869-c13 position-relative\">\n        <!---->\n        <div class=\"h-row justify-content-lg-center justify-content-md-center justify-content-center align-items-lg-stretch align-items-md-stretch align-items-stretch gutters-col-lg-0 gutters-col-md-0 gutters-col-0 gutters-col-v-lg-0 gutters-col-v-md-0 gutters-col-v-0\">\n          <!---->\n          <div class=\"h-column h-column-container d-flex h-col-lg-auto h-col-md-auto h-col-auto style-6133-outer style-local-5869-c14-outer\">\n            <div data-colibri-id=\"5869-c14\" class=\"d-flex h-flex-basis h-column__inner h-px-lg-2 h-px-md-2 h-px-2 v-inner-lg-2 v-inner-md-2 v-inner-2 style-6133 style-local-5869-c14 position-relative\">\n              <!---->\n              <!---->\n              <div class=\"w-100 h-y-container h-column__content h-column__v-align flex-basis-100 align-self-lg-start align-self-md-start align-self-start\">\n                <!---->\n                <div data-colibri-id=\"5869-c15\" class=\"h-x-container style-6134 style-local-5869-c15 position-relative h-element\">\n                  <!---->\n                  <div class=\"h-x-container-inner style-dynamic-5869-c15-group style-6134-spacing style-local-5869-c15-spacing\"><span class=\"h-button__outer style-6135-outer style-local-5869-c16-outer d-inline-flex h-element\"><a h-use-smooth-scroll=\"true\" href=\"https:\/\/skraw-tech.com\/?page_id=6405\"  data-colibri-id=\"5869-c16\" class=\"d-flex w-100 align-items-center h-button justify-content-lg-center justify-content-md-center justify-content-center style-6135 style-local-5869-c16 position-relative\"><!----><!----> <span>Zobacz Wi\u0119cej<\/span><\/a>\n                    <\/span>\n                  <\/div>\n                <\/div>\n              <\/div>\n            <\/div>\n          <\/div>\n          <div class=\"h-column h-column-container d-flex h-col-lg-auto h-col-md-auto h-col-auto style-6136-outer style-local-5869-c17-outer\">\n            <div data-colibri-id=\"5869-c17\" class=\"d-flex h-flex-basis h-column__inner h-px-lg-2 h-px-md-2 h-px-2 v-inner-lg-2 v-inner-md-2 v-inner-2 style-6136 style-local-5869-c17 position-relative\">\n              <!---->\n              <!---->\n              <div class=\"w-100 h-y-container h-column__content h-column__v-align flex-basis-100 align-self-lg-start align-self-md-start align-self-start\">\n                <!---->\n                <div data-colibri-id=\"5869-c18\" class=\"h-text h-text-component style-6137 style-local-5869-c18 position-relative h-element\">\n                  <!---->\n                  <!---->\n                  <div class=\"\">\n                    <p><span style=\"font-weight: 500; font-size: 18px; font-family: &quot;Open Sans&quot;, Arial, sans-serif; color: rgb(34, 34, 34);\">Bogata oferta maszyn uprawowych takich jak agregaty, g\u0142\u0119bosze czy&nbsp; brony talerzowe.<\/span><\/p>\n                  <\/div>\n                <\/div>\n              <\/div>\n            <\/div>\n          <\/div>\n        <\/div>\n      <\/div>\n    <\/div>\n  <\/div>\n  <div data-colibri-component=\"section\" data-colibri-id=\"5869-c19\" id=\"reusable-sections-3\" class=\"h-section h-section-global-spacing d-flex align-items-lg-center align-items-md-center align-items-center style-6138 style-local-5869-c19 position-relative\">\n    <!---->\n    <!---->\n    <div class=\"h-section-grid-container h-section-boxed-container\">\n      <!---->\n      <div data-colibri-id=\"5869-c20\" class=\"h-row-container gutters-row-lg-2 gutters-row-md-2 gutters-row-0 gutters-row-v-lg-2 gutters-row-v-md-2 gutters-row-v-2 style-6139 style-local-5869-c20 position-relative\">\n        <!---->\n        <div class=\"h-row justify-content-lg-center justify-content-md-center justify-content-center align-items-lg-stretch align-items-md-stretch align-items-stretch gutters-col-lg-2 gutters-col-md-2 gutters-col-0 gutters-col-v-lg-2 gutters-col-v-md-2 gutters-col-v-2\">\n          <!---->\n          <div class=\"h-column h-column-container d-flex h-col-lg-auto h-col-md-auto h-col-auto style-6140-outer style-local-5869-c21-outer\">\n            <div data-colibri-id=\"5869-c21\" class=\"d-flex h-flex-basis h-column__inner h-px-lg-2 h-px-md-2 h-px-2 v-inner-lg-2 v-inner-md-2 v-inner-2 style-6140 style-local-5869-c21 position-relative\">\n              <!---->\n              <!---->\n              <div class=\"w-100 h-y-container h-column__content h-column__v-align flex-basis-100 align-self-lg-start align-self-md-start align-self-start\">\n                <!---->\n                <div data-colibri-id=\"5869-c22\" class=\"d-block style-6141 style-local-5869-c22 position-relative h-element\">\n                  <!---->\n                  <div class=\"h-image__frame-container-outer\">\n                    <div class=\"h-image__frame-container\">\n                      <!---->\n                      <!---->\n                      <img loading=\"lazy\" decoding=\"async\" width=\"1300\" height=\"1314\" src=\"https:\/\/skraw-tech.com\/wp-content\/uploads\/2023\/01\/Klara-1215-front.png\" class=\"wp-image-5888 style-6141-image style-local-5869-c22-image\" alt=\"\" srcset=\"https:\/\/skraw-tech.com\/wp-content\/uploads\/2023\/01\/Klara-1215-front.png 1300w, https:\/\/skraw-tech.com\/wp-content\/uploads\/2023\/01\/Klara-1215-front-297x300.png 297w, https:\/\/skraw-tech.com\/wp-content\/uploads\/2023\/01\/Klara-1215-front-1013x1024.png 1013w, https:\/\/skraw-tech.com\/wp-content\/uploads\/2023\/01\/Klara-1215-front-768x776.png 768w\" sizes=\"auto, (max-width: 1300px) 100vw, 1300px\" \/>\n                      <div class=\"h-image__frame h-hide-lg h-hide-md h-hide-sm style-6141-frameImage style-local-5869-c22-frameImage\"><\/div>\n                    <\/div>\n                  <\/div>\n                <\/div>\n              <\/div>\n            <\/div>\n          <\/div>\n          <div class=\"h-column h-column-container d-flex h-col-lg-auto h-col-md-auto h-col-auto style-6142-outer style-local-5869-c23-outer\">\n            <div data-colibri-id=\"5869-c23\" class=\"d-flex h-flex-basis h-column__inner h-px-lg-2 h-px-md-2 h-px-2 v-inner-lg-2 v-inner-md-2 v-inner-2 style-6142 style-local-5869-c23 position-relative\">\n              <!---->\n              <!---->\n              <div class=\"w-100 h-y-container h-column__content h-column__v-align flex-basis-100 align-self-lg-start align-self-md-start align-self-start\">\n                <!---->\n                <div data-colibri-id=\"5869-c24\" class=\"h-global-transition-all h-heading style-6143 style-local-5869-c24 position-relative h-element\">\n                  <!---->\n                  <div class=\"h-heading__outer style-6143 style-local-5869-c24\">\n                    <!---->\n                    <!---->\n                    <h2 class=\"\">Opryskiwacze<\/h2>\n                  <\/div>\n                <\/div>\n              <\/div>\n            <\/div>\n          <\/div>\n        <\/div>\n      <\/div>\n      <div data-colibri-id=\"5869-c25\" class=\"h-row-container gutters-row-lg-0 gutters-row-md-0 gutters-row-0 gutters-row-v-lg-0 gutters-row-v-md-0 gutters-row-v-0 style-6144 style-local-5869-c25 position-relative\">\n        <!---->\n        <div class=\"h-row justify-content-lg-center justify-content-md-center justify-content-center align-items-lg-stretch align-items-md-stretch align-items-stretch gutters-col-lg-0 gutters-col-md-0 gutters-col-0 gutters-col-v-lg-0 gutters-col-v-md-0 gutters-col-v-0\">\n          <!---->\n          <div class=\"h-column h-column-container d-flex h-col-lg-auto h-col-md-auto h-col-auto style-6145-outer style-local-5869-c26-outer\">\n            <div data-colibri-id=\"5869-c26\" class=\"d-flex h-flex-basis h-column__inner h-px-lg-2 h-px-md-2 h-px-2 v-inner-lg-2 v-inner-md-2 v-inner-2 style-6145 style-local-5869-c26 position-relative\">\n              <!---->\n              <!---->\n              <div class=\"w-100 h-y-container h-column__content h-column__v-align flex-basis-100 align-self-lg-start align-self-md-start align-self-start\">\n                <!---->\n                <div data-colibri-id=\"5869-c27\" class=\"h-x-container style-6146 style-local-5869-c27 position-relative h-element\">\n                  <!---->\n                  <div class=\"h-x-container-inner style-dynamic-5869-c27-group style-6146-spacing style-local-5869-c27-spacing\"><span class=\"h-button__outer style-6147-outer style-local-5869-c28-outer d-inline-flex h-element\"><a h-use-smooth-scroll=\"true\" href=\"https:\/\/skraw-tech.com\/?page_id=5895\"  data-colibri-id=\"5869-c28\" class=\"d-flex w-100 align-items-center h-button justify-content-lg-center justify-content-md-center justify-content-center style-6147 style-local-5869-c28 position-relative\"><!----><!----> <span>Zobacz Wi\u0119cej<\/span><\/a>\n                    <\/span>\n                  <\/div>\n                <\/div>\n              <\/div>\n            <\/div>\n          <\/div>\n          <div class=\"h-column h-column-container d-flex h-col-lg-auto h-col-md-auto h-col-auto style-6148-outer style-local-5869-c29-outer\">\n            <div data-colibri-id=\"5869-c29\" class=\"d-flex h-flex-basis h-column__inner h-px-lg-2 h-px-md-2 h-px-2 v-inner-lg-2 v-inner-md-2 v-inner-2 style-6148 style-local-5869-c29 position-relative\">\n              <!---->\n              <!---->\n              <div class=\"w-100 h-y-container h-column__content h-column__v-align flex-basis-100 align-self-lg-start align-self-md-start align-self-start\">\n                <!---->\n                <div data-colibri-id=\"5869-c30\" class=\"h-text h-text-component style-6149 style-local-5869-c30 position-relative h-element\">\n                  <!---->\n                  <!---->\n                  <div class=\"\">\n                    <p><span style=\"font-weight: 500; font-size: 18px; font-family: &quot;Open Sans&quot;, Arial, sans-serif; color: rgb(34, 34, 34);\">Opryskiwacze oferowane przez Tolmet cechuj\u0105 si\u0119 dobr\u0105 stabilizacji, wywa\u017ceniem oraz solidnym wykonaniem<\/span><\/p>\n                  <\/div>\n                <\/div>\n              <\/div>\n            <\/div>\n          <\/div>\n        <\/div>\n      <\/div>\n    <\/div>\n  <\/div>\n<\/div>","protected":false},"excerpt":{"rendered":"<p>O firmie ,Firma TOLMET istnieje na Polskim rynku od 1999r. Specjalizuje si\u0119 ona w produkcji maszyn oraz ich sprzeda\u017c\u0105. Od tego czasu wprowadzi\u0142a do swojej oferty wiele maszyn uprawowych takich jak m.in. brony talerzowe, agregaty, kultywatory oraz opryskiwacze zar\u00f3wno zawieszane, jak i przyczepiane. Maszyny uprawowe Zobacz Wi\u0119cej Bogata oferta maszyn uprawowych takich jak agregaty, g\u0142\u0119bosze [&hellip;]<\/p>\n","protected":false},"author":1,"featured_media":0,"parent":0,"menu_order":0,"comment_status":"closed","ping_status":"closed","template":"page-templates\/full-width-page.php","meta":{"footnotes":""},"class_list":["post-5869","page","type-page","status-publish","hentry"],"_links":{"self":[{"href":"https:\/\/skraw-tech.com\/index.php?rest_route=\/wp\/v2\/pages\/5869","targetHints":{"allow":["GET"]}}],"collection":[{"href":"https:\/\/skraw-tech.com\/index.php?rest_route=\/wp\/v2\/pages"}],"about":[{"href":"https:\/\/skraw-tech.com\/index.php?rest_route=\/wp\/v2\/types\/page"}],"author":[{"embeddable":true,"href":"https:\/\/skraw-tech.com\/index.php?rest_route=\/wp\/v2\/users\/1"}],"replies":[{"embeddable":true,"href":"https:\/\/skraw-tech.com\/index.php?rest_route=%2Fwp%2Fv2%2Fcomments&post=5869"}],"version-history":[{"count":4,"href":"https:\/\/skraw-tech.com\/index.php?rest_route=\/wp\/v2\/pages\/5869\/revisions"}],"predecessor-version":[{"id":6439,"href":"https:\/\/skraw-tech.com\/index.php?rest_route=\/wp\/v2\/pages\/5869\/revisions\/6439"}],"wp:attachment":[{"href":"https:\/\/skraw-tech.com\/index.php?rest_route=%2Fwp%2Fv2%2Fmedia&parent=5869"}],"curies":[{"name":"wp","href":"https:\/\/api.w.org\/{rel}","templated":true}]}}