{"id":5895,"date":"2023-01-20T07:57:32","date_gmt":"2023-01-20T06:57:32","guid":{"rendered":"https:\/\/skraw-tech.com\/?page_id=5895"},"modified":"2023-01-20T08:16:23","modified_gmt":"2023-01-20T07:16:23","slug":"opryskiwacze","status":"publish","type":"page","link":"https:\/\/skraw-tech.com\/?page_id=5895","title":{"rendered":"Opryskiwacze"},"content":{"rendered":"<div data-colibri-id=\"5895-c1\" class=\"style-6150 style-local-5895-c1 position-relative\">\n  <!---->\n  <div data-colibri-component=\"section\" data-colibri-id=\"5895-c2\" id=\"reusable-sections\" class=\"h-section h-section-global-spacing d-flex align-items-lg-center align-items-md-center align-items-center style-6151 style-local-5895-c2 position-relative\">\n    <!---->\n    <!---->\n    <div class=\"h-section-grid-container h-section-fluid-container\">\n      <!---->\n      <div data-colibri-id=\"5895-c3\" class=\"h-row-container gutters-row-lg-0 gutters-row-md-0 gutters-row-2 gutters-row-v-lg-0 gutters-row-v-md-0 gutters-row-v-2 style-6152 style-local-5895-c3 position-relative\">\n        <!---->\n        <div class=\"h-row justify-content-lg-center justify-content-md-center justify-content-center align-items-lg-stretch align-items-md-stretch align-items-stretch gutters-col-lg-0 gutters-col-md-0 gutters-col-2 gutters-col-v-lg-0 gutters-col-v-md-0 gutters-col-v-2\">\n          <!---->\n          <div class=\"h-column h-column-container d-flex h-col-lg-auto h-col-md-auto h-col-auto style-6153-outer style-local-5895-c4-outer\">\n            <div data-colibri-id=\"5895-c4\" class=\"d-flex h-flex-basis h-column__inner h-px-lg-0 h-px-md-0 h-px-0 v-inner-lg-0 v-inner-md-0 v-inner-0 style-6153 style-local-5895-c4 position-relative\">\n              <!---->\n              <!---->\n              <div class=\"w-100 h-y-container h-column__content h-column__v-align flex-basis-100 align-self-lg-start align-self-md-start align-self-start\">\n                <!---->\n                <div data-colibri-id=\"5895-c5\" class=\"h-global-transition-all h-heading style-6154 style-local-5895-c5 position-relative h-element\">\n                  <!---->\n                  <div class=\"h-heading__outer style-6154 style-local-5895-c5\">\n                    <!---->\n                    <!---->\n                    <h4 class=\"\">Opryskiwacze<\/h4>\n                  <\/div>\n                <\/div>\n                <div data-colibri-id=\"5895-c6\" class=\"h-text h-text-component style-6155 style-local-5895-c6 position-relative h-element\">\n                  <!---->\n                  <!---->\n                  <div class=\"\">\n                    <p>Opryskiwacze s\u0105 maszynami, kt\u00f3re rozbijaj\u0105 strug\u0119 cieczy na krople o odpowiedniej \u015brednicy. Kierowane s\u0105 one do miejsca przeznaczenia, najcz\u0119\u015bciej s\u0105 to ro\u015bliny, drzewa czy krzewy. Stosuje si\u0119 je w celu ochrony chemicznej wy\u017cej wymienionych\n                      ro\u015blin, ale r\u00f3wnie\u017c przy odpowiednim ich nawo\u017ceniu.<\/p>\n                  <\/div>\n                <\/div>\n              <\/div>\n            <\/div>\n          <\/div>\n        <\/div>\n      <\/div>\n    <\/div>\n  <\/div>\n  <div data-colibri-component=\"section\" data-colibri-id=\"5895-c7\" id=\"reusable-sections-2\" class=\"h-section h-section-global-spacing d-flex align-items-lg-center align-items-md-center align-items-center style-6156 style-local-5895-c7 position-relative\">\n    <!---->\n    <!---->\n    <div class=\"h-section-grid-container h-section-boxed-container\">\n      <!---->\n      <div data-colibri-id=\"5895-c8\" class=\"h-row-container gutters-row-lg-2 gutters-row-md-2 gutters-row-0 gutters-row-v-lg-2 gutters-row-v-md-2 gutters-row-v-2 style-6157 style-local-5895-c8 position-relative\">\n        <!---->\n        <div class=\"h-row justify-content-lg-center justify-content-md-center justify-content-center align-items-lg-stretch align-items-md-stretch align-items-stretch gutters-col-lg-2 gutters-col-md-2 gutters-col-0 gutters-col-v-lg-2 gutters-col-v-md-2 gutters-col-v-2\">\n          <!---->\n          <div class=\"h-column h-column-container d-flex h-col-lg-auto h-col-md-auto h-col-auto style-6158-outer style-local-5895-c9-outer\">\n            <div data-colibri-id=\"5895-c9\" class=\"d-flex h-flex-basis h-column__inner h-px-lg-2 h-px-md-2 h-px-2 v-inner-lg-2 v-inner-md-2 v-inner-2 style-6158 style-local-5895-c9 position-relative\">\n              <!---->\n              <!---->\n              <div class=\"w-100 h-y-container h-column__content h-column__v-align flex-basis-100 align-self-lg-start align-self-md-start align-self-start\">\n                <!---->\n                <div data-colibri-id=\"5895-c10\" class=\"d-block style-6159 style-local-5895-c10 position-relative h-element\">\n                  <!---->\n                  <div class=\"h-image__frame-container-outer\">\n                    <div class=\"h-image__frame-container\">\n                      <!---->\n                      <!---->\n                      <img loading=\"lazy\" decoding=\"async\" width=\"1300\" height=\"1314\" src=\"https:\/\/skraw-tech.com\/wp-content\/uploads\/2023\/01\/Klara-1215-front.png\" class=\"wp-image-5888 style-6159-image style-local-5895-c10-image\" alt=\"\" srcset=\"https:\/\/skraw-tech.com\/wp-content\/uploads\/2023\/01\/Klara-1215-front.png 1300w, https:\/\/skraw-tech.com\/wp-content\/uploads\/2023\/01\/Klara-1215-front-297x300.png 297w, https:\/\/skraw-tech.com\/wp-content\/uploads\/2023\/01\/Klara-1215-front-1013x1024.png 1013w, https:\/\/skraw-tech.com\/wp-content\/uploads\/2023\/01\/Klara-1215-front-768x776.png 768w\" sizes=\"auto, (max-width: 1300px) 100vw, 1300px\" \/>\n                      <div class=\"h-image__frame h-hide-lg h-hide-md h-hide-sm style-6159-frameImage style-local-5895-c10-frameImage\"><\/div>\n                    <\/div>\n                  <\/div>\n                <\/div>\n              <\/div>\n            <\/div>\n          <\/div>\n          <div class=\"h-column h-column-container d-flex h-col-lg-auto h-col-md-auto h-col-auto style-6160-outer style-local-5895-c11-outer\">\n            <div data-colibri-id=\"5895-c11\" class=\"d-flex h-flex-basis h-column__inner h-px-lg-2 h-px-md-2 h-px-2 v-inner-lg-2 v-inner-md-2 v-inner-2 style-6160 style-local-5895-c11 position-relative\">\n              <!---->\n              <!---->\n              <div class=\"w-100 h-y-container h-column__content h-column__v-align flex-basis-100 align-self-lg-start align-self-md-start align-self-start\">\n                <!---->\n                <div data-colibri-id=\"5895-c12\" class=\"h-global-transition-all h-heading style-6161 style-local-5895-c12 position-relative h-element\">\n                  <!---->\n                  <div class=\"h-heading__outer style-6161 style-local-5895-c12\">\n                    <!---->\n                    <!---->\n                    <h2 class=\"\">Opryskiwacze zawieszane<\/h2>\n                  <\/div>\n                <\/div>\n              <\/div>\n            <\/div>\n          <\/div>\n        <\/div>\n      <\/div>\n      <div data-colibri-id=\"5895-c13\" class=\"h-row-container gutters-row-lg-0 gutters-row-md-0 gutters-row-0 gutters-row-v-lg-0 gutters-row-v-md-0 gutters-row-v-0 style-6162 style-local-5895-c13 position-relative\">\n        <!---->\n        <div class=\"h-row justify-content-lg-center justify-content-md-center justify-content-center align-items-lg-stretch align-items-md-stretch align-items-stretch gutters-col-lg-0 gutters-col-md-0 gutters-col-0 gutters-col-v-lg-0 gutters-col-v-md-0 gutters-col-v-0\">\n          <!---->\n          <div class=\"h-column h-column-container d-flex h-col-lg-auto h-col-md-auto h-col-auto style-6163-outer style-local-5895-c14-outer\">\n            <div data-colibri-id=\"5895-c14\" class=\"d-flex h-flex-basis h-column__inner h-px-lg-2 h-px-md-2 h-px-2 v-inner-lg-2 v-inner-md-2 v-inner-2 style-6163 style-local-5895-c14 position-relative\">\n              <!---->\n              <!---->\n              <div class=\"w-100 h-y-container h-column__content h-column__v-align flex-basis-100 align-self-lg-start align-self-md-start align-self-start\">\n                <!---->\n                <div data-colibri-id=\"5895-c15\" class=\"h-x-container style-6164 style-local-5895-c15 position-relative h-element\">\n                  <!---->\n                  <div class=\"h-x-container-inner style-dynamic-5895-c15-group style-6164-spacing style-local-5895-c15-spacing\"><span class=\"h-button__outer style-6165-outer style-local-5895-c16-outer d-inline-flex h-element\"><a h-use-smooth-scroll=\"true\" href=\"https:\/\/skraw-tech.com\/?page_id=5897\"  data-colibri-id=\"5895-c16\" class=\"d-flex w-100 align-items-center h-button justify-content-lg-center justify-content-md-center justify-content-center style-6165 style-local-5895-c16 position-relative\"><!----><!----> <span>Zobacz Wi\u0119cej<\/span><\/a>\n                    <\/span>\n                  <\/div>\n                <\/div>\n              <\/div>\n            <\/div>\n          <\/div>\n          <div class=\"h-column h-column-container d-flex h-col-lg-auto h-col-md-auto h-col-auto style-6166-outer style-local-5895-c17-outer\">\n            <div data-colibri-id=\"5895-c17\" class=\"d-flex h-flex-basis h-column__inner h-px-lg-2 h-px-md-2 h-px-2 v-inner-lg-2 v-inner-md-2 v-inner-2 style-6166 style-local-5895-c17 position-relative\">\n              <!---->\n              <!---->\n              <div class=\"w-100 h-y-container h-column__content h-column__v-align flex-basis-100 align-self-lg-start align-self-md-start align-self-start\">\n                <!---->\n                <div data-colibri-id=\"5895-c18\" class=\"h-text h-text-component style-6167 style-local-5895-c18 position-relative h-element\">\n                  <!---->\n                  <!---->\n                  <div class=\"\"><\/div>\n                <\/div>\n              <\/div>\n            <\/div>\n          <\/div>\n        <\/div>\n      <\/div>\n    <\/div>\n  <\/div>\n  <div data-colibri-component=\"section\" data-colibri-id=\"5895-c19\" id=\"reusable-sections-3\" class=\"h-section h-section-global-spacing d-flex align-items-lg-center align-items-md-center align-items-center style-6168 style-local-5895-c19 position-relative\">\n    <!---->\n    <!---->\n    <div class=\"h-section-grid-container h-section-boxed-container\">\n      <!---->\n      <div data-colibri-id=\"5895-c20\" class=\"h-row-container gutters-row-lg-2 gutters-row-md-2 gutters-row-0 gutters-row-v-lg-2 gutters-row-v-md-2 gutters-row-v-2 style-6169 style-local-5895-c20 position-relative\">\n        <!---->\n        <div class=\"h-row justify-content-lg-center justify-content-md-center justify-content-center align-items-lg-stretch align-items-md-stretch align-items-stretch gutters-col-lg-2 gutters-col-md-2 gutters-col-0 gutters-col-v-lg-2 gutters-col-v-md-2 gutters-col-v-2\">\n          <!---->\n          <div class=\"h-column h-column-container d-flex h-col-lg-auto h-col-md-auto h-col-auto style-6170-outer style-local-5895-c21-outer\">\n            <div data-colibri-id=\"5895-c21\" class=\"d-flex h-flex-basis h-column__inner h-px-lg-2 h-px-md-2 h-px-2 v-inner-lg-2 v-inner-md-2 v-inner-2 style-6170 style-local-5895-c21 position-relative\">\n              <!---->\n              <!---->\n              <div class=\"w-100 h-y-container h-column__content h-column__v-align flex-basis-100 align-self-lg-start align-self-md-start align-self-start\">\n                <!---->\n                <div data-colibri-id=\"5895-c22\" class=\"d-block style-6171 style-local-5895-c22 position-relative h-element\">\n                  <!---->\n                  <div class=\"h-image__frame-container-outer\">\n                    <div class=\"h-image__frame-container\">\n                      <!---->\n                      <!---->\n                      <img loading=\"lazy\" decoding=\"async\" width=\"2560\" height=\"1440\" src=\"https:\/\/skraw-tech.com\/wp-content\/uploads\/2023\/01\/borys-3024-annovi-reverberi-185.png\" class=\"wp-image-5910 style-6171-image style-local-5895-c22-image\" alt=\"\" srcset=\"https:\/\/skraw-tech.com\/wp-content\/uploads\/2023\/01\/borys-3024-annovi-reverberi-185.png 2560w, https:\/\/skraw-tech.com\/wp-content\/uploads\/2023\/01\/borys-3024-annovi-reverberi-185-300x169.png 300w, https:\/\/skraw-tech.com\/wp-content\/uploads\/2023\/01\/borys-3024-annovi-reverberi-185-1024x576.png 1024w, https:\/\/skraw-tech.com\/wp-content\/uploads\/2023\/01\/borys-3024-annovi-reverberi-185-768x432.png 768w, https:\/\/skraw-tech.com\/wp-content\/uploads\/2023\/01\/borys-3024-annovi-reverberi-185-1536x864.png 1536w, https:\/\/skraw-tech.com\/wp-content\/uploads\/2023\/01\/borys-3024-annovi-reverberi-185-2048x1152.png 2048w\" sizes=\"auto, (max-width: 2560px) 100vw, 2560px\" \/>\n                      <div class=\"h-image__frame h-hide-lg h-hide-md h-hide-sm style-6171-frameImage style-local-5895-c22-frameImage\"><\/div>\n                    <\/div>\n                  <\/div>\n                <\/div>\n              <\/div>\n            <\/div>\n          <\/div>\n          <div class=\"h-column h-column-container d-flex h-col-lg-auto h-col-md-auto h-col-auto style-6172-outer style-local-5895-c23-outer\">\n            <div data-colibri-id=\"5895-c23\" class=\"d-flex h-flex-basis h-column__inner h-px-lg-2 h-px-md-2 h-px-2 v-inner-lg-2 v-inner-md-2 v-inner-2 style-6172 style-local-5895-c23 position-relative\">\n              <!---->\n              <!---->\n              <div class=\"w-100 h-y-container h-column__content h-column__v-align flex-basis-100 align-self-lg-start align-self-md-start align-self-start\">\n                <!---->\n                <div data-colibri-id=\"5895-c24\" class=\"h-global-transition-all h-heading style-6173 style-local-5895-c24 position-relative h-element\">\n                  <!---->\n                  <div class=\"h-heading__outer style-6173 style-local-5895-c24\">\n                    <!---->\n                    <!---->\n                    <h3 class=\"\">Opryskiwacze przyczepiane<\/h3>\n                  <\/div>\n                <\/div>\n              <\/div>\n            <\/div>\n          <\/div>\n        <\/div>\n      <\/div>\n      <div data-colibri-id=\"5895-c25\" class=\"h-row-container gutters-row-lg-0 gutters-row-md-0 gutters-row-0 gutters-row-v-lg-0 gutters-row-v-md-0 gutters-row-v-0 style-6174 style-local-5895-c25 position-relative\">\n        <!---->\n        <div class=\"h-row justify-content-lg-center justify-content-md-center justify-content-center align-items-lg-stretch align-items-md-stretch align-items-stretch gutters-col-lg-0 gutters-col-md-0 gutters-col-0 gutters-col-v-lg-0 gutters-col-v-md-0 gutters-col-v-0\">\n          <!---->\n          <div class=\"h-column h-column-container d-flex h-col-lg-auto h-col-md-auto h-col-auto style-6175-outer style-local-5895-c26-outer\">\n            <div data-colibri-id=\"5895-c26\" class=\"d-flex h-flex-basis h-column__inner h-px-lg-2 h-px-md-2 h-px-2 v-inner-lg-2 v-inner-md-2 v-inner-2 style-6175 style-local-5895-c26 position-relative\">\n              <!---->\n              <!---->\n              <div class=\"w-100 h-y-container h-column__content h-column__v-align flex-basis-100 align-self-lg-start align-self-md-start align-self-start\">\n                <!---->\n                <div data-colibri-id=\"5895-c27\" class=\"h-x-container style-6176 style-local-5895-c27 position-relative h-element\">\n                  <!---->\n                  <div class=\"h-x-container-inner style-dynamic-5895-c27-group style-6176-spacing style-local-5895-c27-spacing\"><span class=\"h-button__outer style-6177-outer style-local-5895-c28-outer d-inline-flex h-element\"><a h-use-smooth-scroll=\"true\" href=\"https:\/\/skraw-tech.com\/?page_id=5898\"  data-colibri-id=\"5895-c28\" class=\"d-flex w-100 align-items-center h-button justify-content-lg-center justify-content-md-center justify-content-center style-6177 style-local-5895-c28 position-relative\"><!----><!----> <span>Zobacz Wi\u0119cej<\/span><\/a>\n                    <\/span>\n                  <\/div>\n                <\/div>\n              <\/div>\n            <\/div>\n          <\/div>\n          <div class=\"h-column h-column-container d-flex h-col-lg-auto h-col-md-auto h-col-auto style-6178-outer style-local-5895-c29-outer\">\n            <div data-colibri-id=\"5895-c29\" class=\"d-flex h-flex-basis h-column__inner h-px-lg-2 h-px-md-2 h-px-2 v-inner-lg-2 v-inner-md-2 v-inner-2 style-6178 style-local-5895-c29 position-relative\">\n              <!---->\n              <!---->\n              <div class=\"w-100 h-y-container h-column__content h-column__v-align flex-basis-100 align-self-lg-start align-self-md-start align-self-start\">\n                <!---->\n                <div data-colibri-id=\"5895-c30\" class=\"h-text h-text-component style-6179 style-local-5895-c30 position-relative h-element\">\n                  <!---->\n                  <!---->\n                  <div class=\"\"><\/div>\n                <\/div>\n              <\/div>\n            <\/div>\n          <\/div>\n        <\/div>\n      <\/div>\n    <\/div>\n  <\/div>\n<\/div>","protected":false},"excerpt":{"rendered":"<p>Opryskiwacze Opryskiwacze s\u0105 maszynami, kt\u00f3re rozbijaj\u0105 strug\u0119 cieczy na krople o odpowiedniej \u015brednicy. Kierowane s\u0105 one do miejsca przeznaczenia, najcz\u0119\u015bciej s\u0105 to ro\u015bliny, drzewa czy krzewy. Stosuje si\u0119 je w celu ochrony chemicznej wy\u017cej wymienionych ro\u015blin, ale r\u00f3wnie\u017c przy odpowiednim ich nawo\u017ceniu. Opryskiwacze zawieszane Zobacz Wi\u0119cej Opryskiwacze przyczepiane Zobacz Wi\u0119cej<\/p>\n","protected":false},"author":1,"featured_media":0,"parent":0,"menu_order":0,"comment_status":"closed","ping_status":"closed","template":"page-templates\/full-width-page.php","meta":{"footnotes":""},"class_list":["post-5895","page","type-page","status-publish","hentry"],"_links":{"self":[{"href":"https:\/\/skraw-tech.com\/index.php?rest_route=\/wp\/v2\/pages\/5895","targetHints":{"allow":["GET"]}}],"collection":[{"href":"https:\/\/skraw-tech.com\/index.php?rest_route=\/wp\/v2\/pages"}],"about":[{"href":"https:\/\/skraw-tech.com\/index.php?rest_route=\/wp\/v2\/types\/page"}],"author":[{"embeddable":true,"href":"https:\/\/skraw-tech.com\/index.php?rest_route=\/wp\/v2\/users\/1"}],"replies":[{"embeddable":true,"href":"https:\/\/skraw-tech.com\/index.php?rest_route=%2Fwp%2Fv2%2Fcomments&post=5895"}],"version-history":[{"count":3,"href":"https:\/\/skraw-tech.com\/index.php?rest_route=\/wp\/v2\/pages\/5895\/revisions"}],"predecessor-version":[{"id":5919,"href":"https:\/\/skraw-tech.com\/index.php?rest_route=\/wp\/v2\/pages\/5895\/revisions\/5919"}],"wp:attachment":[{"href":"https:\/\/skraw-tech.com\/index.php?rest_route=%2Fwp%2Fv2%2Fmedia&parent=5895"}],"curies":[{"name":"wp","href":"https:\/\/api.w.org\/{rel}","templated":true}]}}