{"id":6028,"date":"2023-01-20T09:17:07","date_gmt":"2023-01-20T08:17:07","guid":{"rendered":"https:\/\/skraw-tech.com\/?page_id=6028"},"modified":"2023-01-20T09:47:21","modified_gmt":"2023-01-20T08:47:21","slug":"klara-200-2","status":"publish","type":"page","link":"https:\/\/skraw-tech.com\/?page_id=6028","title":{"rendered":"Klara 200"},"content":{"rendered":"<div data-colibri-id=\"6028-c1\" class=\"style-6354 style-local-6028-c1 position-relative\">\n  <!---->\n  <div data-colibri-component=\"section\" data-colibri-id=\"6028-c17\" id=\"reusable-sections\" class=\"h-section h-section-global-spacing d-flex align-items-lg-center align-items-md-center align-items-center style-6370 style-local-6028-c17 h-overflow-hidden position-relative\">\n    <!---->\n    <!---->\n    <div class=\"h-section-grid-container h-section-fluid-container\">\n      <!---->\n      <div data-colibri-id=\"6028-c18\" class=\"h-row-container gutters-row-lg-0 gutters-row-md-0 gutters-row-2 gutters-row-v-lg-0 gutters-row-v-md-0 gutters-row-v-2 style-6371 style-local-6028-c18 position-relative\">\n        <!---->\n        <div class=\"h-row justify-content-lg-center justify-content-md-center justify-content-center align-items-lg-stretch align-items-md-stretch align-items-stretch gutters-col-lg-0 gutters-col-md-0 gutters-col-2 gutters-col-v-lg-0 gutters-col-v-md-0 gutters-col-v-2\">\n          <!---->\n          <div class=\"h-column h-column-container d-flex h-col-lg-auto h-col-md-auto h-col-auto style-6372-outer style-local-6028-c19-outer\">\n            <div data-colibri-id=\"6028-c19\" class=\"d-flex h-flex-basis h-column__inner h-ui-empty-state-container h-px-lg-0 h-px-md-0 h-px-0 v-inner-lg-0 v-inner-md-0 v-inner-0 style-6372 style-local-6028-c19 position-relative\">\n              <!---->\n              <!---->\n              <div class=\"w-100 h-y-container h-column__content h-column__v-align flex-basis-100\">\n                <!---->\n              <\/div>\n            <\/div>\n          <\/div>\n          <div class=\"h-column h-column-container d-flex h-col-lg-auto h-col-md-auto h-col-auto style-6373-outer style-local-6028-c20-outer\">\n            <div data-colibri-id=\"6028-c20\" class=\"d-flex h-flex-basis h-column__inner h-px-lg-0 h-px-md-0 h-px-0 v-inner-lg-0 v-inner-md-0 v-inner-0 style-6373 style-local-6028-c20 position-relative\">\n              <!---->\n              <!---->\n              <div class=\"w-100 h-y-container h-column__content h-column__v-align flex-basis-100 align-self-lg-start align-self-md-start align-self-start\">\n                <!---->\n                <div data-colibri-id=\"6028-c21\" class=\"h-global-transition-all h-heading style-6374 style-local-6028-c21 position-relative h-element\">\n                  <!---->\n                  <div class=\"h-heading__outer style-6374 style-local-6028-c21\">\n                    <!---->\n                    <!---->\n                    <h4 class=\"\">KLARA 200<\/h4>\n                  <\/div>\n                <\/div>\n                <div data-colibri-id=\"6028-c22\" class=\"h-text h-text-component style-6375 style-local-6028-c22 position-relative h-element\">\n                  <!---->\n                  <!---->\n                  <div class=\"\">\n                    <p>Opryskiwacze to urz\u0105dzenia, bez kt\u00f3rych trudno wyobrazi\u0107 sobie obecnie efektywne rolnictwo i sadownictwo. Rozpylaj\u0105 one p\u0142ynne nawozy, \u015brodki owadob\u00f3jcze i chwastob\u00f3jcze, jednocze\u015bnie chroni\u0105c przed drobnoustrojami.<\/p>\n                  <\/div>\n                <\/div>\n                <div data-colibri-id=\"6028-c23\" class=\"h-row-container gutters-row-lg-2 gutters-row-md-2 gutters-row-0 gutters-row-v-lg-2 gutters-row-v-md-2 gutters-row-v-0 style-6376 style-local-6028-c23 position-relative\">\n                  <!---->\n                  <div class=\"h-row justify-content-lg-center justify-content-md-center justify-content-center align-items-lg-stretch align-items-md-stretch align-items-stretch gutters-col-lg-2 gutters-col-md-2 gutters-col-0 gutters-col-v-lg-2 gutters-col-v-md-2 gutters-col-v-0\">\n                    <!---->\n                    <div class=\"h-column h-column-container d-flex h-col-lg-6 h-col-md-6 h-col-6 style-6377-outer style-local-6028-c24-outer\">\n                      <div data-colibri-id=\"6028-c24\" class=\"d-flex h-flex-basis h-column__inner h-px-lg-0 h-px-md-0 h-px-2 v-inner-lg-0 v-inner-md-0 v-inner-2 style-6377 style-local-6028-c24 position-relative\">\n                        <!---->\n                        <!---->\n                        <div class=\"w-100 h-y-container h-column__content h-column__v-align flex-basis-100 align-self-lg-start align-self-md-start align-self-start\">\n                          <!---->\n                          <div data-colibri-id=\"6028-c25\" class=\"h-global-transition-all h-heading style-6378 style-local-6028-c25 position-relative h-element\">\n                            <!---->\n                            <div class=\"h-heading__outer style-6378 style-local-6028-c25\">\n                              <!---->\n                              <!---->\n                              <h5 class=\"\">Wydajno\u015b\u0107<\/h5>\n                            <\/div>\n                          <\/div>\n                          <div data-colibri-id=\"6028-c26\" class=\"h-text h-text-component style-6379 style-local-6028-c26 position-relative h-element\">\n                            <!---->\n                            <!---->\n                            <div class=\"\">\n                              <p>Pompa Tolveri PU-2\/120 zapewnia trwa\u0142o\u015b\u0107 i wytrzyma\u0142o\u015b\u0107.<\/p>\n                            <\/div>\n                          <\/div>\n                        <\/div>\n                      <\/div>\n                    <\/div>\n                    <div class=\"h-column h-column-container d-flex h-col-lg-6 h-col-md-6 h-col-6 style-6377-outer style-local-6028-c27-outer\">\n                      <div data-colibri-id=\"6028-c27\" class=\"d-flex h-flex-basis h-column__inner h-px-lg-0 h-px-md-0 h-px-2 v-inner-lg-0 v-inner-md-0 v-inner-2 style-6377 style-local-6028-c27 position-relative\">\n                        <!---->\n                        <!---->\n                        <div class=\"w-100 h-y-container h-column__content h-column__v-align flex-basis-100 align-self-lg-start align-self-md-start align-self-start\">\n                          <!---->\n                          <div data-colibri-id=\"6028-c28\" class=\"h-global-transition-all h-heading style-6378 style-local-6028-c28 position-relative h-element\">\n                            <!---->\n                            <div class=\"h-heading__outer style-6378 style-local-6028-c28\">\n                              <!---->\n                              <!---->\n                              <h5 class=\"\">Wytrzyma\u0142a budowa<\/h5>\n                            <\/div>\n                          <\/div>\n                          <div data-colibri-id=\"6028-c29\" class=\"h-text h-text-component style-6379 style-local-6028-c29 position-relative h-element\">\n                            <!---->\n                            <!---->\n                            <div class=\"\">\n                              <p>Najwy\u017cszej jako\u015bci elementy wykorzystane przy budowie.<\/p>\n                            <\/div>\n                          <\/div>\n                        <\/div>\n                      <\/div>\n                    <\/div>\n                    <div class=\"h-column h-column-container d-flex h-col-lg-6 h-col-md-6 h-col-6 style-6377-outer style-local-6028-c30-outer\">\n                      <div data-colibri-id=\"6028-c30\" class=\"d-flex h-flex-basis h-column__inner h-px-lg-0 h-px-md-0 h-px-2 v-inner-lg-0 v-inner-md-0 v-inner-2 style-6377 style-local-6028-c30 position-relative\">\n                        <!---->\n                        <!---->\n                        <div class=\"w-100 h-y-container h-column__content h-column__v-align flex-basis-100 align-self-lg-start align-self-md-start align-self-start\">\n                          <!---->\n                          <div data-colibri-id=\"6028-c31\" class=\"h-global-transition-all h-heading style-6378 style-local-6028-c31 position-relative h-element\">\n                            <!---->\n                            <div class=\"h-heading__outer style-6378 style-local-6028-c31\">\n                              <!---->\n                              <!---->\n                              <h5 class=\"\">D\u0142ugo\u015b\u0107 pracy<\/h5>\n                            <\/div>\n                          <\/div>\n                          <div data-colibri-id=\"6028-c32\" class=\"h-text h-text-component style-6379 style-local-6028-c32 position-relative h-element\">\n                            <!---->\n                            <!---->\n                            <div class=\"\">\n                              <p><span style=\"font-weight: 400; font-size: 16px; font-family: &quot;Open Sans&quot;; color: rgb(60, 65, 84);\">Zamontowany 200 litrowy zbiornik zapewnia d\u0142ug\u0105 prac\u0119.<\/span><\/p>\n                            <\/div>\n                          <\/div>\n                        <\/div>\n                      <\/div>\n                    <\/div>\n                    <div class=\"h-column h-column-container d-flex h-col-lg-6 h-col-md-6 h-col-6 style-6377-outer style-local-6028-c33-outer\">\n                      <div data-colibri-id=\"6028-c33\" class=\"d-flex h-flex-basis h-column__inner h-px-lg-0 h-px-md-0 h-px-2 v-inner-lg-0 v-inner-md-0 v-inner-2 style-6377 style-local-6028-c33 position-relative\">\n                        <!---->\n                        <!---->\n                        <div class=\"w-100 h-y-container h-column__content h-column__v-align flex-basis-100 align-self-lg-start align-self-md-start align-self-start\">\n                          <!---->\n                          <div data-colibri-id=\"6028-c34\" class=\"h-global-transition-all h-heading style-6378 style-local-6028-c34 position-relative h-element\">\n                            <!---->\n                            <div class=\"h-heading__outer style-6378 style-local-6028-c34\">\n                              <!---->\n                              <!---->\n                              <h5 class=\"\">Wyposa\u017cenie<\/h5>\n                            <\/div>\n                          <\/div>\n                          <div data-colibri-id=\"6028-c35\" class=\"h-text h-text-component style-6379 style-local-6028-c35 position-relative h-element\">\n                            <!---->\n                            <!---->\n                            <div class=\"\">\n                              <p>Mo\u017cliwo\u015b\u0107 personalizacji dzi\u0119ki wyposa\u017ceniu opcjonalnemu<\/p>\n                            <\/div>\n                          <\/div>\n                        <\/div>\n                      <\/div>\n                    <\/div>\n                  <\/div>\n                <\/div>\n              <\/div>\n            <\/div>\n          <\/div>\n        <\/div>\n      <\/div>\n    <\/div>\n  <\/div>\n  <div data-colibri-component=\"section\" data-colibri-id=\"6028-c36\" id=\"reusable-sections-2\" class=\"h-section h-section-global-spacing d-flex align-items-lg-center align-items-md-center align-items-center style-6380 style-local-6028-c36 position-relative\">\n    <!---->\n    <!---->\n    <div class=\"h-section-grid-container h-section-boxed-container\">\n      <!---->\n      <div data-colibri-id=\"6028-c37\" class=\"h-row-container gutters-row-lg-2 gutters-row-md-2 gutters-row-0 gutters-row-v-lg-2 gutters-row-v-md-2 gutters-row-v-2 style-6381 style-local-6028-c37 position-relative\">\n        <!---->\n        <div class=\"h-row justify-content-lg-center justify-content-md-center justify-content-center align-items-lg-stretch align-items-md-stretch align-items-stretch gutters-col-lg-2 gutters-col-md-2 gutters-col-0 gutters-col-v-lg-2 gutters-col-v-md-2 gutters-col-v-2\">\n          <!---->\n          <div class=\"h-column h-column-container d-flex h-col-lg-auto h-col-md-auto h-col-auto style-6382-outer style-local-6028-c38-outer\">\n            <div data-colibri-id=\"6028-c38\" class=\"d-flex h-flex-basis h-column__inner h-px-lg-2 h-px-md-2 h-px-2 v-inner-lg-2 v-inner-md-2 v-inner-2 style-6382 style-local-6028-c38 position-relative\">\n              <!---->\n              <!---->\n              <div class=\"w-100 h-y-container h-column__content h-column__v-align flex-basis-100 align-self-lg-start align-self-md-start align-self-start\">\n                <!---->\n                <div data-colibri-id=\"6028-c39\" class=\"h-global-transition-all h-heading style-6383 style-local-6028-c39 position-relative h-element\">\n                  <!---->\n                  <div class=\"h-heading__outer style-6383 style-local-6028-c39\">\n                    <!---->\n                    <!---->\n                    <h2 class=\"\">Dane techniczne<\/h2>\n                  <\/div>\n                <\/div>\n              <\/div>\n            <\/div>\n          <\/div>\n          <div class=\"h-column h-column-container d-flex h-col-lg-auto h-col-md-auto h-col-auto style-6384-outer style-local-6028-c40-outer\">\n            <div data-colibri-id=\"6028-c40\" class=\"d-flex h-flex-basis h-column__inner h-px-lg-2 h-px-md-2 h-px-2 v-inner-lg-2 v-inner-md-2 v-inner-2 style-6384 style-local-6028-c40 position-relative\">\n              <!---->\n              <!---->\n              <div class=\"w-100 h-y-container h-column__content h-column__v-align flex-basis-100 align-self-lg-start align-self-md-start align-self-start\">\n                <!---->\n                <div data-colibri-id=\"6028-c41\" class=\"h-text h-text-component style-6385 style-local-6028-c41 position-relative h-element\">\n                  <!---->\n                  <!---->\n                  <div class=\"\">\n                    <h3>Specyfikacja modeli<\/h3>\n                    <p>Opryskiwacze KLARA 200 sprzedawane s\u0105 w r\u00f3\u017cnych modelach podstawowych. Poni\u017cej informacje o ka\u017cdym z nich.<\/p>\n                    <p>\n                      <br>\n                    <\/p>\n                  <\/div>\n                <\/div>\n              <\/div>\n            <\/div>\n          <\/div>\n        <\/div>\n      <\/div>\n      <div data-colibri-id=\"6028-c42\" class=\"h-row-container gutters-row-lg-2 gutters-row-md-2 gutters-row-0 gutters-row-v-lg-2 gutters-row-v-md-2 gutters-row-v-2 style-6386 style-local-6028-c42 position-relative\">\n        <!---->\n        <div class=\"h-row justify-content-lg-center justify-content-md-center justify-content-center align-items-lg-stretch align-items-md-stretch align-items-stretch gutters-col-lg-2 gutters-col-md-2 gutters-col-0 gutters-col-v-lg-2 gutters-col-v-md-2 gutters-col-v-2\">\n          <!---->\n          <div class=\"h-column h-column-container d-flex h-col-lg-auto h-col-md-auto h-col-auto style-6387-outer style-local-6028-c43-outer\">\n            <div data-colibri-id=\"6028-c43\" class=\"d-flex h-flex-basis h-column__inner h-px-lg-2 h-px-md-2 h-px-2 v-inner-lg-2 v-inner-md-2 v-inner-2 style-6387 style-local-6028-c43 position-relative\">\n              <!---->\n              <!---->\n              <div class=\"w-100 h-y-container h-column__content h-column__v-align flex-basis-100 align-self-lg-start align-self-md-start align-self-start\">\n                <!---->\n                <div data-colibri-id=\"6028-c44\" class=\"h-x-container style-6388 style-local-6028-c44 position-relative h-element\">\n                  <!---->\n                  <div class=\"h-x-container-inner style-dynamic-6028-c44-group style-6388-spacing style-local-6028-c44-spacing\"><span class=\"h-button__outer style-6389-outer style-local-6028-c45-outer d-inline-flex h-element\"><a h-use-smooth-scroll=\"true\" href=\"https:\/\/skraw-tech.com\/wp-content\/uploads\/2023\/01\/Klara200.pdf\"  data-colibri-id=\"6028-c45\" class=\"d-flex w-100 align-items-center h-button justify-content-lg-center justify-content-md-center justify-content-center style-6389 style-local-6028-c45 position-relative\"><!----><!----> <span>Kliknij, aby zobaczy\u0107 dane techniczne<\/span><\/a>\n                    <\/span>\n                  <\/div>\n                <\/div>\n              <\/div>\n            <\/div>\n          <\/div>\n          <div class=\"h-column h-column-container d-flex h-col-lg-auto h-col-md-auto h-col-auto style-6390-outer style-local-6028-c46-outer\">\n            <div data-colibri-id=\"6028-c46\" class=\"d-flex h-flex-basis h-column__inner h-px-lg-2 h-px-md-2 h-px-2 v-inner-lg-2 v-inner-md-2 v-inner-2 style-6390 style-local-6028-c46 position-relative\">\n              <!---->\n              <!---->\n              <div class=\"w-100 h-y-container h-column__content h-column__v-align flex-basis-100 align-self-lg-start align-self-md-start align-self-start\">\n                <!---->\n                <div data-colibri-id=\"6028-c47\" class=\"h-x-container style-6391 style-local-6028-c47 position-relative h-element\">\n                  <!---->\n                  <div class=\"h-x-container-inner style-dynamic-6028-c47-group style-6391-spacing style-local-6028-c47-spacing\"><span class=\"h-button__outer style-6392-outer style-local-6028-c48-outer d-inline-flex h-element\"><a h-use-smooth-scroll=\"true\" href=\"https:\/\/skraw-tech.com\/wp-content\/uploads\/2023\/01\/Klara200-modele.pdf\"  data-colibri-id=\"6028-c48\" class=\"d-flex w-100 align-items-center h-button justify-content-lg-center justify-content-md-center justify-content-center style-6392 style-local-6028-c48 position-relative\"><!----><!----> <span>Cz\u0119\u015bci zamienne<\/span><\/a>\n                    <\/span>\n                  <\/div>\n                <\/div>\n              <\/div>\n            <\/div>\n          <\/div>\n        <\/div>\n      <\/div>\n      <div data-colibri-id=\"6028-c49\" class=\"h-row-container gutters-row-lg-2 gutters-row-md-2 gutters-row-0 gutters-row-v-lg-2 gutters-row-v-md-2 gutters-row-v-2 style-6393 style-local-6028-c49 position-relative\">\n        <!---->\n        <div class=\"h-row justify-content-lg-center justify-content-md-center justify-content-center align-items-lg-stretch align-items-md-stretch align-items-stretch gutters-col-lg-2 gutters-col-md-2 gutters-col-0 gutters-col-v-lg-2 gutters-col-v-md-2 gutters-col-v-2\">\n          <!---->\n          <div class=\"h-column h-column-container d-flex h-col-lg-6 h-col-md-6 h-col-12 style-6394-outer style-local-6028-c50-outer\">\n            <div data-colibri-id=\"6028-c50\" class=\"d-flex h-flex-basis h-column__inner h-px-lg-0 h-px-md-0 h-px-0 v-inner-lg-0 v-inner-md-0 v-inner-0 style-6394 style-local-6028-c50 position-relative\">\n              <!---->\n              <!---->\n              <div class=\"w-100 h-y-container h-column__content h-column__v-align flex-basis-100 align-self-lg-start align-self-md-start align-self-start\">\n                <!---->\n                <div data-colibri-id=\"6028-c51\" class=\"d-block style-6395 style-local-6028-c51 position-relative h-element\">\n                  <!---->\n                  <div class=\"h-image__frame-container-outer\">\n                    <div class=\"h-image__frame-container\">\n                      <!---->\n                      <!---->\n                      <img loading=\"lazy\" decoding=\"async\" width=\"1200\" height=\"1593\" src=\"https:\/\/skraw-tech.com\/wp-content\/uploads\/2023\/01\/Klara-206-back.png\" class=\"wp-image-6068 style-6395-image style-local-6028-c51-image\" alt=\"\" srcset=\"https:\/\/skraw-tech.com\/wp-content\/uploads\/2023\/01\/Klara-206-back.png 1200w, https:\/\/skraw-tech.com\/wp-content\/uploads\/2023\/01\/Klara-206-back-226x300.png 226w, https:\/\/skraw-tech.com\/wp-content\/uploads\/2023\/01\/Klara-206-back-771x1024.png 771w, https:\/\/skraw-tech.com\/wp-content\/uploads\/2023\/01\/Klara-206-back-768x1020.png 768w, https:\/\/skraw-tech.com\/wp-content\/uploads\/2023\/01\/Klara-206-back-1157x1536.png 1157w\" sizes=\"auto, (max-width: 1200px) 100vw, 1200px\" \/>\n                      <div class=\"h-image__frame h-hide-lg h-hide-md h-hide-sm style-6395-frameImage style-local-6028-c51-frameImage\"><\/div>\n                    <\/div>\n                  <\/div>\n                <\/div>\n              <\/div>\n            <\/div>\n          <\/div>\n        <\/div>\n      <\/div>\n    <\/div>\n  <\/div>\n<\/div>","protected":false},"excerpt":{"rendered":"<p>KLARA 200 Opryskiwacze to urz\u0105dzenia, bez kt\u00f3rych trudno wyobrazi\u0107 sobie obecnie efektywne rolnictwo i sadownictwo. Rozpylaj\u0105 one p\u0142ynne nawozy, \u015brodki owadob\u00f3jcze i chwastob\u00f3jcze, jednocze\u015bnie chroni\u0105c przed drobnoustrojami. Wydajno\u015b\u0107 Pompa Tolveri PU-2\/120 zapewnia trwa\u0142o\u015b\u0107 i wytrzyma\u0142o\u015b\u0107. Wytrzyma\u0142a budowa Najwy\u017cszej jako\u015bci elementy wykorzystane przy budowie. D\u0142ugo\u015b\u0107 pracy Zamontowany 200 litrowy zbiornik zapewnia d\u0142ug\u0105 prac\u0119. Wyposa\u017cenie Mo\u017cliwo\u015b\u0107 personalizacji [&hellip;]<\/p>\n","protected":false},"author":1,"featured_media":0,"parent":0,"menu_order":0,"comment_status":"closed","ping_status":"closed","template":"page-templates\/full-width-page.php","meta":{"footnotes":""},"class_list":["post-6028","page","type-page","status-publish","hentry"],"_links":{"self":[{"href":"https:\/\/skraw-tech.com\/index.php?rest_route=\/wp\/v2\/pages\/6028","targetHints":{"allow":["GET"]}}],"collection":[{"href":"https:\/\/skraw-tech.com\/index.php?rest_route=\/wp\/v2\/pages"}],"about":[{"href":"https:\/\/skraw-tech.com\/index.php?rest_route=\/wp\/v2\/types\/page"}],"author":[{"embeddable":true,"href":"https:\/\/skraw-tech.com\/index.php?rest_route=\/wp\/v2\/users\/1"}],"replies":[{"embeddable":true,"href":"https:\/\/skraw-tech.com\/index.php?rest_route=%2Fwp%2Fv2%2Fcomments&post=6028"}],"version-history":[{"count":2,"href":"https:\/\/skraw-tech.com\/index.php?rest_route=\/wp\/v2\/pages\/6028\/revisions"}],"predecessor-version":[{"id":6071,"href":"https:\/\/skraw-tech.com\/index.php?rest_route=\/wp\/v2\/pages\/6028\/revisions\/6071"}],"wp:attachment":[{"href":"https:\/\/skraw-tech.com\/index.php?rest_route=%2Fwp%2Fv2%2Fmedia&parent=6028"}],"curies":[{"name":"wp","href":"https:\/\/api.w.org\/{rel}","templated":true}]}}