{"id":6038,"date":"2023-01-20T09:19:27","date_gmt":"2023-01-20T08:19:27","guid":{"rendered":"https:\/\/skraw-tech.com\/?page_id=6038"},"modified":"2023-01-20T10:40:47","modified_gmt":"2023-01-20T09:40:47","slug":"klara-600-3","status":"publish","type":"page","link":"https:\/\/skraw-tech.com\/?page_id=6038","title":{"rendered":"Klara 600 &#8211; 3"},"content":{"rendered":"<div data-colibri-id=\"6038-c1\" class=\"style-6504 style-local-6038-c1 position-relative\">\n  <!---->\n  <div data-colibri-component=\"section\" data-colibri-id=\"6038-c2\" id=\"reusable-sections\" class=\"h-section h-section-global-spacing d-flex align-items-lg-center align-items-md-center align-items-center style-6505 style-local-6038-c2 h-overflow-hidden position-relative\">\n    <!---->\n    <!---->\n    <div class=\"h-section-grid-container h-section-fluid-container\">\n      <!---->\n      <div data-colibri-id=\"6038-c3\" class=\"h-row-container gutters-row-lg-0 gutters-row-md-0 gutters-row-2 gutters-row-v-lg-0 gutters-row-v-md-0 gutters-row-v-2 style-6506 style-local-6038-c3 position-relative\">\n        <!---->\n        <div class=\"h-row justify-content-lg-center justify-content-md-center justify-content-center align-items-lg-stretch align-items-md-stretch align-items-stretch gutters-col-lg-0 gutters-col-md-0 gutters-col-2 gutters-col-v-lg-0 gutters-col-v-md-0 gutters-col-v-2\">\n          <!---->\n          <div class=\"h-column h-column-container d-flex h-col-lg-auto h-col-md-auto h-col-auto style-6507-outer style-local-6038-c4-outer\">\n            <div data-colibri-id=\"6038-c4\" class=\"d-flex h-flex-basis h-column__inner h-ui-empty-state-container h-px-lg-0 h-px-md-0 h-px-0 v-inner-lg-0 v-inner-md-0 v-inner-0 style-6507 style-local-6038-c4 position-relative\">\n              <!---->\n              <!---->\n              <div class=\"w-100 h-y-container h-column__content h-column__v-align flex-basis-100\">\n                <!---->\n              <\/div>\n            <\/div>\n          <\/div>\n          <div class=\"h-column h-column-container d-flex h-col-lg-auto h-col-md-auto h-col-auto style-6508-outer style-local-6038-c5-outer\">\n            <div data-colibri-id=\"6038-c5\" class=\"d-flex h-flex-basis h-column__inner h-px-lg-0 h-px-md-0 h-px-0 v-inner-lg-0 v-inner-md-0 v-inner-0 style-6508 style-local-6038-c5 position-relative\">\n              <!---->\n              <!---->\n              <div class=\"w-100 h-y-container h-column__content h-column__v-align flex-basis-100 align-self-lg-start align-self-md-start align-self-start\">\n                <!---->\n                <div data-colibri-id=\"6038-c6\" class=\"h-global-transition-all h-heading style-6509 style-local-6038-c6 position-relative h-element\">\n                  <!---->\n                  <div class=\"h-heading__outer style-6509 style-local-6038-c6\">\n                    <!---->\n                    <!---->\n                    <h4 class=\"\">KLARA 600-3<\/h4>\n                  <\/div>\n                <\/div>\n                <div data-colibri-id=\"6038-c7\" class=\"h-text h-text-component style-6510 style-local-6038-c7 position-relative h-element\">\n                  <!---->\n                  <!---->\n                  <div class=\"\">\n                    <p>Opryskiwacze to urz\u0105dzenia, bez kt\u00f3rych trudno wyobrazi\u0107 sobie obecnie efektywne rolnictwo i sadownictwo. Rozpylaj\u0105 one p\u0142ynne nawozy, \u015brodki owadob\u00f3jcze i chwastob\u00f3jcze, jednocze\u015bnie chroni\u0105c przed drobnoustrojami.<\/p>\n                  <\/div>\n                <\/div>\n                <div data-colibri-id=\"6038-c8\" class=\"h-row-container gutters-row-lg-2 gutters-row-md-2 gutters-row-0 gutters-row-v-lg-2 gutters-row-v-md-2 gutters-row-v-0 style-6511 style-local-6038-c8 position-relative\">\n                  <!---->\n                  <div class=\"h-row justify-content-lg-center justify-content-md-center justify-content-center align-items-lg-stretch align-items-md-stretch align-items-stretch gutters-col-lg-2 gutters-col-md-2 gutters-col-0 gutters-col-v-lg-2 gutters-col-v-md-2 gutters-col-v-0\">\n                    <!---->\n                    <div class=\"h-column h-column-container d-flex h-col-lg-6 h-col-md-6 h-col-6 style-6512-outer style-local-6038-c9-outer\">\n                      <div data-colibri-id=\"6038-c9\" class=\"d-flex h-flex-basis h-column__inner h-px-lg-0 h-px-md-0 h-px-2 v-inner-lg-0 v-inner-md-0 v-inner-2 style-6512 style-local-6038-c9 position-relative\">\n                        <!---->\n                        <!---->\n                        <div class=\"w-100 h-y-container h-column__content h-column__v-align flex-basis-100 align-self-lg-start align-self-md-start align-self-start\">\n                          <!---->\n                          <div data-colibri-id=\"6038-c10\" class=\"h-global-transition-all h-heading style-6513 style-local-6038-c10 position-relative h-element\">\n                            <!---->\n                            <div class=\"h-heading__outer style-6513 style-local-6038-c10\">\n                              <!---->\n                              <!---->\n                              <h5 class=\"\">Wydajno\u015b\u0107<\/h5>\n                            <\/div>\n                          <\/div>\n                          <div data-colibri-id=\"6038-c11\" class=\"h-text h-text-component style-6514 style-local-6038-c11 position-relative h-element\">\n                            <!---->\n                            <!---->\n                            <div class=\"\">\n                              <p>Pompy Tolveri PU-3\/130 lub PU-3\/140 zapewniaj\u0105 trwa\u0142o\u015b\u0107 i wytrzyma\u0142o\u015b\u0107.<\/p>\n                            <\/div>\n                          <\/div>\n                        <\/div>\n                      <\/div>\n                    <\/div>\n                    <div class=\"h-column h-column-container d-flex h-col-lg-6 h-col-md-6 h-col-6 style-6512-outer style-local-6038-c12-outer\">\n                      <div data-colibri-id=\"6038-c12\" class=\"d-flex h-flex-basis h-column__inner h-px-lg-0 h-px-md-0 h-px-2 v-inner-lg-0 v-inner-md-0 v-inner-2 style-6512 style-local-6038-c12 position-relative\">\n                        <!---->\n                        <!---->\n                        <div class=\"w-100 h-y-container h-column__content h-column__v-align flex-basis-100 align-self-lg-start align-self-md-start align-self-start\">\n                          <!---->\n                          <div data-colibri-id=\"6038-c13\" class=\"h-global-transition-all h-heading style-6513 style-local-6038-c13 position-relative h-element\">\n                            <!---->\n                            <div class=\"h-heading__outer style-6513 style-local-6038-c13\">\n                              <!---->\n                              <!---->\n                              <h5 class=\"\">Wytrzyma\u0142a budowa<\/h5>\n                            <\/div>\n                          <\/div>\n                          <div data-colibri-id=\"6038-c14\" class=\"h-text h-text-component style-6514 style-local-6038-c14 position-relative h-element\">\n                            <!---->\n                            <!---->\n                            <div class=\"\">\n                              <p>Najwy\u017cszej jako\u015bci elementy wykorzystane przy budowie.<\/p>\n                            <\/div>\n                          <\/div>\n                        <\/div>\n                      <\/div>\n                    <\/div>\n                    <div class=\"h-column h-column-container d-flex h-col-lg-6 h-col-md-6 h-col-6 style-6512-outer style-local-6038-c15-outer\">\n                      <div data-colibri-id=\"6038-c15\" class=\"d-flex h-flex-basis h-column__inner h-px-lg-0 h-px-md-0 h-px-2 v-inner-lg-0 v-inner-md-0 v-inner-2 style-6512 style-local-6038-c15 position-relative\">\n                        <!---->\n                        <!---->\n                        <div class=\"w-100 h-y-container h-column__content h-column__v-align flex-basis-100 align-self-lg-start align-self-md-start align-self-start\">\n                          <!---->\n                          <div data-colibri-id=\"6038-c16\" class=\"h-global-transition-all h-heading style-6513 style-local-6038-c16 position-relative h-element\">\n                            <!---->\n                            <div class=\"h-heading__outer style-6513 style-local-6038-c16\">\n                              <!---->\n                              <!---->\n                              <h5 class=\"\">D\u0142ugo\u015b\u0107 pracy<\/h5>\n                            <\/div>\n                          <\/div>\n                          <div data-colibri-id=\"6038-c17\" class=\"h-text h-text-component style-6514 style-local-6038-c17 position-relative h-element\">\n                            <!---->\n                            <!---->\n                            <div class=\"\">\n                              <p><span style=\"color: rgb(60, 65, 84); font-family: &quot;Open Sans&quot;; font-size: 16px; font-weight: 400;\">Zamontowany 600 litrowy zbiornik zapewnia d\u0142ug\u0105 prac\u0119.<\/span><\/p>\n                            <\/div>\n                          <\/div>\n                        <\/div>\n                      <\/div>\n                    <\/div>\n                    <div class=\"h-column h-column-container d-flex h-col-lg-6 h-col-md-6 h-col-6 style-6512-outer style-local-6038-c18-outer\">\n                      <div data-colibri-id=\"6038-c18\" class=\"d-flex h-flex-basis h-column__inner h-px-lg-0 h-px-md-0 h-px-2 v-inner-lg-0 v-inner-md-0 v-inner-2 style-6512 style-local-6038-c18 position-relative\">\n                        <!---->\n                        <!---->\n                        <div class=\"w-100 h-y-container h-column__content h-column__v-align flex-basis-100 align-self-lg-start align-self-md-start align-self-start\">\n                          <!---->\n                          <div data-colibri-id=\"6038-c19\" class=\"h-global-transition-all h-heading style-6513 style-local-6038-c19 position-relative h-element\">\n                            <!---->\n                            <div class=\"h-heading__outer style-6513 style-local-6038-c19\">\n                              <!---->\n                              <!---->\n                              <h5 class=\"\">Wyposa\u017cenie<\/h5>\n                            <\/div>\n                          <\/div>\n                          <div data-colibri-id=\"6038-c20\" class=\"h-text h-text-component style-6514 style-local-6038-c20 position-relative h-element\">\n                            <!---->\n                            <!---->\n                            <div class=\"\">\n                              <p>Mo\u017cliwo\u015b\u0107 personalizacji dzi\u0119ki wyposa\u017ceniu opcjonalnemu<\/p>\n                            <\/div>\n                          <\/div>\n                        <\/div>\n                      <\/div>\n                    <\/div>\n                  <\/div>\n                <\/div>\n              <\/div>\n            <\/div>\n          <\/div>\n        <\/div>\n      <\/div>\n    <\/div>\n  <\/div>\n  <div data-colibri-component=\"section\" data-colibri-id=\"6038-c21\" id=\"reusable-sections-2\" class=\"h-section h-section-global-spacing d-flex align-items-lg-center align-items-md-center align-items-center style-6515 style-local-6038-c21 position-relative\">\n    <!---->\n    <!---->\n    <div class=\"h-section-grid-container h-section-boxed-container\">\n      <!---->\n      <div data-colibri-id=\"6038-c22\" class=\"h-row-container gutters-row-lg-2 gutters-row-md-2 gutters-row-0 gutters-row-v-lg-2 gutters-row-v-md-2 gutters-row-v-2 style-6516 style-local-6038-c22 position-relative\">\n        <!---->\n        <div class=\"h-row justify-content-lg-center justify-content-md-center justify-content-center align-items-lg-stretch align-items-md-stretch align-items-stretch gutters-col-lg-2 gutters-col-md-2 gutters-col-0 gutters-col-v-lg-2 gutters-col-v-md-2 gutters-col-v-2\">\n          <!---->\n          <div class=\"h-column h-column-container d-flex h-col-lg-auto h-col-md-auto h-col-auto style-6517-outer style-local-6038-c23-outer\">\n            <div data-colibri-id=\"6038-c23\" class=\"d-flex h-flex-basis h-column__inner h-px-lg-2 h-px-md-2 h-px-2 v-inner-lg-2 v-inner-md-2 v-inner-2 style-6517 style-local-6038-c23 position-relative\">\n              <!---->\n              <!---->\n              <div class=\"w-100 h-y-container h-column__content h-column__v-align flex-basis-100 align-self-lg-start align-self-md-start align-self-start\">\n                <!---->\n                <div data-colibri-id=\"6038-c24\" class=\"h-global-transition-all h-heading style-6518 style-local-6038-c24 position-relative h-element\">\n                  <!---->\n                  <div class=\"h-heading__outer style-6518 style-local-6038-c24\">\n                    <!---->\n                    <!---->\n                    <h2 class=\"\">Dane techniczne<\/h2>\n                  <\/div>\n                <\/div>\n              <\/div>\n            <\/div>\n          <\/div>\n          <div class=\"h-column h-column-container d-flex h-col-lg-auto h-col-md-auto h-col-auto style-6519-outer style-local-6038-c25-outer\">\n            <div data-colibri-id=\"6038-c25\" class=\"d-flex h-flex-basis h-column__inner h-px-lg-2 h-px-md-2 h-px-2 v-inner-lg-2 v-inner-md-2 v-inner-2 style-6519 style-local-6038-c25 position-relative\">\n              <!---->\n              <!---->\n              <div class=\"w-100 h-y-container h-column__content h-column__v-align flex-basis-100 align-self-lg-start align-self-md-start align-self-start\">\n                <!---->\n                <div data-colibri-id=\"6038-c26\" class=\"h-text h-text-component style-6520 style-local-6038-c26 position-relative h-element\">\n                  <!---->\n                  <!---->\n                  <div class=\"\">\n                    <h3>Specyfikacja modeli<\/h3>\n                    <p>Opryskiwacze KLARA 600-3 sprzedawane s\u0105 w r\u00f3\u017cnych modelach podstawowych. Poni\u017cej informacje o ka\u017cdym z nich.<\/p>\n                    <p>\n                      <br>\n                    <\/p>\n                  <\/div>\n                <\/div>\n              <\/div>\n            <\/div>\n          <\/div>\n        <\/div>\n      <\/div>\n      <div data-colibri-id=\"6038-c27\" class=\"h-row-container gutters-row-lg-2 gutters-row-md-2 gutters-row-0 gutters-row-v-lg-2 gutters-row-v-md-2 gutters-row-v-2 style-6521 style-local-6038-c27 position-relative\">\n        <!---->\n        <div class=\"h-row justify-content-lg-center justify-content-md-center justify-content-center align-items-lg-stretch align-items-md-stretch align-items-stretch gutters-col-lg-2 gutters-col-md-2 gutters-col-0 gutters-col-v-lg-2 gutters-col-v-md-2 gutters-col-v-2\">\n          <!---->\n          <div class=\"h-column h-column-container d-flex h-col-lg-auto h-col-md-auto h-col-auto style-6522-outer style-local-6038-c28-outer\">\n            <div data-colibri-id=\"6038-c28\" class=\"d-flex h-flex-basis h-column__inner h-px-lg-2 h-px-md-2 h-px-2 v-inner-lg-2 v-inner-md-2 v-inner-2 style-6522 style-local-6038-c28 position-relative\">\n              <!---->\n              <!---->\n              <div class=\"w-100 h-y-container h-column__content h-column__v-align flex-basis-100 align-self-lg-start align-self-md-start align-self-start\">\n                <!---->\n                <div data-colibri-id=\"6038-c29\" class=\"h-x-container style-6523 style-local-6038-c29 position-relative h-element\">\n                  <!---->\n                  <div class=\"h-x-container-inner style-dynamic-6038-c29-group style-6523-spacing style-local-6038-c29-spacing\"><span class=\"h-button__outer style-6524-outer style-local-6038-c30-outer d-inline-flex h-element\"><a h-use-smooth-scroll=\"true\" href=\"https:\/\/skraw-tech.com\/wp-content\/uploads\/2023\/01\/Klara-600-3.pdf\"  data-colibri-id=\"6038-c30\" class=\"d-flex w-100 align-items-center h-button justify-content-lg-center justify-content-md-center justify-content-center style-6524 style-local-6038-c30 position-relative\"><!----><!----> <span>Kliknij, aby zobaczy\u0107 dane techniczne<\/span><\/a>\n                    <\/span>\n                  <\/div>\n                <\/div>\n              <\/div>\n            <\/div>\n          <\/div>\n          <div class=\"h-column h-column-container d-flex h-col-lg-auto h-col-md-auto h-col-auto style-6525-outer style-local-6038-c31-outer\">\n            <div data-colibri-id=\"6038-c31\" class=\"d-flex h-flex-basis h-column__inner h-px-lg-2 h-px-md-2 h-px-2 v-inner-lg-2 v-inner-md-2 v-inner-2 style-6525 style-local-6038-c31 position-relative\">\n              <!---->\n              <!---->\n              <div class=\"w-100 h-y-container h-column__content h-column__v-align flex-basis-100 align-self-lg-start align-self-md-start align-self-start\">\n                <!---->\n                <div data-colibri-id=\"6038-c32\" class=\"h-x-container style-6526 style-local-6038-c32 position-relative h-element\">\n                  <!---->\n                  <div class=\"h-x-container-inner style-dynamic-6038-c32-group style-6526-spacing style-local-6038-c32-spacing\"><span class=\"h-button__outer style-6527-outer style-local-6038-c33-outer d-inline-flex h-element\"><a h-use-smooth-scroll=\"true\" href=\"https:\/\/skraw-tech.com\/wp-content\/uploads\/2023\/01\/Klara-600-3-modele.pdf\"  data-colibri-id=\"6038-c33\" class=\"d-flex w-100 align-items-center h-button justify-content-lg-center justify-content-md-center justify-content-center style-6527 style-local-6038-c33 position-relative\"><!----><!----> <span>Specyfikacja modeli<\/span><\/a>\n                    <\/span>\n                  <\/div>\n                <\/div>\n              <\/div>\n            <\/div>\n          <\/div>\n        <\/div>\n      <\/div>\n      <div data-colibri-id=\"6038-c34\" class=\"h-row-container gutters-row-lg-2 gutters-row-md-2 gutters-row-0 gutters-row-v-lg-2 gutters-row-v-md-2 gutters-row-v-2 style-6528 style-local-6038-c34 position-relative\">\n        <!---->\n        <div class=\"h-row justify-content-lg-center justify-content-md-center justify-content-center align-items-lg-stretch align-items-md-stretch align-items-stretch gutters-col-lg-2 gutters-col-md-2 gutters-col-0 gutters-col-v-lg-2 gutters-col-v-md-2 gutters-col-v-2\">\n          <!---->\n          <div class=\"h-column h-column-container d-flex h-col-lg-6 h-col-md-6 h-col-12 style-6529-outer style-local-6038-c35-outer\">\n            <div data-colibri-id=\"6038-c35\" class=\"d-flex h-flex-basis h-column__inner h-px-lg-0 h-px-md-0 h-px-0 v-inner-lg-0 v-inner-md-0 v-inner-0 style-6529 style-local-6038-c35 position-relative\">\n              <!---->\n              <!---->\n              <div class=\"w-100 h-y-container h-column__content h-column__v-align flex-basis-100 align-self-lg-start align-self-md-start align-self-start\">\n                <!---->\n                <div data-colibri-id=\"6038-c36\" class=\"d-block style-6530 style-local-6038-c36 position-relative h-element\">\n                  <!---->\n                  <div class=\"h-image__frame-container-outer\">\n                    <div class=\"h-image__frame-container\">\n                      <!---->\n                      <!---->\n                      <img loading=\"lazy\" decoding=\"async\" width=\"1200\" height=\"1403\" src=\"https:\/\/skraw-tech.com\/wp-content\/uploads\/2023\/01\/Klara-600-3-back.png\" class=\"wp-image-6136 style-6530-image style-local-6038-c36-image\" alt=\"\" srcset=\"https:\/\/skraw-tech.com\/wp-content\/uploads\/2023\/01\/Klara-600-3-back.png 1200w, https:\/\/skraw-tech.com\/wp-content\/uploads\/2023\/01\/Klara-600-3-back-257x300.png 257w, https:\/\/skraw-tech.com\/wp-content\/uploads\/2023\/01\/Klara-600-3-back-876x1024.png 876w, https:\/\/skraw-tech.com\/wp-content\/uploads\/2023\/01\/Klara-600-3-back-768x898.png 768w\" sizes=\"auto, (max-width: 1200px) 100vw, 1200px\" \/>\n                      <div class=\"h-image__frame h-hide-lg h-hide-md h-hide-sm style-6530-frameImage style-local-6038-c36-frameImage\"><\/div>\n                    <\/div>\n                  <\/div>\n                <\/div>\n              <\/div>\n            <\/div>\n          <\/div>\n        <\/div>\n      <\/div>\n    <\/div>\n  <\/div>\n<\/div>","protected":false},"excerpt":{"rendered":"<p>KLARA 600-3 Opryskiwacze to urz\u0105dzenia, bez kt\u00f3rych trudno wyobrazi\u0107 sobie obecnie efektywne rolnictwo i sadownictwo. Rozpylaj\u0105 one p\u0142ynne nawozy, \u015brodki owadob\u00f3jcze i chwastob\u00f3jcze, jednocze\u015bnie chroni\u0105c przed drobnoustrojami. Wydajno\u015b\u0107 Pompy Tolveri PU-3\/130 lub PU-3\/140 zapewniaj\u0105 trwa\u0142o\u015b\u0107 i wytrzyma\u0142o\u015b\u0107. Wytrzyma\u0142a budowa Najwy\u017cszej jako\u015bci elementy wykorzystane przy budowie. D\u0142ugo\u015b\u0107 pracy Zamontowany 600 litrowy zbiornik zapewnia d\u0142ug\u0105 prac\u0119. Wyposa\u017cenie [&hellip;]<\/p>\n","protected":false},"author":1,"featured_media":0,"parent":0,"menu_order":0,"comment_status":"closed","ping_status":"closed","template":"page-templates\/full-width-page.php","meta":{"footnotes":""},"class_list":["post-6038","page","type-page","status-publish","hentry"],"_links":{"self":[{"href":"https:\/\/skraw-tech.com\/index.php?rest_route=\/wp\/v2\/pages\/6038","targetHints":{"allow":["GET"]}}],"collection":[{"href":"https:\/\/skraw-tech.com\/index.php?rest_route=\/wp\/v2\/pages"}],"about":[{"href":"https:\/\/skraw-tech.com\/index.php?rest_route=\/wp\/v2\/types\/page"}],"author":[{"embeddable":true,"href":"https:\/\/skraw-tech.com\/index.php?rest_route=\/wp\/v2\/users\/1"}],"replies":[{"embeddable":true,"href":"https:\/\/skraw-tech.com\/index.php?rest_route=%2Fwp%2Fv2%2Fcomments&post=6038"}],"version-history":[{"count":2,"href":"https:\/\/skraw-tech.com\/index.php?rest_route=\/wp\/v2\/pages\/6038\/revisions"}],"predecessor-version":[{"id":6141,"href":"https:\/\/skraw-tech.com\/index.php?rest_route=\/wp\/v2\/pages\/6038\/revisions\/6141"}],"wp:attachment":[{"href":"https:\/\/skraw-tech.com\/index.php?rest_route=%2Fwp%2Fv2%2Fmedia&parent=6038"}],"curies":[{"name":"wp","href":"https:\/\/api.w.org\/{rel}","templated":true}]}}