{"id":6409,"date":"2023-01-23T13:02:10","date_gmt":"2023-01-23T12:02:10","guid":{"rendered":"https:\/\/skraw-tech.com\/?page_id=6409"},"modified":"2023-01-25T07:39:29","modified_gmt":"2023-01-25T06:39:29","slug":"kultywator","status":"publish","type":"page","link":"https:\/\/skraw-tech.com\/?page_id=6409","title":{"rendered":"Kultywator"},"content":{"rendered":"<div data-colibri-id=\"6409-c1\" class=\"style-7878 style-local-6409-c1 position-relative\">\n  <!---->\n  <div data-colibri-component=\"section\" data-colibri-id=\"6409-c2\" id=\"reusable-sections\" class=\"h-section h-section-global-spacing d-flex align-items-lg-center align-items-md-center align-items-center style-7879 style-local-6409-c2 h-overflow-hidden position-relative\">\n    <!---->\n    <!---->\n    <div class=\"h-section-grid-container h-section-fluid-container\">\n      <!---->\n      <div data-colibri-id=\"6409-c3\" class=\"h-row-container gutters-row-lg-0 gutters-row-md-0 gutters-row-2 gutters-row-v-lg-0 gutters-row-v-md-0 gutters-row-v-2 style-7880 style-local-6409-c3 position-relative\">\n        <!---->\n        <div class=\"h-row justify-content-lg-center justify-content-md-center justify-content-center align-items-lg-stretch align-items-md-stretch align-items-stretch gutters-col-lg-0 gutters-col-md-0 gutters-col-2 gutters-col-v-lg-0 gutters-col-v-md-0 gutters-col-v-2\">\n          <!---->\n          <div class=\"h-column h-column-container d-flex h-col-lg-auto h-col-md-auto h-col-auto style-7881-outer style-local-6409-c4-outer\">\n            <div data-colibri-id=\"6409-c4\" class=\"d-flex h-flex-basis h-column__inner h-ui-empty-state-container h-px-lg-0 h-px-md-0 h-px-0 v-inner-lg-0 v-inner-md-0 v-inner-0 style-7881 style-local-6409-c4 position-relative\">\n              <!---->\n              <!---->\n              <div class=\"w-100 h-y-container h-column__content h-column__v-align flex-basis-100\">\n                <!---->\n              <\/div>\n            <\/div>\n          <\/div>\n          <div class=\"h-column h-column-container d-flex h-col-lg-auto h-col-md-auto h-col-auto style-7882-outer style-local-6409-c5-outer\">\n            <div data-colibri-id=\"6409-c5\" class=\"d-flex h-flex-basis h-column__inner h-px-lg-0 h-px-md-0 h-px-0 v-inner-lg-0 v-inner-md-0 v-inner-0 style-7882 style-local-6409-c5 position-relative\">\n              <!---->\n              <!---->\n              <div class=\"w-100 h-y-container h-column__content h-column__v-align flex-basis-100 align-self-lg-start align-self-md-start align-self-start\">\n                <!---->\n                <div data-colibri-id=\"6409-c6\" class=\"h-global-transition-all h-heading style-7883 style-local-6409-c6 position-relative h-element\">\n                  <!---->\n                  <div class=\"h-heading__outer style-7883 style-local-6409-c6\">\n                    <!---->\n                    <!---->\n                    <h4 class=\"\">Kultywator \u015bcierniskowy<\/h4>\n                  <\/div>\n                <\/div>\n                <div data-colibri-id=\"6409-c7\" class=\"h-text h-text-component style-7884 style-local-6409-c7 position-relative h-element\">\n                  <!---->\n                  <!---->\n                  <div class=\"\">\n                    <p>Jest to zawieszane narz\u0119dzie uprawowe, kt\u00f3re jest przeznaczone do spulchniania gleby poprzez jej wzruszenie i wymieszanie bez odwracania jej warstw. Mo\u017ce pos\u0142u\u017cy\u0107 do jednoczesnej uprawy gleby po orce przedzimowej lub do spulchniania\n                      \u015bciernisk, je\u015bli nie stosuje si\u0119 podorywki.<\/p>\n                  <\/div>\n                <\/div>\n                <div data-colibri-id=\"6409-c8\" class=\"h-row-container gutters-row-lg-2 gutters-row-md-2 gutters-row-0 gutters-row-v-lg-2 gutters-row-v-md-2 gutters-row-v-0 style-7885 style-local-6409-c8 position-relative\">\n                  <!---->\n                  <div class=\"h-row justify-content-lg-center justify-content-md-center justify-content-center align-items-lg-stretch align-items-md-stretch align-items-stretch gutters-col-lg-2 gutters-col-md-2 gutters-col-0 gutters-col-v-lg-2 gutters-col-v-md-2 gutters-col-v-0\">\n                    <!---->\n                    <div class=\"h-column h-column-container d-flex h-col-lg-6 h-col-md-6 h-col-6 style-7886-outer style-local-6409-c9-outer\">\n                      <div data-colibri-id=\"6409-c9\" class=\"d-flex h-flex-basis h-column__inner h-px-lg-0 h-px-md-0 h-px-2 v-inner-lg-0 v-inner-md-0 v-inner-2 style-7886 style-local-6409-c9 position-relative\">\n                        <!---->\n                        <!---->\n                        <div class=\"w-100 h-y-container h-column__content h-column__v-align flex-basis-100 align-self-lg-start align-self-md-start align-self-start\">\n                          <!---->\n                          <div data-colibri-id=\"6409-c10\" class=\"h-global-transition-all h-heading style-7887 style-local-6409-c10 position-relative h-element\">\n                            <!---->\n                            <div class=\"h-heading__outer style-7887 style-local-6409-c10\">\n                              <!---->\n                              <!---->\n                              <h5 class=\"\">Wydajno\u015b\u0107<\/h5>\n                            <\/div>\n                          <\/div>\n                          <div data-colibri-id=\"6409-c11\" class=\"h-text h-text-component style-7888 style-local-6409-c11 position-relative h-element\">\n                            <!---->\n                            <!---->\n                            <div class=\"\">\n                              <p>Trzy rz\u0119dy z\u0119b\u00f3w, zgarniacz palcowy oraz regulacja g\u0142\u0119boko\u015bci roboczej.<\/p>\n                            <\/div>\n                          <\/div>\n                        <\/div>\n                      <\/div>\n                    <\/div>\n                    <div class=\"h-column h-column-container d-flex h-col-lg-6 h-col-md-6 h-col-6 style-7886-outer style-local-6409-c12-outer\">\n                      <div data-colibri-id=\"6409-c12\" class=\"d-flex h-flex-basis h-column__inner h-px-lg-0 h-px-md-0 h-px-2 v-inner-lg-0 v-inner-md-0 v-inner-2 style-7886 style-local-6409-c12 position-relative\">\n                        <!---->\n                        <!---->\n                        <div class=\"w-100 h-y-container h-column__content h-column__v-align flex-basis-100 align-self-lg-start align-self-md-start align-self-start\">\n                          <!---->\n                          <div data-colibri-id=\"6409-c13\" class=\"h-global-transition-all h-heading style-7887 style-local-6409-c13 position-relative h-element\">\n                            <!---->\n                            <div class=\"h-heading__outer style-7887 style-local-6409-c13\">\n                              <!---->\n                              <!---->\n                              <h5 class=\"\">Wytrzyma\u0142a budowa<\/h5>\n                            <\/div>\n                          <\/div>\n                          <div data-colibri-id=\"6409-c14\" class=\"h-text h-text-component style-7888 style-local-6409-c14 position-relative h-element\">\n                            <!---->\n                            <!---->\n                            <div class=\"\">\n                              <p>Najwy\u017cszej jako\u015bci elementy wykorzystane przy budowie.<\/p>\n                            <\/div>\n                          <\/div>\n                        <\/div>\n                      <\/div>\n                    <\/div>\n                    <div class=\"h-column h-column-container d-flex h-col-lg-6 h-col-md-6 h-col-6 style-7886-outer style-local-6409-c15-outer\">\n                      <div data-colibri-id=\"6409-c15\" class=\"d-flex h-flex-basis h-column__inner h-px-lg-0 h-px-md-0 h-px-2 v-inner-lg-0 v-inner-md-0 v-inner-2 style-7886 style-local-6409-c15 position-relative\">\n                        <!---->\n                        <!---->\n                        <div class=\"w-100 h-y-container h-column__content h-column__v-align flex-basis-100 align-self-lg-start align-self-md-start align-self-start\">\n                          <!---->\n                          <div data-colibri-id=\"6409-c16\" class=\"h-global-transition-all h-heading style-7887 style-local-6409-c16 position-relative h-element\">\n                            <!---->\n                            <div class=\"h-heading__outer style-7887 style-local-6409-c16\">\n                              <!---->\n                              <!---->\n                              <h5 class=\"\">Ergonomia pracy<\/h5>\n                            <\/div>\n                          <\/div>\n                          <div data-colibri-id=\"6409-c17\" class=\"h-text h-text-component style-7888 style-local-6409-c17 position-relative h-element\">\n                            <!---->\n                            <!---->\n                            <div class=\"\">\n                              <p><span style=\"color: rgb(60, 65, 84); font-family: &quot;Open Sans&quot;; font-size: 16px; font-weight: 400;\">Redlice typu NON-STOP, prosta obrotowa.<\/span><\/p>\n                            <\/div>\n                          <\/div>\n                        <\/div>\n                      <\/div>\n                    <\/div>\n                    <div class=\"h-column h-column-container d-flex h-col-lg-6 h-col-md-6 h-col-6 style-7886-outer style-local-6409-c18-outer\">\n                      <div data-colibri-id=\"6409-c18\" class=\"d-flex h-flex-basis h-column__inner h-px-lg-0 h-px-md-0 h-px-2 v-inner-lg-0 v-inner-md-0 v-inner-2 style-7886 style-local-6409-c18 position-relative\">\n                        <!---->\n                        <!---->\n                        <div class=\"w-100 h-y-container h-column__content h-column__v-align flex-basis-100 align-self-lg-start align-self-md-start align-self-start\">\n                          <!---->\n                          <div data-colibri-id=\"6409-c19\" class=\"h-global-transition-all h-heading style-7887 style-local-6409-c19 position-relative h-element\">\n                            <!---->\n                            <div class=\"h-heading__outer style-7887 style-local-6409-c19\">\n                              <!---->\n                              <!---->\n                              <h5 class=\"\">Wyposa\u017cenie<\/h5>\n                            <\/div>\n                          <\/div>\n                          <div data-colibri-id=\"6409-c20\" class=\"h-text h-text-component style-7888 style-local-6409-c20 position-relative h-element\">\n                            <!---->\n                            <!---->\n                            <div class=\"\">\n                              <p>Mo\u017cliwo\u015b\u0107 personalizacji dzi\u0119ki wyposa\u017ceniu opcjonalnemu<\/p>\n                            <\/div>\n                          <\/div>\n                        <\/div>\n                      <\/div>\n                    <\/div>\n                  <\/div>\n                <\/div>\n              <\/div>\n            <\/div>\n          <\/div>\n        <\/div>\n      <\/div>\n    <\/div>\n  <\/div>\n  <div data-colibri-component=\"section\" data-colibri-id=\"6409-c21\" id=\"reusable-sections-2\" class=\"h-section h-section-global-spacing d-flex align-items-lg-center align-items-md-center align-items-center style-7889 style-local-6409-c21 position-relative\">\n    <!---->\n    <!---->\n    <div class=\"h-section-grid-container h-section-boxed-container\">\n      <!---->\n      <div data-colibri-id=\"6409-c22\" class=\"h-row-container gutters-row-lg-2 gutters-row-md-2 gutters-row-0 gutters-row-v-lg-2 gutters-row-v-md-2 gutters-row-v-2 style-7890 style-local-6409-c22 position-relative\">\n        <!---->\n        <div class=\"h-row justify-content-lg-center justify-content-md-center justify-content-center align-items-lg-stretch align-items-md-stretch align-items-stretch gutters-col-lg-2 gutters-col-md-2 gutters-col-0 gutters-col-v-lg-2 gutters-col-v-md-2 gutters-col-v-2\">\n          <!---->\n          <div class=\"h-column h-column-container d-flex h-col-lg-auto h-col-md-auto h-col-auto style-7891-outer style-local-6409-c23-outer\">\n            <div data-colibri-id=\"6409-c23\" class=\"d-flex h-flex-basis h-column__inner h-px-lg-2 h-px-md-2 h-px-2 v-inner-lg-2 v-inner-md-2 v-inner-2 style-7891 style-local-6409-c23 position-relative\">\n              <!---->\n              <!---->\n              <div class=\"w-100 h-y-container h-column__content h-column__v-align flex-basis-100 align-self-lg-start align-self-md-start align-self-start\">\n                <!---->\n                <div data-colibri-id=\"6409-c24\" class=\"h-global-transition-all h-heading style-7892 style-local-6409-c24 position-relative h-element\">\n                  <!---->\n                  <div class=\"h-heading__outer style-7892 style-local-6409-c24\">\n                    <!---->\n                    <!---->\n                    <h2 class=\"\">Dane techniczne<\/h2>\n                  <\/div>\n                <\/div>\n              <\/div>\n            <\/div>\n          <\/div>\n          <div class=\"h-column h-column-container d-flex h-col-lg-auto h-col-md-auto h-col-auto style-7893-outer style-local-6409-c25-outer\">\n            <div data-colibri-id=\"6409-c25\" class=\"d-flex h-flex-basis h-column__inner h-px-lg-2 h-px-md-2 h-px-2 v-inner-lg-2 v-inner-md-2 v-inner-2 style-7893 style-local-6409-c25 position-relative\">\n              <!---->\n              <!---->\n              <div class=\"w-100 h-y-container h-column__content h-column__v-align flex-basis-100 align-self-lg-start align-self-md-start align-self-start\">\n                <!---->\n                <div data-colibri-id=\"6409-c26\" class=\"h-text h-text-component style-7894 style-local-6409-c26 position-relative h-element\">\n                  <!---->\n                  <!---->\n                  <div class=\"\">\n                    <h3>Specyfikacja modeli<\/h3>\n                    <p>Kultywatory \u015bcierniskowe sprzedawane s\u0105 w r\u00f3\u017cnych modelach podstawowych. Poni\u017cej informacje o ka\u017cdym z nich.<\/p>\n                    <p>\n                      <br>\n                    <\/p>\n                  <\/div>\n                <\/div>\n              <\/div>\n            <\/div>\n          <\/div>\n        <\/div>\n      <\/div>\n      <div data-colibri-id=\"6409-c27\" class=\"h-row-container gutters-row-lg-2 gutters-row-md-2 gutters-row-0 gutters-row-v-lg-2 gutters-row-v-md-2 gutters-row-v-2 style-7895 style-local-6409-c27 position-relative\">\n        <!---->\n        <div class=\"h-row justify-content-lg-center justify-content-md-center justify-content-center align-items-lg-stretch align-items-md-stretch align-items-stretch gutters-col-lg-2 gutters-col-md-2 gutters-col-0 gutters-col-v-lg-2 gutters-col-v-md-2 gutters-col-v-2\">\n          <!---->\n          <div class=\"h-column h-column-container d-flex h-col-lg-auto h-col-md-auto h-col-auto style-7896-outer style-local-6409-c28-outer\">\n            <div data-colibri-id=\"6409-c28\" class=\"d-flex h-flex-basis h-column__inner h-px-lg-2 h-px-md-2 h-px-2 v-inner-lg-2 v-inner-md-2 v-inner-2 style-7896 style-local-6409-c28 position-relative\">\n              <!---->\n              <!---->\n              <div class=\"w-100 h-y-container h-column__content h-column__v-align flex-basis-100 align-self-lg-start align-self-md-start align-self-start\">\n                <!---->\n                <div data-colibri-id=\"6409-c29\" class=\"h-x-container style-7897 style-local-6409-c29 position-relative h-element\">\n                  <!---->\n                  <div class=\"h-x-container-inner style-dynamic-6409-c29-group style-7897-spacing style-local-6409-c29-spacing\"><span class=\"h-button__outer style-7898-outer style-local-6409-c30-outer d-inline-flex h-element\"><a h-use-smooth-scroll=\"true\" href=\"https:\/\/skraw-tech.com\/wp-content\/uploads\/2023\/01\/Kultywator.pdf\"  data-colibri-id=\"6409-c30\" class=\"d-flex w-100 align-items-center h-button justify-content-lg-center justify-content-md-center justify-content-center style-7898 style-local-6409-c30 position-relative\"><!----><!----> <span>Kliknij, aby zobaczy\u0107 dane techniczne<\/span><\/a>\n                    <\/span>\n                  <\/div>\n                <\/div>\n              <\/div>\n            <\/div>\n          <\/div>\n          <div class=\"h-column h-column-container d-flex h-col-lg-auto h-col-md-auto h-col-auto style-7899-outer style-local-6409-c31-outer\">\n            <div data-colibri-id=\"6409-c31\" class=\"d-flex h-flex-basis h-column__inner h-px-lg-2 h-px-md-2 h-px-2 v-inner-lg-2 v-inner-md-2 v-inner-2 style-7899 style-local-6409-c31 position-relative\">\n              <!---->\n              <!---->\n              <div class=\"w-100 h-y-container h-column__content h-column__v-align flex-basis-100 align-self-lg-start align-self-md-start align-self-start\">\n                <!---->\n                <div data-colibri-id=\"6409-c32\" class=\"h-x-container style-7900 style-local-6409-c32 position-relative h-element\">\n                  <!---->\n                  <div class=\"h-x-container-inner style-dynamic-6409-c32-group style-7900-spacing style-local-6409-c32-spacing\"><span class=\"h-button__outer style-7901-outer style-local-6409-c33-outer d-inline-flex h-element\"><a h-use-smooth-scroll=\"true\" href=\"https:\/\/skraw-tech.com\/wp-content\/uploads\/2023\/01\/Kultywator-modele.pdf\"  data-colibri-id=\"6409-c33\" class=\"d-flex w-100 align-items-center h-button justify-content-lg-center justify-content-md-center justify-content-center style-7901 style-local-6409-c33 position-relative\"><!----><!----> <span>Specyfikacja modeli<\/span><\/a>\n                    <\/span>\n                  <\/div>\n                <\/div>\n              <\/div>\n            <\/div>\n          <\/div>\n        <\/div>\n      <\/div>\n      <div data-colibri-id=\"6409-c34\" class=\"h-row-container gutters-row-lg-2 gutters-row-md-2 gutters-row-0 gutters-row-v-lg-2 gutters-row-v-md-2 gutters-row-v-2 style-7902 style-local-6409-c34 position-relative\">\n        <!---->\n        <div class=\"h-row justify-content-lg-center justify-content-md-center justify-content-center align-items-lg-stretch align-items-md-stretch align-items-stretch gutters-col-lg-2 gutters-col-md-2 gutters-col-0 gutters-col-v-lg-2 gutters-col-v-md-2 gutters-col-v-2\">\n          <!---->\n          <div class=\"h-column h-column-container d-flex h-col-lg-6 h-col-md-6 h-col-12 style-7903-outer style-local-6409-c35-outer\">\n            <div data-colibri-id=\"6409-c35\" class=\"d-flex h-flex-basis h-column__inner h-px-lg-0 h-px-md-0 h-px-0 v-inner-lg-0 v-inner-md-0 v-inner-0 style-7903 style-local-6409-c35 position-relative\">\n              <!---->\n              <!---->\n              <div class=\"w-100 h-y-container h-column__content h-column__v-align flex-basis-100 align-self-lg-start align-self-md-start align-self-start\">\n                <!---->\n                <div data-colibri-id=\"6409-c36\" class=\"d-block style-7904 style-local-6409-c36 position-relative h-element\">\n                  <!---->\n                  <div class=\"h-image__frame-container-outer\">\n                    <div class=\"h-image__frame-container\">\n                      <!---->\n                      <!---->\n                      <img loading=\"lazy\" decoding=\"async\" width=\"3461\" height=\"2595\" src=\"https:\/\/skraw-tech.com\/wp-content\/uploads\/2023\/01\/tyl-kultywator.png\" class=\"wp-image-6795 style-7904-image style-local-6409-c36-image\" alt=\"\" srcset=\"https:\/\/skraw-tech.com\/wp-content\/uploads\/2023\/01\/tyl-kultywator.png 3461w, https:\/\/skraw-tech.com\/wp-content\/uploads\/2023\/01\/tyl-kultywator-300x225.png 300w, https:\/\/skraw-tech.com\/wp-content\/uploads\/2023\/01\/tyl-kultywator-750x562.png 750w, https:\/\/skraw-tech.com\/wp-content\/uploads\/2023\/01\/tyl-kultywator-768x576.png 768w, https:\/\/skraw-tech.com\/wp-content\/uploads\/2023\/01\/tyl-kultywator-1536x1152.png 1536w, https:\/\/skraw-tech.com\/wp-content\/uploads\/2023\/01\/tyl-kultywator-2048x1536.png 2048w\" sizes=\"auto, (max-width: 3461px) 100vw, 3461px\" \/>\n                      <div class=\"h-image__frame h-hide-lg h-hide-md h-hide-sm style-7904-frameImage style-local-6409-c36-frameImage\"><\/div>\n                    <\/div>\n                  <\/div>\n                <\/div>\n              <\/div>\n            <\/div>\n          <\/div>\n        <\/div>\n      <\/div>\n    <\/div>\n  <\/div>\n<\/div>","protected":false},"excerpt":{"rendered":"<p>Kultywator \u015bcierniskowy Jest to zawieszane narz\u0119dzie uprawowe, kt\u00f3re jest przeznaczone do spulchniania gleby poprzez jej wzruszenie i wymieszanie bez odwracania jej warstw. Mo\u017ce pos\u0142u\u017cy\u0107 do jednoczesnej uprawy gleby po orce przedzimowej lub do spulchniania \u015bciernisk, je\u015bli nie stosuje si\u0119 podorywki. Wydajno\u015b\u0107 Trzy rz\u0119dy z\u0119b\u00f3w, zgarniacz palcowy oraz regulacja g\u0142\u0119boko\u015bci roboczej. Wytrzyma\u0142a budowa Najwy\u017cszej jako\u015bci elementy [&hellip;]<\/p>\n","protected":false},"author":1,"featured_media":0,"parent":0,"menu_order":0,"comment_status":"closed","ping_status":"closed","template":"page-templates\/full-width-page.php","meta":{"footnotes":""},"class_list":["post-6409","page","type-page","status-publish","hentry"],"_links":{"self":[{"href":"https:\/\/skraw-tech.com\/index.php?rest_route=\/wp\/v2\/pages\/6409","targetHints":{"allow":["GET"]}}],"collection":[{"href":"https:\/\/skraw-tech.com\/index.php?rest_route=\/wp\/v2\/pages"}],"about":[{"href":"https:\/\/skraw-tech.com\/index.php?rest_route=\/wp\/v2\/types\/page"}],"author":[{"embeddable":true,"href":"https:\/\/skraw-tech.com\/index.php?rest_route=\/wp\/v2\/users\/1"}],"replies":[{"embeddable":true,"href":"https:\/\/skraw-tech.com\/index.php?rest_route=%2Fwp%2Fv2%2Fcomments&post=6409"}],"version-history":[{"count":2,"href":"https:\/\/skraw-tech.com\/index.php?rest_route=\/wp\/v2\/pages\/6409\/revisions"}],"predecessor-version":[{"id":6799,"href":"https:\/\/skraw-tech.com\/index.php?rest_route=\/wp\/v2\/pages\/6409\/revisions\/6799"}],"wp:attachment":[{"href":"https:\/\/skraw-tech.com\/index.php?rest_route=%2Fwp%2Fv2%2Fmedia&parent=6409"}],"curies":[{"name":"wp","href":"https:\/\/api.w.org\/{rel}","templated":true}]}}