{"id":6681,"date":"2023-01-24T12:24:59","date_gmt":"2023-01-24T11:24:59","guid":{"rendered":"https:\/\/skraw-tech.com\/?page_id=6681"},"modified":"2023-01-24T12:51:01","modified_gmt":"2023-01-24T11:51:01","slug":"tytan","status":"publish","type":"page","link":"https:\/\/skraw-tech.com\/?page_id=6681","title":{"rendered":"Tytan"},"content":{"rendered":"<div data-colibri-id=\"6681-c1\" class=\"style-7733 style-local-6681-c1 position-relative\">\n  <!---->\n  <div data-colibri-component=\"section\" data-colibri-id=\"6681-c2\" id=\"reusable-sections\" class=\"h-section h-section-global-spacing d-flex align-items-lg-center align-items-md-center align-items-center style-7734 style-local-6681-c2 h-overflow-hidden position-relative\">\n    <!---->\n    <!---->\n    <div class=\"h-section-grid-container h-section-fluid-container\">\n      <!---->\n      <div data-colibri-id=\"6681-c3\" class=\"h-row-container gutters-row-lg-0 gutters-row-md-0 gutters-row-2 gutters-row-v-lg-0 gutters-row-v-md-0 gutters-row-v-2 style-7735 style-local-6681-c3 position-relative\">\n        <!---->\n        <div class=\"h-row justify-content-lg-center justify-content-md-center justify-content-center align-items-lg-stretch align-items-md-stretch align-items-stretch gutters-col-lg-0 gutters-col-md-0 gutters-col-2 gutters-col-v-lg-0 gutters-col-v-md-0 gutters-col-v-2\">\n          <!---->\n          <div class=\"h-column h-column-container d-flex h-col-lg-auto h-col-md-auto h-col-auto style-7736-outer style-local-6681-c4-outer\">\n            <div data-colibri-id=\"6681-c4\" class=\"d-flex h-flex-basis h-column__inner h-ui-empty-state-container h-px-lg-0 h-px-md-0 h-px-0 v-inner-lg-0 v-inner-md-0 v-inner-0 style-7736 style-local-6681-c4 position-relative\">\n              <!---->\n              <!---->\n              <div class=\"w-100 h-y-container h-column__content h-column__v-align flex-basis-100\">\n                <!---->\n              <\/div>\n            <\/div>\n          <\/div>\n          <div class=\"h-column h-column-container d-flex h-col-lg-auto h-col-md-auto h-col-auto style-7737-outer style-local-6681-c5-outer\">\n            <div data-colibri-id=\"6681-c5\" class=\"d-flex h-flex-basis h-column__inner h-px-lg-0 h-px-md-0 h-px-0 v-inner-lg-0 v-inner-md-0 v-inner-0 style-7737 style-local-6681-c5 position-relative\">\n              <!---->\n              <!---->\n              <div class=\"w-100 h-y-container h-column__content h-column__v-align flex-basis-100 align-self-lg-start align-self-md-start align-self-start\">\n                <!---->\n                <div data-colibri-id=\"6681-c6\" class=\"h-global-transition-all h-heading style-7738 style-local-6681-c6 position-relative h-element\">\n                  <!---->\n                  <div class=\"h-heading__outer style-7738 style-local-6681-c6\">\n                    <!---->\n                    <!---->\n                    <h4 class=\"\">Tytan<\/h4>\n                  <\/div>\n                <\/div>\n                <div data-colibri-id=\"6681-c7\" class=\"h-text h-text-component style-7739 style-local-6681-c7 position-relative h-element\">\n                  <!---->\n                  <!---->\n                  <div class=\"\">\n                    <p>Agregat uprawno-siewny TYTAN umo\u017cliwia spulchnianie i wyr\u00f3wnywanie wierzchniej warstwy gleby, rozbijanie i kruszenie bry\u0142, na zaskorupia\u0142ej powierzchni pola. Umo\u017cliwia tak\u017ce ugniatania pod\u0142o\u017ca dla lepszego podsi\u0105kania w\u00f3d gruntowych.<\/p>\n                  <\/div>\n                <\/div>\n                <div data-colibri-id=\"6681-c8\" class=\"h-row-container gutters-row-lg-2 gutters-row-md-2 gutters-row-0 gutters-row-v-lg-2 gutters-row-v-md-2 gutters-row-v-0 style-7740 style-local-6681-c8 position-relative\">\n                  <!---->\n                  <div class=\"h-row justify-content-lg-center justify-content-md-center justify-content-center align-items-lg-stretch align-items-md-stretch align-items-stretch gutters-col-lg-2 gutters-col-md-2 gutters-col-0 gutters-col-v-lg-2 gutters-col-v-md-2 gutters-col-v-0\">\n                    <!---->\n                    <div class=\"h-column h-column-container d-flex h-col-lg-6 h-col-md-6 h-col-6 style-7741-outer style-local-6681-c9-outer\">\n                      <div data-colibri-id=\"6681-c9\" class=\"d-flex h-flex-basis h-column__inner h-px-lg-0 h-px-md-0 h-px-2 v-inner-lg-0 v-inner-md-0 v-inner-2 style-7741 style-local-6681-c9 position-relative\">\n                        <!---->\n                        <!---->\n                        <div class=\"w-100 h-y-container h-column__content h-column__v-align flex-basis-100 align-self-lg-start align-self-md-start align-self-start\">\n                          <!---->\n                          <div data-colibri-id=\"6681-c10\" class=\"h-global-transition-all h-heading style-7742 style-local-6681-c10 position-relative h-element\">\n                            <!---->\n                            <div class=\"h-heading__outer style-7742 style-local-6681-c10\">\n                              <!---->\n                              <!---->\n                              <h5 class=\"\">Wydajno\u015b\u0107<\/h5>\n                            <\/div>\n                          <\/div>\n                          <div data-colibri-id=\"6681-c11\" class=\"h-text h-text-component style-7743 style-local-6681-c11 position-relative h-element\">\n                            <!---->\n                            <!---->\n                            <div class=\"\">\n                              <p>Tarcze o \u015brednicy 560mm wyposa\u017cone w bezobs\u0142ugowe piasty z uszczelnieniem<\/p>\n                            <\/div>\n                          <\/div>\n                        <\/div>\n                      <\/div>\n                    <\/div>\n                    <div class=\"h-column h-column-container d-flex h-col-lg-6 h-col-md-6 h-col-6 style-7741-outer style-local-6681-c12-outer\">\n                      <div data-colibri-id=\"6681-c12\" class=\"d-flex h-flex-basis h-column__inner h-px-lg-0 h-px-md-0 h-px-2 v-inner-lg-0 v-inner-md-0 v-inner-2 style-7741 style-local-6681-c12 position-relative\">\n                        <!---->\n                        <!---->\n                        <div class=\"w-100 h-y-container h-column__content h-column__v-align flex-basis-100 align-self-lg-start align-self-md-start align-self-start\">\n                          <!---->\n                          <div data-colibri-id=\"6681-c13\" class=\"h-global-transition-all h-heading style-7742 style-local-6681-c13 position-relative h-element\">\n                            <!---->\n                            <div class=\"h-heading__outer style-7742 style-local-6681-c13\">\n                              <!---->\n                              <!---->\n                              <h5 class=\"\">Wytrzyma\u0142a budowa<\/h5>\n                            <\/div>\n                          <\/div>\n                          <div data-colibri-id=\"6681-c14\" class=\"h-text h-text-component style-7743 style-local-6681-c14 position-relative h-element\">\n                            <!---->\n                            <!---->\n                            <div class=\"\">\n                              <p>Najwy\u017cszej jako\u015bci elementy wykorzystane przy budowie.<\/p>\n                            <\/div>\n                          <\/div>\n                        <\/div>\n                      <\/div>\n                    <\/div>\n                    <div class=\"h-column h-column-container d-flex h-col-lg-6 h-col-md-6 h-col-6 style-7741-outer style-local-6681-c15-outer\">\n                      <div data-colibri-id=\"6681-c15\" class=\"d-flex h-flex-basis h-column__inner h-px-lg-0 h-px-md-0 h-px-2 v-inner-lg-0 v-inner-md-0 v-inner-2 style-7741 style-local-6681-c15 position-relative\">\n                        <!---->\n                        <!---->\n                        <div class=\"w-100 h-y-container h-column__content h-column__v-align flex-basis-100 align-self-lg-start align-self-md-start align-self-start\">\n                          <!---->\n                          <div data-colibri-id=\"6681-c16\" class=\"h-global-transition-all h-heading style-7742 style-local-6681-c16 position-relative h-element\">\n                            <!---->\n                            <div class=\"h-heading__outer style-7742 style-local-6681-c16\">\n                              <!---->\n                              <!---->\n                              <h5 class=\"\">Ergonomia pracy<\/h5>\n                            <\/div>\n                          <\/div>\n                          <div data-colibri-id=\"6681-c17\" class=\"h-text h-text-component style-7743 style-local-6681-c17 position-relative h-element\">\n                            <!---->\n                            <!---->\n                            <div class=\"\">\n                              <p><span style=\"color: rgb(60, 65, 84); font-family: &quot;Open Sans&quot;; font-size: 16px; font-weight: 400;\">Dwa rz\u0119dy talerzy z amortyzacj\u0105 gumow\u0105<\/span><\/p>\n                            <\/div>\n                          <\/div>\n                        <\/div>\n                      <\/div>\n                    <\/div>\n                    <div class=\"h-column h-column-container d-flex h-col-lg-6 h-col-md-6 h-col-6 style-7741-outer style-local-6681-c18-outer\">\n                      <div data-colibri-id=\"6681-c18\" class=\"d-flex h-flex-basis h-column__inner h-px-lg-0 h-px-md-0 h-px-2 v-inner-lg-0 v-inner-md-0 v-inner-2 style-7741 style-local-6681-c18 position-relative\">\n                        <!---->\n                        <!---->\n                        <div class=\"w-100 h-y-container h-column__content h-column__v-align flex-basis-100 align-self-lg-start align-self-md-start align-self-start\">\n                          <!---->\n                          <div data-colibri-id=\"6681-c19\" class=\"h-global-transition-all h-heading style-7742 style-local-6681-c19 position-relative h-element\">\n                            <!---->\n                            <div class=\"h-heading__outer style-7742 style-local-6681-c19\">\n                              <!---->\n                              <!---->\n                              <h5 class=\"\">Wyposa\u017cenie<\/h5>\n                            <\/div>\n                          <\/div>\n                          <div data-colibri-id=\"6681-c20\" class=\"h-text h-text-component style-7743 style-local-6681-c20 position-relative h-element\">\n                            <!---->\n                            <!---->\n                            <div class=\"\">\n                              <p>Mo\u017cliwo\u015b\u0107 personalizacji dzi\u0119ki wyposa\u017ceniu opcjonalnemu<\/p>\n                            <\/div>\n                          <\/div>\n                        <\/div>\n                      <\/div>\n                    <\/div>\n                  <\/div>\n                <\/div>\n              <\/div>\n            <\/div>\n          <\/div>\n        <\/div>\n      <\/div>\n    <\/div>\n  <\/div>\n  <div data-colibri-component=\"section\" data-colibri-id=\"6681-c21\" id=\"reusable-sections-2\" class=\"h-section h-section-global-spacing d-flex align-items-lg-center align-items-md-center align-items-center style-7744 style-local-6681-c21 position-relative\">\n    <!---->\n    <!---->\n    <div class=\"h-section-grid-container h-section-boxed-container\">\n      <!---->\n      <div data-colibri-id=\"6681-c22\" class=\"h-row-container gutters-row-lg-2 gutters-row-md-2 gutters-row-0 gutters-row-v-lg-2 gutters-row-v-md-2 gutters-row-v-2 style-7745 style-local-6681-c22 position-relative\">\n        <!---->\n        <div class=\"h-row justify-content-lg-center justify-content-md-center justify-content-center align-items-lg-stretch align-items-md-stretch align-items-stretch gutters-col-lg-2 gutters-col-md-2 gutters-col-0 gutters-col-v-lg-2 gutters-col-v-md-2 gutters-col-v-2\">\n          <!---->\n          <div class=\"h-column h-column-container d-flex h-col-lg-auto h-col-md-auto h-col-auto style-7746-outer style-local-6681-c23-outer\">\n            <div data-colibri-id=\"6681-c23\" class=\"d-flex h-flex-basis h-column__inner h-px-lg-2 h-px-md-2 h-px-2 v-inner-lg-2 v-inner-md-2 v-inner-2 style-7746 style-local-6681-c23 position-relative\">\n              <!---->\n              <!---->\n              <div class=\"w-100 h-y-container h-column__content h-column__v-align flex-basis-100 align-self-lg-start align-self-md-start align-self-start\">\n                <!---->\n                <div data-colibri-id=\"6681-c24\" class=\"h-global-transition-all h-heading style-7747 style-local-6681-c24 position-relative h-element\">\n                  <!---->\n                  <div class=\"h-heading__outer style-7747 style-local-6681-c24\">\n                    <!---->\n                    <!---->\n                    <h2 class=\"\">Dane techniczne<\/h2>\n                  <\/div>\n                <\/div>\n              <\/div>\n            <\/div>\n          <\/div>\n          <div class=\"h-column h-column-container d-flex h-col-lg-auto h-col-md-auto h-col-auto style-7748-outer style-local-6681-c25-outer\">\n            <div data-colibri-id=\"6681-c25\" class=\"d-flex h-flex-basis h-column__inner h-px-lg-2 h-px-md-2 h-px-2 v-inner-lg-2 v-inner-md-2 v-inner-2 style-7748 style-local-6681-c25 position-relative\">\n              <!---->\n              <!---->\n              <div class=\"w-100 h-y-container h-column__content h-column__v-align flex-basis-100 align-self-lg-start align-self-md-start align-self-start\">\n                <!---->\n                <div data-colibri-id=\"6681-c26\" class=\"h-text h-text-component style-7749 style-local-6681-c26 position-relative h-element\">\n                  <!---->\n                  <!---->\n                  <div class=\"\">\n                    <h3>Specyfikacja modeli<\/h3>\n                    <p>Agregaty uprawowo-siewne TYTAN sprzedawane s\u0105 w r\u00f3\u017cnych modelach podstawowych. Poni\u017cej informacje o ka\u017cdym z nich.<\/p>\n                    <p>\n                      <br>\n                    <\/p>\n                  <\/div>\n                <\/div>\n              <\/div>\n            <\/div>\n          <\/div>\n        <\/div>\n      <\/div>\n      <div data-colibri-id=\"6681-c27\" class=\"h-row-container gutters-row-lg-2 gutters-row-md-2 gutters-row-0 gutters-row-v-lg-2 gutters-row-v-md-2 gutters-row-v-2 style-7750 style-local-6681-c27 position-relative\">\n        <!---->\n        <div class=\"h-row justify-content-lg-center justify-content-md-center justify-content-center align-items-lg-stretch align-items-md-stretch align-items-stretch gutters-col-lg-2 gutters-col-md-2 gutters-col-0 gutters-col-v-lg-2 gutters-col-v-md-2 gutters-col-v-2\">\n          <!---->\n          <div class=\"h-column h-column-container d-flex h-col-lg-auto h-col-md-auto h-col-auto style-7751-outer style-local-6681-c28-outer\">\n            <div data-colibri-id=\"6681-c28\" class=\"d-flex h-flex-basis h-column__inner h-px-lg-2 h-px-md-2 h-px-2 v-inner-lg-2 v-inner-md-2 v-inner-2 style-7751 style-local-6681-c28 position-relative\">\n              <!---->\n              <!---->\n              <div class=\"w-100 h-y-container h-column__content h-column__v-align flex-basis-100 align-self-lg-start align-self-md-start align-self-start\">\n                <!---->\n                <div data-colibri-id=\"6681-c29\" class=\"h-x-container style-7752 style-local-6681-c29 position-relative h-element\">\n                  <!---->\n                  <div class=\"h-x-container-inner style-dynamic-6681-c29-group style-7752-spacing style-local-6681-c29-spacing\"><span class=\"h-button__outer style-7753-outer style-local-6681-c30-outer d-inline-flex h-element\"><a h-use-smooth-scroll=\"true\" href=\"https:\/\/skraw-tech.com\/wp-content\/uploads\/2023\/01\/Tytan.pdf\"  data-colibri-id=\"6681-c30\" class=\"d-flex w-100 align-items-center h-button justify-content-lg-center justify-content-md-center justify-content-center style-7753 style-local-6681-c30 position-relative\"><!----><!----> <span>Kliknij, aby zobaczy\u0107 dane techniczne<\/span><\/a>\n                    <\/span>\n                  <\/div>\n                <\/div>\n              <\/div>\n            <\/div>\n          <\/div>\n          <div class=\"h-column h-column-container d-flex h-col-lg-auto h-col-md-auto h-col-auto style-7754-outer style-local-6681-c31-outer\">\n            <div data-colibri-id=\"6681-c31\" class=\"d-flex h-flex-basis h-column__inner h-px-lg-2 h-px-md-2 h-px-2 v-inner-lg-2 v-inner-md-2 v-inner-2 style-7754 style-local-6681-c31 position-relative\">\n              <!---->\n              <!---->\n              <div class=\"w-100 h-y-container h-column__content h-column__v-align flex-basis-100 align-self-lg-start align-self-md-start align-self-start\">\n                <!---->\n                <div data-colibri-id=\"6681-c32\" class=\"h-x-container style-7755 style-local-6681-c32 position-relative h-element\">\n                  <!---->\n                  <div class=\"h-x-container-inner style-dynamic-6681-c32-group style-7755-spacing style-local-6681-c32-spacing\"><span class=\"h-button__outer style-7756-outer style-local-6681-c33-outer d-inline-flex h-element\"><a h-use-smooth-scroll=\"true\" href=\"https:\/\/skraw-tech.com\/wp-content\/uploads\/2023\/01\/Tytan-modele.pdf\"  data-colibri-id=\"6681-c33\" class=\"d-flex w-100 align-items-center h-button justify-content-lg-center justify-content-md-center justify-content-center style-7756 style-local-6681-c33 position-relative\"><!----><!----> <span>Specyfikacja modeli<\/span><\/a>\n                    <\/span>\n                  <\/div>\n                <\/div>\n              <\/div>\n            <\/div>\n          <\/div>\n        <\/div>\n      <\/div>\n      <div data-colibri-id=\"6681-c34\" class=\"h-row-container gutters-row-lg-2 gutters-row-md-2 gutters-row-0 gutters-row-v-lg-2 gutters-row-v-md-2 gutters-row-v-2 style-7757 style-local-6681-c34 position-relative\">\n        <!---->\n        <div class=\"h-row justify-content-lg-center justify-content-md-center justify-content-center align-items-lg-stretch align-items-md-stretch align-items-stretch gutters-col-lg-2 gutters-col-md-2 gutters-col-0 gutters-col-v-lg-2 gutters-col-v-md-2 gutters-col-v-2\">\n          <!---->\n          <div class=\"h-column h-column-container d-flex h-col-lg-6 h-col-md-6 h-col-12 style-7758-outer style-local-6681-c35-outer\">\n            <div data-colibri-id=\"6681-c35\" class=\"d-flex h-flex-basis h-column__inner h-px-lg-0 h-px-md-0 h-px-0 v-inner-lg-0 v-inner-md-0 v-inner-0 style-7758 style-local-6681-c35 position-relative\">\n              <!---->\n              <!---->\n              <div class=\"w-100 h-y-container h-column__content h-column__v-align flex-basis-100 align-self-lg-start align-self-md-start align-self-start\">\n                <!---->\n                <div data-colibri-id=\"6681-c36\" class=\"d-block style-7759 style-local-6681-c36 position-relative h-element\">\n                  <!---->\n                  <div class=\"h-image__frame-container-outer\">\n                    <div class=\"h-image__frame-container\">\n                      <!---->\n                      <!---->\n                      <img loading=\"lazy\" decoding=\"async\" width=\"2560\" height=\"1572\" src=\"https:\/\/skraw-tech.com\/wp-content\/uploads\/2023\/01\/tytan-tyl.png\" class=\"wp-image-6673 style-7759-image style-local-6681-c36-image\" alt=\"\" srcset=\"https:\/\/skraw-tech.com\/wp-content\/uploads\/2023\/01\/tytan-tyl.png 2560w, https:\/\/skraw-tech.com\/wp-content\/uploads\/2023\/01\/tytan-tyl-300x184.png 300w, https:\/\/skraw-tech.com\/wp-content\/uploads\/2023\/01\/tytan-tyl-750x461.png 750w, https:\/\/skraw-tech.com\/wp-content\/uploads\/2023\/01\/tytan-tyl-768x472.png 768w, https:\/\/skraw-tech.com\/wp-content\/uploads\/2023\/01\/tytan-tyl-1536x943.png 1536w, https:\/\/skraw-tech.com\/wp-content\/uploads\/2023\/01\/tytan-tyl-2048x1258.png 2048w\" sizes=\"auto, (max-width: 2560px) 100vw, 2560px\" \/>\n                      <div class=\"h-image__frame h-hide-lg h-hide-md h-hide-sm style-7759-frameImage style-local-6681-c36-frameImage\"><\/div>\n                    <\/div>\n                  <\/div>\n                <\/div>\n              <\/div>\n            <\/div>\n          <\/div>\n        <\/div>\n      <\/div>\n    <\/div>\n  <\/div>\n<\/div>","protected":false},"excerpt":{"rendered":"<p>Tytan Agregat uprawno-siewny TYTAN umo\u017cliwia spulchnianie i wyr\u00f3wnywanie wierzchniej warstwy gleby, rozbijanie i kruszenie bry\u0142, na zaskorupia\u0142ej powierzchni pola. Umo\u017cliwia tak\u017ce ugniatania pod\u0142o\u017ca dla lepszego podsi\u0105kania w\u00f3d gruntowych. Wydajno\u015b\u0107 Tarcze o \u015brednicy 560mm wyposa\u017cone w bezobs\u0142ugowe piasty z uszczelnieniem Wytrzyma\u0142a budowa Najwy\u017cszej jako\u015bci elementy wykorzystane przy budowie. Ergonomia pracy Dwa rz\u0119dy talerzy z amortyzacj\u0105 gumow\u0105 [&hellip;]<\/p>\n","protected":false},"author":1,"featured_media":0,"parent":0,"menu_order":0,"comment_status":"closed","ping_status":"closed","template":"page-templates\/full-width-page.php","meta":{"footnotes":""},"class_list":["post-6681","page","type-page","status-publish","hentry"],"_links":{"self":[{"href":"https:\/\/skraw-tech.com\/index.php?rest_route=\/wp\/v2\/pages\/6681","targetHints":{"allow":["GET"]}}],"collection":[{"href":"https:\/\/skraw-tech.com\/index.php?rest_route=\/wp\/v2\/pages"}],"about":[{"href":"https:\/\/skraw-tech.com\/index.php?rest_route=\/wp\/v2\/types\/page"}],"author":[{"embeddable":true,"href":"https:\/\/skraw-tech.com\/index.php?rest_route=\/wp\/v2\/users\/1"}],"replies":[{"embeddable":true,"href":"https:\/\/skraw-tech.com\/index.php?rest_route=%2Fwp%2Fv2%2Fcomments&post=6681"}],"version-history":[{"count":2,"href":"https:\/\/skraw-tech.com\/index.php?rest_route=\/wp\/v2\/pages\/6681\/revisions"}],"predecessor-version":[{"id":6702,"href":"https:\/\/skraw-tech.com\/index.php?rest_route=\/wp\/v2\/pages\/6681\/revisions\/6702"}],"wp:attachment":[{"href":"https:\/\/skraw-tech.com\/index.php?rest_route=%2Fwp%2Fv2%2Fmedia&parent=6681"}],"curies":[{"name":"wp","href":"https:\/\/api.w.org\/{rel}","templated":true}]}}