{"id":6810,"date":"2023-01-25T08:25:15","date_gmt":"2023-01-25T07:25:15","guid":{"rendered":"https:\/\/skraw-tech.com\/?page_id=6810"},"modified":"2023-01-25T08:47:10","modified_gmt":"2023-01-25T07:47:10","slug":"neon-250-270-300","status":"publish","type":"page","link":"https:\/\/skraw-tech.com\/?page_id=6810","title":{"rendered":"Neon 250 270 300"},"content":{"rendered":"<div data-colibri-id=\"6810-c1\" class=\"style-7947 style-local-6810-c1 position-relative\">\n  <!---->\n  <div data-colibri-component=\"section\" data-colibri-id=\"6810-c2\" id=\"reusable-sections\" class=\"h-section h-section-global-spacing d-flex align-items-lg-center align-items-md-center align-items-center style-7948 style-local-6810-c2 h-overflow-hidden position-relative\">\n    <!---->\n    <!---->\n    <div class=\"h-section-grid-container h-section-fluid-container\">\n      <!---->\n      <div data-colibri-id=\"6810-c3\" class=\"h-row-container gutters-row-lg-0 gutters-row-md-0 gutters-row-2 gutters-row-v-lg-0 gutters-row-v-md-0 gutters-row-v-2 style-7949 style-local-6810-c3 position-relative\">\n        <!---->\n        <div class=\"h-row justify-content-lg-center justify-content-md-center justify-content-center align-items-lg-stretch align-items-md-stretch align-items-stretch gutters-col-lg-0 gutters-col-md-0 gutters-col-2 gutters-col-v-lg-0 gutters-col-v-md-0 gutters-col-v-2\">\n          <!---->\n          <div class=\"h-column h-column-container d-flex h-col-lg-auto h-col-md-auto h-col-auto style-7950-outer style-local-6810-c4-outer\">\n            <div data-colibri-id=\"6810-c4\" class=\"d-flex h-flex-basis h-column__inner h-ui-empty-state-container h-px-lg-0 h-px-md-0 h-px-0 v-inner-lg-0 v-inner-md-0 v-inner-0 style-7950 style-local-6810-c4 position-relative\">\n              <!---->\n              <!---->\n              <div class=\"w-100 h-y-container h-column__content h-column__v-align flex-basis-100\">\n                <!---->\n              <\/div>\n            <\/div>\n          <\/div>\n          <div class=\"h-column h-column-container d-flex h-col-lg-auto h-col-md-auto h-col-auto style-7951-outer style-local-6810-c5-outer\">\n            <div data-colibri-id=\"6810-c5\" class=\"d-flex h-flex-basis h-column__inner h-px-lg-0 h-px-md-0 h-px-0 v-inner-lg-0 v-inner-md-0 v-inner-0 style-7951 style-local-6810-c5 position-relative\">\n              <!---->\n              <!---->\n              <div class=\"w-100 h-y-container h-column__content h-column__v-align flex-basis-100 align-self-lg-start align-self-md-start align-self-start\">\n                <!---->\n                <div data-colibri-id=\"6810-c6\" class=\"h-global-transition-all h-heading style-7952 style-local-6810-c6 position-relative h-element\">\n                  <!---->\n                  <div class=\"h-heading__outer style-7952 style-local-6810-c6\">\n                    <!---->\n                    <!---->\n                    <h4 class=\"\">Neon 250 270 300<\/h4>\n                  <\/div>\n                <\/div>\n                <div data-colibri-id=\"6810-c7\" class=\"h-text h-text-component style-7953 style-local-6810-c7 position-relative h-element\">\n                  <!---->\n                  <!---->\n                  <div class=\"\">\n                    <p>Agregaty uprawowe NEON to narz\u0119dzie do uprawy charakteryzuj\u0105ce si\u0119 tym, \u017ce wsp\u00f3\u0142dzia\u0142a z innymi maszynami ci\u0105gn\u0105cymi. S\u0142u\u017cy on do odpowiedniego mieszania gleby na r\u00f3\u017cnych g\u0142\u0119boko\u015bciach.<\/p>\n                  <\/div>\n                <\/div>\n                <div data-colibri-id=\"6810-c8\" class=\"h-row-container gutters-row-lg-2 gutters-row-md-2 gutters-row-0 gutters-row-v-lg-2 gutters-row-v-md-2 gutters-row-v-0 style-7954 style-local-6810-c8 position-relative\">\n                  <!---->\n                  <div class=\"h-row justify-content-lg-center justify-content-md-center justify-content-center align-items-lg-stretch align-items-md-stretch align-items-stretch gutters-col-lg-2 gutters-col-md-2 gutters-col-0 gutters-col-v-lg-2 gutters-col-v-md-2 gutters-col-v-0\">\n                    <!---->\n                    <div class=\"h-column h-column-container d-flex h-col-lg-6 h-col-md-6 h-col-6 style-7955-outer style-local-6810-c9-outer\">\n                      <div data-colibri-id=\"6810-c9\" class=\"d-flex h-flex-basis h-column__inner h-px-lg-0 h-px-md-0 h-px-2 v-inner-lg-0 v-inner-md-0 v-inner-2 style-7955 style-local-6810-c9 position-relative\">\n                        <!---->\n                        <!---->\n                        <div class=\"w-100 h-y-container h-column__content h-column__v-align flex-basis-100 align-self-lg-start align-self-md-start align-self-start\">\n                          <!---->\n                          <div data-colibri-id=\"6810-c10\" class=\"h-global-transition-all h-heading style-7956 style-local-6810-c10 position-relative h-element\">\n                            <!---->\n                            <div class=\"h-heading__outer style-7956 style-local-6810-c10\">\n                              <!---->\n                              <!---->\n                              <h5 class=\"\">Wydajno\u015b\u0107<\/h5>\n                            <\/div>\n                          <\/div>\n                          <div data-colibri-id=\"6810-c11\" class=\"h-text h-text-component style-7957 style-local-6810-c11 position-relative h-element\">\n                            <!---->\n                            <!---->\n                            <div class=\"\">\n                              <p>Dwa wa\u0142y strunowe 440mm<\/p>\n                            <\/div>\n                          <\/div>\n                        <\/div>\n                      <\/div>\n                    <\/div>\n                    <div class=\"h-column h-column-container d-flex h-col-lg-6 h-col-md-6 h-col-6 style-7955-outer style-local-6810-c12-outer\">\n                      <div data-colibri-id=\"6810-c12\" class=\"d-flex h-flex-basis h-column__inner h-px-lg-0 h-px-md-0 h-px-2 v-inner-lg-0 v-inner-md-0 v-inner-2 style-7955 style-local-6810-c12 position-relative\">\n                        <!---->\n                        <!---->\n                        <div class=\"w-100 h-y-container h-column__content h-column__v-align flex-basis-100 align-self-lg-start align-self-md-start align-self-start\">\n                          <!---->\n                          <div data-colibri-id=\"6810-c13\" class=\"h-global-transition-all h-heading style-7956 style-local-6810-c13 position-relative h-element\">\n                            <!---->\n                            <div class=\"h-heading__outer style-7956 style-local-6810-c13\">\n                              <!---->\n                              <!---->\n                              <h5 class=\"\">Wytrzyma\u0142a budowa<\/h5>\n                            <\/div>\n                          <\/div>\n                          <div data-colibri-id=\"6810-c14\" class=\"h-text h-text-component style-7957 style-local-6810-c14 position-relative h-element\">\n                            <!---->\n                            <!---->\n                            <div class=\"\">\n                              <p>Najwy\u017cszej jako\u015bci elementy wykorzystane przy budowie.<\/p>\n                            <\/div>\n                          <\/div>\n                        <\/div>\n                      <\/div>\n                    <\/div>\n                    <div class=\"h-column h-column-container d-flex h-col-lg-6 h-col-md-6 h-col-6 style-7955-outer style-local-6810-c15-outer\">\n                      <div data-colibri-id=\"6810-c15\" class=\"d-flex h-flex-basis h-column__inner h-px-lg-0 h-px-md-0 h-px-2 v-inner-lg-0 v-inner-md-0 v-inner-2 style-7955 style-local-6810-c15 position-relative\">\n                        <!---->\n                        <!---->\n                        <div class=\"w-100 h-y-container h-column__content h-column__v-align flex-basis-100 align-self-lg-start align-self-md-start align-self-start\">\n                          <!---->\n                          <div data-colibri-id=\"6810-c16\" class=\"h-global-transition-all h-heading style-7956 style-local-6810-c16 position-relative h-element\">\n                            <!---->\n                            <div class=\"h-heading__outer style-7956 style-local-6810-c16\">\n                              <!---->\n                              <!---->\n                              <h5 class=\"\">Ergonomia pracy<\/h5>\n                            <\/div>\n                          <\/div>\n                          <div data-colibri-id=\"6810-c17\" class=\"h-text h-text-component style-7957 style-local-6810-c17 position-relative h-element\">\n                            <!---->\n                            <!---->\n                            <div class=\"\">\n                              <p><span style=\"font-weight: 400; font-size: 16px; font-family: &quot;Open Sans&quot;; color: rgb(60, 65, 84);\">Regulacja g\u0142\u0119boko\u015bci roboczej<\/span><\/p>\n                            <\/div>\n                          <\/div>\n                        <\/div>\n                      <\/div>\n                    <\/div>\n                    <div class=\"h-column h-column-container d-flex h-col-lg-6 h-col-md-6 h-col-6 style-7955-outer style-local-6810-c18-outer\">\n                      <div data-colibri-id=\"6810-c18\" class=\"d-flex h-flex-basis h-column__inner h-px-lg-0 h-px-md-0 h-px-2 v-inner-lg-0 v-inner-md-0 v-inner-2 style-7955 style-local-6810-c18 position-relative\">\n                        <!---->\n                        <!---->\n                        <div class=\"w-100 h-y-container h-column__content h-column__v-align flex-basis-100 align-self-lg-start align-self-md-start align-self-start\">\n                          <!---->\n                          <div data-colibri-id=\"6810-c19\" class=\"h-global-transition-all h-heading style-7956 style-local-6810-c19 position-relative h-element\">\n                            <!---->\n                            <div class=\"h-heading__outer style-7956 style-local-6810-c19\">\n                              <!---->\n                              <!---->\n                              <h5 class=\"\">Wyposa\u017cenie<\/h5>\n                            <\/div>\n                          <\/div>\n                          <div data-colibri-id=\"6810-c20\" class=\"h-text h-text-component style-7957 style-local-6810-c20 position-relative h-element\">\n                            <!---->\n                            <!---->\n                            <div class=\"\">\n                              <p>Mo\u017cliwo\u015b\u0107 personalizacji dzi\u0119ki wyposa\u017ceniu opcjonalnemu<\/p>\n                            <\/div>\n                          <\/div>\n                        <\/div>\n                      <\/div>\n                    <\/div>\n                  <\/div>\n                <\/div>\n              <\/div>\n            <\/div>\n          <\/div>\n        <\/div>\n      <\/div>\n    <\/div>\n  <\/div>\n  <div data-colibri-component=\"section\" data-colibri-id=\"6810-c21\" id=\"reusable-sections-2\" class=\"h-section h-section-global-spacing d-flex align-items-lg-center align-items-md-center align-items-center style-7958 style-local-6810-c21 position-relative\">\n    <!---->\n    <!---->\n    <div class=\"h-section-grid-container h-section-boxed-container\">\n      <!---->\n      <div data-colibri-id=\"6810-c22\" class=\"h-row-container gutters-row-lg-2 gutters-row-md-2 gutters-row-0 gutters-row-v-lg-2 gutters-row-v-md-2 gutters-row-v-2 style-7959 style-local-6810-c22 position-relative\">\n        <!---->\n        <div class=\"h-row justify-content-lg-center justify-content-md-center justify-content-center align-items-lg-stretch align-items-md-stretch align-items-stretch gutters-col-lg-2 gutters-col-md-2 gutters-col-0 gutters-col-v-lg-2 gutters-col-v-md-2 gutters-col-v-2\">\n          <!---->\n          <div class=\"h-column h-column-container d-flex h-col-lg-auto h-col-md-auto h-col-auto style-7960-outer style-local-6810-c23-outer\">\n            <div data-colibri-id=\"6810-c23\" class=\"d-flex h-flex-basis h-column__inner h-px-lg-2 h-px-md-2 h-px-2 v-inner-lg-2 v-inner-md-2 v-inner-2 style-7960 style-local-6810-c23 position-relative\">\n              <!---->\n              <!---->\n              <div class=\"w-100 h-y-container h-column__content h-column__v-align flex-basis-100 align-self-lg-start align-self-md-start align-self-start\">\n                <!---->\n                <div data-colibri-id=\"6810-c24\" class=\"h-global-transition-all h-heading style-7961 style-local-6810-c24 position-relative h-element\">\n                  <!---->\n                  <div class=\"h-heading__outer style-7961 style-local-6810-c24\">\n                    <!---->\n                    <!---->\n                    <h2 class=\"\">Dane techniczne<\/h2>\n                  <\/div>\n                <\/div>\n              <\/div>\n            <\/div>\n          <\/div>\n          <div class=\"h-column h-column-container d-flex h-col-lg-auto h-col-md-auto h-col-auto style-7962-outer style-local-6810-c25-outer\">\n            <div data-colibri-id=\"6810-c25\" class=\"d-flex h-flex-basis h-column__inner h-px-lg-2 h-px-md-2 h-px-2 v-inner-lg-2 v-inner-md-2 v-inner-2 style-7962 style-local-6810-c25 position-relative\">\n              <!---->\n              <!---->\n              <div class=\"w-100 h-y-container h-column__content h-column__v-align flex-basis-100 align-self-lg-start align-self-md-start align-self-start\">\n                <!---->\n                <div data-colibri-id=\"6810-c26\" class=\"h-text h-text-component style-7963 style-local-6810-c26 position-relative h-element\">\n                  <!---->\n                  <!---->\n                  <div class=\"\">\n                    <h3>Specyfikacja modeli<\/h3>\n                    <p>Agregaty uprawowe NEON sprzedawane s\u0105 w r\u00f3\u017cnych modelach podstawowych. Poni\u017cej informacje o ka\u017cdym z nich.<\/p>\n                    <p>\n                      <br>\n                    <\/p>\n                  <\/div>\n                <\/div>\n              <\/div>\n            <\/div>\n          <\/div>\n        <\/div>\n      <\/div>\n      <div data-colibri-id=\"6810-c27\" class=\"h-row-container gutters-row-lg-2 gutters-row-md-2 gutters-row-0 gutters-row-v-lg-2 gutters-row-v-md-2 gutters-row-v-2 style-7964 style-local-6810-c27 position-relative\">\n        <!---->\n        <div class=\"h-row justify-content-lg-center justify-content-md-center justify-content-center align-items-lg-stretch align-items-md-stretch align-items-stretch gutters-col-lg-2 gutters-col-md-2 gutters-col-0 gutters-col-v-lg-2 gutters-col-v-md-2 gutters-col-v-2\">\n          <!---->\n          <div class=\"h-column h-column-container d-flex h-col-lg-auto h-col-md-auto h-col-auto style-7965-outer style-local-6810-c28-outer\">\n            <div data-colibri-id=\"6810-c28\" class=\"d-flex h-flex-basis h-column__inner h-px-lg-2 h-px-md-2 h-px-2 v-inner-lg-2 v-inner-md-2 v-inner-2 style-7965 style-local-6810-c28 position-relative\">\n              <!---->\n              <!---->\n              <div class=\"w-100 h-y-container h-column__content h-column__v-align flex-basis-100 align-self-lg-start align-self-md-start align-self-start\">\n                <!---->\n                <div data-colibri-id=\"6810-c29\" class=\"h-x-container style-7966 style-local-6810-c29 position-relative h-element\">\n                  <!---->\n                  <div class=\"h-x-container-inner style-dynamic-6810-c29-group style-7966-spacing style-local-6810-c29-spacing\"><span class=\"h-button__outer style-7967-outer style-local-6810-c30-outer d-inline-flex h-element\"><a h-use-smooth-scroll=\"true\" href=\"https:\/\/skraw-tech.com\/wp-content\/uploads\/2023\/01\/Neon-M.pdf\"  data-colibri-id=\"6810-c30\" class=\"d-flex w-100 align-items-center h-button justify-content-lg-center justify-content-md-center justify-content-center style-7967 style-local-6810-c30 position-relative\"><!----><!----> <span>Kliknij, aby zobaczy\u0107 dane techniczne<\/span><\/a>\n                    <\/span>\n                  <\/div>\n                <\/div>\n              <\/div>\n            <\/div>\n          <\/div>\n          <div class=\"h-column h-column-container d-flex h-col-lg-auto h-col-md-auto h-col-auto style-7968-outer style-local-6810-c31-outer\">\n            <div data-colibri-id=\"6810-c31\" class=\"d-flex h-flex-basis h-column__inner h-px-lg-2 h-px-md-2 h-px-2 v-inner-lg-2 v-inner-md-2 v-inner-2 style-7968 style-local-6810-c31 position-relative\">\n              <!---->\n              <!---->\n              <div class=\"w-100 h-y-container h-column__content h-column__v-align flex-basis-100 align-self-lg-start align-self-md-start align-self-start\">\n                <!---->\n                <div data-colibri-id=\"6810-c32\" class=\"h-x-container style-7969 style-local-6810-c32 position-relative h-element\">\n                  <!---->\n                  <div class=\"h-x-container-inner style-dynamic-6810-c32-group style-7969-spacing style-local-6810-c32-spacing\"><span class=\"h-button__outer style-7970-outer style-local-6810-c33-outer d-inline-flex h-element\"><a h-use-smooth-scroll=\"true\" href=\"https:\/\/skraw-tech.com\/wp-content\/uploads\/2023\/01\/Neon-M-modele.pdf\"  data-colibri-id=\"6810-c33\" class=\"d-flex w-100 align-items-center h-button justify-content-lg-center justify-content-md-center justify-content-center style-7970 style-local-6810-c33 position-relative\"><!----><!----> <span>Specyfikacja modeli<\/span><\/a>\n                    <\/span>\n                  <\/div>\n                <\/div>\n              <\/div>\n            <\/div>\n          <\/div>\n        <\/div>\n      <\/div>\n      <div data-colibri-id=\"6810-c34\" class=\"h-row-container gutters-row-lg-2 gutters-row-md-2 gutters-row-0 gutters-row-v-lg-2 gutters-row-v-md-2 gutters-row-v-2 style-7971 style-local-6810-c34 position-relative\">\n        <!---->\n        <div class=\"h-row justify-content-lg-center justify-content-md-center justify-content-center align-items-lg-stretch align-items-md-stretch align-items-stretch gutters-col-lg-2 gutters-col-md-2 gutters-col-0 gutters-col-v-lg-2 gutters-col-v-md-2 gutters-col-v-2\">\n          <!---->\n          <div class=\"h-column h-column-container d-flex h-col-lg-6 h-col-md-6 h-col-12 style-7972-outer style-local-6810-c35-outer\">\n            <div data-colibri-id=\"6810-c35\" class=\"d-flex h-flex-basis h-column__inner h-px-lg-0 h-px-md-0 h-px-0 v-inner-lg-0 v-inner-md-0 v-inner-0 style-7972 style-local-6810-c35 position-relative\">\n              <!---->\n              <!---->\n              <div class=\"w-100 h-y-container h-column__content h-column__v-align flex-basis-100 align-self-lg-start align-self-md-start align-self-start\">\n                <!---->\n                <div data-colibri-id=\"6810-c36\" class=\"d-block style-7973 style-local-6810-c36 position-relative h-element\">\n                  <!---->\n                  <div class=\"h-image__frame-container-outer\">\n                    <div class=\"h-image__frame-container\">\n                      <!---->\n                      <!---->\n                      <img loading=\"lazy\" decoding=\"async\" width=\"1258\" height=\"545\" src=\"https:\/\/skraw-tech.com\/wp-content\/uploads\/2023\/01\/Screenshot_3.png\" class=\"wp-image-6806 style-7973-image style-local-6810-c36-image\" alt=\"\" srcset=\"https:\/\/skraw-tech.com\/wp-content\/uploads\/2023\/01\/Screenshot_3.png 1258w, https:\/\/skraw-tech.com\/wp-content\/uploads\/2023\/01\/Screenshot_3-300x130.png 300w, https:\/\/skraw-tech.com\/wp-content\/uploads\/2023\/01\/Screenshot_3-750x325.png 750w, https:\/\/skraw-tech.com\/wp-content\/uploads\/2023\/01\/Screenshot_3-768x333.png 768w\" sizes=\"auto, (max-width: 1258px) 100vw, 1258px\" \/>\n                      <div class=\"h-image__frame h-hide-lg h-hide-md h-hide-sm style-7973-frameImage style-local-6810-c36-frameImage\"><\/div>\n                    <\/div>\n                  <\/div>\n                <\/div>\n              <\/div>\n            <\/div>\n          <\/div>\n        <\/div>\n      <\/div>\n    <\/div>\n  <\/div>\n<\/div>","protected":false},"excerpt":{"rendered":"<p>Neon 250 270 300 Agregaty uprawowe NEON to narz\u0119dzie do uprawy charakteryzuj\u0105ce si\u0119 tym, \u017ce wsp\u00f3\u0142dzia\u0142a z innymi maszynami ci\u0105gn\u0105cymi. S\u0142u\u017cy on do odpowiedniego mieszania gleby na r\u00f3\u017cnych g\u0142\u0119boko\u015bciach. Wydajno\u015b\u0107 Dwa wa\u0142y strunowe 440mm Wytrzyma\u0142a budowa Najwy\u017cszej jako\u015bci elementy wykorzystane przy budowie. Ergonomia pracy Regulacja g\u0142\u0119boko\u015bci roboczej Wyposa\u017cenie Mo\u017cliwo\u015b\u0107 personalizacji dzi\u0119ki wyposa\u017ceniu opcjonalnemu Dane techniczne [&hellip;]<\/p>\n","protected":false},"author":1,"featured_media":0,"parent":0,"menu_order":0,"comment_status":"closed","ping_status":"closed","template":"page-templates\/full-width-page.php","meta":{"footnotes":""},"class_list":["post-6810","page","type-page","status-publish","hentry"],"_links":{"self":[{"href":"https:\/\/skraw-tech.com\/index.php?rest_route=\/wp\/v2\/pages\/6810","targetHints":{"allow":["GET"]}}],"collection":[{"href":"https:\/\/skraw-tech.com\/index.php?rest_route=\/wp\/v2\/pages"}],"about":[{"href":"https:\/\/skraw-tech.com\/index.php?rest_route=\/wp\/v2\/types\/page"}],"author":[{"embeddable":true,"href":"https:\/\/skraw-tech.com\/index.php?rest_route=\/wp\/v2\/users\/1"}],"replies":[{"embeddable":true,"href":"https:\/\/skraw-tech.com\/index.php?rest_route=%2Fwp%2Fv2%2Fcomments&post=6810"}],"version-history":[{"count":2,"href":"https:\/\/skraw-tech.com\/index.php?rest_route=\/wp\/v2\/pages\/6810\/revisions"}],"predecessor-version":[{"id":6826,"href":"https:\/\/skraw-tech.com\/index.php?rest_route=\/wp\/v2\/pages\/6810\/revisions\/6826"}],"wp:attachment":[{"href":"https:\/\/skraw-tech.com\/index.php?rest_route=%2Fwp%2Fv2%2Fmedia&parent=6810"}],"curies":[{"name":"wp","href":"https:\/\/api.w.org\/{rel}","templated":true}]}}