{"id":6862,"date":"2023-01-25T09:34:53","date_gmt":"2023-01-25T08:34:53","guid":{"rendered":"https:\/\/skraw-tech.com\/?page_id=6862"},"modified":"2023-01-25T11:42:28","modified_gmt":"2023-01-25T10:42:28","slug":"delta-kret","status":"publish","type":"page","link":"https:\/\/skraw-tech.com\/?page_id=6862","title":{"rendered":"Delta\/ Kret"},"content":{"rendered":"<div data-colibri-id=\"6862-c1\" class=\"style-8070 style-local-6862-c1 position-relative\">\n  <!---->\n  <div data-colibri-component=\"section\" data-colibri-id=\"6862-c2\" id=\"reusable-sections\" class=\"h-section h-section-global-spacing d-flex align-items-lg-center align-items-md-center align-items-center style-8071 style-local-6862-c2 h-overflow-hidden position-relative\">\n    <!---->\n    <!---->\n    <div class=\"h-section-grid-container h-section-fluid-container\">\n      <!---->\n      <div data-colibri-id=\"6862-c3\" class=\"h-row-container gutters-row-lg-0 gutters-row-md-0 gutters-row-2 gutters-row-v-lg-0 gutters-row-v-md-0 gutters-row-v-2 style-8072 style-local-6862-c3 position-relative\">\n        <!---->\n        <div class=\"h-row justify-content-lg-center justify-content-md-center justify-content-center align-items-lg-stretch align-items-md-stretch align-items-stretch gutters-col-lg-0 gutters-col-md-0 gutters-col-2 gutters-col-v-lg-0 gutters-col-v-md-0 gutters-col-v-2\">\n          <!---->\n          <div class=\"h-column h-column-container d-flex h-col-lg-auto h-col-md-auto h-col-auto style-8073-outer style-local-6862-c4-outer\">\n            <div data-colibri-id=\"6862-c4\" class=\"d-flex h-flex-basis h-column__inner h-ui-empty-state-container h-px-lg-0 h-px-md-0 h-px-0 v-inner-lg-0 v-inner-md-0 v-inner-0 style-8073 style-local-6862-c4 position-relative\">\n              <!---->\n              <!---->\n              <div class=\"w-100 h-y-container h-column__content h-column__v-align flex-basis-100\">\n                <!---->\n              <\/div>\n            <\/div>\n          <\/div>\n          <div class=\"h-column h-column-container d-flex h-col-lg-auto h-col-md-auto h-col-auto style-8074-outer style-local-6862-c5-outer\">\n            <div data-colibri-id=\"6862-c5\" class=\"d-flex h-flex-basis h-column__inner h-px-lg-0 h-px-md-0 h-px-0 v-inner-lg-0 v-inner-md-0 v-inner-0 style-8074 style-local-6862-c5 position-relative\">\n              <!---->\n              <!---->\n              <div class=\"w-100 h-y-container h-column__content h-column__v-align flex-basis-100 align-self-lg-start align-self-md-start align-self-start\">\n                <!---->\n                <div data-colibri-id=\"6862-c6\" class=\"h-global-transition-all h-heading style-8075 style-local-6862-c6 position-relative h-element\">\n                  <!---->\n                  <div class=\"h-heading__outer style-8075 style-local-6862-c6\">\n                    <!---->\n                    <!---->\n                    <h4 class=\"\">Delta\/ kret<\/h4>\n                  <\/div>\n                <\/div>\n                <div data-colibri-id=\"6862-c7\" class=\"h-text h-text-component style-8076 style-local-6862-c7 position-relative h-element\">\n                  <!---->\n                  <!---->\n                  <div class=\"\">\n                    <p>Agregat bezorkowy Delta\/ Kret mo\u017cna stosowa\u0107 w uprawie g\u0142\u0119bokiej, jak i p\u0142ytkiej. Dzi\u0119ki zabezpieczeniu mo\u017cna regulowa\u0107 si\u0142\u0119 docisku z\u0119b\u00f3w.<\/p>\n                  <\/div>\n                <\/div>\n                <div data-colibri-id=\"6862-c8\" class=\"h-row-container gutters-row-lg-2 gutters-row-md-2 gutters-row-0 gutters-row-v-lg-2 gutters-row-v-md-2 gutters-row-v-0 style-8077 style-local-6862-c8 position-relative\">\n                  <!---->\n                  <div class=\"h-row justify-content-lg-center justify-content-md-center justify-content-center align-items-lg-stretch align-items-md-stretch align-items-stretch gutters-col-lg-2 gutters-col-md-2 gutters-col-0 gutters-col-v-lg-2 gutters-col-v-md-2 gutters-col-v-0\">\n                    <!---->\n                    <div class=\"h-column h-column-container d-flex h-col-lg-6 h-col-md-6 h-col-6 style-8078-outer style-local-6862-c9-outer\">\n                      <div data-colibri-id=\"6862-c9\" class=\"d-flex h-flex-basis h-column__inner h-px-lg-0 h-px-md-0 h-px-2 v-inner-lg-0 v-inner-md-0 v-inner-2 style-8078 style-local-6862-c9 position-relative\">\n                        <!---->\n                        <!---->\n                        <div class=\"w-100 h-y-container h-column__content h-column__v-align flex-basis-100 align-self-lg-start align-self-md-start align-self-start\">\n                          <!---->\n                          <div data-colibri-id=\"6862-c10\" class=\"h-global-transition-all h-heading style-8079 style-local-6862-c10 position-relative h-element\">\n                            <!---->\n                            <div class=\"h-heading__outer style-8079 style-local-6862-c10\">\n                              <!---->\n                              <!---->\n                              <h5 class=\"\">Wydajno\u015b\u0107<\/h5>\n                            <\/div>\n                          <\/div>\n                          <div data-colibri-id=\"6862-c11\" class=\"h-text h-text-component style-8080 style-local-6862-c11 position-relative h-element\">\n                            <!---->\n                            <!---->\n                            <div class=\"\">\n                              <p>G\u0142\u0119boko\u015b\u0107 maksymalna z lemieszami bocznymi do 15cm, bez do 30cm.<\/p>\n                            <\/div>\n                          <\/div>\n                        <\/div>\n                      <\/div>\n                    <\/div>\n                    <div class=\"h-column h-column-container d-flex h-col-lg-6 h-col-md-6 h-col-6 style-8078-outer style-local-6862-c12-outer\">\n                      <div data-colibri-id=\"6862-c12\" class=\"d-flex h-flex-basis h-column__inner h-px-lg-0 h-px-md-0 h-px-2 v-inner-lg-0 v-inner-md-0 v-inner-2 style-8078 style-local-6862-c12 position-relative\">\n                        <!---->\n                        <!---->\n                        <div class=\"w-100 h-y-container h-column__content h-column__v-align flex-basis-100 align-self-lg-start align-self-md-start align-self-start\">\n                          <!---->\n                          <div data-colibri-id=\"6862-c13\" class=\"h-global-transition-all h-heading style-8079 style-local-6862-c13 position-relative h-element\">\n                            <!---->\n                            <div class=\"h-heading__outer style-8079 style-local-6862-c13\">\n                              <!---->\n                              <!---->\n                              <h5 class=\"\">Wytrzyma\u0142a budowa<\/h5>\n                            <\/div>\n                          <\/div>\n                          <div data-colibri-id=\"6862-c14\" class=\"h-text h-text-component style-8080 style-local-6862-c14 position-relative h-element\">\n                            <!---->\n                            <!---->\n                            <div class=\"\">\n                              <p>Najwy\u017cszej jako\u015bci elementy wykorzystane przy budowie.<\/p>\n                            <\/div>\n                          <\/div>\n                        <\/div>\n                      <\/div>\n                    <\/div>\n                    <div class=\"h-column h-column-container d-flex h-col-lg-6 h-col-md-6 h-col-6 style-8078-outer style-local-6862-c15-outer\">\n                      <div data-colibri-id=\"6862-c15\" class=\"d-flex h-flex-basis h-column__inner h-px-lg-0 h-px-md-0 h-px-2 v-inner-lg-0 v-inner-md-0 v-inner-2 style-8078 style-local-6862-c15 position-relative\">\n                        <!---->\n                        <!---->\n                        <div class=\"w-100 h-y-container h-column__content h-column__v-align flex-basis-100 align-self-lg-start align-self-md-start align-self-start\">\n                          <!---->\n                          <div data-colibri-id=\"6862-c16\" class=\"h-global-transition-all h-heading style-8079 style-local-6862-c16 position-relative h-element\">\n                            <!---->\n                            <div class=\"h-heading__outer style-8079 style-local-6862-c16\">\n                              <!---->\n                              <!---->\n                              <h5 class=\"\">Ergonomia pracy<\/h5>\n                            <\/div>\n                          <\/div>\n                          <div data-colibri-id=\"6862-c17\" class=\"h-text h-text-component style-8080 style-local-6862-c17 position-relative h-element\">\n                            <!---->\n                            <!---->\n                            <div class=\"\">\n                              <p><span style=\"font-weight: 400; font-size: 16px; font-family: &quot;Open Sans&quot;; color: rgb(60, 65, 84);\">Wa\u0142 strunowy 440mm lub rurowy 510mm<\/span><\/p>\n                            <\/div>\n                          <\/div>\n                        <\/div>\n                      <\/div>\n                    <\/div>\n                    <div class=\"h-column h-column-container d-flex h-col-lg-6 h-col-md-6 h-col-6 style-8078-outer style-local-6862-c18-outer\">\n                      <div data-colibri-id=\"6862-c18\" class=\"d-flex h-flex-basis h-column__inner h-px-lg-0 h-px-md-0 h-px-2 v-inner-lg-0 v-inner-md-0 v-inner-2 style-8078 style-local-6862-c18 position-relative\">\n                        <!---->\n                        <!---->\n                        <div class=\"w-100 h-y-container h-column__content h-column__v-align flex-basis-100 align-self-lg-start align-self-md-start align-self-start\">\n                          <!---->\n                          <div data-colibri-id=\"6862-c19\" class=\"h-global-transition-all h-heading style-8079 style-local-6862-c19 position-relative h-element\">\n                            <!---->\n                            <div class=\"h-heading__outer style-8079 style-local-6862-c19\">\n                              <!---->\n                              <!---->\n                              <h5 class=\"\">Wyposa\u017cenie<\/h5>\n                            <\/div>\n                          <\/div>\n                          <div data-colibri-id=\"6862-c20\" class=\"h-text h-text-component style-8080 style-local-6862-c20 position-relative h-element\">\n                            <!---->\n                            <!---->\n                            <div class=\"\">\n                              <p>Mo\u017cliwo\u015b\u0107 personalizacji dzi\u0119ki wyposa\u017ceniu opcjonalnemu<\/p>\n                            <\/div>\n                          <\/div>\n                        <\/div>\n                      <\/div>\n                    <\/div>\n                  <\/div>\n                <\/div>\n              <\/div>\n            <\/div>\n          <\/div>\n        <\/div>\n      <\/div>\n    <\/div>\n  <\/div>\n  <div data-colibri-component=\"section\" data-colibri-id=\"6862-c21\" id=\"reusable-sections-2\" class=\"h-section h-section-global-spacing d-flex align-items-lg-center align-items-md-center align-items-center style-8081 style-local-6862-c21 position-relative\">\n    <!---->\n    <!---->\n    <div class=\"h-section-grid-container h-section-boxed-container\">\n      <!---->\n      <div data-colibri-id=\"6862-c22\" class=\"h-row-container gutters-row-lg-2 gutters-row-md-2 gutters-row-0 gutters-row-v-lg-2 gutters-row-v-md-2 gutters-row-v-2 style-8082 style-local-6862-c22 position-relative\">\n        <!---->\n        <div class=\"h-row justify-content-lg-center justify-content-md-center justify-content-center align-items-lg-stretch align-items-md-stretch align-items-stretch gutters-col-lg-2 gutters-col-md-2 gutters-col-0 gutters-col-v-lg-2 gutters-col-v-md-2 gutters-col-v-2\">\n          <!---->\n          <div class=\"h-column h-column-container d-flex h-col-lg-auto h-col-md-auto h-col-auto style-8083-outer style-local-6862-c23-outer\">\n            <div data-colibri-id=\"6862-c23\" class=\"d-flex h-flex-basis h-column__inner h-px-lg-2 h-px-md-2 h-px-2 v-inner-lg-2 v-inner-md-2 v-inner-2 style-8083 style-local-6862-c23 position-relative\">\n              <!---->\n              <!---->\n              <div class=\"w-100 h-y-container h-column__content h-column__v-align flex-basis-100 align-self-lg-start align-self-md-start align-self-start\">\n                <!---->\n                <div data-colibri-id=\"6862-c24\" class=\"h-global-transition-all h-heading style-8084 style-local-6862-c24 position-relative h-element\">\n                  <!---->\n                  <div class=\"h-heading__outer style-8084 style-local-6862-c24\">\n                    <!---->\n                    <!---->\n                    <h2 class=\"\">Dane techniczne<\/h2>\n                  <\/div>\n                <\/div>\n              <\/div>\n            <\/div>\n          <\/div>\n          <div class=\"h-column h-column-container d-flex h-col-lg-auto h-col-md-auto h-col-auto style-8085-outer style-local-6862-c25-outer\">\n            <div data-colibri-id=\"6862-c25\" class=\"d-flex h-flex-basis h-column__inner h-px-lg-2 h-px-md-2 h-px-2 v-inner-lg-2 v-inner-md-2 v-inner-2 style-8085 style-local-6862-c25 position-relative\">\n              <!---->\n              <!---->\n              <div class=\"w-100 h-y-container h-column__content h-column__v-align flex-basis-100 align-self-lg-start align-self-md-start align-self-start\">\n                <!---->\n                <div data-colibri-id=\"6862-c26\" class=\"h-text h-text-component style-8086 style-local-6862-c26 position-relative h-element\">\n                  <!---->\n                  <!---->\n                  <div class=\"\">\n                    <h3>Specyfikacja modeli<\/h3>\n                    <p>Agregaty bezorkowe Delta lub Kret sprzedawane s\u0105 w r\u00f3\u017cnych modelach podstawowych. Poni\u017cej informacje o ka\u017cdym z nich.<\/p>\n                    <p>\n                      <br>\n                    <\/p>\n                  <\/div>\n                <\/div>\n              <\/div>\n            <\/div>\n          <\/div>\n        <\/div>\n      <\/div>\n      <div data-colibri-id=\"6862-c27\" class=\"h-row-container gutters-row-lg-2 gutters-row-md-2 gutters-row-0 gutters-row-v-lg-2 gutters-row-v-md-2 gutters-row-v-2 style-8087 style-local-6862-c27 position-relative\">\n        <!---->\n        <div class=\"h-row justify-content-lg-center justify-content-md-center justify-content-center align-items-lg-stretch align-items-md-stretch align-items-stretch gutters-col-lg-2 gutters-col-md-2 gutters-col-0 gutters-col-v-lg-2 gutters-col-v-md-2 gutters-col-v-2\">\n          <!---->\n          <div class=\"h-column h-column-container d-flex h-col-lg-auto h-col-md-auto h-col-auto style-8088-outer style-local-6862-c28-outer\">\n            <div data-colibri-id=\"6862-c28\" class=\"d-flex h-flex-basis h-column__inner h-px-lg-2 h-px-md-2 h-px-2 v-inner-lg-2 v-inner-md-2 v-inner-2 style-8088 style-local-6862-c28 position-relative\">\n              <!---->\n              <!---->\n              <div class=\"w-100 h-y-container h-column__content h-column__v-align flex-basis-100 align-self-lg-start align-self-md-start align-self-start\">\n                <!---->\n                <div data-colibri-id=\"6862-c29\" class=\"h-x-container style-8089 style-local-6862-c29 position-relative h-element\">\n                  <!---->\n                  <div class=\"h-x-container-inner style-dynamic-6862-c29-group style-8089-spacing style-local-6862-c29-spacing\"><span class=\"h-button__outer style-8090-outer style-local-6862-c30-outer d-inline-flex h-element\"><a h-use-smooth-scroll=\"true\" href=\"https:\/\/skraw-tech.com\/wp-content\/uploads\/2023\/01\/Delta-modele.pdf\"  data-colibri-id=\"6862-c30\" class=\"d-flex w-100 align-items-center h-button justify-content-lg-center justify-content-md-center justify-content-center style-8090 style-local-6862-c30 position-relative\"><!----><!----> <span>Kliknij, aby zobaczy\u0107 dane techniczne<\/span><\/a>\n                    <\/span>\n                  <\/div>\n                <\/div>\n              <\/div>\n            <\/div>\n          <\/div>\n          <div class=\"h-column h-column-container d-flex h-col-lg-auto h-col-md-auto h-col-auto style-8091-outer style-local-6862-c31-outer\">\n            <div data-colibri-id=\"6862-c31\" class=\"d-flex h-flex-basis h-column__inner h-px-lg-2 h-px-md-2 h-px-2 v-inner-lg-2 v-inner-md-2 v-inner-2 style-8091 style-local-6862-c31 position-relative\">\n              <!---->\n              <!---->\n              <div class=\"w-100 h-y-container h-column__content h-column__v-align flex-basis-100 align-self-lg-start align-self-md-start align-self-start\">\n                <!---->\n                <div data-colibri-id=\"6862-c32\" class=\"h-x-container style-8092 style-local-6862-c32 position-relative h-element\">\n                  <!---->\n                  <div class=\"h-x-container-inner style-dynamic-6862-c32-group style-8092-spacing style-local-6862-c32-spacing\"><span class=\"h-button__outer style-8093-outer style-local-6862-c33-outer d-inline-flex h-element\"><a h-use-smooth-scroll=\"true\" href=\"https:\/\/skraw-tech.com\/wp-content\/uploads\/2023\/01\/Delta.pdf\"  data-colibri-id=\"6862-c33\" class=\"d-flex w-100 align-items-center h-button justify-content-lg-center justify-content-md-center justify-content-center style-8093 style-local-6862-c33 position-relative\"><!----><!----> <span>Specyfikacja modeli<\/span><\/a>\n                    <\/span>\n                  <\/div>\n                <\/div>\n              <\/div>\n            <\/div>\n          <\/div>\n        <\/div>\n      <\/div>\n      <div data-colibri-id=\"6862-c34\" class=\"h-row-container gutters-row-lg-2 gutters-row-md-2 gutters-row-0 gutters-row-v-lg-2 gutters-row-v-md-2 gutters-row-v-2 style-8094 style-local-6862-c34 position-relative\">\n        <!---->\n        <div class=\"h-row justify-content-lg-center justify-content-md-center justify-content-center align-items-lg-stretch align-items-md-stretch align-items-stretch gutters-col-lg-2 gutters-col-md-2 gutters-col-0 gutters-col-v-lg-2 gutters-col-v-md-2 gutters-col-v-2\">\n          <!---->\n          <div class=\"h-column h-column-container d-flex h-col-lg-6 h-col-md-6 h-col-12 style-8095-outer style-local-6862-c35-outer\">\n            <div data-colibri-id=\"6862-c35\" class=\"d-flex h-flex-basis h-column__inner h-px-lg-0 h-px-md-0 h-px-0 v-inner-lg-0 v-inner-md-0 v-inner-0 style-8095 style-local-6862-c35 position-relative\">\n              <!---->\n              <!---->\n              <div class=\"w-100 h-y-container h-column__content h-column__v-align flex-basis-100 align-self-lg-start align-self-md-start align-self-start\">\n                <!---->\n                <div data-colibri-id=\"6862-c36\" class=\"d-block style-8096 style-local-6862-c36 position-relative h-element\">\n                  <!---->\n                  <div class=\"h-image__frame-container-outer\">\n                    <div class=\"h-image__frame-container\">\n                      <!---->\n                      <!---->\n                      <img loading=\"lazy\" decoding=\"async\" width=\"4464\" height=\"2054\" src=\"https:\/\/skraw-tech.com\/wp-content\/uploads\/2023\/01\/2.png\" class=\"wp-image-6858 style-8096-image style-local-6862-c36-image\" alt=\"\" srcset=\"https:\/\/skraw-tech.com\/wp-content\/uploads\/2023\/01\/2.png 4464w, https:\/\/skraw-tech.com\/wp-content\/uploads\/2023\/01\/2-300x138.png 300w, https:\/\/skraw-tech.com\/wp-content\/uploads\/2023\/01\/2-750x345.png 750w, https:\/\/skraw-tech.com\/wp-content\/uploads\/2023\/01\/2-768x353.png 768w, https:\/\/skraw-tech.com\/wp-content\/uploads\/2023\/01\/2-1536x707.png 1536w, https:\/\/skraw-tech.com\/wp-content\/uploads\/2023\/01\/2-2048x942.png 2048w\" sizes=\"auto, (max-width: 4464px) 100vw, 4464px\" \/>\n                      <div class=\"h-image__frame h-hide-lg h-hide-md h-hide-sm style-8096-frameImage style-local-6862-c36-frameImage\"><\/div>\n                    <\/div>\n                  <\/div>\n                <\/div>\n              <\/div>\n            <\/div>\n          <\/div>\n        <\/div>\n      <\/div>\n    <\/div>\n  <\/div>\n<\/div>","protected":false},"excerpt":{"rendered":"<p>Delta\/ kret Agregat bezorkowy Delta\/ Kret mo\u017cna stosowa\u0107 w uprawie g\u0142\u0119bokiej, jak i p\u0142ytkiej. Dzi\u0119ki zabezpieczeniu mo\u017cna regulowa\u0107 si\u0142\u0119 docisku z\u0119b\u00f3w. Wydajno\u015b\u0107 G\u0142\u0119boko\u015b\u0107 maksymalna z lemieszami bocznymi do 15cm, bez do 30cm. Wytrzyma\u0142a budowa Najwy\u017cszej jako\u015bci elementy wykorzystane przy budowie. Ergonomia pracy Wa\u0142 strunowy 440mm lub rurowy 510mm Wyposa\u017cenie Mo\u017cliwo\u015b\u0107 personalizacji dzi\u0119ki wyposa\u017ceniu opcjonalnemu Dane [&hellip;]<\/p>\n","protected":false},"author":1,"featured_media":0,"parent":0,"menu_order":0,"comment_status":"closed","ping_status":"closed","template":"page-templates\/full-width-page.php","meta":{"footnotes":""},"class_list":["post-6862","page","type-page","status-publish","hentry"],"_links":{"self":[{"href":"https:\/\/skraw-tech.com\/index.php?rest_route=\/wp\/v2\/pages\/6862","targetHints":{"allow":["GET"]}}],"collection":[{"href":"https:\/\/skraw-tech.com\/index.php?rest_route=\/wp\/v2\/pages"}],"about":[{"href":"https:\/\/skraw-tech.com\/index.php?rest_route=\/wp\/v2\/types\/page"}],"author":[{"embeddable":true,"href":"https:\/\/skraw-tech.com\/index.php?rest_route=\/wp\/v2\/users\/1"}],"replies":[{"embeddable":true,"href":"https:\/\/skraw-tech.com\/index.php?rest_route=%2Fwp%2Fv2%2Fcomments&post=6862"}],"version-history":[{"count":4,"href":"https:\/\/skraw-tech.com\/index.php?rest_route=\/wp\/v2\/pages\/6862\/revisions"}],"predecessor-version":[{"id":6911,"href":"https:\/\/skraw-tech.com\/index.php?rest_route=\/wp\/v2\/pages\/6862\/revisions\/6911"}],"wp:attachment":[{"href":"https:\/\/skraw-tech.com\/index.php?rest_route=%2Fwp%2Fv2%2Fmedia&parent=6862"}],"curies":[{"name":"wp","href":"https:\/\/api.w.org\/{rel}","templated":true}]}}