{"id":7315,"date":"2023-02-08T08:36:04","date_gmt":"2023-02-08T07:36:04","guid":{"rendered":"https:\/\/skraw-tech.com\/?page_id=7315"},"modified":"2023-02-08T09:23:43","modified_gmt":"2023-02-08T08:23:43","slug":"brony-o14-5-polowe-recznie-skladane","status":"publish","type":"page","link":"https:\/\/skraw-tech.com\/?page_id=7315","title":{"rendered":"Brony\u00a0\u00d814, 5 polowe r\u0119cznie sk\u0142adane"},"content":{"rendered":"<div data-colibri-id=\"7315-c1\" class=\"style-8991 style-local-7315-c1 position-relative\">\n  <!---->\n  <div data-colibri-component=\"section\" data-colibri-id=\"7315-c2\" id=\"reusable-sections\" class=\"h-section h-section-global-spacing d-flex align-items-lg-center align-items-md-center align-items-center style-8992 style-local-7315-c2 h-overflow-hidden position-relative\">\n    <!---->\n    <!---->\n    <div class=\"h-section-grid-container h-section-fluid-container\">\n      <!---->\n      <div data-colibri-id=\"7315-c3\" class=\"h-row-container gutters-row-lg-0 gutters-row-md-0 gutters-row-2 gutters-row-v-lg-0 gutters-row-v-md-0 gutters-row-v-2 style-8993 style-local-7315-c3 position-relative\">\n        <!---->\n        <div class=\"h-row justify-content-lg-center justify-content-md-center justify-content-center align-items-lg-stretch align-items-md-stretch align-items-stretch gutters-col-lg-0 gutters-col-md-0 gutters-col-2 gutters-col-v-lg-0 gutters-col-v-md-0 gutters-col-v-2\">\n          <!---->\n          <div class=\"h-column h-column-container d-flex h-col-lg-auto h-col-md-auto h-col-auto style-8994-outer style-local-7315-c4-outer\">\n            <div data-colibri-id=\"7315-c4\" class=\"d-flex h-flex-basis h-column__inner h-ui-empty-state-container h-px-lg-0 h-px-md-0 h-px-0 v-inner-lg-0 v-inner-md-0 v-inner-0 style-8994 style-local-7315-c4 position-relative\">\n              <!---->\n              <!---->\n              <div class=\"w-100 h-y-container h-column__content h-column__v-align flex-basis-100\">\n                <!---->\n              <\/div>\n            <\/div>\n          <\/div>\n          <div class=\"h-column h-column-container d-flex h-col-lg-auto h-col-md-auto h-col-auto style-8995-outer style-local-7315-c5-outer\">\n            <div data-colibri-id=\"7315-c5\" class=\"d-flex h-flex-basis h-column__inner h-px-lg-0 h-px-md-0 h-px-0 v-inner-lg-0 v-inner-md-0 v-inner-0 style-8995 style-local-7315-c5 position-relative\">\n              <!---->\n              <!---->\n              <div class=\"w-100 h-y-container h-column__content h-column__v-align flex-basis-100 align-self-lg-start align-self-md-start align-self-start\">\n                <!---->\n                <div data-colibri-id=\"7315-c6\" class=\"h-global-transition-all h-heading style-8996 style-local-7315-c6 position-relative h-element\">\n                  <!---->\n                  <div class=\"h-heading__outer style-8996 style-local-7315-c6\">\n                    <!---->\n                    <!---->\n                    <h4 class=\"\">Brony&nbsp;\u00d814, 5 polowe rama sk\u0142adan<\/h4>\n                  <\/div>\n                <\/div>\n                <div data-colibri-id=\"7315-c7\" class=\"h-text h-text-component style-8997 style-local-7315-c7 position-relative h-element\">\n                  <!---->\n                  <!---->\n                  <div class=\"\">\n                    <p>S\u0105 to narz\u0119dzia uprawowe do spulchniania i rozdrabniania roli (bronowania). Najcz\u0119\u015bciej wykorzystywane s\u0105 po orce lub zasiewie w celu przykrycia materia\u0142u siewnego cienk\u0105 warstw\u0105 rozdrobnionej gleby.<\/p>\n                  <\/div>\n                <\/div>\n                <div data-colibri-id=\"7315-c8\" class=\"h-row-container gutters-row-lg-2 gutters-row-md-2 gutters-row-0 gutters-row-v-lg-2 gutters-row-v-md-2 gutters-row-v-0 style-8998 style-local-7315-c8 position-relative\">\n                  <!---->\n                  <div class=\"h-row justify-content-lg-center justify-content-md-center justify-content-center align-items-lg-stretch align-items-md-stretch align-items-stretch gutters-col-lg-2 gutters-col-md-2 gutters-col-0 gutters-col-v-lg-2 gutters-col-v-md-2 gutters-col-v-0\">\n                    <!---->\n                    <div class=\"h-column h-column-container d-flex h-col-lg-6 h-col-md-6 h-col-6 style-8999-outer style-local-7315-c9-outer\">\n                      <div data-colibri-id=\"7315-c9\" class=\"d-flex h-flex-basis h-column__inner h-px-lg-0 h-px-md-0 h-px-2 v-inner-lg-0 v-inner-md-0 v-inner-2 style-8999 style-local-7315-c9 position-relative\">\n                        <!---->\n                        <!---->\n                        <div class=\"w-100 h-y-container h-column__content h-column__v-align flex-basis-100 align-self-lg-start align-self-md-start align-self-start\">\n                          <!---->\n                          <div data-colibri-id=\"7315-c10\" class=\"h-global-transition-all h-heading style-9000 style-local-7315-c10 position-relative h-element\">\n                            <!---->\n                            <div class=\"h-heading__outer style-9000 style-local-7315-c10\">\n                              <!---->\n                              <!---->\n                              <h5 class=\"\">Wydajno\u015b\u0107<\/h5>\n                            <\/div>\n                          <\/div>\n                          <div data-colibri-id=\"7315-c11\" class=\"h-text h-text-component style-9001 style-local-7315-c11 position-relative h-element\">\n                            <!---->\n                            <!---->\n                            <div class=\"\">\n                              <p>Pi\u0119\u0107 bron zapewnia wydajno\u015b\u0107 pracy<\/p>\n                            <\/div>\n                          <\/div>\n                        <\/div>\n                      <\/div>\n                    <\/div>\n                    <div class=\"h-column h-column-container d-flex h-col-lg-6 h-col-md-6 h-col-6 style-8999-outer style-local-7315-c12-outer\">\n                      <div data-colibri-id=\"7315-c12\" class=\"d-flex h-flex-basis h-column__inner h-px-lg-0 h-px-md-0 h-px-2 v-inner-lg-0 v-inner-md-0 v-inner-2 style-8999 style-local-7315-c12 position-relative\">\n                        <!---->\n                        <!---->\n                        <div class=\"w-100 h-y-container h-column__content h-column__v-align flex-basis-100 align-self-lg-start align-self-md-start align-self-start\">\n                          <!---->\n                          <div data-colibri-id=\"7315-c13\" class=\"h-global-transition-all h-heading style-9000 style-local-7315-c13 position-relative h-element\">\n                            <!---->\n                            <div class=\"h-heading__outer style-9000 style-local-7315-c13\">\n                              <!---->\n                              <!---->\n                              <h5 class=\"\">Wytrzyma\u0142a budowa<\/h5>\n                            <\/div>\n                          <\/div>\n                          <div data-colibri-id=\"7315-c14\" class=\"h-text h-text-component style-9001 style-local-7315-c14 position-relative h-element\">\n                            <!---->\n                            <!---->\n                            <div class=\"\">\n                              <p>Najwy\u017cszej jako\u015bci elementy wykorzystane przy budowie.<\/p>\n                            <\/div>\n                          <\/div>\n                        <\/div>\n                      <\/div>\n                    <\/div>\n                    <div class=\"h-column h-column-container d-flex h-col-lg-6 h-col-md-6 h-col-6 style-8999-outer style-local-7315-c15-outer\">\n                      <div data-colibri-id=\"7315-c15\" class=\"d-flex h-flex-basis h-column__inner h-ui-empty-state-container h-px-lg-0 h-px-md-0 h-px-2 v-inner-lg-0 v-inner-md-0 v-inner-2 style-8999 style-local-7315-c15 position-relative\">\n                        <!---->\n                        <!---->\n                        <div class=\"w-100 h-y-container h-column__content h-column__v-align flex-basis-100\">\n                          <!---->\n                        <\/div>\n                      <\/div>\n                    <\/div>\n                    <div class=\"h-column h-column-container d-flex h-col-lg-6 h-col-md-6 h-col-6 style-8999-outer style-local-7315-c16-outer\">\n                      <div data-colibri-id=\"7315-c16\" class=\"d-flex h-flex-basis h-column__inner h-px-lg-0 h-px-md-0 h-px-2 v-inner-lg-0 v-inner-md-0 v-inner-2 style-8999 style-local-7315-c16 position-relative\">\n                        <!---->\n                        <!---->\n                        <div class=\"w-100 h-y-container h-column__content h-column__v-align flex-basis-100 align-self-lg-start align-self-md-start align-self-start\">\n                          <!---->\n                          <div data-colibri-id=\"7315-c17\" class=\"h-global-transition-all h-heading style-9000 style-local-7315-c17 position-relative h-element\">\n                            <!---->\n                            <div class=\"h-heading__outer style-9000 style-local-7315-c17\">\n                              <!---->\n                              <!---->\n                              <h5 class=\"\">Wyposa\u017cenie<\/h5>\n                            <\/div>\n                          <\/div>\n                          <div data-colibri-id=\"7315-c18\" class=\"h-text h-text-component style-9001 style-local-7315-c18 position-relative h-element\">\n                            <!---->\n                            <!---->\n                            <div class=\"\">\n                              <p>Mo\u017cliwo\u015b\u0107 personalizacji dzi\u0119ki wyposa\u017ceniu opcjonalnemu<\/p>\n                            <\/div>\n                          <\/div>\n                        <\/div>\n                      <\/div>\n                    <\/div>\n                  <\/div>\n                <\/div>\n              <\/div>\n            <\/div>\n          <\/div>\n        <\/div>\n      <\/div>\n    <\/div>\n  <\/div>\n  <div data-colibri-component=\"section\" data-colibri-id=\"7315-c19\" id=\"reusable-sections-2\" class=\"h-section h-section-global-spacing d-flex align-items-lg-center align-items-md-center align-items-center style-9002 style-local-7315-c19 position-relative\">\n    <!---->\n    <!---->\n    <div class=\"h-section-grid-container h-section-boxed-container\">\n      <!---->\n      <div data-colibri-id=\"7315-c20\" class=\"h-row-container gutters-row-lg-2 gutters-row-md-2 gutters-row-0 gutters-row-v-lg-2 gutters-row-v-md-2 gutters-row-v-2 style-9003 style-local-7315-c20 position-relative\">\n        <!---->\n        <div class=\"h-row justify-content-lg-center justify-content-md-center justify-content-center align-items-lg-stretch align-items-md-stretch align-items-stretch gutters-col-lg-2 gutters-col-md-2 gutters-col-0 gutters-col-v-lg-2 gutters-col-v-md-2 gutters-col-v-2\">\n          <!---->\n          <div class=\"h-column h-column-container d-flex h-col-lg-auto h-col-md-auto h-col-auto style-9004-outer style-local-7315-c21-outer\">\n            <div data-colibri-id=\"7315-c21\" class=\"d-flex h-flex-basis h-column__inner h-px-lg-2 h-px-md-2 h-px-2 v-inner-lg-2 v-inner-md-2 v-inner-2 style-9004 style-local-7315-c21 position-relative\">\n              <!---->\n              <!---->\n              <div class=\"w-100 h-y-container h-column__content h-column__v-align flex-basis-100 align-self-lg-start align-self-md-start align-self-start\">\n                <!---->\n                <div data-colibri-id=\"7315-c22\" class=\"h-global-transition-all h-heading style-9005 style-local-7315-c22 position-relative h-element\">\n                  <!---->\n                  <div class=\"h-heading__outer style-9005 style-local-7315-c22\">\n                    <!---->\n                    <!---->\n                    <h2 class=\"\">Dane techniczne<\/h2>\n                  <\/div>\n                <\/div>\n              <\/div>\n            <\/div>\n          <\/div>\n          <div class=\"h-column h-column-container d-flex h-col-lg-auto h-col-md-auto h-col-auto style-9006-outer style-local-7315-c23-outer\">\n            <div data-colibri-id=\"7315-c23\" class=\"d-flex h-flex-basis h-column__inner h-px-lg-2 h-px-md-2 h-px-2 v-inner-lg-2 v-inner-md-2 v-inner-2 style-9006 style-local-7315-c23 position-relative\">\n              <!---->\n              <!---->\n              <div class=\"w-100 h-y-container h-column__content h-column__v-align flex-basis-100 align-self-lg-start align-self-md-start align-self-start\">\n                <!---->\n                <div data-colibri-id=\"7315-c24\" class=\"h-text h-text-component style-9007 style-local-7315-c24 position-relative h-element\">\n                  <!---->\n                  <!---->\n                  <div class=\"\">\n                    <h3>Specyfikacja modeli<\/h3>\n                    <p>Brony polowe sprzedawane s\u0105 w r\u00f3\u017cnych modelach podstawowych. Wszystkich informacji ch\u0119tnie udzielimy telefonicznie.<\/p>\n                    <p>\n                      <br>\n                    <\/p>\n                  <\/div>\n                <\/div>\n              <\/div>\n            <\/div>\n          <\/div>\n        <\/div>\n      <\/div>\n      <div data-colibri-id=\"7315-c25\" class=\"h-row-container gutters-row-lg-2 gutters-row-md-2 gutters-row-0 gutters-row-v-lg-2 gutters-row-v-md-2 gutters-row-v-2 style-9008 style-local-7315-c25 position-relative\">\n        <!---->\n        <div class=\"h-row justify-content-lg-center justify-content-md-center justify-content-center align-items-lg-stretch align-items-md-stretch align-items-stretch gutters-col-lg-2 gutters-col-md-2 gutters-col-0 gutters-col-v-lg-2 gutters-col-v-md-2 gutters-col-v-2\">\n          <!---->\n          <div class=\"h-column h-column-container d-flex h-col-lg-auto h-col-md-auto h-col-auto style-9009-outer style-local-7315-c26-outer\">\n            <div data-colibri-id=\"7315-c26\" class=\"d-flex h-flex-basis h-column__inner h-px-lg-2 h-px-md-2 h-px-2 v-inner-lg-2 v-inner-md-2 v-inner-2 style-9009 style-local-7315-c26 position-relative\">\n              <!---->\n              <!---->\n              <div class=\"w-100 h-y-container h-column__content h-column__v-align flex-basis-100 align-self-lg-start align-self-md-start align-self-start\">\n                <!---->\n                <div data-colibri-id=\"7315-c27\" class=\"h-text h-text-component style-9010 style-local-7315-c27 position-relative h-element\">\n                  <!---->\n                  <!---->\n                  <div class=\"\">\n                    <p><span style=\"font-weight: 400; font-size: 16px; font-family: &quot;Open Sans&quot;; color: rgb(60, 65, 84);\">Dane techniczne r\u00f3\u017cni\u0105 si\u0119 w zale\u017cno\u015bci od wybranego modelu. Wszystkie informacje ch\u0119tnie udzielimy telefonicznie oraz odpowiemy na wszystkie pytania.<\/span><\/p>\n                  <\/div>\n                <\/div>\n              <\/div>\n            <\/div>\n          <\/div>\n          <div class=\"h-column h-column-container d-flex h-col-lg-auto h-col-md-auto h-col-auto style-9011-outer style-local-7315-c28-outer\">\n            <div data-colibri-id=\"7315-c28\" class=\"d-flex h-flex-basis h-column__inner h-ui-empty-state-container h-px-lg-2 h-px-md-2 h-px-2 v-inner-lg-2 v-inner-md-2 v-inner-2 style-9011 style-local-7315-c28 position-relative\">\n              <!---->\n              <!---->\n              <div class=\"w-100 h-y-container h-column__content h-column__v-align flex-basis-100\">\n                <!---->\n              <\/div>\n            <\/div>\n          <\/div>\n        <\/div>\n      <\/div>\n      <div data-colibri-id=\"7315-c29\" class=\"h-row-container gutters-row-lg-2 gutters-row-md-2 gutters-row-0 gutters-row-v-lg-2 gutters-row-v-md-2 gutters-row-v-2 style-9012 style-local-7315-c29 position-relative\">\n        <!---->\n        <div class=\"h-row justify-content-lg-center justify-content-md-center justify-content-center align-items-lg-stretch align-items-md-stretch align-items-stretch gutters-col-lg-2 gutters-col-md-2 gutters-col-0 gutters-col-v-lg-2 gutters-col-v-md-2 gutters-col-v-2\">\n          <!---->\n          <div class=\"h-column h-column-container d-flex h-col-lg-6 h-col-md-6 h-col-12 style-9013-outer style-local-7315-c30-outer\">\n            <div data-colibri-id=\"7315-c30\" class=\"d-flex h-flex-basis h-column__inner h-px-lg-0 h-px-md-0 h-px-0 v-inner-lg-0 v-inner-md-0 v-inner-0 style-9013 style-local-7315-c30 position-relative\">\n              <!---->\n              <!---->\n              <div class=\"w-100 h-y-container h-column__content h-column__v-align flex-basis-100 align-self-lg-start align-self-md-start align-self-start\">\n                <!---->\n                <div data-colibri-id=\"7315-c31\" class=\"d-block style-9014 style-local-7315-c31 position-relative h-element\">\n                  <!---->\n                  <div class=\"h-image__frame-container-outer\">\n                    <div class=\"h-image__frame-container\">\n                      <!---->\n                      <!---->\n                      <img loading=\"lazy\" decoding=\"async\" width=\"768\" height=\"539\" src=\"https:\/\/skraw-tech.com\/wp-content\/uploads\/2023\/02\/Screenshot_16.png\" class=\"wp-image-7341 style-9014-image style-local-7315-c31-image\" alt=\"\" srcset=\"https:\/\/skraw-tech.com\/wp-content\/uploads\/2023\/02\/Screenshot_16.png 768w, https:\/\/skraw-tech.com\/wp-content\/uploads\/2023\/02\/Screenshot_16-300x211.png 300w, https:\/\/skraw-tech.com\/wp-content\/uploads\/2023\/02\/Screenshot_16-750x526.png 750w\" sizes=\"auto, (max-width: 768px) 100vw, 768px\" \/>\n                      <div class=\"h-image__frame h-hide-lg h-hide-md h-hide-sm style-9014-frameImage style-local-7315-c31-frameImage\"><\/div>\n                    <\/div>\n                  <\/div>\n                <\/div>\n              <\/div>\n            <\/div>\n          <\/div>\n        <\/div>\n      <\/div>\n    <\/div>\n  <\/div>\n<\/div>","protected":false},"excerpt":{"rendered":"<p>Brony&nbsp;\u00d814, 5 polowe rama sk\u0142adan S\u0105 to narz\u0119dzia uprawowe do spulchniania i rozdrabniania roli (bronowania). Najcz\u0119\u015bciej wykorzystywane s\u0105 po orce lub zasiewie w celu przykrycia materia\u0142u siewnego cienk\u0105 warstw\u0105 rozdrobnionej gleby. Wydajno\u015b\u0107 Pi\u0119\u0107 bron zapewnia wydajno\u015b\u0107 pracy Wytrzyma\u0142a budowa Najwy\u017cszej jako\u015bci elementy wykorzystane przy budowie. Wyposa\u017cenie Mo\u017cliwo\u015b\u0107 personalizacji dzi\u0119ki wyposa\u017ceniu opcjonalnemu Dane techniczne Specyfikacja modeli [&hellip;]<\/p>\n","protected":false},"author":1,"featured_media":0,"parent":0,"menu_order":0,"comment_status":"closed","ping_status":"closed","template":"page-templates\/full-width-page.php","meta":{"footnotes":""},"class_list":["post-7315","page","type-page","status-publish","hentry"],"_links":{"self":[{"href":"https:\/\/skraw-tech.com\/index.php?rest_route=\/wp\/v2\/pages\/7315","targetHints":{"allow":["GET"]}}],"collection":[{"href":"https:\/\/skraw-tech.com\/index.php?rest_route=\/wp\/v2\/pages"}],"about":[{"href":"https:\/\/skraw-tech.com\/index.php?rest_route=\/wp\/v2\/types\/page"}],"author":[{"embeddable":true,"href":"https:\/\/skraw-tech.com\/index.php?rest_route=\/wp\/v2\/users\/1"}],"replies":[{"embeddable":true,"href":"https:\/\/skraw-tech.com\/index.php?rest_route=%2Fwp%2Fv2%2Fcomments&post=7315"}],"version-history":[{"count":2,"href":"https:\/\/skraw-tech.com\/index.php?rest_route=\/wp\/v2\/pages\/7315\/revisions"}],"predecessor-version":[{"id":7343,"href":"https:\/\/skraw-tech.com\/index.php?rest_route=\/wp\/v2\/pages\/7315\/revisions\/7343"}],"wp:attachment":[{"href":"https:\/\/skraw-tech.com\/index.php?rest_route=%2Fwp%2Fv2%2Fmedia&parent=7315"}],"curies":[{"name":"wp","href":"https:\/\/api.w.org\/{rel}","templated":true}]}}