{"id":7529,"date":"2023-02-09T07:44:50","date_gmt":"2023-02-09T06:44:50","guid":{"rendered":"https:\/\/skraw-tech.com\/?page_id=7529"},"modified":"2023-02-09T09:20:41","modified_gmt":"2023-02-09T08:20:41","slug":"jedno-belkowy-3-zagonowy-podwyzszany","status":"publish","type":"page","link":"https:\/\/skraw-tech.com\/?page_id=7529","title":{"rendered":"Jedno-belkowy 3 zagonowy podwy\u017cszany"},"content":{"rendered":"<div data-colibri-id=\"7529-c1\" class=\"style-9492 style-local-7529-c1 position-relative\">\n  <!---->\n  <div data-colibri-component=\"section\" data-colibri-id=\"7529-c2\" id=\"reusable-sections\" class=\"h-section h-section-global-spacing d-flex align-items-lg-center align-items-md-center align-items-center style-9493 style-local-7529-c2 h-overflow-hidden position-relative\">\n    <!---->\n    <!---->\n    <div class=\"h-section-grid-container h-section-fluid-container\">\n      <!---->\n      <div data-colibri-id=\"7529-c3\" class=\"h-row-container gutters-row-lg-0 gutters-row-md-0 gutters-row-2 gutters-row-v-lg-0 gutters-row-v-md-0 gutters-row-v-2 style-9494 style-local-7529-c3 position-relative\">\n        <!---->\n        <div class=\"h-row justify-content-lg-center justify-content-md-center justify-content-center align-items-lg-stretch align-items-md-stretch align-items-stretch gutters-col-lg-0 gutters-col-md-0 gutters-col-2 gutters-col-v-lg-0 gutters-col-v-md-0 gutters-col-v-2\">\n          <!---->\n          <div class=\"h-column h-column-container d-flex h-col-lg-auto h-col-md-auto h-col-auto style-9495-outer style-local-7529-c4-outer\">\n            <div data-colibri-id=\"7529-c4\" class=\"d-flex h-flex-basis h-column__inner h-ui-empty-state-container h-px-lg-0 h-px-md-0 h-px-0 v-inner-lg-0 v-inner-md-0 v-inner-0 style-9495 style-local-7529-c4 position-relative\">\n              <!---->\n              <!---->\n              <div class=\"w-100 h-y-container h-column__content h-column__v-align flex-basis-100\">\n                <!---->\n              <\/div>\n            <\/div>\n          <\/div>\n          <div class=\"h-column h-column-container d-flex h-col-lg-auto h-col-md-auto h-col-auto style-9496-outer style-local-7529-c5-outer\">\n            <div data-colibri-id=\"7529-c5\" class=\"d-flex h-flex-basis h-column__inner h-px-lg-0 h-px-md-0 h-px-0 v-inner-lg-0 v-inner-md-0 v-inner-0 style-9496 style-local-7529-c5 position-relative\">\n              <!---->\n              <!---->\n              <div class=\"w-100 h-y-container h-column__content h-column__v-align flex-basis-100 align-self-lg-start align-self-md-start align-self-start\">\n                <!---->\n                <div data-colibri-id=\"7529-c6\" class=\"h-global-transition-all h-heading style-9497 style-local-7529-c6 position-relative h-element\">\n                  <!---->\n                  <div class=\"h-heading__outer style-9497 style-local-7529-c6\">\n                    <!---->\n                    <!---->\n                    <h4 class=\"\">P\u0142ug jedno-belkowy trzy zagonowy<\/h4>\n                  <\/div>\n                <\/div>\n                <div data-colibri-id=\"7529-c7\" class=\"h-text h-text-component style-9498 style-local-7529-c7 position-relative h-element\">\n                  <!---->\n                  <!---->\n                  <div class=\"\">\n                    <p><em style=\"font-weight: 500; font-size: 14px; font-family: Montserrat, Helvetica, Arial, Lucida, sans-serif; color: rgb(102, 102, 102);\">P\u0142ugi, kt\u00f3re odrzucaj\u0105 skiby gleby tylko na prawo. W ten spos\u00f3b powstaj\u0105 regularne zagony. Sk\u0142ada si\u0119 z dzioba, grzbietu i ostrza. Stosowane s\u0105 zar\u00f3wno w p\u0142ytkiej, jak i g\u0142\u0119bokiej orce.<\/em><\/p>\n                  <\/div>\n                <\/div>\n                <div data-colibri-id=\"7529-c8\" class=\"h-row-container gutters-row-lg-2 gutters-row-md-2 gutters-row-0 gutters-row-v-lg-2 gutters-row-v-md-2 gutters-row-v-0 style-9499 style-local-7529-c8 position-relative\">\n                  <!---->\n                  <div class=\"h-row justify-content-lg-center justify-content-md-center justify-content-center align-items-lg-stretch align-items-md-stretch align-items-stretch gutters-col-lg-2 gutters-col-md-2 gutters-col-0 gutters-col-v-lg-2 gutters-col-v-md-2 gutters-col-v-0\">\n                    <!---->\n                    <div class=\"h-column h-column-container d-flex h-col-lg-6 h-col-md-6 h-col-6 style-9500-outer style-local-7529-c9-outer\">\n                      <div data-colibri-id=\"7529-c9\" class=\"d-flex h-flex-basis h-column__inner h-px-lg-0 h-px-md-0 h-px-2 v-inner-lg-0 v-inner-md-0 v-inner-2 style-9500 style-local-7529-c9 position-relative\">\n                        <!---->\n                        <!---->\n                        <div class=\"w-100 h-y-container h-column__content h-column__v-align flex-basis-100 align-self-lg-start align-self-md-start align-self-start\">\n                          <!---->\n                          <div data-colibri-id=\"7529-c10\" class=\"h-global-transition-all h-heading style-9501 style-local-7529-c10 position-relative h-element\">\n                            <!---->\n                            <div class=\"h-heading__outer style-9501 style-local-7529-c10\">\n                              <!---->\n                              <!---->\n                              <h5 class=\"\">Wydajno\u015b\u0107<\/h5>\n                            <\/div>\n                          <\/div>\n                          <div data-colibri-id=\"7529-c11\" class=\"h-text h-text-component style-9502 style-local-7529-c11 position-relative h-element\">\n                            <!---->\n                            <!---->\n                            <div class=\"\">\n                              <p><span style=\"font-weight: 400; font-size: 16px; font-family: &quot;Open Sans&quot;; color: rgb(60, 65, 84);\">Szeroko\u015b\u0107 robocza korpusu to a\u017c 350mm.<\/span><\/p>\n                            <\/div>\n                          <\/div>\n                        <\/div>\n                      <\/div>\n                    <\/div>\n                    <div class=\"h-column h-column-container d-flex h-col-lg-6 h-col-md-6 h-col-6 style-9500-outer style-local-7529-c12-outer\">\n                      <div data-colibri-id=\"7529-c12\" class=\"d-flex h-flex-basis h-column__inner h-px-lg-0 h-px-md-0 h-px-2 v-inner-lg-0 v-inner-md-0 v-inner-2 style-9500 style-local-7529-c12 position-relative\">\n                        <!---->\n                        <!---->\n                        <div class=\"w-100 h-y-container h-column__content h-column__v-align flex-basis-100 align-self-lg-start align-self-md-start align-self-start\">\n                          <!---->\n                          <div data-colibri-id=\"7529-c13\" class=\"h-global-transition-all h-heading style-9501 style-local-7529-c13 position-relative h-element\">\n                            <!---->\n                            <div class=\"h-heading__outer style-9501 style-local-7529-c13\">\n                              <!---->\n                              <!---->\n                              <h5 class=\"\">Wytrzyma\u0142a budowa<\/h5>\n                            <\/div>\n                          <\/div>\n                          <div data-colibri-id=\"7529-c14\" class=\"h-text h-text-component style-9502 style-local-7529-c14 position-relative h-element\">\n                            <!---->\n                            <!---->\n                            <div class=\"\">\n                              <p>Najwy\u017cszej jako\u015bci elementy wykorzystane przy budowie.<\/p>\n                            <\/div>\n                          <\/div>\n                        <\/div>\n                      <\/div>\n                    <\/div>\n                    <div class=\"h-column h-column-container d-flex h-col-lg-6 h-col-md-6 h-col-6 style-9500-outer style-local-7529-c15-outer\">\n                      <div data-colibri-id=\"7529-c15\" class=\"d-flex h-flex-basis h-column__inner h-ui-empty-state-container h-px-lg-0 h-px-md-0 h-px-2 v-inner-lg-0 v-inner-md-0 v-inner-2 style-9500 style-local-7529-c15 position-relative\">\n                        <!---->\n                        <!---->\n                        <div class=\"w-100 h-y-container h-column__content h-column__v-align flex-basis-100\">\n                          <!---->\n                        <\/div>\n                      <\/div>\n                    <\/div>\n                    <div class=\"h-column h-column-container d-flex h-col-lg-6 h-col-md-6 h-col-6 style-9500-outer style-local-7529-c16-outer\">\n                      <div data-colibri-id=\"7529-c16\" class=\"d-flex h-flex-basis h-column__inner h-px-lg-0 h-px-md-0 h-px-2 v-inner-lg-0 v-inner-md-0 v-inner-2 style-9500 style-local-7529-c16 position-relative\">\n                        <!---->\n                        <!---->\n                        <div class=\"w-100 h-y-container h-column__content h-column__v-align flex-basis-100 align-self-lg-start align-self-md-start align-self-start\">\n                          <!---->\n                          <div data-colibri-id=\"7529-c17\" class=\"h-global-transition-all h-heading style-9501 style-local-7529-c17 position-relative h-element\">\n                            <!---->\n                            <div class=\"h-heading__outer style-9501 style-local-7529-c17\">\n                              <!---->\n                              <!---->\n                              <h5 class=\"\">Wyposa\u017cenie<\/h5>\n                            <\/div>\n                          <\/div>\n                          <div data-colibri-id=\"7529-c18\" class=\"h-text h-text-component style-9502 style-local-7529-c18 position-relative h-element\">\n                            <!---->\n                            <!---->\n                            <div class=\"\">\n                              <p>Mo\u017cliwo\u015b\u0107 personalizacji dzi\u0119ki wyposa\u017ceniu opcjonalnemu<\/p>\n                            <\/div>\n                          <\/div>\n                        <\/div>\n                      <\/div>\n                    <\/div>\n                  <\/div>\n                <\/div>\n              <\/div>\n            <\/div>\n          <\/div>\n        <\/div>\n      <\/div>\n    <\/div>\n  <\/div>\n  <div data-colibri-component=\"section\" data-colibri-id=\"7529-c19\" id=\"reusable-sections-2\" class=\"h-section h-section-global-spacing d-flex align-items-lg-center align-items-md-center align-items-center style-9503 style-local-7529-c19 position-relative\">\n    <!---->\n    <!---->\n    <div class=\"h-section-grid-container h-section-boxed-container\">\n      <!---->\n      <div data-colibri-id=\"7529-c20\" class=\"h-row-container gutters-row-lg-2 gutters-row-md-2 gutters-row-0 gutters-row-v-lg-2 gutters-row-v-md-2 gutters-row-v-2 style-9504 style-local-7529-c20 position-relative\">\n        <!---->\n        <div class=\"h-row justify-content-lg-center justify-content-md-center justify-content-center align-items-lg-stretch align-items-md-stretch align-items-stretch gutters-col-lg-2 gutters-col-md-2 gutters-col-0 gutters-col-v-lg-2 gutters-col-v-md-2 gutters-col-v-2\">\n          <!---->\n          <div class=\"h-column h-column-container d-flex h-col-lg-auto h-col-md-auto h-col-auto style-9505-outer style-local-7529-c21-outer\">\n            <div data-colibri-id=\"7529-c21\" class=\"d-flex h-flex-basis h-column__inner h-px-lg-2 h-px-md-2 h-px-2 v-inner-lg-2 v-inner-md-2 v-inner-2 style-9505 style-local-7529-c21 position-relative\">\n              <!---->\n              <!---->\n              <div class=\"w-100 h-y-container h-column__content h-column__v-align flex-basis-100 align-self-lg-start align-self-md-start align-self-start\">\n                <!---->\n                <div data-colibri-id=\"7529-c22\" class=\"h-global-transition-all h-heading style-9506 style-local-7529-c22 position-relative h-element\">\n                  <!---->\n                  <div class=\"h-heading__outer style-9506 style-local-7529-c22\">\n                    <!---->\n                    <!---->\n                    <h2 class=\"\">Dane techniczne<\/h2>\n                  <\/div>\n                <\/div>\n              <\/div>\n            <\/div>\n          <\/div>\n          <div class=\"h-column h-column-container d-flex h-col-lg-auto h-col-md-auto h-col-auto style-9507-outer style-local-7529-c23-outer\">\n            <div data-colibri-id=\"7529-c23\" class=\"d-flex h-flex-basis h-column__inner h-px-lg-2 h-px-md-2 h-px-2 v-inner-lg-2 v-inner-md-2 v-inner-2 style-9507 style-local-7529-c23 position-relative\">\n              <!---->\n              <!---->\n              <div class=\"w-100 h-y-container h-column__content h-column__v-align flex-basis-100 align-self-lg-start align-self-md-start align-self-start\">\n                <!---->\n                <div data-colibri-id=\"7529-c24\" class=\"h-text h-text-component style-9508 style-local-7529-c24 position-relative h-element\">\n                  <!---->\n                  <!---->\n                  <div class=\"\">\n                    <h3>Specyfikacja modeli<\/h3>\n                    <p>P\u0142ugi do orki sprzedawane s\u0105 w r\u00f3\u017cnych modelach podstawowych. Wszystkich informacji ch\u0119tnie udzielimy telefonicznie.<\/p>\n                    <p>\n                      <br>\n                    <\/p>\n                  <\/div>\n                <\/div>\n              <\/div>\n            <\/div>\n          <\/div>\n        <\/div>\n      <\/div>\n      <div data-colibri-id=\"7529-c25\" class=\"h-row-container gutters-row-lg-2 gutters-row-md-2 gutters-row-0 gutters-row-v-lg-2 gutters-row-v-md-2 gutters-row-v-2 style-9509 style-local-7529-c25 position-relative\">\n        <!---->\n        <div class=\"h-row justify-content-lg-center justify-content-md-center justify-content-center align-items-lg-stretch align-items-md-stretch align-items-stretch gutters-col-lg-2 gutters-col-md-2 gutters-col-0 gutters-col-v-lg-2 gutters-col-v-md-2 gutters-col-v-2\">\n          <!---->\n          <div class=\"h-column h-column-container d-flex h-col-lg-auto h-col-md-auto h-col-auto style-9510-outer style-local-7529-c26-outer\">\n            <div data-colibri-id=\"7529-c26\" class=\"d-flex h-flex-basis h-column__inner h-px-lg-2 h-px-md-2 h-px-2 v-inner-lg-2 v-inner-md-2 v-inner-2 style-9510 style-local-7529-c26 position-relative\">\n              <!---->\n              <!---->\n              <div class=\"w-100 h-y-container h-column__content h-column__v-align flex-basis-100 align-self-lg-start align-self-md-start align-self-start\">\n                <!---->\n                <div data-colibri-id=\"7529-c27\" class=\"h-text h-text-component style-9511 style-local-7529-c27 position-relative h-element\">\n                  <!---->\n                  <!---->\n                  <div class=\"\">\n                    <p><span style=\"font-weight: 400; font-size: 16px; font-family: &quot;Open Sans&quot;; color: rgb(60, 65, 84);\">Dane techniczne r\u00f3\u017cni\u0105 si\u0119 w zale\u017cno\u015bci od wybranego modelu. Wszystkie informacje ch\u0119tnie udzielimy telefonicznie oraz odpowiemy na wszystkie pytania.<\/span><\/p>\n                  <\/div>\n                <\/div>\n              <\/div>\n            <\/div>\n          <\/div>\n          <div class=\"h-column h-column-container d-flex h-col-lg-auto h-col-md-auto h-col-auto style-9512-outer style-local-7529-c28-outer\">\n            <div data-colibri-id=\"7529-c28\" class=\"d-flex h-flex-basis h-column__inner h-ui-empty-state-container h-px-lg-2 h-px-md-2 h-px-2 v-inner-lg-2 v-inner-md-2 v-inner-2 style-9512 style-local-7529-c28 position-relative\">\n              <!---->\n              <!---->\n              <div class=\"w-100 h-y-container h-column__content h-column__v-align flex-basis-100\">\n                <!---->\n              <\/div>\n            <\/div>\n          <\/div>\n        <\/div>\n      <\/div>\n      <div data-colibri-id=\"7529-c29\" class=\"h-row-container gutters-row-lg-2 gutters-row-md-2 gutters-row-0 gutters-row-v-lg-2 gutters-row-v-md-2 gutters-row-v-2 style-9513 style-local-7529-c29 position-relative\">\n        <!---->\n        <div class=\"h-row justify-content-lg-center justify-content-md-center justify-content-center align-items-lg-stretch align-items-md-stretch align-items-stretch gutters-col-lg-2 gutters-col-md-2 gutters-col-0 gutters-col-v-lg-2 gutters-col-v-md-2 gutters-col-v-2\">\n          <!---->\n          <div class=\"h-column h-column-container d-flex h-col-lg-6 h-col-md-6 h-col-12 style-9514-outer style-local-7529-c30-outer\">\n            <div data-colibri-id=\"7529-c30\" class=\"d-flex h-flex-basis h-column__inner h-px-lg-0 h-px-md-0 h-px-0 v-inner-lg-0 v-inner-md-0 v-inner-0 style-9514 style-local-7529-c30 position-relative\">\n              <!---->\n              <!---->\n              <div class=\"w-100 h-y-container h-column__content h-column__v-align flex-basis-100 align-self-lg-start align-self-md-start align-self-start\">\n                <!---->\n                <div data-colibri-id=\"7529-c31\" class=\"d-block style-9515 style-local-7529-c31 position-relative h-element\">\n                  <!---->\n                  <div class=\"h-image__frame-container-outer\">\n                    <div class=\"h-image__frame-container\">\n                      <!---->\n                      <!---->\n                      <img loading=\"lazy\" decoding=\"async\" width=\"1200\" height=\"900\" src=\"https:\/\/skraw-tech.com\/wp-content\/uploads\/2023\/02\/Plug-3-ZAGONOWY-PODWYZSZANY-JEDNOBELKOWY-4.jpg\" class=\"wp-image-7518 style-9515-image style-local-7529-c31-image\" alt=\"\" srcset=\"https:\/\/skraw-tech.com\/wp-content\/uploads\/2023\/02\/Plug-3-ZAGONOWY-PODWYZSZANY-JEDNOBELKOWY-4.jpg 1200w, https:\/\/skraw-tech.com\/wp-content\/uploads\/2023\/02\/Plug-3-ZAGONOWY-PODWYZSZANY-JEDNOBELKOWY-4-300x225.jpg 300w, https:\/\/skraw-tech.com\/wp-content\/uploads\/2023\/02\/Plug-3-ZAGONOWY-PODWYZSZANY-JEDNOBELKOWY-4-750x563.jpg 750w, https:\/\/skraw-tech.com\/wp-content\/uploads\/2023\/02\/Plug-3-ZAGONOWY-PODWYZSZANY-JEDNOBELKOWY-4-768x576.jpg 768w\" sizes=\"auto, (max-width: 1200px) 100vw, 1200px\" \/>\n                      <div class=\"h-image__frame h-hide-lg h-hide-md h-hide-sm style-9515-frameImage style-local-7529-c31-frameImage\"><\/div>\n                    <\/div>\n                  <\/div>\n                <\/div>\n              <\/div>\n            <\/div>\n          <\/div>\n        <\/div>\n      <\/div>\n    <\/div>\n  <\/div>\n<\/div>","protected":false},"excerpt":{"rendered":"<p>P\u0142ug jedno-belkowy trzy zagonowy P\u0142ugi, kt\u00f3re odrzucaj\u0105 skiby gleby tylko na prawo. W ten spos\u00f3b powstaj\u0105 regularne zagony. Sk\u0142ada si\u0119 z dzioba, grzbietu i ostrza. Stosowane s\u0105 zar\u00f3wno w p\u0142ytkiej, jak i g\u0142\u0119bokiej orce. Wydajno\u015b\u0107 Szeroko\u015b\u0107 robocza korpusu to a\u017c 350mm. Wytrzyma\u0142a budowa Najwy\u017cszej jako\u015bci elementy wykorzystane przy budowie. Wyposa\u017cenie Mo\u017cliwo\u015b\u0107 personalizacji dzi\u0119ki wyposa\u017ceniu opcjonalnemu [&hellip;]<\/p>\n","protected":false},"author":1,"featured_media":0,"parent":0,"menu_order":0,"comment_status":"closed","ping_status":"closed","template":"page-templates\/full-width-page.php","meta":{"footnotes":""},"class_list":["post-7529","page","type-page","status-publish","hentry"],"_links":{"self":[{"href":"https:\/\/skraw-tech.com\/index.php?rest_route=\/wp\/v2\/pages\/7529","targetHints":{"allow":["GET"]}}],"collection":[{"href":"https:\/\/skraw-tech.com\/index.php?rest_route=\/wp\/v2\/pages"}],"about":[{"href":"https:\/\/skraw-tech.com\/index.php?rest_route=\/wp\/v2\/types\/page"}],"author":[{"embeddable":true,"href":"https:\/\/skraw-tech.com\/index.php?rest_route=\/wp\/v2\/users\/1"}],"replies":[{"embeddable":true,"href":"https:\/\/skraw-tech.com\/index.php?rest_route=%2Fwp%2Fv2%2Fcomments&post=7529"}],"version-history":[{"count":1,"href":"https:\/\/skraw-tech.com\/index.php?rest_route=\/wp\/v2\/pages\/7529\/revisions"}],"predecessor-version":[{"id":7564,"href":"https:\/\/skraw-tech.com\/index.php?rest_route=\/wp\/v2\/pages\/7529\/revisions\/7564"}],"wp:attachment":[{"href":"https:\/\/skraw-tech.com\/index.php?rest_route=%2Fwp%2Fv2%2Fmedia&parent=7529"}],"curies":[{"name":"wp","href":"https:\/\/api.w.org\/{rel}","templated":true}]}}