{"id":7952,"date":"2023-10-06T12:12:04","date_gmt":"2023-10-06T10:12:04","guid":{"rendered":"https:\/\/skraw-tech.com\/?page_id=7952"},"modified":"2023-10-10T10:25:10","modified_gmt":"2023-10-10T08:25:10","slug":"wal-do-wyrownania-pola-i-rozbijania-bryl","status":"publish","type":"page","link":"https:\/\/skraw-tech.com\/?page_id=7952","title":{"rendered":"Wa\u0142 do wyr\u00f3wnania pola i rozbijania bry\u0142"},"content":{"rendered":"<div data-colibri-id=\"7952-c1\" class=\"style-10331 style-local-7952-c1 position-relative\">\n  <!---->\n  <div data-colibri-component=\"section\" data-colibri-id=\"7952-c2\" id=\"reusable-sections\" class=\"h-section h-section-global-spacing d-flex align-items-lg-center align-items-md-center align-items-center style-10332 style-local-7952-c2 position-relative\">\n    <!---->\n    <!---->\n    <div class=\"h-section-grid-container h-section-fluid-container\">\n      <!---->\n      <div data-colibri-id=\"7952-c3\" class=\"h-row-container gutters-row-lg-0 gutters-row-md-0 gutters-row-2 gutters-row-v-lg-0 gutters-row-v-md-0 gutters-row-v-2 style-10333 style-local-7952-c3 position-relative\">\n        <!---->\n        <div class=\"h-row justify-content-lg-center justify-content-md-center justify-content-center align-items-lg-stretch align-items-md-stretch align-items-stretch gutters-col-lg-0 gutters-col-md-0 gutters-col-2 gutters-col-v-lg-0 gutters-col-v-md-0 gutters-col-v-2\">\n          <!---->\n          <div class=\"h-column h-column-container d-flex h-col-lg-auto h-col-md-auto h-col-auto style-10334-outer style-local-7952-c4-outer\">\n            <div data-colibri-id=\"7952-c4\" class=\"d-flex h-flex-basis h-column__inner h-px-lg-0 h-px-md-0 h-px-0 v-inner-lg-0 v-inner-md-0 v-inner-0 style-10334 style-local-7952-c4 position-relative\">\n              <!---->\n              <!---->\n              <div class=\"w-100 h-y-container h-column__content h-column__v-align flex-basis-100 align-self-lg-start align-self-md-start align-self-start\">\n                <!---->\n                <div data-colibri-id=\"7952-c5\" class=\"h-global-transition-all h-heading style-10335 style-local-7952-c5 position-relative h-element\">\n                  <!---->\n                  <div class=\"h-heading__outer style-10335 style-local-7952-c5\">\n                    <!---->\n                    <!---->\n                    <h4 class=\"\">Wa\u0142y do wyr\u00f3wnania pola i rozbijania bry\u0142<\/h4>\n                  <\/div>\n                <\/div>\n                <div data-colibri-id=\"7952-c6\" class=\"h-text h-text-component style-10336 style-local-7952-c6 position-relative h-element\">\n                  <!---->\n                  <!---->\n                  <div class=\"\">\n                    <p><span style=\"font-weight: 500; font-size: 14px; font-family: Montserrat, Helvetica, Arial, Lucida, sans-serif; color: rgb(102, 102, 102);\">Rolmako oferuje wiele rodzaj\u00f3w wa\u0142\u00f3w do r\u00f3\u017cnych zastosowa\u0144, przeznaczone do uprawy przedsiewnej, teren\u00f3w zielonych, bardziej agresywne wa\u0142y do kruszenia bry\u0142, wa\u0142y do zastosowania za kultywatorem \u015bcierniskowym, do zag\u0119szczania gleby po orce oraz wielu innych prac rolniczych. Od ziem lekkich piaszczystych do ci\u0119\u017ckich, mokrych i lepi\u0105cych gleb gliniastych, jest to oferta wa\u0142\u00f3w uprawowych, kt\u00f3r\u0105 mo\u017cna dopasowa\u0107 do wszystkich wymaga\u0144 klienta.<\/span><\/p>\n                  <\/div>\n                <\/div>\n              <\/div>\n            <\/div>\n          <\/div>\n        <\/div>\n      <\/div>\n    <\/div>\n  <\/div>\n  <div data-colibri-component=\"section\" data-colibri-id=\"7952-c7\" id=\"reusable-sections-2\" class=\"h-section h-section-global-spacing d-flex align-items-lg-center align-items-md-center align-items-center style-10337 style-local-7952-c7 position-relative\">\n    <!---->\n    <!---->\n    <div class=\"h-section-grid-container h-section-boxed-container\">\n      <!---->\n      <div data-colibri-id=\"7952-c8\" class=\"h-row-container gutters-row-lg-2 gutters-row-md-2 gutters-row-0 gutters-row-v-lg-2 gutters-row-v-md-2 gutters-row-v-2 style-10338 style-local-7952-c8 position-relative\">\n        <!---->\n        <div class=\"h-row justify-content-lg-center justify-content-md-center justify-content-center align-items-lg-stretch align-items-md-stretch align-items-stretch gutters-col-lg-2 gutters-col-md-2 gutters-col-0 gutters-col-v-lg-2 gutters-col-v-md-2 gutters-col-v-2\">\n          <!---->\n          <div class=\"h-column h-column-container d-flex h-col-lg-auto h-col-md-auto h-col-auto style-10339-outer style-local-7952-c9-outer\">\n            <div data-colibri-id=\"7952-c9\" class=\"d-flex h-flex-basis h-column__inner h-px-lg-2 h-px-md-2 h-px-2 v-inner-lg-2 v-inner-md-2 v-inner-2 style-10339 style-local-7952-c9 position-relative\">\n              <!---->\n              <!---->\n              <div class=\"w-100 h-y-container h-column__content h-column__v-align flex-basis-100 align-self-lg-start align-self-md-start align-self-start\">\n                <!---->\n                <div data-colibri-id=\"7952-c10\" class=\"d-block style-10340 style-local-7952-c10 position-relative h-element\">\n                  <!---->\n                  <div class=\"h-image__frame-container-outer\">\n                    <div class=\"h-image__frame-container\">\n                      <!---->\n                      <!---->\n                      <img loading=\"lazy\" decoding=\"async\" width=\"340\" height=\"270\" src=\"https:\/\/skraw-tech.com\/wp-content\/uploads\/2023\/10\/wal-1.png\" class=\"wp-image-7963 style-10340-image style-local-7952-c10-image\" alt=\"\" srcset=\"https:\/\/skraw-tech.com\/wp-content\/uploads\/2023\/10\/wal-1.png 340w, https:\/\/skraw-tech.com\/wp-content\/uploads\/2023\/10\/wal-1-300x238.png 300w\" sizes=\"auto, (max-width: 340px) 100vw, 340px\" \/>\n                      <div class=\"h-image__frame h-hide-lg h-hide-md h-hide-sm style-10340-frameImage style-local-7952-c10-frameImage\"><\/div>\n                    <\/div>\n                  <\/div>\n                <\/div>\n              <\/div>\n            <\/div>\n          <\/div>\n          <div class=\"h-column h-column-container d-flex h-col-lg-auto h-col-md-auto h-col-auto style-10341-outer style-local-7952-c11-outer\">\n            <div data-colibri-id=\"7952-c11\" class=\"d-flex h-flex-basis h-column__inner h-px-lg-2 h-px-md-2 h-px-2 v-inner-lg-2 v-inner-md-2 v-inner-2 style-10341 style-local-7952-c11 position-relative\">\n              <!---->\n              <!---->\n              <div class=\"w-100 h-y-container h-column__content h-column__v-align flex-basis-100 align-self-lg-start align-self-md-start align-self-start\">\n                <!---->\n                <div data-colibri-id=\"7952-c12\" class=\"h-global-transition-all h-heading style-10342 style-local-7952-c12 position-relative h-element\">\n                  <!---->\n                  <div class=\"h-heading__outer style-10342 style-local-7952-c12\">\n                    <!---->\n                    <!---->\n                    <h2 class=\"\">Wa\u0142 do wyr\u00f3wnania pola i rozbijania bry\u0142<\/h2>\n                  <\/div>\n                <\/div>\n              <\/div>\n            <\/div>\n          <\/div>\n        <\/div>\n      <\/div>\n      <div data-colibri-id=\"7952-c13\" class=\"h-row-container gutters-row-lg-0 gutters-row-md-0 gutters-row-0 gutters-row-v-lg-0 gutters-row-v-md-0 gutters-row-v-0 style-10343 style-local-7952-c13 position-relative\">\n        <!---->\n        <div class=\"h-row justify-content-lg-center justify-content-md-center justify-content-center align-items-lg-stretch align-items-md-stretch align-items-stretch gutters-col-lg-0 gutters-col-md-0 gutters-col-0 gutters-col-v-lg-0 gutters-col-v-md-0 gutters-col-v-0\">\n          <!---->\n          <div class=\"h-column h-column-container d-flex h-col-lg-auto h-col-md-auto h-col-auto style-10344-outer style-local-7952-c14-outer\">\n            <div data-colibri-id=\"7952-c14\" class=\"d-flex h-flex-basis h-column__inner h-px-lg-2 h-px-md-2 h-px-2 v-inner-lg-2 v-inner-md-2 v-inner-2 style-10344 style-local-7952-c14 position-relative\">\n              <!---->\n              <!---->\n              <div class=\"w-100 h-y-container h-column__content h-column__v-align flex-basis-100 align-self-lg-start align-self-md-start align-self-start\">\n                <!---->\n                <div data-colibri-id=\"7952-c15\" class=\"h-x-container style-10345 style-local-7952-c15 position-relative h-element\">\n                  <!---->\n                  <div class=\"h-x-container-inner style-dynamic-7952-c15-group style-10345-spacing style-local-7952-c15-spacing\"><span class=\"h-button__outer style-10346-outer style-local-7952-c16-outer d-inline-flex h-element\"><a h-use-smooth-scroll=\"true\" href=\"https:\/\/www.rolmako.pl\/wal-do-wyrownywania-pola-i-bryl.html\"  data-colibri-id=\"7952-c16\" class=\"d-flex w-100 align-items-center h-button justify-content-lg-center justify-content-md-center justify-content-center style-10346 style-local-7952-c16 position-relative\"><!----><!----> <span>Zobacz Wi\u0119cej<\/span><\/a>\n                    <\/span>\n                  <\/div>\n                <\/div>\n              <\/div>\n            <\/div>\n          <\/div>\n          <div class=\"h-column h-column-container d-flex h-col-lg-auto h-col-md-auto h-col-auto style-10347-outer style-local-7952-c17-outer\">\n            <div data-colibri-id=\"7952-c17\" class=\"d-flex h-flex-basis h-column__inner h-px-lg-2 h-px-md-2 h-px-2 v-inner-lg-2 v-inner-md-2 v-inner-2 style-10347 style-local-7952-c17 position-relative\">\n              <!---->\n              <!---->\n              <div class=\"w-100 h-y-container h-column__content h-column__v-align flex-basis-100 align-self-lg-start align-self-md-start align-self-start\">\n                <!---->\n                <div data-colibri-id=\"7952-c18\" class=\"h-text h-text-component style-10348 style-local-7952-c18 position-relative h-element\">\n                  <!---->\n                  <!---->\n                  <div class=\"\">\n                    <p><span style=\"color: rgb(34, 34, 34); font-family: &quot;Open Sans&quot;, Arial, sans-serif; font-size: 18px; font-weight: 500;\">Wa\u0142owanie jest bardzo wa\u017cnym zabiegiem agrotechnicznym w znacz\u0105cy spos\u00f3b wp\u0142ywaj\u0105cym na jako\u015b\u0107 upraw i urodzaj.<\/span><\/p>\n                  <\/div>\n                <\/div>\n              <\/div>\n            <\/div>\n          <\/div>\n        <\/div>\n      <\/div>\n    <\/div>\n  <\/div>\n  <div data-colibri-component=\"section\" data-colibri-id=\"7952-c19\" id=\"reusable-sections-3\" class=\"h-section h-section-global-spacing d-flex align-items-lg-center align-items-md-center align-items-center style-10349 style-local-7952-c19 position-relative\">\n    <!---->\n    <!---->\n    <div class=\"h-section-grid-container h-section-boxed-container\">\n      <!---->\n      <div data-colibri-id=\"7952-c20\" class=\"h-row-container gutters-row-lg-2 gutters-row-md-2 gutters-row-0 gutters-row-v-lg-2 gutters-row-v-md-2 gutters-row-v-2 style-10350 style-local-7952-c20 position-relative\">\n        <!---->\n        <div class=\"h-row justify-content-lg-center justify-content-md-center justify-content-center align-items-lg-stretch align-items-md-stretch align-items-stretch gutters-col-lg-2 gutters-col-md-2 gutters-col-0 gutters-col-v-lg-2 gutters-col-v-md-2 gutters-col-v-2\">\n          <!---->\n          <div class=\"h-column h-column-container d-flex h-col-lg-auto h-col-md-auto h-col-auto style-10351-outer style-local-7952-c21-outer\">\n            <div data-colibri-id=\"7952-c21\" class=\"d-flex h-flex-basis h-column__inner h-px-lg-2 h-px-md-2 h-px-2 v-inner-lg-2 v-inner-md-2 v-inner-2 style-10351 style-local-7952-c21 position-relative\">\n              <!---->\n              <!---->\n              <div class=\"w-100 h-y-container h-column__content h-column__v-align flex-basis-100 align-self-lg-start align-self-md-start align-self-start\">\n                <!---->\n                <div data-colibri-id=\"7952-c22\" class=\"d-block style-10352 style-local-7952-c22 position-relative h-element\">\n                  <!---->\n                  <div class=\"h-image__frame-container-outer\">\n                    <div class=\"h-image__frame-container\">\n                      <!---->\n                      <!---->\n                      <img loading=\"lazy\" decoding=\"async\" width=\"340\" height=\"270\" src=\"https:\/\/skraw-tech.com\/wp-content\/uploads\/2023\/10\/orion.png\" class=\"wp-image-7962 style-10352-image style-local-7952-c22-image\" alt=\"\" srcset=\"https:\/\/skraw-tech.com\/wp-content\/uploads\/2023\/10\/orion.png 340w, https:\/\/skraw-tech.com\/wp-content\/uploads\/2023\/10\/orion-300x238.png 300w\" sizes=\"auto, (max-width: 340px) 100vw, 340px\" \/>\n                      <div class=\"h-image__frame h-hide-lg h-hide-md h-hide-sm style-10352-frameImage style-local-7952-c22-frameImage\"><\/div>\n                    <\/div>\n                  <\/div>\n                <\/div>\n              <\/div>\n            <\/div>\n          <\/div>\n          <div class=\"h-column h-column-container d-flex h-col-lg-auto h-col-md-auto h-col-auto style-10353-outer style-local-7952-c23-outer\">\n            <div data-colibri-id=\"7952-c23\" class=\"d-flex h-flex-basis h-column__inner h-px-lg-2 h-px-md-2 h-px-2 v-inner-lg-2 v-inner-md-2 v-inner-2 style-10353 style-local-7952-c23 position-relative\">\n              <!---->\n              <!---->\n              <div class=\"w-100 h-y-container h-column__content h-column__v-align flex-basis-100 align-self-lg-start align-self-md-start align-self-start\">\n                <!---->\n                <div data-colibri-id=\"7952-c24\" class=\"h-global-transition-all h-heading style-10354 style-local-7952-c24 position-relative h-element\">\n                  <!---->\n                  <div class=\"h-heading__outer style-10354 style-local-7952-c24\">\n                    <!---->\n                    <!---->\n                    <h2 class=\"\">Wa\u0142 doprawiaj\u0105cy gleb\u0119 Cambridge\/ ORION<\/h2>\n                  <\/div>\n                <\/div>\n              <\/div>\n            <\/div>\n          <\/div>\n        <\/div>\n      <\/div>\n      <div data-colibri-id=\"7952-c25\" class=\"h-row-container gutters-row-lg-0 gutters-row-md-0 gutters-row-0 gutters-row-v-lg-0 gutters-row-v-md-0 gutters-row-v-0 style-10355 style-local-7952-c25 position-relative\">\n        <!---->\n        <div class=\"h-row justify-content-lg-center justify-content-md-center justify-content-center align-items-lg-stretch align-items-md-stretch align-items-stretch gutters-col-lg-0 gutters-col-md-0 gutters-col-0 gutters-col-v-lg-0 gutters-col-v-md-0 gutters-col-v-0\">\n          <!---->\n          <div class=\"h-column h-column-container d-flex h-col-lg-auto h-col-md-auto h-col-auto style-10356-outer style-local-7952-c26-outer\">\n            <div data-colibri-id=\"7952-c26\" class=\"d-flex h-flex-basis h-column__inner h-px-lg-2 h-px-md-2 h-px-2 v-inner-lg-2 v-inner-md-2 v-inner-2 style-10356 style-local-7952-c26 position-relative\">\n              <!---->\n              <!---->\n              <div class=\"w-100 h-y-container h-column__content h-column__v-align flex-basis-100 align-self-lg-start align-self-md-start align-self-start\">\n                <!---->\n                <div data-colibri-id=\"7952-c27\" class=\"h-x-container style-10357 style-local-7952-c27 position-relative h-element\">\n                  <!---->\n                  <div class=\"h-x-container-inner style-dynamic-7952-c27-group style-10357-spacing style-local-7952-c27-spacing\"><span class=\"h-button__outer style-10358-outer style-local-7952-c28-outer d-inline-flex h-element\"><a h-use-smooth-scroll=\"true\" href=\"https:\/\/www.rolmako.pl\/wal-doprawiajacy-glebe-cambridge-orion.html\"  data-colibri-id=\"7952-c28\" class=\"d-flex w-100 align-items-center h-button justify-content-lg-center justify-content-md-center justify-content-center style-10358 style-local-7952-c28 position-relative\"><!----><!----> <span>Zobacz Wi\u0119cej<\/span><\/a>\n                    <\/span>\n                  <\/div>\n                <\/div>\n              <\/div>\n            <\/div>\n          <\/div>\n          <div class=\"h-column h-column-container d-flex h-col-lg-auto h-col-md-auto h-col-auto style-10359-outer style-local-7952-c29-outer\">\n            <div data-colibri-id=\"7952-c29\" class=\"d-flex h-flex-basis h-column__inner h-px-lg-2 h-px-md-2 h-px-2 v-inner-lg-2 v-inner-md-2 v-inner-2 style-10359 style-local-7952-c29 position-relative\">\n              <!---->\n              <!---->\n              <div class=\"w-100 h-y-container h-column__content h-column__v-align flex-basis-100 align-self-lg-start align-self-md-start align-self-start\">\n                <!---->\n                <div data-colibri-id=\"7952-c30\" class=\"h-text h-text-component style-10360 style-local-7952-c30 position-relative h-element\">\n                  <!---->\n                  <!---->\n                  <div class=\"\">\n                    <p><span style=\"color: rgb(34, 34, 34); font-family: &quot;Open Sans&quot;, Arial, sans-serif; font-size: 18px; font-weight: 500;\">W pe\u0142ni hydrauliczna konstrukcja dla nowoczesnych gospodarstw, kt\u00f3re maj\u0105 wysokie wymagania co do jako\u015bci i wydajno\u015bci pracy.<\/span><\/p>\n                  <\/div>\n                <\/div>\n              <\/div>\n            <\/div>\n          <\/div>\n        <\/div>\n      <\/div>\n    <\/div>\n  <\/div>\n<\/div>","protected":false},"excerpt":{"rendered":"<p>Wa\u0142y do wyr\u00f3wnania pola i rozbijania bry\u0142 Rolmako oferuje wiele rodzaj\u00f3w wa\u0142\u00f3w do r\u00f3\u017cnych zastosowa\u0144, przeznaczone do uprawy przedsiewnej, teren\u00f3w zielonych, bardziej agresywne wa\u0142y do kruszenia bry\u0142, wa\u0142y do zastosowania za kultywatorem \u015bcierniskowym, do zag\u0119szczania gleby po orce oraz wielu innych prac rolniczych. Od ziem lekkich piaszczystych do ci\u0119\u017ckich, mokrych i lepi\u0105cych gleb gliniastych, jest [&hellip;]<\/p>\n","protected":false},"author":1,"featured_media":0,"parent":0,"menu_order":0,"comment_status":"closed","ping_status":"closed","template":"page-templates\/full-width-page.php","meta":{"footnotes":""},"class_list":["post-7952","page","type-page","status-publish","hentry"],"_links":{"self":[{"href":"https:\/\/skraw-tech.com\/index.php?rest_route=\/wp\/v2\/pages\/7952","targetHints":{"allow":["GET"]}}],"collection":[{"href":"https:\/\/skraw-tech.com\/index.php?rest_route=\/wp\/v2\/pages"}],"about":[{"href":"https:\/\/skraw-tech.com\/index.php?rest_route=\/wp\/v2\/types\/page"}],"author":[{"embeddable":true,"href":"https:\/\/skraw-tech.com\/index.php?rest_route=\/wp\/v2\/users\/1"}],"replies":[{"embeddable":true,"href":"https:\/\/skraw-tech.com\/index.php?rest_route=%2Fwp%2Fv2%2Fcomments&post=7952"}],"version-history":[{"count":3,"href":"https:\/\/skraw-tech.com\/index.php?rest_route=\/wp\/v2\/pages\/7952\/revisions"}],"predecessor-version":[{"id":8039,"href":"https:\/\/skraw-tech.com\/index.php?rest_route=\/wp\/v2\/pages\/7952\/revisions\/8039"}],"wp:attachment":[{"href":"https:\/\/skraw-tech.com\/index.php?rest_route=%2Fwp%2Fv2%2Fmedia&parent=7952"}],"curies":[{"name":"wp","href":"https:\/\/api.w.org\/{rel}","templated":true}]}}