{"id":7970,"date":"2023-10-06T12:29:02","date_gmt":"2023-10-06T10:29:02","guid":{"rendered":"https:\/\/skraw-tech.com\/?page_id=7970"},"modified":"2023-10-10T13:16:25","modified_gmt":"2023-10-10T11:16:25","slug":"przystawki-do-zbioru-rzepaku-i-wozki-do-transportu-hederow-zbozowych","status":"publish","type":"page","link":"https:\/\/skraw-tech.com\/?page_id=7970","title":{"rendered":"Przystawki do zbioru rzepaku i w\u00f3zki do transportu heder\u00f3w zbo\u017cowych"},"content":{"rendered":"<div data-colibri-id=\"7970-c1\" class=\"style-10361 style-local-7970-c1 position-relative\">\n  <!---->\n  <div data-colibri-component=\"section\" data-colibri-id=\"7970-c2\" id=\"reusable-sections\" class=\"h-section h-section-global-spacing d-flex align-items-lg-center align-items-md-center align-items-center style-10362 style-local-7970-c2 position-relative\">\n    <!---->\n    <!---->\n    <div class=\"h-section-grid-container h-section-fluid-container\">\n      <!---->\n      <div data-colibri-id=\"7970-c3\" class=\"h-row-container gutters-row-lg-0 gutters-row-md-0 gutters-row-2 gutters-row-v-lg-0 gutters-row-v-md-0 gutters-row-v-2 style-10363 style-local-7970-c3 position-relative\">\n        <!---->\n        <div class=\"h-row justify-content-lg-center justify-content-md-center justify-content-center align-items-lg-stretch align-items-md-stretch align-items-stretch gutters-col-lg-0 gutters-col-md-0 gutters-col-2 gutters-col-v-lg-0 gutters-col-v-md-0 gutters-col-v-2\">\n          <!---->\n          <div class=\"h-column h-column-container d-flex h-col-lg-auto h-col-md-auto h-col-auto style-10364-outer style-local-7970-c4-outer\">\n            <div data-colibri-id=\"7970-c4\" class=\"d-flex h-flex-basis h-column__inner h-px-lg-0 h-px-md-0 h-px-0 v-inner-lg-0 v-inner-md-0 v-inner-0 style-10364 style-local-7970-c4 position-relative\">\n              <!---->\n              <!---->\n              <div class=\"w-100 h-y-container h-column__content h-column__v-align flex-basis-100 align-self-lg-start align-self-md-start align-self-start\">\n                <!---->\n                <div data-colibri-id=\"7970-c5\" class=\"h-global-transition-all h-heading style-10365 style-local-7970-c5 position-relative h-element\">\n                  <!---->\n                  <div class=\"h-heading__outer style-10365 style-local-7970-c5\">\n                    <!---->\n                    <!---->\n                    <h4 class=\"\">Przystawki do zbioru rzepaku i w\u00f3zki do transportu heder\u00f3w zbo\u017cowych<\/h4>\n                  <\/div>\n                <\/div>\n                <div data-colibri-id=\"7970-c6\" class=\"h-text h-text-component style-10366 style-local-7970-c6 position-relative h-element\">\n                  <!---->\n                  <!---->\n                  <div class=\"\">\n                    <p><span style=\"font-weight: 500; font-size: 14px; font-family: Montserrat, Helvetica, Arial, Lucida, sans-serif; color: rgb(102, 102, 102);\">Sto\u0142y do rzepaku Rolmako optymalizuj\u0105 osi\u0105gi oraz pozwalaj\u0105 w wi\u0119kszym stopniu wykorzysta\u0107 potencja\u0142 ka\u017cdego kombajnu. W\u00f3zki do transportu hederu gwarantuj\u0105 bezpieczny przew\u00f3z zespo\u0142u \u017cniwnego do miejsca zbioru plonu. Dzi\u0119ki licznym rozwi\u0105zaniom technicznym uda\u0142o si\u0119 stworzy\u0107 produkty daj\u0105ce pe\u0142nie korzy\u015bci w trakcie zbioru. Przystawki do rzepaku Rolmako oraz w\u00f3zki do heder\u00f3w wiele razy dowiod\u0142y swojej warto\u015bci staj\u0105c si\u0119 wa\u017cnym narz\u0119dziem, kt\u00f3ry dzi\u0119ki stosunkowo niewielkim kosztom pozwoli\u0142 na optymalizacj\u0119 zysk\u00f3w klient\u00f3w.<\/span><\/p>\n                  <\/div>\n                <\/div>\n              <\/div>\n            <\/div>\n          <\/div>\n        <\/div>\n      <\/div>\n    <\/div>\n  <\/div>\n  <div data-colibri-component=\"section\" data-colibri-id=\"7970-c7\" id=\"reusable-sections-2\" class=\"h-section h-section-global-spacing d-flex align-items-lg-center align-items-md-center align-items-center style-10367 style-local-7970-c7 position-relative\">\n    <!---->\n    <!---->\n    <div class=\"h-section-grid-container h-section-boxed-container\">\n      <!---->\n      <div data-colibri-id=\"7970-c8\" class=\"h-row-container gutters-row-lg-2 gutters-row-md-2 gutters-row-0 gutters-row-v-lg-2 gutters-row-v-md-2 gutters-row-v-2 style-10368 style-local-7970-c8 position-relative\">\n        <!---->\n        <div class=\"h-row justify-content-lg-center justify-content-md-center justify-content-center align-items-lg-stretch align-items-md-stretch align-items-stretch gutters-col-lg-2 gutters-col-md-2 gutters-col-0 gutters-col-v-lg-2 gutters-col-v-md-2 gutters-col-v-2\">\n          <!---->\n          <div class=\"h-column h-column-container d-flex h-col-lg-auto h-col-md-auto h-col-auto style-10369-outer style-local-7970-c9-outer\">\n            <div data-colibri-id=\"7970-c9\" class=\"d-flex h-flex-basis h-column__inner h-px-lg-2 h-px-md-2 h-px-2 v-inner-lg-2 v-inner-md-2 v-inner-2 style-10369 style-local-7970-c9 position-relative\">\n              <!---->\n              <!---->\n              <div class=\"w-100 h-y-container h-column__content h-column__v-align flex-basis-100 align-self-lg-start align-self-md-start align-self-start\">\n                <!---->\n                <div data-colibri-id=\"7970-c10\" class=\"d-block style-10370 style-local-7970-c10 position-relative h-element\">\n                  <!---->\n                  <div class=\"h-image__frame-container-outer\">\n                    <div class=\"h-image__frame-container\">\n                      <!---->\n                      <!---->\n                      <img loading=\"lazy\" decoding=\"async\" width=\"340\" height=\"270\" src=\"https:\/\/skraw-tech.com\/wp-content\/uploads\/2023\/10\/przystawka.png\" class=\"wp-image-7980 style-10370-image style-local-7970-c10-image\" alt=\"\" srcset=\"https:\/\/skraw-tech.com\/wp-content\/uploads\/2023\/10\/przystawka.png 340w, https:\/\/skraw-tech.com\/wp-content\/uploads\/2023\/10\/przystawka-300x238.png 300w\" sizes=\"auto, (max-width: 340px) 100vw, 340px\" \/>\n                      <div class=\"h-image__frame h-hide-lg h-hide-md h-hide-sm style-10370-frameImage style-local-7970-c10-frameImage\"><\/div>\n                    <\/div>\n                  <\/div>\n                <\/div>\n              <\/div>\n            <\/div>\n          <\/div>\n          <div class=\"h-column h-column-container d-flex h-col-lg-auto h-col-md-auto h-col-auto style-10371-outer style-local-7970-c11-outer\">\n            <div data-colibri-id=\"7970-c11\" class=\"d-flex h-flex-basis h-column__inner h-px-lg-2 h-px-md-2 h-px-2 v-inner-lg-2 v-inner-md-2 v-inner-2 style-10371 style-local-7970-c11 position-relative\">\n              <!---->\n              <!---->\n              <div class=\"w-100 h-y-container h-column__content h-column__v-align flex-basis-100 align-self-lg-start align-self-md-start align-self-start\">\n                <!---->\n                <div data-colibri-id=\"7970-c12\" class=\"h-global-transition-all h-heading style-10372 style-local-7970-c12 position-relative h-element\">\n                  <!---->\n                  <div class=\"h-heading__outer style-10372 style-local-7970-c12\">\n                    <!---->\n                    <!---->\n                    <h2 class=\"\">Przystawki do zbioru rzepaku<\/h2>\n                  <\/div>\n                <\/div>\n              <\/div>\n            <\/div>\n          <\/div>\n        <\/div>\n      <\/div>\n      <div data-colibri-id=\"7970-c13\" class=\"h-row-container gutters-row-lg-0 gutters-row-md-0 gutters-row-0 gutters-row-v-lg-0 gutters-row-v-md-0 gutters-row-v-0 style-10373 style-local-7970-c13 position-relative\">\n        <!---->\n        <div class=\"h-row justify-content-lg-center justify-content-md-center justify-content-center align-items-lg-stretch align-items-md-stretch align-items-stretch gutters-col-lg-0 gutters-col-md-0 gutters-col-0 gutters-col-v-lg-0 gutters-col-v-md-0 gutters-col-v-0\">\n          <!---->\n          <div class=\"h-column h-column-container d-flex h-col-lg-auto h-col-md-auto h-col-auto style-10374-outer style-local-7970-c14-outer\">\n            <div data-colibri-id=\"7970-c14\" class=\"d-flex h-flex-basis h-column__inner h-px-lg-2 h-px-md-2 h-px-2 v-inner-lg-2 v-inner-md-2 v-inner-2 style-10374 style-local-7970-c14 position-relative\">\n              <!---->\n              <!---->\n              <div class=\"w-100 h-y-container h-column__content h-column__v-align flex-basis-100 align-self-lg-start align-self-md-start align-self-start\">\n                <!---->\n                <div data-colibri-id=\"7970-c15\" class=\"h-x-container style-10375 style-local-7970-c15 position-relative h-element\">\n                  <!---->\n                  <div class=\"h-x-container-inner style-dynamic-7970-c15-group style-10375-spacing style-local-7970-c15-spacing\"><span class=\"h-button__outer style-10376-outer style-local-7970-c16-outer d-inline-flex h-element\"><a h-use-smooth-scroll=\"true\" href=\"https:\/\/www.rolmako.pl\/przystawki-do-rzepaku.html\"  data-colibri-id=\"7970-c16\" class=\"d-flex w-100 align-items-center h-button justify-content-lg-center justify-content-md-center justify-content-center style-10376 style-local-7970-c16 position-relative\"><!----><!----> <span>Zobacz Wi\u0119cej<\/span><\/a>\n                    <\/span>\n                  <\/div>\n                <\/div>\n              <\/div>\n            <\/div>\n          <\/div>\n          <div class=\"h-column h-column-container d-flex h-col-lg-auto h-col-md-auto h-col-auto style-10377-outer style-local-7970-c17-outer\">\n            <div data-colibri-id=\"7970-c17\" class=\"d-flex h-flex-basis h-column__inner h-px-lg-2 h-px-md-2 h-px-2 v-inner-lg-2 v-inner-md-2 v-inner-2 style-10377 style-local-7970-c17 position-relative\">\n              <!---->\n              <!---->\n              <div class=\"w-100 h-y-container h-column__content h-column__v-align flex-basis-100 align-self-lg-start align-self-md-start align-self-start\">\n                <!---->\n                <div data-colibri-id=\"7970-c18\" class=\"h-text h-text-component style-10378 style-local-7970-c18 position-relative h-element\">\n                  <!---->\n                  <!---->\n                  <div class=\"\">\n                    <p><span style=\"color: rgb(34, 34, 34); font-family: &quot;Open Sans&quot;, Arial, sans-serif; font-size: 18px; font-weight: 500;\">Stabilny i wydajny system tn\u0105cy do profesjonalnego zbioru rzepaku<\/span><\/p>\n                  <\/div>\n                <\/div>\n              <\/div>\n            <\/div>\n          <\/div>\n        <\/div>\n      <\/div>\n    <\/div>\n  <\/div>\n  <div data-colibri-component=\"section\" data-colibri-id=\"7970-c19\" id=\"reusable-sections-3\" class=\"h-section h-section-global-spacing d-flex align-items-lg-center align-items-md-center align-items-center style-10379 style-local-7970-c19 position-relative\">\n    <!---->\n    <!---->\n    <div class=\"h-section-grid-container h-section-boxed-container\">\n      <!---->\n      <div data-colibri-id=\"7970-c20\" class=\"h-row-container gutters-row-lg-2 gutters-row-md-2 gutters-row-0 gutters-row-v-lg-2 gutters-row-v-md-2 gutters-row-v-2 style-10380 style-local-7970-c20 position-relative\">\n        <!---->\n        <div class=\"h-row justify-content-lg-center justify-content-md-center justify-content-center align-items-lg-stretch align-items-md-stretch align-items-stretch gutters-col-lg-2 gutters-col-md-2 gutters-col-0 gutters-col-v-lg-2 gutters-col-v-md-2 gutters-col-v-2\">\n          <!---->\n          <div class=\"h-column h-column-container d-flex h-col-lg-auto h-col-md-auto h-col-auto style-10381-outer style-local-7970-c21-outer\">\n            <div data-colibri-id=\"7970-c21\" class=\"d-flex h-flex-basis h-column__inner h-px-lg-2 h-px-md-2 h-px-2 v-inner-lg-2 v-inner-md-2 v-inner-2 style-10381 style-local-7970-c21 position-relative\">\n              <!---->\n              <!---->\n              <div class=\"w-100 h-y-container h-column__content h-column__v-align flex-basis-100 align-self-lg-start align-self-md-start align-self-start\">\n                <!---->\n                <div data-colibri-id=\"7970-c22\" class=\"d-block style-10382 style-local-7970-c22 position-relative h-element\">\n                  <!---->\n                  <div class=\"h-image__frame-container-outer\">\n                    <div class=\"h-image__frame-container\">\n                      <!---->\n                      <!---->\n                      <img loading=\"lazy\" decoding=\"async\" width=\"340\" height=\"270\" src=\"https:\/\/skraw-tech.com\/wp-content\/uploads\/2023\/10\/wozek-1.png\" class=\"wp-image-7981 style-10382-image style-local-7970-c22-image\" alt=\"\" srcset=\"https:\/\/skraw-tech.com\/wp-content\/uploads\/2023\/10\/wozek-1.png 340w, https:\/\/skraw-tech.com\/wp-content\/uploads\/2023\/10\/wozek-1-300x238.png 300w\" sizes=\"auto, (max-width: 340px) 100vw, 340px\" \/>\n                      <div class=\"h-image__frame h-hide-lg h-hide-md h-hide-sm style-10382-frameImage style-local-7970-c22-frameImage\"><\/div>\n                    <\/div>\n                  <\/div>\n                <\/div>\n              <\/div>\n            <\/div>\n          <\/div>\n          <div class=\"h-column h-column-container d-flex h-col-lg-auto h-col-md-auto h-col-auto style-10383-outer style-local-7970-c23-outer\">\n            <div data-colibri-id=\"7970-c23\" class=\"d-flex h-flex-basis h-column__inner h-px-lg-2 h-px-md-2 h-px-2 v-inner-lg-2 v-inner-md-2 v-inner-2 style-10383 style-local-7970-c23 position-relative\">\n              <!---->\n              <!---->\n              <div class=\"w-100 h-y-container h-column__content h-column__v-align flex-basis-100 align-self-lg-start align-self-md-start align-self-start\">\n                <!---->\n                <div data-colibri-id=\"7970-c24\" class=\"h-global-transition-all h-heading style-10384 style-local-7970-c24 position-relative h-element\">\n                  <!---->\n                  <div class=\"h-heading__outer style-10384 style-local-7970-c24\">\n                    <!---->\n                    <!---->\n                    <h2 class=\"\">W\u00f3zki do transportu heder\u00f3w zbo\u017cowych<\/h2>\n                  <\/div>\n                <\/div>\n              <\/div>\n            <\/div>\n          <\/div>\n        <\/div>\n      <\/div>\n      <div data-colibri-id=\"7970-c25\" class=\"h-row-container gutters-row-lg-0 gutters-row-md-0 gutters-row-0 gutters-row-v-lg-0 gutters-row-v-md-0 gutters-row-v-0 style-10385 style-local-7970-c25 position-relative\">\n        <!---->\n        <div class=\"h-row justify-content-lg-center justify-content-md-center justify-content-center align-items-lg-stretch align-items-md-stretch align-items-stretch gutters-col-lg-0 gutters-col-md-0 gutters-col-0 gutters-col-v-lg-0 gutters-col-v-md-0 gutters-col-v-0\">\n          <!---->\n          <div class=\"h-column h-column-container d-flex h-col-lg-auto h-col-md-auto h-col-auto style-10386-outer style-local-7970-c26-outer\">\n            <div data-colibri-id=\"7970-c26\" class=\"d-flex h-flex-basis h-column__inner h-px-lg-2 h-px-md-2 h-px-2 v-inner-lg-2 v-inner-md-2 v-inner-2 style-10386 style-local-7970-c26 position-relative\">\n              <!---->\n              <!---->\n              <div class=\"w-100 h-y-container h-column__content h-column__v-align flex-basis-100 align-self-lg-start align-self-md-start align-self-start\">\n                <!---->\n                <div data-colibri-id=\"7970-c27\" class=\"h-x-container style-10387 style-local-7970-c27 position-relative h-element\">\n                  <!---->\n                  <div class=\"h-x-container-inner style-dynamic-7970-c27-group style-10387-spacing style-local-7970-c27-spacing\"><span class=\"h-button__outer style-10388-outer style-local-7970-c28-outer d-inline-flex h-element\"><a h-use-smooth-scroll=\"true\" href=\"https:\/\/www.rolmako.pl\/wozki-do-transportu-hederow-zbozowych.html\"  data-colibri-id=\"7970-c28\" class=\"d-flex w-100 align-items-center h-button justify-content-lg-center justify-content-md-center justify-content-center style-10388 style-local-7970-c28 position-relative\"><!----><!----> <span>Zobacz Wi\u0119cej<\/span><\/a>\n                    <\/span>\n                  <\/div>\n                <\/div>\n              <\/div>\n            <\/div>\n          <\/div>\n          <div class=\"h-column h-column-container d-flex h-col-lg-auto h-col-md-auto h-col-auto style-10389-outer style-local-7970-c29-outer\">\n            <div data-colibri-id=\"7970-c29\" class=\"d-flex h-flex-basis h-column__inner h-px-lg-2 h-px-md-2 h-px-2 v-inner-lg-2 v-inner-md-2 v-inner-2 style-10389 style-local-7970-c29 position-relative\">\n              <!---->\n              <!---->\n              <div class=\"w-100 h-y-container h-column__content h-column__v-align flex-basis-100 align-self-lg-start align-self-md-start align-self-start\">\n                <!---->\n                <div data-colibri-id=\"7970-c30\" class=\"h-text h-text-component style-10390 style-local-7970-c30 position-relative h-element\">\n                  <!---->\n                  <!---->\n                  <div class=\"\">\n                    <p><span style=\"color: rgb(34, 34, 34); font-family: &quot;Open Sans&quot;, Arial, sans-serif; font-size: 18px; font-weight: 500;\">Specjalistyczne przyczepy do przewozu zespo\u0142u \u017cniwnego<\/span><\/p>\n                  <\/div>\n                <\/div>\n              <\/div>\n            <\/div>\n          <\/div>\n        <\/div>\n      <\/div>\n    <\/div>\n  <\/div>\n<\/div>","protected":false},"excerpt":{"rendered":"<p>Przystawki do zbioru rzepaku i w\u00f3zki do transportu heder\u00f3w zbo\u017cowych Sto\u0142y do rzepaku Rolmako optymalizuj\u0105 osi\u0105gi oraz pozwalaj\u0105 w wi\u0119kszym stopniu wykorzysta\u0107 potencja\u0142 ka\u017cdego kombajnu. W\u00f3zki do transportu hederu gwarantuj\u0105 bezpieczny przew\u00f3z zespo\u0142u \u017cniwnego do miejsca zbioru plonu. Dzi\u0119ki licznym rozwi\u0105zaniom technicznym uda\u0142o si\u0119 stworzy\u0107 produkty daj\u0105ce pe\u0142nie korzy\u015bci w trakcie zbioru. Przystawki do rzepaku [&hellip;]<\/p>\n","protected":false},"author":1,"featured_media":0,"parent":0,"menu_order":0,"comment_status":"closed","ping_status":"closed","template":"page-templates\/full-width-page.php","meta":{"footnotes":""},"class_list":["post-7970","page","type-page","status-publish","hentry"],"_links":{"self":[{"href":"https:\/\/skraw-tech.com\/index.php?rest_route=\/wp\/v2\/pages\/7970","targetHints":{"allow":["GET"]}}],"collection":[{"href":"https:\/\/skraw-tech.com\/index.php?rest_route=\/wp\/v2\/pages"}],"about":[{"href":"https:\/\/skraw-tech.com\/index.php?rest_route=\/wp\/v2\/types\/page"}],"author":[{"embeddable":true,"href":"https:\/\/skraw-tech.com\/index.php?rest_route=\/wp\/v2\/users\/1"}],"replies":[{"embeddable":true,"href":"https:\/\/skraw-tech.com\/index.php?rest_route=%2Fwp%2Fv2%2Fcomments&post=7970"}],"version-history":[{"count":3,"href":"https:\/\/skraw-tech.com\/index.php?rest_route=\/wp\/v2\/pages\/7970\/revisions"}],"predecessor-version":[{"id":8046,"href":"https:\/\/skraw-tech.com\/index.php?rest_route=\/wp\/v2\/pages\/7970\/revisions\/8046"}],"wp:attachment":[{"href":"https:\/\/skraw-tech.com\/index.php?rest_route=%2Fwp%2Fv2%2Fmedia&parent=7970"}],"curies":[{"name":"wp","href":"https:\/\/api.w.org\/{rel}","templated":true}]}}